{"id":1138,"date":"2025-04-07T15:44:51","date_gmt":"2025-04-07T15:44:51","guid":{"rendered":"https:\/\/woutersinternational.com\/product\/vernis-teinture-batbets-interstain\/"},"modified":"2025-11-21T18:31:20","modified_gmt":"2025-11-21T18:31:20","slug":"vernis-teinture-batbets-interstain","status":"publish","type":"product","link":"https:\/\/woutersinternational.com\/fr\/produit\/vernis-teinture-batbets-interstain\/","title":{"rendered":"Vernis teinture : Batbets Interstain"},"content":{"rendered":"<p>B\u00e5tbets Interstain est une teinture pour bois de couleur acajou qui, gr\u00e2ce \u00e0 ses propri\u00e9t\u00e9s impr\u00e9gnantes, convient parfaitement pour colorer et restaurer les boiseries d\u00e9color\u00e9es et d\u00e9lav\u00e9es. Elle r\u00e9siste \u00e0 la d\u00e9coloration et convient aussi bien pour un usage int\u00e9rieur qu&rsquo;ext\u00e9rieur sur toutes les essences de bois<\/p>\n<ul class=\"goodToKnow__list body-copy-s\">\n<li class=\"goodToKnow__listItem body-copy-rg\">Pour obtenir une couche de finition plus fonc\u00e9e, elle peut \u00eatre m\u00e9lang\u00e9e avec un vernis monocomposant (conform\u00e9ment aux recommandations de dilution)<\/li>\n<li class=\"goodToKnow__listItem body-copy-rg\">La formulation \u00e0 p\u00e9n\u00e9tration profonde offre une r\u00e9sistance \u00e0 la d\u00e9coloration<\/li>\n<\/ul>\n<p>&nbsp;<\/p>\n","protected":false},"excerpt":{"rendered":"<p>B\u00e5tbets Interstain est une teinture pour bois de couleur acajou qui, gr\u00e2ce \u00e0 ses propri\u00e9t\u00e9s impr\u00e9gnantes, convient parfaitement pour colorer et restaurer les boiseries d\u00e9color\u00e9es et d\u00e9lav\u00e9es. Elle r\u00e9siste \u00e0 la d\u00e9coloration et convient aussi bien pour un usage int\u00e9rieur qu&rsquo;ext\u00e9rieur sur toutes les essences de bois Pour obtenir une couche de finition plus fonc\u00e9e, [&hellip;]<\/p>\n","protected":false},"featured_media":1139,"comment_status":"open","ping_status":"closed","template":"","meta":[],"product_brand":[],"product_cat":[42],"product_tag":[],"class_list":{"0":"post-1138","1":"product","2":"type-product","3":"status-publish","4":"has-post-thumbnail","6":"product_cat-vernis","8":"first","9":"instock","10":"shipping-taxable","11":"product-type-simple"},"yoast_head":"<!-- This site is optimized with the Yoast SEO plugin v27.6 - https:\/\/yoast.com\/product\/yoast-seo-wordpress\/ -->\n<title>Vernis teinture : Batbets Interstain - Wouters International<\/title>\n<meta name=\"robots\" content=\"index, follow, max-snippet:-1, max-image-preview:large, max-video-preview:-1\" \/>\n<link rel=\"canonical\" href=\"https:\/\/woutersinternational.com\/fr\/produit\/vernis-teinture-batbets-interstain\/\" \/>\n<meta property=\"og:locale\" content=\"fr_FR\" \/>\n<meta property=\"og:type\" content=\"article\" \/>\n<meta property=\"og:title\" content=\"Vernis teinture : Batbets Interstain - Wouters International\" \/>\n<meta property=\"og:description\" content=\"B\u00e5tbets Interstain est une teinture pour bois de couleur acajou qui, gr\u00e2ce \u00e0 ses propri\u00e9t\u00e9s impr\u00e9gnantes, convient parfaitement pour colorer et restaurer les boiseries d\u00e9color\u00e9es et d\u00e9lav\u00e9es. Elle r\u00e9siste \u00e0 la d\u00e9coloration et convient aussi bien pour un usage int\u00e9rieur qu&rsquo;ext\u00e9rieur sur toutes les essences de bois Pour obtenir une couche de finition plus fonc\u00e9e, [&hellip;]\" \/>\n<meta property=\"og:url\" content=\"https:\/\/woutersinternational.com\/fr\/produit\/vernis-teinture-batbets-interstain\/\" \/>\n<meta property=\"og:site_name\" content=\"Wouters International\" \/>\n<meta property=\"article:modified_time\" content=\"2025-11-21T18:31:20+00:00\" \/>\n<meta property=\"og:image\" content=\"https:\/\/woutersinternational.com\/wp-content\/uploads\/Wouters-International-Batbets-interstain.png\" \/>\n\t<meta property=\"og:image:width\" content=\"1600\" \/>\n\t<meta property=\"og:image:height\" content=\"1600\" \/>\n\t<meta property=\"og:image:type\" content=\"image\/png\" \/>\n<meta name=\"twitter:card\" content=\"summary_large_image\" \/>\n<meta name=\"twitter:label1\" content=\"Dur\u00e9e de lecture estim\u00e9e\" \/>\n\t<meta name=\"twitter:data1\" content=\"1 minute\" \/>\n<script type=\"application\/ld+json\" class=\"yoast-schema-graph\">{\"@context\":\"https:\\\/\\\/schema.org\",\"@graph\":[{\"@type\":\"WebPage\",\"@id\":\"https:\\\/\\\/woutersinternational.com\\\/fr\\\/produit\\\/vernis-teinture-batbets-interstain\\\/\",\"url\":\"https:\\\/\\\/woutersinternational.com\\\/fr\\\/produit\\\/vernis-teinture-batbets-interstain\\\/\",\"name\":\"Vernis teinture : Batbets Interstain - Wouters International\",\"isPartOf\":{\"@id\":\"https:\\\/\\\/woutersinternational.com\\\/fr\\\/#website\"},\"primaryImageOfPage\":{\"@id\":\"https:\\\/\\\/woutersinternational.com\\\/fr\\\/produit\\\/vernis-teinture-batbets-interstain\\\/#primaryimage\"},\"image\":{\"@id\":\"https:\\\/\\\/woutersinternational.com\\\/fr\\\/produit\\\/vernis-teinture-batbets-interstain\\\/#primaryimage\"},\"thumbnailUrl\":\"https:\\\/\\\/woutersinternational.com\\\/wp-content\\\/uploads\\\/Wouters-International-Batbets-interstain.png\",\"datePublished\":\"2025-04-07T15:44:51+00:00\",\"dateModified\":\"2025-11-21T18:31:20+00:00\",\"breadcrumb\":{\"@id\":\"https:\\\/\\\/woutersinternational.com\\\/fr\\\/produit\\\/vernis-teinture-batbets-interstain\\\/#breadcrumb\"},\"inLanguage\":\"fr-FR\",\"potentialAction\":[{\"@type\":\"ReadAction\",\"target\":[\"https:\\\/\\\/woutersinternational.com\\\/fr\\\/produit\\\/vernis-teinture-batbets-interstain\\\/\"]}]},{\"@type\":\"ImageObject\",\"inLanguage\":\"fr-FR\",\"@id\":\"https:\\\/\\\/woutersinternational.com\\\/fr\\\/produit\\\/vernis-teinture-batbets-interstain\\\/#primaryimage\",\"url\":\"https:\\\/\\\/woutersinternational.com\\\/wp-content\\\/uploads\\\/Wouters-International-Batbets-interstain.png\",\"contentUrl\":\"https:\\\/\\\/woutersinternational.com\\\/wp-content\\\/uploads\\\/Wouters-International-Batbets-interstain.png\",\"width\":1600,\"height\":1600},{\"@type\":\"BreadcrumbList\",\"@id\":\"https:\\\/\\\/woutersinternational.com\\\/fr\\\/produit\\\/vernis-teinture-batbets-interstain\\\/#breadcrumb\",\"itemListElement\":[{\"@type\":\"ListItem\",\"position\":1,\"name\":\"Accueil\",\"item\":\"https:\\\/\\\/woutersinternational.com\\\/fr\\\/accueil\\\/\"},{\"@type\":\"ListItem\",\"position\":2,\"name\":\"Produits\",\"item\":\"https:\\\/\\\/woutersinternational.com\\\/fr\\\/produits\\\/\"},{\"@type\":\"ListItem\",\"position\":3,\"name\":\"Vernis teinture : Batbets Interstain\"}]},{\"@type\":\"WebSite\",\"@id\":\"https:\\\/\\\/woutersinternational.com\\\/fr\\\/#website\",\"url\":\"https:\\\/\\\/woutersinternational.com\\\/fr\\\/\",\"name\":\"Wouters International\",\"description\":\"\",\"potentialAction\":[{\"@type\":\"SearchAction\",\"target\":{\"@type\":\"EntryPoint\",\"urlTemplate\":\"https:\\\/\\\/woutersinternational.com\\\/fr\\\/?s={search_term_string}\"},\"query-input\":{\"@type\":\"PropertyValueSpecification\",\"valueRequired\":true,\"valueName\":\"search_term_string\"}}],\"inLanguage\":\"fr-FR\"}]}<\/script>\n<!-- \/ Yoast SEO plugin. -->","yoast_head_json":{"title":"Vernis teinture : Batbets Interstain - Wouters International","robots":{"index":"index","follow":"follow","max-snippet":"max-snippet:-1","max-image-preview":"max-image-preview:large","max-video-preview":"max-video-preview:-1"},"canonical":"https:\/\/woutersinternational.com\/fr\/produit\/vernis-teinture-batbets-interstain\/","og_locale":"fr_FR","og_type":"article","og_title":"Vernis teinture : Batbets Interstain - Wouters International","og_description":"B\u00e5tbets Interstain est une teinture pour bois de couleur acajou qui, gr\u00e2ce \u00e0 ses propri\u00e9t\u00e9s impr\u00e9gnantes, convient parfaitement pour colorer et restaurer les boiseries d\u00e9color\u00e9es et d\u00e9lav\u00e9es. Elle r\u00e9siste \u00e0 la d\u00e9coloration et convient aussi bien pour un usage int\u00e9rieur qu&rsquo;ext\u00e9rieur sur toutes les essences de bois Pour obtenir une couche de finition plus fonc\u00e9e, [&hellip;]","og_url":"https:\/\/woutersinternational.com\/fr\/produit\/vernis-teinture-batbets-interstain\/","og_site_name":"Wouters International","article_modified_time":"2025-11-21T18:31:20+00:00","og_image":[{"width":1600,"height":1600,"url":"https:\/\/woutersinternational.com\/wp-content\/uploads\/Wouters-International-Batbets-interstain.png","type":"image\/png"}],"twitter_card":"summary_large_image","twitter_misc":{"Dur\u00e9e de lecture estim\u00e9e":"1 minute"},"schema":{"@context":"https:\/\/schema.org","@graph":[{"@type":"WebPage","@id":"https:\/\/woutersinternational.com\/fr\/produit\/vernis-teinture-batbets-interstain\/","url":"https:\/\/woutersinternational.com\/fr\/produit\/vernis-teinture-batbets-interstain\/","name":"Vernis teinture : Batbets Interstain - Wouters International","isPartOf":{"@id":"https:\/\/woutersinternational.com\/fr\/#website"},"primaryImageOfPage":{"@id":"https:\/\/woutersinternational.com\/fr\/produit\/vernis-teinture-batbets-interstain\/#primaryimage"},"image":{"@id":"https:\/\/woutersinternational.com\/fr\/produit\/vernis-teinture-batbets-interstain\/#primaryimage"},"thumbnailUrl":"https:\/\/woutersinternational.com\/wp-content\/uploads\/Wouters-International-Batbets-interstain.png","datePublished":"2025-04-07T15:44:51+00:00","dateModified":"2025-11-21T18:31:20+00:00","breadcrumb":{"@id":"https:\/\/woutersinternational.com\/fr\/produit\/vernis-teinture-batbets-interstain\/#breadcrumb"},"inLanguage":"fr-FR","potentialAction":[{"@type":"ReadAction","target":["https:\/\/woutersinternational.com\/fr\/produit\/vernis-teinture-batbets-interstain\/"]}]},{"@type":"ImageObject","inLanguage":"fr-FR","@id":"https:\/\/woutersinternational.com\/fr\/produit\/vernis-teinture-batbets-interstain\/#primaryimage","url":"https:\/\/woutersinternational.com\/wp-content\/uploads\/Wouters-International-Batbets-interstain.png","contentUrl":"https:\/\/woutersinternational.com\/wp-content\/uploads\/Wouters-International-Batbets-interstain.png","width":1600,"height":1600},{"@type":"BreadcrumbList","@id":"https:\/\/woutersinternational.com\/fr\/produit\/vernis-teinture-batbets-interstain\/#breadcrumb","itemListElement":[{"@type":"ListItem","position":1,"name":"Accueil","item":"https:\/\/woutersinternational.com\/fr\/accueil\/"},{"@type":"ListItem","position":2,"name":"Produits","item":"https:\/\/woutersinternational.com\/fr\/produits\/"},{"@type":"ListItem","position":3,"name":"Vernis teinture : Batbets Interstain"}]},{"@type":"WebSite","@id":"https:\/\/woutersinternational.com\/fr\/#website","url":"https:\/\/woutersinternational.com\/fr\/","name":"Wouters International","description":"","potentialAction":[{"@type":"SearchAction","target":{"@type":"EntryPoint","urlTemplate":"https:\/\/woutersinternational.com\/fr\/?s={search_term_string}"},"query-input":{"@type":"PropertyValueSpecification","valueRequired":true,"valueName":"search_term_string"}}],"inLanguage":"fr-FR"}]}},"_links":{"self":[{"href":"https:\/\/woutersinternational.com\/fr\/wp-json\/wp\/v2\/product\/1138","targetHints":{"allow":["GET"]}}],"collection":[{"href":"https:\/\/woutersinternational.com\/fr\/wp-json\/wp\/v2\/product"}],"about":[{"href":"https:\/\/woutersinternational.com\/fr\/wp-json\/wp\/v2\/types\/product"}],"replies":[{"embeddable":true,"href":"https:\/\/woutersinternational.com\/fr\/wp-json\/wp\/v2\/comments?post=1138"}],"wp:featuredmedia":[{"embeddable":true,"href":"https:\/\/woutersinternational.com\/fr\/wp-json\/wp\/v2\/media\/1139"}],"wp:attachment":[{"href":"https:\/\/woutersinternational.com\/fr\/wp-json\/wp\/v2\/media?parent=1138"}],"wp:term":[{"taxonomy":"product_brand","embeddable":true,"href":"https:\/\/woutersinternational.com\/fr\/wp-json\/wp\/v2\/product_brand?post=1138"},{"taxonomy":"product_cat","embeddable":true,"href":"https:\/\/woutersinternational.com\/fr\/wp-json\/wp\/v2\/product_cat?post=1138"},{"taxonomy":"product_tag","embeddable":true,"href":"https:\/\/woutersinternational.com\/fr\/wp-json\/wp\/v2\/product_tag?post=1138"}],"curies":[{"name":"wp","href":"https:\/\/api.w.org\/{rel}","templated":true}]}}