{"id":1140,"date":"2025-04-07T13:16:21","date_gmt":"2025-04-07T13:16:21","guid":{"rendered":"https:\/\/woutersinternational.com\/product\/perfection-pro-finition-laque-bi-composants\/"},"modified":"2025-11-21T18:17:02","modified_gmt":"2025-11-21T18:17:02","slug":"perfection-pro-finition-laque-bi-composants","status":"publish","type":"product","link":"https:\/\/woutersinternational.com\/fr\/produit\/perfection-pro-finition-laque-bi-composants\/","title":{"rendered":"Perfection PRO finition &#8211; Laque bi-composants"},"content":{"rendered":"<p>Perfection Pro est la nouvelle laque polyur\u00e9thane bi-composants d&rsquo;International.<\/p>\n<p>Ce produit poss\u00e8de un niveau de brillance exceptionnellement \u00e9lev\u00e9 : Il est particuli\u00e8rement durable et garantit la r\u00e9tention de la couleur et de la brillance.<\/p>\n<p>Disponible pour application par pulv\u00e9risation ou au rouleau\/pinceau.<\/p>\n<p>Le produit est disponible dans une gamme de couleurs : d&rsquo;une part dans les teintes typiques International Perfection, d&rsquo;autre part dans toutes les couleurs RAL.<\/p>\n<p>Le produit est m\u00e9lang\u00e9 \u00e0 la commande.<\/p>\n<p>Initialement con\u00e7u pour le secteur des super-yachts lors de son lancement,<br \/>\nPerfection Pro est d\u00e9sormais \u00e9galement tr\u00e8s appr\u00e9ci\u00e9 dans le monde de la navigation int\u00e9rieure.<\/p>\n","protected":false},"excerpt":{"rendered":"<p>Perfection Pro est la nouvelle laque polyur\u00e9thane bi-composants d&rsquo;International. Ce produit poss\u00e8de un niveau de brillance exceptionnellement \u00e9lev\u00e9 : Il est particuli\u00e8rement durable et garantit la r\u00e9tention de la couleur et de la brillance. Disponible pour application par pulv\u00e9risation ou au rouleau\/pinceau. Le produit est disponible dans une gamme de couleurs : d&rsquo;une part dans [&hellip;]<\/p>\n","protected":false},"featured_media":1142,"comment_status":"open","ping_status":"closed","template":"","meta":[],"product_brand":[],"product_cat":[43],"product_tag":[],"class_list":{"0":"post-1140","1":"product","2":"type-product","3":"status-publish","4":"has-post-thumbnail","6":"product_cat-finitions","8":"first","9":"instock","10":"shipping-taxable","11":"product-type-simple"},"yoast_head":"<!-- This site is optimized with the Yoast SEO plugin v27.6 - https:\/\/yoast.com\/product\/yoast-seo-wordpress\/ -->\n<title>Perfection PRO finition - Laque bi-composants - Wouters International<\/title>\n<meta name=\"robots\" content=\"index, follow, max-snippet:-1, max-image-preview:large, max-video-preview:-1\" \/>\n<link rel=\"canonical\" href=\"https:\/\/woutersinternational.com\/fr\/produit\/perfection-pro-finition-laque-bi-composants\/\" \/>\n<meta property=\"og:locale\" content=\"fr_FR\" \/>\n<meta property=\"og:type\" content=\"article\" \/>\n<meta property=\"og:title\" content=\"Perfection PRO finition - Laque bi-composants - Wouters International\" \/>\n<meta property=\"og:description\" content=\"Perfection Pro est la nouvelle laque polyur\u00e9thane bi-composants d&rsquo;International. Ce produit poss\u00e8de un niveau de brillance exceptionnellement \u00e9lev\u00e9 : Il est particuli\u00e8rement durable et garantit la r\u00e9tention de la couleur et de la brillance. Disponible pour application par pulv\u00e9risation ou au rouleau\/pinceau. Le produit est disponible dans une gamme de couleurs : d&rsquo;une part dans [&hellip;]\" \/>\n<meta property=\"og:url\" content=\"https:\/\/woutersinternational.com\/fr\/produit\/perfection-pro-finition-laque-bi-composants\/\" \/>\n<meta property=\"og:site_name\" content=\"Wouters International\" \/>\n<meta property=\"article:modified_time\" content=\"2025-11-21T18:17:02+00:00\" \/>\n<meta property=\"og:image\" content=\"https:\/\/woutersinternational.com\/wp-content\/uploads\/Wouters-International-Perfection.png\" \/>\n\t<meta property=\"og:image:width\" content=\"1600\" \/>\n\t<meta property=\"og:image:height\" content=\"1600\" \/>\n\t<meta property=\"og:image:type\" content=\"image\/png\" \/>\n<meta name=\"twitter:card\" content=\"summary_large_image\" \/>\n<meta name=\"twitter:label1\" content=\"Dur\u00e9e de lecture estim\u00e9e\" \/>\n\t<meta name=\"twitter:data1\" content=\"1 minute\" \/>\n<script type=\"application\/ld+json\" class=\"yoast-schema-graph\">{\"@context\":\"https:\\\/\\\/schema.org\",\"@graph\":[{\"@type\":\"WebPage\",\"@id\":\"https:\\\/\\\/woutersinternational.com\\\/fr\\\/produit\\\/perfection-pro-finition-laque-bi-composants\\\/\",\"url\":\"https:\\\/\\\/woutersinternational.com\\\/fr\\\/produit\\\/perfection-pro-finition-laque-bi-composants\\\/\",\"name\":\"Perfection PRO finition - Laque bi-composants - Wouters International\",\"isPartOf\":{\"@id\":\"https:\\\/\\\/woutersinternational.com\\\/fr\\\/#website\"},\"primaryImageOfPage\":{\"@id\":\"https:\\\/\\\/woutersinternational.com\\\/fr\\\/produit\\\/perfection-pro-finition-laque-bi-composants\\\/#primaryimage\"},\"image\":{\"@id\":\"https:\\\/\\\/woutersinternational.com\\\/fr\\\/produit\\\/perfection-pro-finition-laque-bi-composants\\\/#primaryimage\"},\"thumbnailUrl\":\"https:\\\/\\\/woutersinternational.com\\\/wp-content\\\/uploads\\\/Wouters-International-Perfection.png\",\"datePublished\":\"2025-04-07T13:16:21+00:00\",\"dateModified\":\"2025-11-21T18:17:02+00:00\",\"breadcrumb\":{\"@id\":\"https:\\\/\\\/woutersinternational.com\\\/fr\\\/produit\\\/perfection-pro-finition-laque-bi-composants\\\/#breadcrumb\"},\"inLanguage\":\"fr-FR\",\"potentialAction\":[{\"@type\":\"ReadAction\",\"target\":[\"https:\\\/\\\/woutersinternational.com\\\/fr\\\/produit\\\/perfection-pro-finition-laque-bi-composants\\\/\"]}]},{\"@type\":\"ImageObject\",\"inLanguage\":\"fr-FR\",\"@id\":\"https:\\\/\\\/woutersinternational.com\\\/fr\\\/produit\\\/perfection-pro-finition-laque-bi-composants\\\/#primaryimage\",\"url\":\"https:\\\/\\\/woutersinternational.com\\\/wp-content\\\/uploads\\\/Wouters-International-Perfection.png\",\"contentUrl\":\"https:\\\/\\\/woutersinternational.com\\\/wp-content\\\/uploads\\\/Wouters-International-Perfection.png\",\"width\":1600,\"height\":1600},{\"@type\":\"BreadcrumbList\",\"@id\":\"https:\\\/\\\/woutersinternational.com\\\/fr\\\/produit\\\/perfection-pro-finition-laque-bi-composants\\\/#breadcrumb\",\"itemListElement\":[{\"@type\":\"ListItem\",\"position\":1,\"name\":\"Accueil\",\"item\":\"https:\\\/\\\/woutersinternational.com\\\/fr\\\/accueil\\\/\"},{\"@type\":\"ListItem\",\"position\":2,\"name\":\"Produits\",\"item\":\"https:\\\/\\\/woutersinternational.com\\\/fr\\\/produits\\\/\"},{\"@type\":\"ListItem\",\"position\":3,\"name\":\"Perfection PRO finition &#8211; Laque bi-composants\"}]},{\"@type\":\"WebSite\",\"@id\":\"https:\\\/\\\/woutersinternational.com\\\/fr\\\/#website\",\"url\":\"https:\\\/\\\/woutersinternational.com\\\/fr\\\/\",\"name\":\"Wouters International\",\"description\":\"\",\"potentialAction\":[{\"@type\":\"SearchAction\",\"target\":{\"@type\":\"EntryPoint\",\"urlTemplate\":\"https:\\\/\\\/woutersinternational.com\\\/fr\\\/?s={search_term_string}\"},\"query-input\":{\"@type\":\"PropertyValueSpecification\",\"valueRequired\":true,\"valueName\":\"search_term_string\"}}],\"inLanguage\":\"fr-FR\"}]}<\/script>\n<!-- \/ Yoast SEO plugin. -->","yoast_head_json":{"title":"Perfection PRO finition - Laque bi-composants - Wouters International","robots":{"index":"index","follow":"follow","max-snippet":"max-snippet:-1","max-image-preview":"max-image-preview:large","max-video-preview":"max-video-preview:-1"},"canonical":"https:\/\/woutersinternational.com\/fr\/produit\/perfection-pro-finition-laque-bi-composants\/","og_locale":"fr_FR","og_type":"article","og_title":"Perfection PRO finition - Laque bi-composants - Wouters International","og_description":"Perfection Pro est la nouvelle laque polyur\u00e9thane bi-composants d&rsquo;International. Ce produit poss\u00e8de un niveau de brillance exceptionnellement \u00e9lev\u00e9 : Il est particuli\u00e8rement durable et garantit la r\u00e9tention de la couleur et de la brillance. Disponible pour application par pulv\u00e9risation ou au rouleau\/pinceau. Le produit est disponible dans une gamme de couleurs : d&rsquo;une part dans [&hellip;]","og_url":"https:\/\/woutersinternational.com\/fr\/produit\/perfection-pro-finition-laque-bi-composants\/","og_site_name":"Wouters International","article_modified_time":"2025-11-21T18:17:02+00:00","og_image":[{"width":1600,"height":1600,"url":"https:\/\/woutersinternational.com\/wp-content\/uploads\/Wouters-International-Perfection.png","type":"image\/png"}],"twitter_card":"summary_large_image","twitter_misc":{"Dur\u00e9e de lecture estim\u00e9e":"1 minute"},"schema":{"@context":"https:\/\/schema.org","@graph":[{"@type":"WebPage","@id":"https:\/\/woutersinternational.com\/fr\/produit\/perfection-pro-finition-laque-bi-composants\/","url":"https:\/\/woutersinternational.com\/fr\/produit\/perfection-pro-finition-laque-bi-composants\/","name":"Perfection PRO finition - Laque bi-composants - Wouters International","isPartOf":{"@id":"https:\/\/woutersinternational.com\/fr\/#website"},"primaryImageOfPage":{"@id":"https:\/\/woutersinternational.com\/fr\/produit\/perfection-pro-finition-laque-bi-composants\/#primaryimage"},"image":{"@id":"https:\/\/woutersinternational.com\/fr\/produit\/perfection-pro-finition-laque-bi-composants\/#primaryimage"},"thumbnailUrl":"https:\/\/woutersinternational.com\/wp-content\/uploads\/Wouters-International-Perfection.png","datePublished":"2025-04-07T13:16:21+00:00","dateModified":"2025-11-21T18:17:02+00:00","breadcrumb":{"@id":"https:\/\/woutersinternational.com\/fr\/produit\/perfection-pro-finition-laque-bi-composants\/#breadcrumb"},"inLanguage":"fr-FR","potentialAction":[{"@type":"ReadAction","target":["https:\/\/woutersinternational.com\/fr\/produit\/perfection-pro-finition-laque-bi-composants\/"]}]},{"@type":"ImageObject","inLanguage":"fr-FR","@id":"https:\/\/woutersinternational.com\/fr\/produit\/perfection-pro-finition-laque-bi-composants\/#primaryimage","url":"https:\/\/woutersinternational.com\/wp-content\/uploads\/Wouters-International-Perfection.png","contentUrl":"https:\/\/woutersinternational.com\/wp-content\/uploads\/Wouters-International-Perfection.png","width":1600,"height":1600},{"@type":"BreadcrumbList","@id":"https:\/\/woutersinternational.com\/fr\/produit\/perfection-pro-finition-laque-bi-composants\/#breadcrumb","itemListElement":[{"@type":"ListItem","position":1,"name":"Accueil","item":"https:\/\/woutersinternational.com\/fr\/accueil\/"},{"@type":"ListItem","position":2,"name":"Produits","item":"https:\/\/woutersinternational.com\/fr\/produits\/"},{"@type":"ListItem","position":3,"name":"Perfection PRO finition &#8211; Laque bi-composants"}]},{"@type":"WebSite","@id":"https:\/\/woutersinternational.com\/fr\/#website","url":"https:\/\/woutersinternational.com\/fr\/","name":"Wouters International","description":"","potentialAction":[{"@type":"SearchAction","target":{"@type":"EntryPoint","urlTemplate":"https:\/\/woutersinternational.com\/fr\/?s={search_term_string}"},"query-input":{"@type":"PropertyValueSpecification","valueRequired":true,"valueName":"search_term_string"}}],"inLanguage":"fr-FR"}]}},"_links":{"self":[{"href":"https:\/\/woutersinternational.com\/fr\/wp-json\/wp\/v2\/product\/1140","targetHints":{"allow":["GET"]}}],"collection":[{"href":"https:\/\/woutersinternational.com\/fr\/wp-json\/wp\/v2\/product"}],"about":[{"href":"https:\/\/woutersinternational.com\/fr\/wp-json\/wp\/v2\/types\/product"}],"replies":[{"embeddable":true,"href":"https:\/\/woutersinternational.com\/fr\/wp-json\/wp\/v2\/comments?post=1140"}],"wp:featuredmedia":[{"embeddable":true,"href":"https:\/\/woutersinternational.com\/fr\/wp-json\/wp\/v2\/media\/1142"}],"wp:attachment":[{"href":"https:\/\/woutersinternational.com\/fr\/wp-json\/wp\/v2\/media?parent=1140"}],"wp:term":[{"taxonomy":"product_brand","embeddable":true,"href":"https:\/\/woutersinternational.com\/fr\/wp-json\/wp\/v2\/product_brand?post=1140"},{"taxonomy":"product_cat","embeddable":true,"href":"https:\/\/woutersinternational.com\/fr\/wp-json\/wp\/v2\/product_cat?post=1140"},{"taxonomy":"product_tag","embeddable":true,"href":"https:\/\/woutersinternational.com\/fr\/wp-json\/wp\/v2\/product_tag?post=1140"}],"curies":[{"name":"wp","href":"https:\/\/api.w.org\/{rel}","templated":true}]}}