{"id":1141,"date":"2025-04-07T15:23:58","date_gmt":"2025-04-07T15:23:58","guid":{"rendered":"https:\/\/woutersinternational.com\/product\/nl-micron-low-zinc-lz\/"},"modified":"2025-12-01T15:42:26","modified_gmt":"2025-12-01T15:42:26","slug":"nl-micron-low-zinc-lz","status":"publish","type":"product","link":"https:\/\/woutersinternational.com\/fr\/produit\/nl-micron-low-zinc-lz\/","title":{"rendered":"NL Micron Low Zinc (lz)"},"content":{"rendered":"<p>Micron LZ est un antifouling polissant adapt\u00e9 \u00e0 l&rsquo;application sur les embarcations en eau douce, sal\u00e9e et saum\u00e2tre. Micron LZ est sp\u00e9cialement con\u00e7u pour les eaux n\u00e9erlandaises et offre une protection maximale contre les salissures, la formation de mucus et les organismes aquatiques animaux pendant une saison de navigation.<br \/>\nLa dur\u00e9e peut sembler courte, mais elle est juste assez longue pour tenir une saison. Et c&rsquo;est mieux pour l&rsquo;environnement marin.<\/p>\n<ul class=\"goodToKnow__list body-copy-s\">\n<li>Disponible en blanc clair, bleu clair, rouge clair et gris-noir<\/li>\n<li>Cet antifouling peut \u00eatre appliqu\u00e9 jusqu&rsquo;\u00e0 12 mois avant la mise \u00e0 l&rsquo;eau.<\/li>\n<\/ul>\n<p>&nbsp;<\/p>\n","protected":false},"excerpt":{"rendered":"<p>Micron LZ est un antifouling polissant adapt\u00e9 \u00e0 l&rsquo;application sur les embarcations en eau douce, sal\u00e9e et saum\u00e2tre. Micron LZ est sp\u00e9cialement con\u00e7u pour les eaux n\u00e9erlandaises et offre une protection maximale contre les salissures, la formation de mucus et les organismes aquatiques animaux pendant une saison de navigation. La dur\u00e9e peut sembler courte, mais [&hellip;]<\/p>\n","protected":false},"featured_media":1143,"comment_status":"open","ping_status":"closed","template":"","meta":[],"product_brand":[],"product_cat":[44],"product_tag":[],"class_list":{"0":"post-1141","1":"product","2":"type-product","3":"status-publish","4":"has-post-thumbnail","6":"product_cat-antifouling","8":"first","9":"instock","10":"shipping-taxable","11":"product-type-simple"},"yoast_head":"<!-- This site is optimized with the Yoast SEO plugin v27.6 - https:\/\/yoast.com\/product\/yoast-seo-wordpress\/ -->\n<title>NL Micron Low Zinc (lz) - Wouters International<\/title>\n<meta name=\"robots\" content=\"index, follow, max-snippet:-1, max-image-preview:large, max-video-preview:-1\" \/>\n<link rel=\"canonical\" href=\"https:\/\/woutersinternational.com\/fr\/produit\/nl-micron-low-zinc-lz\/\" \/>\n<meta property=\"og:locale\" content=\"fr_FR\" \/>\n<meta property=\"og:type\" content=\"article\" \/>\n<meta property=\"og:title\" content=\"NL Micron Low Zinc (lz) - Wouters International\" \/>\n<meta property=\"og:description\" content=\"Micron LZ est un antifouling polissant adapt\u00e9 \u00e0 l&rsquo;application sur les embarcations en eau douce, sal\u00e9e et saum\u00e2tre. Micron LZ est sp\u00e9cialement con\u00e7u pour les eaux n\u00e9erlandaises et offre une protection maximale contre les salissures, la formation de mucus et les organismes aquatiques animaux pendant une saison de navigation. La dur\u00e9e peut sembler courte, mais [&hellip;]\" \/>\n<meta property=\"og:url\" content=\"https:\/\/woutersinternational.com\/fr\/produit\/nl-micron-low-zinc-lz\/\" \/>\n<meta property=\"og:site_name\" content=\"Wouters International\" \/>\n<meta property=\"article:modified_time\" content=\"2025-12-01T15:42:26+00:00\" \/>\n<meta property=\"og:image\" content=\"https:\/\/woutersinternational.com\/wp-content\/uploads\/Wouters-International-Micron-lz.png\" \/>\n\t<meta property=\"og:image:width\" content=\"1600\" \/>\n\t<meta property=\"og:image:height\" content=\"1600\" \/>\n\t<meta property=\"og:image:type\" content=\"image\/png\" \/>\n<meta name=\"twitter:card\" content=\"summary_large_image\" \/>\n<meta name=\"twitter:label1\" content=\"Dur\u00e9e de lecture estim\u00e9e\" \/>\n\t<meta name=\"twitter:data1\" content=\"1 minute\" \/>\n<script type=\"application\/ld+json\" class=\"yoast-schema-graph\">{\"@context\":\"https:\\\/\\\/schema.org\",\"@graph\":[{\"@type\":\"WebPage\",\"@id\":\"https:\\\/\\\/woutersinternational.com\\\/fr\\\/produit\\\/nl-micron-low-zinc-lz\\\/\",\"url\":\"https:\\\/\\\/woutersinternational.com\\\/fr\\\/produit\\\/nl-micron-low-zinc-lz\\\/\",\"name\":\"NL Micron Low Zinc (lz) - Wouters International\",\"isPartOf\":{\"@id\":\"https:\\\/\\\/woutersinternational.com\\\/fr\\\/#website\"},\"primaryImageOfPage\":{\"@id\":\"https:\\\/\\\/woutersinternational.com\\\/fr\\\/produit\\\/nl-micron-low-zinc-lz\\\/#primaryimage\"},\"image\":{\"@id\":\"https:\\\/\\\/woutersinternational.com\\\/fr\\\/produit\\\/nl-micron-low-zinc-lz\\\/#primaryimage\"},\"thumbnailUrl\":\"https:\\\/\\\/woutersinternational.com\\\/wp-content\\\/uploads\\\/Wouters-International-Micron-lz.png\",\"datePublished\":\"2025-04-07T15:23:58+00:00\",\"dateModified\":\"2025-12-01T15:42:26+00:00\",\"breadcrumb\":{\"@id\":\"https:\\\/\\\/woutersinternational.com\\\/fr\\\/produit\\\/nl-micron-low-zinc-lz\\\/#breadcrumb\"},\"inLanguage\":\"fr-FR\",\"potentialAction\":[{\"@type\":\"ReadAction\",\"target\":[\"https:\\\/\\\/woutersinternational.com\\\/fr\\\/produit\\\/nl-micron-low-zinc-lz\\\/\"]}]},{\"@type\":\"ImageObject\",\"inLanguage\":\"fr-FR\",\"@id\":\"https:\\\/\\\/woutersinternational.com\\\/fr\\\/produit\\\/nl-micron-low-zinc-lz\\\/#primaryimage\",\"url\":\"https:\\\/\\\/woutersinternational.com\\\/wp-content\\\/uploads\\\/Wouters-International-Micron-lz.png\",\"contentUrl\":\"https:\\\/\\\/woutersinternational.com\\\/wp-content\\\/uploads\\\/Wouters-International-Micron-lz.png\",\"width\":1600,\"height\":1600},{\"@type\":\"BreadcrumbList\",\"@id\":\"https:\\\/\\\/woutersinternational.com\\\/fr\\\/produit\\\/nl-micron-low-zinc-lz\\\/#breadcrumb\",\"itemListElement\":[{\"@type\":\"ListItem\",\"position\":1,\"name\":\"Accueil\",\"item\":\"https:\\\/\\\/woutersinternational.com\\\/fr\\\/accueil\\\/\"},{\"@type\":\"ListItem\",\"position\":2,\"name\":\"Produits\",\"item\":\"https:\\\/\\\/woutersinternational.com\\\/fr\\\/produits\\\/\"},{\"@type\":\"ListItem\",\"position\":3,\"name\":\"NL Micron Low Zinc (lz)\"}]},{\"@type\":\"WebSite\",\"@id\":\"https:\\\/\\\/woutersinternational.com\\\/fr\\\/#website\",\"url\":\"https:\\\/\\\/woutersinternational.com\\\/fr\\\/\",\"name\":\"Wouters International\",\"description\":\"\",\"potentialAction\":[{\"@type\":\"SearchAction\",\"target\":{\"@type\":\"EntryPoint\",\"urlTemplate\":\"https:\\\/\\\/woutersinternational.com\\\/fr\\\/?s={search_term_string}\"},\"query-input\":{\"@type\":\"PropertyValueSpecification\",\"valueRequired\":true,\"valueName\":\"search_term_string\"}}],\"inLanguage\":\"fr-FR\"}]}<\/script>\n<!-- \/ Yoast SEO plugin. -->","yoast_head_json":{"title":"NL Micron Low Zinc (lz) - Wouters International","robots":{"index":"index","follow":"follow","max-snippet":"max-snippet:-1","max-image-preview":"max-image-preview:large","max-video-preview":"max-video-preview:-1"},"canonical":"https:\/\/woutersinternational.com\/fr\/produit\/nl-micron-low-zinc-lz\/","og_locale":"fr_FR","og_type":"article","og_title":"NL Micron Low Zinc (lz) - Wouters International","og_description":"Micron LZ est un antifouling polissant adapt\u00e9 \u00e0 l&rsquo;application sur les embarcations en eau douce, sal\u00e9e et saum\u00e2tre. Micron LZ est sp\u00e9cialement con\u00e7u pour les eaux n\u00e9erlandaises et offre une protection maximale contre les salissures, la formation de mucus et les organismes aquatiques animaux pendant une saison de navigation. La dur\u00e9e peut sembler courte, mais [&hellip;]","og_url":"https:\/\/woutersinternational.com\/fr\/produit\/nl-micron-low-zinc-lz\/","og_site_name":"Wouters International","article_modified_time":"2025-12-01T15:42:26+00:00","og_image":[{"width":1600,"height":1600,"url":"https:\/\/woutersinternational.com\/wp-content\/uploads\/Wouters-International-Micron-lz.png","type":"image\/png"}],"twitter_card":"summary_large_image","twitter_misc":{"Dur\u00e9e de lecture estim\u00e9e":"1 minute"},"schema":{"@context":"https:\/\/schema.org","@graph":[{"@type":"WebPage","@id":"https:\/\/woutersinternational.com\/fr\/produit\/nl-micron-low-zinc-lz\/","url":"https:\/\/woutersinternational.com\/fr\/produit\/nl-micron-low-zinc-lz\/","name":"NL Micron Low Zinc (lz) - Wouters International","isPartOf":{"@id":"https:\/\/woutersinternational.com\/fr\/#website"},"primaryImageOfPage":{"@id":"https:\/\/woutersinternational.com\/fr\/produit\/nl-micron-low-zinc-lz\/#primaryimage"},"image":{"@id":"https:\/\/woutersinternational.com\/fr\/produit\/nl-micron-low-zinc-lz\/#primaryimage"},"thumbnailUrl":"https:\/\/woutersinternational.com\/wp-content\/uploads\/Wouters-International-Micron-lz.png","datePublished":"2025-04-07T15:23:58+00:00","dateModified":"2025-12-01T15:42:26+00:00","breadcrumb":{"@id":"https:\/\/woutersinternational.com\/fr\/produit\/nl-micron-low-zinc-lz\/#breadcrumb"},"inLanguage":"fr-FR","potentialAction":[{"@type":"ReadAction","target":["https:\/\/woutersinternational.com\/fr\/produit\/nl-micron-low-zinc-lz\/"]}]},{"@type":"ImageObject","inLanguage":"fr-FR","@id":"https:\/\/woutersinternational.com\/fr\/produit\/nl-micron-low-zinc-lz\/#primaryimage","url":"https:\/\/woutersinternational.com\/wp-content\/uploads\/Wouters-International-Micron-lz.png","contentUrl":"https:\/\/woutersinternational.com\/wp-content\/uploads\/Wouters-International-Micron-lz.png","width":1600,"height":1600},{"@type":"BreadcrumbList","@id":"https:\/\/woutersinternational.com\/fr\/produit\/nl-micron-low-zinc-lz\/#breadcrumb","itemListElement":[{"@type":"ListItem","position":1,"name":"Accueil","item":"https:\/\/woutersinternational.com\/fr\/accueil\/"},{"@type":"ListItem","position":2,"name":"Produits","item":"https:\/\/woutersinternational.com\/fr\/produits\/"},{"@type":"ListItem","position":3,"name":"NL Micron Low Zinc (lz)"}]},{"@type":"WebSite","@id":"https:\/\/woutersinternational.com\/fr\/#website","url":"https:\/\/woutersinternational.com\/fr\/","name":"Wouters International","description":"","potentialAction":[{"@type":"SearchAction","target":{"@type":"EntryPoint","urlTemplate":"https:\/\/woutersinternational.com\/fr\/?s={search_term_string}"},"query-input":{"@type":"PropertyValueSpecification","valueRequired":true,"valueName":"search_term_string"}}],"inLanguage":"fr-FR"}]}},"_links":{"self":[{"href":"https:\/\/woutersinternational.com\/fr\/wp-json\/wp\/v2\/product\/1141","targetHints":{"allow":["GET"]}}],"collection":[{"href":"https:\/\/woutersinternational.com\/fr\/wp-json\/wp\/v2\/product"}],"about":[{"href":"https:\/\/woutersinternational.com\/fr\/wp-json\/wp\/v2\/types\/product"}],"replies":[{"embeddable":true,"href":"https:\/\/woutersinternational.com\/fr\/wp-json\/wp\/v2\/comments?post=1141"}],"wp:featuredmedia":[{"embeddable":true,"href":"https:\/\/woutersinternational.com\/fr\/wp-json\/wp\/v2\/media\/1143"}],"wp:attachment":[{"href":"https:\/\/woutersinternational.com\/fr\/wp-json\/wp\/v2\/media?parent=1141"}],"wp:term":[{"taxonomy":"product_brand","embeddable":true,"href":"https:\/\/woutersinternational.com\/fr\/wp-json\/wp\/v2\/product_brand?post=1141"},{"taxonomy":"product_cat","embeddable":true,"href":"https:\/\/woutersinternational.com\/fr\/wp-json\/wp\/v2\/product_cat?post=1141"},{"taxonomy":"product_tag","embeddable":true,"href":"https:\/\/woutersinternational.com\/fr\/wp-json\/wp\/v2\/product_tag?post=1141"}],"curies":[{"name":"wp","href":"https:\/\/api.w.org\/{rel}","templated":true}]}}