{"id":1150,"date":"2025-04-07T15:07:06","date_gmt":"2025-04-07T15:07:06","guid":{"rendered":"https:\/\/woutersinternational.com\/product\/enduit-enduit-de-finition-interfill-833\/"},"modified":"2025-11-24T08:56:39","modified_gmt":"2025-11-24T08:56:39","slug":"enduit-enduit-de-finition-interfill-833","status":"publish","type":"product","link":"https:\/\/woutersinternational.com\/fr\/produit\/enduit-enduit-de-finition-interfill-833\/","title":{"rendered":"Enduit : Enduit de finition Interfill 833"},"content":{"rendered":"<div class=\"ra-heading \">\n<p class=\"body-copy-rg mb-4 productDetailHero__description\">Interfill 833 est un enduit de finition facile \u00e0 poncer qui \u00e9limine les petites irr\u00e9gularit\u00e9s de surface avant l&rsquo;application des couches de finition.<\/p>\n<p class=\"body-copy-rg mb-4 productDetailHero__description\">Con\u00e7u pour \u00eatre utilis\u00e9 sur l&rsquo;enduit de remplissage Interfill 830.<\/p>\n<p>Interfill 833 peut \u00eatre appliqu\u00e9 \u00e0 l&rsquo;aide d&rsquo;une spatule ou d&rsquo;une r\u00e8gle.<\/p>\n<ul class=\"goodToKnow__list body-copy-s\">\n<li class=\"goodToKnow__listItem body-copy-rg\">Finition extra lisse<\/li>\n<li class=\"goodToKnow__listItem body-copy-rg\">Facile \u00e0 poncer<\/li>\n<li class=\"goodToKnow__listItem body-copy-rg\">Couleur contrast\u00e9e par rapport \u00e0 Interfill 830<\/li>\n<\/ul>\n<p>&nbsp;<\/p>\n<\/div>\n","protected":false},"excerpt":{"rendered":"<p>Interfill 833 est un enduit de finition facile \u00e0 poncer qui \u00e9limine les petites irr\u00e9gularit\u00e9s de surface avant l&rsquo;application des couches de finition. Con\u00e7u pour \u00eatre utilis\u00e9 sur l&rsquo;enduit de remplissage Interfill 830. Interfill 833 peut \u00eatre appliqu\u00e9 \u00e0 l&rsquo;aide d&rsquo;une spatule ou d&rsquo;une r\u00e8gle. Finition extra lisse Facile \u00e0 poncer Couleur contrast\u00e9e par rapport [&hellip;]<\/p>\n","protected":false},"featured_media":1152,"comment_status":"open","ping_status":"closed","template":"","meta":[],"product_brand":[],"product_cat":[45],"product_tag":[],"class_list":{"0":"post-1150","1":"product","2":"type-product","3":"status-publish","4":"has-post-thumbnail","6":"product_cat-mastics-et-epoxy","8":"first","9":"instock","10":"shipping-taxable","11":"product-type-simple"},"yoast_head":"<!-- This site is optimized with the Yoast SEO plugin v27.6 - https:\/\/yoast.com\/product\/yoast-seo-wordpress\/ -->\n<title>Enduit : Enduit de finition Interfill 833 - Wouters International<\/title>\n<meta name=\"robots\" content=\"index, follow, max-snippet:-1, max-image-preview:large, max-video-preview:-1\" \/>\n<link rel=\"canonical\" href=\"https:\/\/woutersinternational.com\/fr\/produit\/enduit-enduit-de-finition-interfill-833\/\" \/>\n<meta property=\"og:locale\" content=\"fr_FR\" \/>\n<meta property=\"og:type\" content=\"article\" \/>\n<meta property=\"og:title\" content=\"Enduit : Enduit de finition Interfill 833 - Wouters International\" \/>\n<meta property=\"og:description\" content=\"Interfill 833 est un enduit de finition facile \u00e0 poncer qui \u00e9limine les petites irr\u00e9gularit\u00e9s de surface avant l&rsquo;application des couches de finition. Con\u00e7u pour \u00eatre utilis\u00e9 sur l&rsquo;enduit de remplissage Interfill 830. Interfill 833 peut \u00eatre appliqu\u00e9 \u00e0 l&rsquo;aide d&rsquo;une spatule ou d&rsquo;une r\u00e8gle. Finition extra lisse Facile \u00e0 poncer Couleur contrast\u00e9e par rapport [&hellip;]\" \/>\n<meta property=\"og:url\" content=\"https:\/\/woutersinternational.com\/fr\/produit\/enduit-enduit-de-finition-interfill-833\/\" \/>\n<meta property=\"og:site_name\" content=\"Wouters International\" \/>\n<meta property=\"article:modified_time\" content=\"2025-11-24T08:56:39+00:00\" \/>\n<meta property=\"og:image\" content=\"https:\/\/woutersinternational.com\/wp-content\/uploads\/Wouters-International-plamuur-interfill-833.png\" \/>\n\t<meta property=\"og:image:width\" content=\"1600\" \/>\n\t<meta property=\"og:image:height\" content=\"1600\" \/>\n\t<meta property=\"og:image:type\" content=\"image\/png\" \/>\n<meta name=\"twitter:card\" content=\"summary_large_image\" \/>\n<meta name=\"twitter:label1\" content=\"Dur\u00e9e de lecture estim\u00e9e\" \/>\n\t<meta name=\"twitter:data1\" content=\"1 minute\" \/>\n<script type=\"application\/ld+json\" class=\"yoast-schema-graph\">{\"@context\":\"https:\\\/\\\/schema.org\",\"@graph\":[{\"@type\":\"WebPage\",\"@id\":\"https:\\\/\\\/woutersinternational.com\\\/fr\\\/produit\\\/enduit-enduit-de-finition-interfill-833\\\/\",\"url\":\"https:\\\/\\\/woutersinternational.com\\\/fr\\\/produit\\\/enduit-enduit-de-finition-interfill-833\\\/\",\"name\":\"Enduit : Enduit de finition Interfill 833 - Wouters International\",\"isPartOf\":{\"@id\":\"https:\\\/\\\/woutersinternational.com\\\/fr\\\/#website\"},\"primaryImageOfPage\":{\"@id\":\"https:\\\/\\\/woutersinternational.com\\\/fr\\\/produit\\\/enduit-enduit-de-finition-interfill-833\\\/#primaryimage\"},\"image\":{\"@id\":\"https:\\\/\\\/woutersinternational.com\\\/fr\\\/produit\\\/enduit-enduit-de-finition-interfill-833\\\/#primaryimage\"},\"thumbnailUrl\":\"https:\\\/\\\/woutersinternational.com\\\/wp-content\\\/uploads\\\/Wouters-International-plamuur-interfill-833.png\",\"datePublished\":\"2025-04-07T15:07:06+00:00\",\"dateModified\":\"2025-11-24T08:56:39+00:00\",\"breadcrumb\":{\"@id\":\"https:\\\/\\\/woutersinternational.com\\\/fr\\\/produit\\\/enduit-enduit-de-finition-interfill-833\\\/#breadcrumb\"},\"inLanguage\":\"fr-FR\",\"potentialAction\":[{\"@type\":\"ReadAction\",\"target\":[\"https:\\\/\\\/woutersinternational.com\\\/fr\\\/produit\\\/enduit-enduit-de-finition-interfill-833\\\/\"]}]},{\"@type\":\"ImageObject\",\"inLanguage\":\"fr-FR\",\"@id\":\"https:\\\/\\\/woutersinternational.com\\\/fr\\\/produit\\\/enduit-enduit-de-finition-interfill-833\\\/#primaryimage\",\"url\":\"https:\\\/\\\/woutersinternational.com\\\/wp-content\\\/uploads\\\/Wouters-International-plamuur-interfill-833.png\",\"contentUrl\":\"https:\\\/\\\/woutersinternational.com\\\/wp-content\\\/uploads\\\/Wouters-International-plamuur-interfill-833.png\",\"width\":1600,\"height\":1600},{\"@type\":\"BreadcrumbList\",\"@id\":\"https:\\\/\\\/woutersinternational.com\\\/fr\\\/produit\\\/enduit-enduit-de-finition-interfill-833\\\/#breadcrumb\",\"itemListElement\":[{\"@type\":\"ListItem\",\"position\":1,\"name\":\"Accueil\",\"item\":\"https:\\\/\\\/woutersinternational.com\\\/fr\\\/accueil\\\/\"},{\"@type\":\"ListItem\",\"position\":2,\"name\":\"Produits\",\"item\":\"https:\\\/\\\/woutersinternational.com\\\/fr\\\/produits\\\/\"},{\"@type\":\"ListItem\",\"position\":3,\"name\":\"Enduit : Enduit de finition Interfill 833\"}]},{\"@type\":\"WebSite\",\"@id\":\"https:\\\/\\\/woutersinternational.com\\\/fr\\\/#website\",\"url\":\"https:\\\/\\\/woutersinternational.com\\\/fr\\\/\",\"name\":\"Wouters International\",\"description\":\"\",\"potentialAction\":[{\"@type\":\"SearchAction\",\"target\":{\"@type\":\"EntryPoint\",\"urlTemplate\":\"https:\\\/\\\/woutersinternational.com\\\/fr\\\/?s={search_term_string}\"},\"query-input\":{\"@type\":\"PropertyValueSpecification\",\"valueRequired\":true,\"valueName\":\"search_term_string\"}}],\"inLanguage\":\"fr-FR\"}]}<\/script>\n<!-- \/ Yoast SEO plugin. -->","yoast_head_json":{"title":"Enduit : Enduit de finition Interfill 833 - Wouters International","robots":{"index":"index","follow":"follow","max-snippet":"max-snippet:-1","max-image-preview":"max-image-preview:large","max-video-preview":"max-video-preview:-1"},"canonical":"https:\/\/woutersinternational.com\/fr\/produit\/enduit-enduit-de-finition-interfill-833\/","og_locale":"fr_FR","og_type":"article","og_title":"Enduit : Enduit de finition Interfill 833 - Wouters International","og_description":"Interfill 833 est un enduit de finition facile \u00e0 poncer qui \u00e9limine les petites irr\u00e9gularit\u00e9s de surface avant l&rsquo;application des couches de finition. Con\u00e7u pour \u00eatre utilis\u00e9 sur l&rsquo;enduit de remplissage Interfill 830. Interfill 833 peut \u00eatre appliqu\u00e9 \u00e0 l&rsquo;aide d&rsquo;une spatule ou d&rsquo;une r\u00e8gle. Finition extra lisse Facile \u00e0 poncer Couleur contrast\u00e9e par rapport [&hellip;]","og_url":"https:\/\/woutersinternational.com\/fr\/produit\/enduit-enduit-de-finition-interfill-833\/","og_site_name":"Wouters International","article_modified_time":"2025-11-24T08:56:39+00:00","og_image":[{"width":1600,"height":1600,"url":"https:\/\/woutersinternational.com\/wp-content\/uploads\/Wouters-International-plamuur-interfill-833.png","type":"image\/png"}],"twitter_card":"summary_large_image","twitter_misc":{"Dur\u00e9e de lecture estim\u00e9e":"1 minute"},"schema":{"@context":"https:\/\/schema.org","@graph":[{"@type":"WebPage","@id":"https:\/\/woutersinternational.com\/fr\/produit\/enduit-enduit-de-finition-interfill-833\/","url":"https:\/\/woutersinternational.com\/fr\/produit\/enduit-enduit-de-finition-interfill-833\/","name":"Enduit : Enduit de finition Interfill 833 - Wouters International","isPartOf":{"@id":"https:\/\/woutersinternational.com\/fr\/#website"},"primaryImageOfPage":{"@id":"https:\/\/woutersinternational.com\/fr\/produit\/enduit-enduit-de-finition-interfill-833\/#primaryimage"},"image":{"@id":"https:\/\/woutersinternational.com\/fr\/produit\/enduit-enduit-de-finition-interfill-833\/#primaryimage"},"thumbnailUrl":"https:\/\/woutersinternational.com\/wp-content\/uploads\/Wouters-International-plamuur-interfill-833.png","datePublished":"2025-04-07T15:07:06+00:00","dateModified":"2025-11-24T08:56:39+00:00","breadcrumb":{"@id":"https:\/\/woutersinternational.com\/fr\/produit\/enduit-enduit-de-finition-interfill-833\/#breadcrumb"},"inLanguage":"fr-FR","potentialAction":[{"@type":"ReadAction","target":["https:\/\/woutersinternational.com\/fr\/produit\/enduit-enduit-de-finition-interfill-833\/"]}]},{"@type":"ImageObject","inLanguage":"fr-FR","@id":"https:\/\/woutersinternational.com\/fr\/produit\/enduit-enduit-de-finition-interfill-833\/#primaryimage","url":"https:\/\/woutersinternational.com\/wp-content\/uploads\/Wouters-International-plamuur-interfill-833.png","contentUrl":"https:\/\/woutersinternational.com\/wp-content\/uploads\/Wouters-International-plamuur-interfill-833.png","width":1600,"height":1600},{"@type":"BreadcrumbList","@id":"https:\/\/woutersinternational.com\/fr\/produit\/enduit-enduit-de-finition-interfill-833\/#breadcrumb","itemListElement":[{"@type":"ListItem","position":1,"name":"Accueil","item":"https:\/\/woutersinternational.com\/fr\/accueil\/"},{"@type":"ListItem","position":2,"name":"Produits","item":"https:\/\/woutersinternational.com\/fr\/produits\/"},{"@type":"ListItem","position":3,"name":"Enduit : Enduit de finition Interfill 833"}]},{"@type":"WebSite","@id":"https:\/\/woutersinternational.com\/fr\/#website","url":"https:\/\/woutersinternational.com\/fr\/","name":"Wouters International","description":"","potentialAction":[{"@type":"SearchAction","target":{"@type":"EntryPoint","urlTemplate":"https:\/\/woutersinternational.com\/fr\/?s={search_term_string}"},"query-input":{"@type":"PropertyValueSpecification","valueRequired":true,"valueName":"search_term_string"}}],"inLanguage":"fr-FR"}]}},"_links":{"self":[{"href":"https:\/\/woutersinternational.com\/fr\/wp-json\/wp\/v2\/product\/1150","targetHints":{"allow":["GET"]}}],"collection":[{"href":"https:\/\/woutersinternational.com\/fr\/wp-json\/wp\/v2\/product"}],"about":[{"href":"https:\/\/woutersinternational.com\/fr\/wp-json\/wp\/v2\/types\/product"}],"replies":[{"embeddable":true,"href":"https:\/\/woutersinternational.com\/fr\/wp-json\/wp\/v2\/comments?post=1150"}],"wp:featuredmedia":[{"embeddable":true,"href":"https:\/\/woutersinternational.com\/fr\/wp-json\/wp\/v2\/media\/1152"}],"wp:attachment":[{"href":"https:\/\/woutersinternational.com\/fr\/wp-json\/wp\/v2\/media?parent=1150"}],"wp:term":[{"taxonomy":"product_brand","embeddable":true,"href":"https:\/\/woutersinternational.com\/fr\/wp-json\/wp\/v2\/product_brand?post=1150"},{"taxonomy":"product_cat","embeddable":true,"href":"https:\/\/woutersinternational.com\/fr\/wp-json\/wp\/v2\/product_cat?post=1150"},{"taxonomy":"product_tag","embeddable":true,"href":"https:\/\/woutersinternational.com\/fr\/wp-json\/wp\/v2\/product_tag?post=1150"}],"curies":[{"name":"wp","href":"https:\/\/api.w.org\/{rel}","templated":true}]}}