{"id":1179,"date":"2025-04-10T17:47:22","date_gmt":"2025-04-10T17:47:22","guid":{"rendered":"https:\/\/woutersinternational.com\/product\/primocon-appret-monocomposant\/"},"modified":"2025-12-01T15:55:32","modified_gmt":"2025-12-01T15:55:32","slug":"primocon-appret-monocomposant","status":"publish","type":"product","link":"https:\/\/woutersinternational.com\/fr\/produit\/primocon-appret-monocomposant\/","title":{"rendered":"Primocon &#8211; Appr\u00eat monocomposant"},"content":{"rendered":"<p>Le produit le plus c\u00e9l\u00e8bre de la gamme International<\/p>\n<p>Primocon est un appr\u00eat monocomposant \u00e0 s\u00e9chage rapide pour les \u0153uvres vives. Peut \u00eatre utilis\u00e9 sous tous les antifoulings d&rsquo;International ou comme couche de scellement\/interm\u00e9diaire sur des antifoulings incompatibles ou inconnus.<\/p>\n<p>Primocon poss\u00e8de de bonnes propri\u00e9t\u00e9s antirouille, \u00e0 condition d&rsquo;\u00eatre appliqu\u00e9 en une \u00e9paisseur de couche suffisante. Primocon s\u00e8che rapidement : il peut \u00eatre recouvert toutes les 3 heures et supporte \u00e9galement les basses temp\u00e9ratures.<\/p>\n<p>D\u00e9velopp\u00e9 pour le bois, l&rsquo;acier, l&rsquo;aluminium, les quilles en fonte et les quilles en plomb.<\/p>\n<p>Domaines d&rsquo;application typiques :<\/p>\n<ul>\n<li>quilles rouill\u00e9es<\/li>\n<li>coques en bois massif<\/li>\n<li>bateaux avec un ancien antifouling inconnu<\/li>\n<li>en cas de probl\u00e8mes d&rsquo;adh\u00e9rence avec d&rsquo;autres appr\u00eats ou antifoulings<\/li>\n<li>sur les anciennes coques pr\u00e9sentant une humidit\u00e9 accrue<\/li>\n<\/ul>\n<p>Avant d&rsquo;appliquer l&rsquo;appr\u00eat, il est n\u00e9cessaire de pr\u00e9parer correctement la surface. Demandez-nous conseil et un sch\u00e9ma de travail sur mesure. <\/p>\n","protected":false},"excerpt":{"rendered":"<p>Le produit le plus c\u00e9l\u00e8bre de la gamme International Primocon est un appr\u00eat monocomposant \u00e0 s\u00e9chage rapide pour les \u0153uvres vives. Peut \u00eatre utilis\u00e9 sous tous les antifoulings d&rsquo;International ou comme couche de scellement\/interm\u00e9diaire sur des antifoulings incompatibles ou inconnus. Primocon poss\u00e8de de bonnes propri\u00e9t\u00e9s antirouille, \u00e0 condition d&rsquo;\u00eatre appliqu\u00e9 en une \u00e9paisseur de couche [&hellip;]<\/p>\n","protected":false},"featured_media":1181,"comment_status":"open","ping_status":"closed","template":"","meta":[],"product_brand":[],"product_cat":[47,46],"product_tag":[],"class_list":{"0":"post-1179","1":"product","2":"type-product","3":"status-publish","4":"has-post-thumbnail","6":"product_cat-primaires","7":"product_cat-sous-couches","9":"first","10":"instock","11":"shipping-taxable","12":"product-type-simple"},"yoast_head":"<!-- This site is optimized with the Yoast SEO plugin v27.6 - https:\/\/yoast.com\/product\/yoast-seo-wordpress\/ -->\n<title>Primocon - Appr\u00eat monocomposant - Wouters International<\/title>\n<meta name=\"robots\" content=\"index, follow, max-snippet:-1, max-image-preview:large, max-video-preview:-1\" \/>\n<link rel=\"canonical\" href=\"https:\/\/woutersinternational.com\/fr\/produit\/primocon-appret-monocomposant\/\" \/>\n<meta property=\"og:locale\" content=\"fr_FR\" \/>\n<meta property=\"og:type\" content=\"article\" \/>\n<meta property=\"og:title\" content=\"Primocon - Appr\u00eat monocomposant - Wouters International\" \/>\n<meta property=\"og:description\" content=\"Le produit le plus c\u00e9l\u00e8bre de la gamme International Primocon est un appr\u00eat monocomposant \u00e0 s\u00e9chage rapide pour les \u0153uvres vives. Peut \u00eatre utilis\u00e9 sous tous les antifoulings d&rsquo;International ou comme couche de scellement\/interm\u00e9diaire sur des antifoulings incompatibles ou inconnus. Primocon poss\u00e8de de bonnes propri\u00e9t\u00e9s antirouille, \u00e0 condition d&rsquo;\u00eatre appliqu\u00e9 en une \u00e9paisseur de couche [&hellip;]\" \/>\n<meta property=\"og:url\" content=\"https:\/\/woutersinternational.com\/fr\/produit\/primocon-appret-monocomposant\/\" \/>\n<meta property=\"og:site_name\" content=\"Wouters International\" \/>\n<meta property=\"article:modified_time\" content=\"2025-12-01T15:55:32+00:00\" \/>\n<meta property=\"og:image\" content=\"https:\/\/woutersinternational.com\/wp-content\/uploads\/Wouters-International-Primocon.png\" \/>\n\t<meta property=\"og:image:width\" content=\"1600\" \/>\n\t<meta property=\"og:image:height\" content=\"1600\" \/>\n\t<meta property=\"og:image:type\" content=\"image\/png\" \/>\n<meta name=\"twitter:card\" content=\"summary_large_image\" \/>\n<meta name=\"twitter:label1\" content=\"Dur\u00e9e de lecture estim\u00e9e\" \/>\n\t<meta name=\"twitter:data1\" content=\"1 minute\" \/>\n<script type=\"application\/ld+json\" class=\"yoast-schema-graph\">{\"@context\":\"https:\\\/\\\/schema.org\",\"@graph\":[{\"@type\":\"WebPage\",\"@id\":\"https:\\\/\\\/woutersinternational.com\\\/fr\\\/produit\\\/primocon-appret-monocomposant\\\/\",\"url\":\"https:\\\/\\\/woutersinternational.com\\\/fr\\\/produit\\\/primocon-appret-monocomposant\\\/\",\"name\":\"Primocon - Appr\u00eat monocomposant - Wouters International\",\"isPartOf\":{\"@id\":\"https:\\\/\\\/woutersinternational.com\\\/fr\\\/#website\"},\"primaryImageOfPage\":{\"@id\":\"https:\\\/\\\/woutersinternational.com\\\/fr\\\/produit\\\/primocon-appret-monocomposant\\\/#primaryimage\"},\"image\":{\"@id\":\"https:\\\/\\\/woutersinternational.com\\\/fr\\\/produit\\\/primocon-appret-monocomposant\\\/#primaryimage\"},\"thumbnailUrl\":\"https:\\\/\\\/woutersinternational.com\\\/wp-content\\\/uploads\\\/Wouters-International-Primocon.png\",\"datePublished\":\"2025-04-10T17:47:22+00:00\",\"dateModified\":\"2025-12-01T15:55:32+00:00\",\"breadcrumb\":{\"@id\":\"https:\\\/\\\/woutersinternational.com\\\/fr\\\/produit\\\/primocon-appret-monocomposant\\\/#breadcrumb\"},\"inLanguage\":\"fr-FR\",\"potentialAction\":[{\"@type\":\"ReadAction\",\"target\":[\"https:\\\/\\\/woutersinternational.com\\\/fr\\\/produit\\\/primocon-appret-monocomposant\\\/\"]}]},{\"@type\":\"ImageObject\",\"inLanguage\":\"fr-FR\",\"@id\":\"https:\\\/\\\/woutersinternational.com\\\/fr\\\/produit\\\/primocon-appret-monocomposant\\\/#primaryimage\",\"url\":\"https:\\\/\\\/woutersinternational.com\\\/wp-content\\\/uploads\\\/Wouters-International-Primocon.png\",\"contentUrl\":\"https:\\\/\\\/woutersinternational.com\\\/wp-content\\\/uploads\\\/Wouters-International-Primocon.png\",\"width\":1600,\"height\":1600},{\"@type\":\"BreadcrumbList\",\"@id\":\"https:\\\/\\\/woutersinternational.com\\\/fr\\\/produit\\\/primocon-appret-monocomposant\\\/#breadcrumb\",\"itemListElement\":[{\"@type\":\"ListItem\",\"position\":1,\"name\":\"Accueil\",\"item\":\"https:\\\/\\\/woutersinternational.com\\\/fr\\\/accueil\\\/\"},{\"@type\":\"ListItem\",\"position\":2,\"name\":\"Produits\",\"item\":\"https:\\\/\\\/woutersinternational.com\\\/fr\\\/produits\\\/\"},{\"@type\":\"ListItem\",\"position\":3,\"name\":\"Primocon &#8211; Appr\u00eat monocomposant\"}]},{\"@type\":\"WebSite\",\"@id\":\"https:\\\/\\\/woutersinternational.com\\\/fr\\\/#website\",\"url\":\"https:\\\/\\\/woutersinternational.com\\\/fr\\\/\",\"name\":\"Wouters International\",\"description\":\"\",\"potentialAction\":[{\"@type\":\"SearchAction\",\"target\":{\"@type\":\"EntryPoint\",\"urlTemplate\":\"https:\\\/\\\/woutersinternational.com\\\/fr\\\/?s={search_term_string}\"},\"query-input\":{\"@type\":\"PropertyValueSpecification\",\"valueRequired\":true,\"valueName\":\"search_term_string\"}}],\"inLanguage\":\"fr-FR\"}]}<\/script>\n<!-- \/ Yoast SEO plugin. -->","yoast_head_json":{"title":"Primocon - Appr\u00eat monocomposant - Wouters International","robots":{"index":"index","follow":"follow","max-snippet":"max-snippet:-1","max-image-preview":"max-image-preview:large","max-video-preview":"max-video-preview:-1"},"canonical":"https:\/\/woutersinternational.com\/fr\/produit\/primocon-appret-monocomposant\/","og_locale":"fr_FR","og_type":"article","og_title":"Primocon - Appr\u00eat monocomposant - Wouters International","og_description":"Le produit le plus c\u00e9l\u00e8bre de la gamme International Primocon est un appr\u00eat monocomposant \u00e0 s\u00e9chage rapide pour les \u0153uvres vives. Peut \u00eatre utilis\u00e9 sous tous les antifoulings d&rsquo;International ou comme couche de scellement\/interm\u00e9diaire sur des antifoulings incompatibles ou inconnus. Primocon poss\u00e8de de bonnes propri\u00e9t\u00e9s antirouille, \u00e0 condition d&rsquo;\u00eatre appliqu\u00e9 en une \u00e9paisseur de couche [&hellip;]","og_url":"https:\/\/woutersinternational.com\/fr\/produit\/primocon-appret-monocomposant\/","og_site_name":"Wouters International","article_modified_time":"2025-12-01T15:55:32+00:00","og_image":[{"width":1600,"height":1600,"url":"https:\/\/woutersinternational.com\/wp-content\/uploads\/Wouters-International-Primocon.png","type":"image\/png"}],"twitter_card":"summary_large_image","twitter_misc":{"Dur\u00e9e de lecture estim\u00e9e":"1 minute"},"schema":{"@context":"https:\/\/schema.org","@graph":[{"@type":"WebPage","@id":"https:\/\/woutersinternational.com\/fr\/produit\/primocon-appret-monocomposant\/","url":"https:\/\/woutersinternational.com\/fr\/produit\/primocon-appret-monocomposant\/","name":"Primocon - Appr\u00eat monocomposant - Wouters International","isPartOf":{"@id":"https:\/\/woutersinternational.com\/fr\/#website"},"primaryImageOfPage":{"@id":"https:\/\/woutersinternational.com\/fr\/produit\/primocon-appret-monocomposant\/#primaryimage"},"image":{"@id":"https:\/\/woutersinternational.com\/fr\/produit\/primocon-appret-monocomposant\/#primaryimage"},"thumbnailUrl":"https:\/\/woutersinternational.com\/wp-content\/uploads\/Wouters-International-Primocon.png","datePublished":"2025-04-10T17:47:22+00:00","dateModified":"2025-12-01T15:55:32+00:00","breadcrumb":{"@id":"https:\/\/woutersinternational.com\/fr\/produit\/primocon-appret-monocomposant\/#breadcrumb"},"inLanguage":"fr-FR","potentialAction":[{"@type":"ReadAction","target":["https:\/\/woutersinternational.com\/fr\/produit\/primocon-appret-monocomposant\/"]}]},{"@type":"ImageObject","inLanguage":"fr-FR","@id":"https:\/\/woutersinternational.com\/fr\/produit\/primocon-appret-monocomposant\/#primaryimage","url":"https:\/\/woutersinternational.com\/wp-content\/uploads\/Wouters-International-Primocon.png","contentUrl":"https:\/\/woutersinternational.com\/wp-content\/uploads\/Wouters-International-Primocon.png","width":1600,"height":1600},{"@type":"BreadcrumbList","@id":"https:\/\/woutersinternational.com\/fr\/produit\/primocon-appret-monocomposant\/#breadcrumb","itemListElement":[{"@type":"ListItem","position":1,"name":"Accueil","item":"https:\/\/woutersinternational.com\/fr\/accueil\/"},{"@type":"ListItem","position":2,"name":"Produits","item":"https:\/\/woutersinternational.com\/fr\/produits\/"},{"@type":"ListItem","position":3,"name":"Primocon &#8211; Appr\u00eat monocomposant"}]},{"@type":"WebSite","@id":"https:\/\/woutersinternational.com\/fr\/#website","url":"https:\/\/woutersinternational.com\/fr\/","name":"Wouters International","description":"","potentialAction":[{"@type":"SearchAction","target":{"@type":"EntryPoint","urlTemplate":"https:\/\/woutersinternational.com\/fr\/?s={search_term_string}"},"query-input":{"@type":"PropertyValueSpecification","valueRequired":true,"valueName":"search_term_string"}}],"inLanguage":"fr-FR"}]}},"_links":{"self":[{"href":"https:\/\/woutersinternational.com\/fr\/wp-json\/wp\/v2\/product\/1179","targetHints":{"allow":["GET"]}}],"collection":[{"href":"https:\/\/woutersinternational.com\/fr\/wp-json\/wp\/v2\/product"}],"about":[{"href":"https:\/\/woutersinternational.com\/fr\/wp-json\/wp\/v2\/types\/product"}],"replies":[{"embeddable":true,"href":"https:\/\/woutersinternational.com\/fr\/wp-json\/wp\/v2\/comments?post=1179"}],"wp:featuredmedia":[{"embeddable":true,"href":"https:\/\/woutersinternational.com\/fr\/wp-json\/wp\/v2\/media\/1181"}],"wp:attachment":[{"href":"https:\/\/woutersinternational.com\/fr\/wp-json\/wp\/v2\/media?parent=1179"}],"wp:term":[{"taxonomy":"product_brand","embeddable":true,"href":"https:\/\/woutersinternational.com\/fr\/wp-json\/wp\/v2\/product_brand?post=1179"},{"taxonomy":"product_cat","embeddable":true,"href":"https:\/\/woutersinternational.com\/fr\/wp-json\/wp\/v2\/product_cat?post=1179"},{"taxonomy":"product_tag","embeddable":true,"href":"https:\/\/woutersinternational.com\/fr\/wp-json\/wp\/v2\/product_tag?post=1179"}],"curies":[{"name":"wp","href":"https:\/\/api.w.org\/{rel}","templated":true}]}}