{"id":1180,"date":"2025-04-07T15:00:32","date_gmt":"2025-04-07T15:00:32","guid":{"rendered":"https:\/\/woutersinternational.com\/product\/gelshield-plus-primer-epoxy-sans-solvant-2-composants\/"},"modified":"2025-11-24T08:51:13","modified_gmt":"2025-11-24T08:51:13","slug":"gelshield-plus-primer-epoxy-sans-solvant-2-composants","status":"publish","type":"product","link":"https:\/\/woutersinternational.com\/fr\/produit\/gelshield-plus-primer-epoxy-sans-solvant-2-composants\/","title":{"rendered":"Gelshield Plus &#8211; primer \u00e9poxy sans solvant &#8211; 2 composants"},"content":{"rendered":"<p>Pour le professionnel<\/p>\n<p>Gelshield Plus est un primaire \u00e9poxy sans solvant \u00e0 haut pouvoir garnissant pour le traitement de l&rsquo;osmose. Il ne contient pas de solvants nocifs qui pourraient p\u00e9n\u00e9trer dans la coque et provoquer de nouvelles cloques.<\/p>\n<p>Gelshield Plus est un produit exceptionnel. Il s&rsquo;applique \u00e0 la spatule\/r\u00e8gle et est con\u00e7u pour les peintres exp\u00e9riment\u00e9s.<br \/>\nGelshield Plus n&rsquo;est pas destin\u00e9 aux bricoleurs.<\/p>\n<ul class=\"goodToKnow__list body-copy-s\">\n<li class=\"goodToKnow__listItem body-copy-rg\">Les couleurs contrast\u00e9es (bleu et vert) simplifient la superposition du produit sur lui-m\u00eame.<\/li>\n<li class=\"goodToKnow__listItem body-copy-rg\">Un minimum de 150 microns doit \u00eatre atteint par couche<\/li>\n<li>Conditionnement : 2,5 litres\n<div class=\"ra-heading \"><\/div>\n<\/li>\n<\/ul>\n","protected":false},"excerpt":{"rendered":"<p>Pour le professionnel Gelshield Plus est un primaire \u00e9poxy sans solvant \u00e0 haut pouvoir garnissant pour le traitement de l&rsquo;osmose. Il ne contient pas de solvants nocifs qui pourraient p\u00e9n\u00e9trer dans la coque et provoquer de nouvelles cloques. Gelshield Plus est un produit exceptionnel. Il s&rsquo;applique \u00e0 la spatule\/r\u00e8gle et est con\u00e7u pour les peintres [&hellip;]<\/p>\n","protected":false},"featured_media":1183,"comment_status":"open","ping_status":"closed","template":"","meta":[],"product_brand":[],"product_cat":[47],"product_tag":[],"class_list":{"0":"post-1180","1":"product","2":"type-product","3":"status-publish","4":"has-post-thumbnail","6":"product_cat-primaires","8":"first","9":"instock","10":"shipping-taxable","11":"product-type-simple"},"yoast_head":"<!-- This site is optimized with the Yoast SEO plugin v27.6 - https:\/\/yoast.com\/product\/yoast-seo-wordpress\/ -->\n<title>Gelshield Plus - primer \u00e9poxy sans solvant - 2 composants - Wouters International<\/title>\n<meta name=\"robots\" content=\"index, follow, max-snippet:-1, max-image-preview:large, max-video-preview:-1\" \/>\n<link rel=\"canonical\" href=\"https:\/\/woutersinternational.com\/fr\/produit\/gelshield-plus-primer-epoxy-sans-solvant-2-composants\/\" \/>\n<meta property=\"og:locale\" content=\"fr_FR\" \/>\n<meta property=\"og:type\" content=\"article\" \/>\n<meta property=\"og:title\" content=\"Gelshield Plus - primer \u00e9poxy sans solvant - 2 composants - Wouters International\" \/>\n<meta property=\"og:description\" content=\"Pour le professionnel Gelshield Plus est un primaire \u00e9poxy sans solvant \u00e0 haut pouvoir garnissant pour le traitement de l&rsquo;osmose. Il ne contient pas de solvants nocifs qui pourraient p\u00e9n\u00e9trer dans la coque et provoquer de nouvelles cloques. Gelshield Plus est un produit exceptionnel. Il s&rsquo;applique \u00e0 la spatule\/r\u00e8gle et est con\u00e7u pour les peintres [&hellip;]\" \/>\n<meta property=\"og:url\" content=\"https:\/\/woutersinternational.com\/fr\/produit\/gelshield-plus-primer-epoxy-sans-solvant-2-composants\/\" \/>\n<meta property=\"og:site_name\" content=\"Wouters International\" \/>\n<meta property=\"article:modified_time\" content=\"2025-11-24T08:51:13+00:00\" \/>\n<meta property=\"og:image\" content=\"https:\/\/woutersinternational.com\/wp-content\/uploads\/Wouters-International-Gelshield-plus.png\" \/>\n\t<meta property=\"og:image:width\" content=\"1600\" \/>\n\t<meta property=\"og:image:height\" content=\"1600\" \/>\n\t<meta property=\"og:image:type\" content=\"image\/png\" \/>\n<meta name=\"twitter:card\" content=\"summary_large_image\" \/>\n<meta name=\"twitter:label1\" content=\"Dur\u00e9e de lecture estim\u00e9e\" \/>\n\t<meta name=\"twitter:data1\" content=\"1 minute\" \/>\n<script type=\"application\/ld+json\" class=\"yoast-schema-graph\">{\"@context\":\"https:\\\/\\\/schema.org\",\"@graph\":[{\"@type\":\"WebPage\",\"@id\":\"https:\\\/\\\/woutersinternational.com\\\/fr\\\/produit\\\/gelshield-plus-primer-epoxy-sans-solvant-2-composants\\\/\",\"url\":\"https:\\\/\\\/woutersinternational.com\\\/fr\\\/produit\\\/gelshield-plus-primer-epoxy-sans-solvant-2-composants\\\/\",\"name\":\"Gelshield Plus - primer \u00e9poxy sans solvant - 2 composants - Wouters International\",\"isPartOf\":{\"@id\":\"https:\\\/\\\/woutersinternational.com\\\/fr\\\/#website\"},\"primaryImageOfPage\":{\"@id\":\"https:\\\/\\\/woutersinternational.com\\\/fr\\\/produit\\\/gelshield-plus-primer-epoxy-sans-solvant-2-composants\\\/#primaryimage\"},\"image\":{\"@id\":\"https:\\\/\\\/woutersinternational.com\\\/fr\\\/produit\\\/gelshield-plus-primer-epoxy-sans-solvant-2-composants\\\/#primaryimage\"},\"thumbnailUrl\":\"https:\\\/\\\/woutersinternational.com\\\/wp-content\\\/uploads\\\/Wouters-International-Gelshield-plus.png\",\"datePublished\":\"2025-04-07T15:00:32+00:00\",\"dateModified\":\"2025-11-24T08:51:13+00:00\",\"breadcrumb\":{\"@id\":\"https:\\\/\\\/woutersinternational.com\\\/fr\\\/produit\\\/gelshield-plus-primer-epoxy-sans-solvant-2-composants\\\/#breadcrumb\"},\"inLanguage\":\"fr-FR\",\"potentialAction\":[{\"@type\":\"ReadAction\",\"target\":[\"https:\\\/\\\/woutersinternational.com\\\/fr\\\/produit\\\/gelshield-plus-primer-epoxy-sans-solvant-2-composants\\\/\"]}]},{\"@type\":\"ImageObject\",\"inLanguage\":\"fr-FR\",\"@id\":\"https:\\\/\\\/woutersinternational.com\\\/fr\\\/produit\\\/gelshield-plus-primer-epoxy-sans-solvant-2-composants\\\/#primaryimage\",\"url\":\"https:\\\/\\\/woutersinternational.com\\\/wp-content\\\/uploads\\\/Wouters-International-Gelshield-plus.png\",\"contentUrl\":\"https:\\\/\\\/woutersinternational.com\\\/wp-content\\\/uploads\\\/Wouters-International-Gelshield-plus.png\",\"width\":1600,\"height\":1600},{\"@type\":\"BreadcrumbList\",\"@id\":\"https:\\\/\\\/woutersinternational.com\\\/fr\\\/produit\\\/gelshield-plus-primer-epoxy-sans-solvant-2-composants\\\/#breadcrumb\",\"itemListElement\":[{\"@type\":\"ListItem\",\"position\":1,\"name\":\"Accueil\",\"item\":\"https:\\\/\\\/woutersinternational.com\\\/fr\\\/accueil\\\/\"},{\"@type\":\"ListItem\",\"position\":2,\"name\":\"Produits\",\"item\":\"https:\\\/\\\/woutersinternational.com\\\/fr\\\/produits\\\/\"},{\"@type\":\"ListItem\",\"position\":3,\"name\":\"Gelshield Plus &#8211; primer \u00e9poxy sans solvant &#8211; 2 composants\"}]},{\"@type\":\"WebSite\",\"@id\":\"https:\\\/\\\/woutersinternational.com\\\/fr\\\/#website\",\"url\":\"https:\\\/\\\/woutersinternational.com\\\/fr\\\/\",\"name\":\"Wouters International\",\"description\":\"\",\"potentialAction\":[{\"@type\":\"SearchAction\",\"target\":{\"@type\":\"EntryPoint\",\"urlTemplate\":\"https:\\\/\\\/woutersinternational.com\\\/fr\\\/?s={search_term_string}\"},\"query-input\":{\"@type\":\"PropertyValueSpecification\",\"valueRequired\":true,\"valueName\":\"search_term_string\"}}],\"inLanguage\":\"fr-FR\"}]}<\/script>\n<!-- \/ Yoast SEO plugin. -->","yoast_head_json":{"title":"Gelshield Plus - primer \u00e9poxy sans solvant - 2 composants - Wouters International","robots":{"index":"index","follow":"follow","max-snippet":"max-snippet:-1","max-image-preview":"max-image-preview:large","max-video-preview":"max-video-preview:-1"},"canonical":"https:\/\/woutersinternational.com\/fr\/produit\/gelshield-plus-primer-epoxy-sans-solvant-2-composants\/","og_locale":"fr_FR","og_type":"article","og_title":"Gelshield Plus - primer \u00e9poxy sans solvant - 2 composants - Wouters International","og_description":"Pour le professionnel Gelshield Plus est un primaire \u00e9poxy sans solvant \u00e0 haut pouvoir garnissant pour le traitement de l&rsquo;osmose. Il ne contient pas de solvants nocifs qui pourraient p\u00e9n\u00e9trer dans la coque et provoquer de nouvelles cloques. Gelshield Plus est un produit exceptionnel. Il s&rsquo;applique \u00e0 la spatule\/r\u00e8gle et est con\u00e7u pour les peintres [&hellip;]","og_url":"https:\/\/woutersinternational.com\/fr\/produit\/gelshield-plus-primer-epoxy-sans-solvant-2-composants\/","og_site_name":"Wouters International","article_modified_time":"2025-11-24T08:51:13+00:00","og_image":[{"width":1600,"height":1600,"url":"https:\/\/woutersinternational.com\/wp-content\/uploads\/Wouters-International-Gelshield-plus.png","type":"image\/png"}],"twitter_card":"summary_large_image","twitter_misc":{"Dur\u00e9e de lecture estim\u00e9e":"1 minute"},"schema":{"@context":"https:\/\/schema.org","@graph":[{"@type":"WebPage","@id":"https:\/\/woutersinternational.com\/fr\/produit\/gelshield-plus-primer-epoxy-sans-solvant-2-composants\/","url":"https:\/\/woutersinternational.com\/fr\/produit\/gelshield-plus-primer-epoxy-sans-solvant-2-composants\/","name":"Gelshield Plus - primer \u00e9poxy sans solvant - 2 composants - Wouters International","isPartOf":{"@id":"https:\/\/woutersinternational.com\/fr\/#website"},"primaryImageOfPage":{"@id":"https:\/\/woutersinternational.com\/fr\/produit\/gelshield-plus-primer-epoxy-sans-solvant-2-composants\/#primaryimage"},"image":{"@id":"https:\/\/woutersinternational.com\/fr\/produit\/gelshield-plus-primer-epoxy-sans-solvant-2-composants\/#primaryimage"},"thumbnailUrl":"https:\/\/woutersinternational.com\/wp-content\/uploads\/Wouters-International-Gelshield-plus.png","datePublished":"2025-04-07T15:00:32+00:00","dateModified":"2025-11-24T08:51:13+00:00","breadcrumb":{"@id":"https:\/\/woutersinternational.com\/fr\/produit\/gelshield-plus-primer-epoxy-sans-solvant-2-composants\/#breadcrumb"},"inLanguage":"fr-FR","potentialAction":[{"@type":"ReadAction","target":["https:\/\/woutersinternational.com\/fr\/produit\/gelshield-plus-primer-epoxy-sans-solvant-2-composants\/"]}]},{"@type":"ImageObject","inLanguage":"fr-FR","@id":"https:\/\/woutersinternational.com\/fr\/produit\/gelshield-plus-primer-epoxy-sans-solvant-2-composants\/#primaryimage","url":"https:\/\/woutersinternational.com\/wp-content\/uploads\/Wouters-International-Gelshield-plus.png","contentUrl":"https:\/\/woutersinternational.com\/wp-content\/uploads\/Wouters-International-Gelshield-plus.png","width":1600,"height":1600},{"@type":"BreadcrumbList","@id":"https:\/\/woutersinternational.com\/fr\/produit\/gelshield-plus-primer-epoxy-sans-solvant-2-composants\/#breadcrumb","itemListElement":[{"@type":"ListItem","position":1,"name":"Accueil","item":"https:\/\/woutersinternational.com\/fr\/accueil\/"},{"@type":"ListItem","position":2,"name":"Produits","item":"https:\/\/woutersinternational.com\/fr\/produits\/"},{"@type":"ListItem","position":3,"name":"Gelshield Plus &#8211; primer \u00e9poxy sans solvant &#8211; 2 composants"}]},{"@type":"WebSite","@id":"https:\/\/woutersinternational.com\/fr\/#website","url":"https:\/\/woutersinternational.com\/fr\/","name":"Wouters International","description":"","potentialAction":[{"@type":"SearchAction","target":{"@type":"EntryPoint","urlTemplate":"https:\/\/woutersinternational.com\/fr\/?s={search_term_string}"},"query-input":{"@type":"PropertyValueSpecification","valueRequired":true,"valueName":"search_term_string"}}],"inLanguage":"fr-FR"}]}},"_links":{"self":[{"href":"https:\/\/woutersinternational.com\/fr\/wp-json\/wp\/v2\/product\/1180","targetHints":{"allow":["GET"]}}],"collection":[{"href":"https:\/\/woutersinternational.com\/fr\/wp-json\/wp\/v2\/product"}],"about":[{"href":"https:\/\/woutersinternational.com\/fr\/wp-json\/wp\/v2\/types\/product"}],"replies":[{"embeddable":true,"href":"https:\/\/woutersinternational.com\/fr\/wp-json\/wp\/v2\/comments?post=1180"}],"wp:featuredmedia":[{"embeddable":true,"href":"https:\/\/woutersinternational.com\/fr\/wp-json\/wp\/v2\/media\/1183"}],"wp:attachment":[{"href":"https:\/\/woutersinternational.com\/fr\/wp-json\/wp\/v2\/media?parent=1180"}],"wp:term":[{"taxonomy":"product_brand","embeddable":true,"href":"https:\/\/woutersinternational.com\/fr\/wp-json\/wp\/v2\/product_brand?post=1180"},{"taxonomy":"product_cat","embeddable":true,"href":"https:\/\/woutersinternational.com\/fr\/wp-json\/wp\/v2\/product_cat?post=1180"},{"taxonomy":"product_tag","embeddable":true,"href":"https:\/\/woutersinternational.com\/fr\/wp-json\/wp\/v2\/product_tag?post=1180"}],"curies":[{"name":"wp","href":"https:\/\/api.w.org\/{rel}","templated":true}]}}