{"id":1184,"date":"2025-04-10T17:20:45","date_gmt":"2025-04-10T17:20:45","guid":{"rendered":"https:\/\/woutersinternational.com\/product\/danboline-peinture-de-cale\/"},"modified":"2025-11-21T18:28:50","modified_gmt":"2025-11-21T18:28:50","slug":"danboline-peinture-de-cale","status":"publish","type":"product","link":"https:\/\/woutersinternational.com\/fr\/produit\/danboline-peinture-de-cale\/","title":{"rendered":"Danboline &#8211; peinture de cale"},"content":{"rendered":"<p>Danboline prot\u00e8ge les cales, les coffres et les cloisons contre l&rsquo;absorption d&rsquo;humidit\u00e9 et les intemp\u00e9ries. Elle est r\u00e9sistante \u00e0 l&rsquo;usure et aux \u00e9claboussures d&rsquo;huile et de carburant.<\/p>\n<p>Danboline est facile \u00e0 appliquer, elle agit comme une peinture d&rsquo;appr\u00eat, mais offre une belle finition. Domaine d&rsquo;application typique : compartiment moteur, coffres de rangement, cales et varangues<\/p>\n<p>Danboline facilite l&rsquo;entretien.<\/p>\n<ul>\n<li>Disponible dans les couleurs blanc, gris et rouge.<\/li>\n<li>R\u00e9sistance chimique \u00e0 la fum\u00e9e, au carburant et \u00e0 l&rsquo;huile<\/li>\n<li>Excellent pouvoir couvrant<\/li>\n<\/ul>\n","protected":false},"excerpt":{"rendered":"<p>Danboline prot\u00e8ge les cales, les coffres et les cloisons contre l&rsquo;absorption d&rsquo;humidit\u00e9 et les intemp\u00e9ries. Elle est r\u00e9sistante \u00e0 l&rsquo;usure et aux \u00e9claboussures d&rsquo;huile et de carburant. Danboline est facile \u00e0 appliquer, elle agit comme une peinture d&rsquo;appr\u00eat, mais offre une belle finition. Domaine d&rsquo;application typique : compartiment moteur, coffres de rangement, cales et varangues [&hellip;]<\/p>\n","protected":false},"featured_media":1186,"comment_status":"open","ping_status":"closed","template":"","meta":[],"product_brand":[],"product_cat":[47,46],"product_tag":[],"class_list":{"0":"post-1184","1":"product","2":"type-product","3":"status-publish","4":"has-post-thumbnail","6":"product_cat-primaires","7":"product_cat-sous-couches","9":"first","10":"instock","11":"shipping-taxable","12":"product-type-simple"},"yoast_head":"<!-- This site is optimized with the Yoast SEO plugin v27.6 - https:\/\/yoast.com\/product\/yoast-seo-wordpress\/ -->\n<title>Danboline - peinture de cale - Wouters International<\/title>\n<meta name=\"robots\" content=\"index, follow, max-snippet:-1, max-image-preview:large, max-video-preview:-1\" \/>\n<link rel=\"canonical\" href=\"https:\/\/woutersinternational.com\/fr\/produit\/danboline-peinture-de-cale\/\" \/>\n<meta property=\"og:locale\" content=\"fr_FR\" \/>\n<meta property=\"og:type\" content=\"article\" \/>\n<meta property=\"og:title\" content=\"Danboline - peinture de cale - Wouters International\" \/>\n<meta property=\"og:description\" content=\"Danboline prot\u00e8ge les cales, les coffres et les cloisons contre l&rsquo;absorption d&rsquo;humidit\u00e9 et les intemp\u00e9ries. Elle est r\u00e9sistante \u00e0 l&rsquo;usure et aux \u00e9claboussures d&rsquo;huile et de carburant. Danboline est facile \u00e0 appliquer, elle agit comme une peinture d&rsquo;appr\u00eat, mais offre une belle finition. Domaine d&rsquo;application typique : compartiment moteur, coffres de rangement, cales et varangues [&hellip;]\" \/>\n<meta property=\"og:url\" content=\"https:\/\/woutersinternational.com\/fr\/produit\/danboline-peinture-de-cale\/\" \/>\n<meta property=\"og:site_name\" content=\"Wouters International\" \/>\n<meta property=\"article:modified_time\" content=\"2025-11-21T18:28:50+00:00\" \/>\n<meta property=\"og:image\" content=\"https:\/\/woutersinternational.com\/wp-content\/uploads\/Wouters-International-Danboline.png\" \/>\n\t<meta property=\"og:image:width\" content=\"1600\" \/>\n\t<meta property=\"og:image:height\" content=\"1600\" \/>\n\t<meta property=\"og:image:type\" content=\"image\/png\" \/>\n<meta name=\"twitter:card\" content=\"summary_large_image\" \/>\n<meta name=\"twitter:label1\" content=\"Dur\u00e9e de lecture estim\u00e9e\" \/>\n\t<meta name=\"twitter:data1\" content=\"1 minute\" \/>\n<script type=\"application\/ld+json\" class=\"yoast-schema-graph\">{\"@context\":\"https:\\\/\\\/schema.org\",\"@graph\":[{\"@type\":\"WebPage\",\"@id\":\"https:\\\/\\\/woutersinternational.com\\\/fr\\\/produit\\\/danboline-peinture-de-cale\\\/\",\"url\":\"https:\\\/\\\/woutersinternational.com\\\/fr\\\/produit\\\/danboline-peinture-de-cale\\\/\",\"name\":\"Danboline - peinture de cale - Wouters International\",\"isPartOf\":{\"@id\":\"https:\\\/\\\/woutersinternational.com\\\/fr\\\/#website\"},\"primaryImageOfPage\":{\"@id\":\"https:\\\/\\\/woutersinternational.com\\\/fr\\\/produit\\\/danboline-peinture-de-cale\\\/#primaryimage\"},\"image\":{\"@id\":\"https:\\\/\\\/woutersinternational.com\\\/fr\\\/produit\\\/danboline-peinture-de-cale\\\/#primaryimage\"},\"thumbnailUrl\":\"https:\\\/\\\/woutersinternational.com\\\/wp-content\\\/uploads\\\/Wouters-International-Danboline.png\",\"datePublished\":\"2025-04-10T17:20:45+00:00\",\"dateModified\":\"2025-11-21T18:28:50+00:00\",\"breadcrumb\":{\"@id\":\"https:\\\/\\\/woutersinternational.com\\\/fr\\\/produit\\\/danboline-peinture-de-cale\\\/#breadcrumb\"},\"inLanguage\":\"fr-FR\",\"potentialAction\":[{\"@type\":\"ReadAction\",\"target\":[\"https:\\\/\\\/woutersinternational.com\\\/fr\\\/produit\\\/danboline-peinture-de-cale\\\/\"]}]},{\"@type\":\"ImageObject\",\"inLanguage\":\"fr-FR\",\"@id\":\"https:\\\/\\\/woutersinternational.com\\\/fr\\\/produit\\\/danboline-peinture-de-cale\\\/#primaryimage\",\"url\":\"https:\\\/\\\/woutersinternational.com\\\/wp-content\\\/uploads\\\/Wouters-International-Danboline.png\",\"contentUrl\":\"https:\\\/\\\/woutersinternational.com\\\/wp-content\\\/uploads\\\/Wouters-International-Danboline.png\",\"width\":1600,\"height\":1600},{\"@type\":\"BreadcrumbList\",\"@id\":\"https:\\\/\\\/woutersinternational.com\\\/fr\\\/produit\\\/danboline-peinture-de-cale\\\/#breadcrumb\",\"itemListElement\":[{\"@type\":\"ListItem\",\"position\":1,\"name\":\"Accueil\",\"item\":\"https:\\\/\\\/woutersinternational.com\\\/fr\\\/accueil\\\/\"},{\"@type\":\"ListItem\",\"position\":2,\"name\":\"Produits\",\"item\":\"https:\\\/\\\/woutersinternational.com\\\/fr\\\/produits\\\/\"},{\"@type\":\"ListItem\",\"position\":3,\"name\":\"Danboline &#8211; peinture de cale\"}]},{\"@type\":\"WebSite\",\"@id\":\"https:\\\/\\\/woutersinternational.com\\\/fr\\\/#website\",\"url\":\"https:\\\/\\\/woutersinternational.com\\\/fr\\\/\",\"name\":\"Wouters International\",\"description\":\"\",\"potentialAction\":[{\"@type\":\"SearchAction\",\"target\":{\"@type\":\"EntryPoint\",\"urlTemplate\":\"https:\\\/\\\/woutersinternational.com\\\/fr\\\/?s={search_term_string}\"},\"query-input\":{\"@type\":\"PropertyValueSpecification\",\"valueRequired\":true,\"valueName\":\"search_term_string\"}}],\"inLanguage\":\"fr-FR\"}]}<\/script>\n<!-- \/ Yoast SEO plugin. -->","yoast_head_json":{"title":"Danboline - peinture de cale - Wouters International","robots":{"index":"index","follow":"follow","max-snippet":"max-snippet:-1","max-image-preview":"max-image-preview:large","max-video-preview":"max-video-preview:-1"},"canonical":"https:\/\/woutersinternational.com\/fr\/produit\/danboline-peinture-de-cale\/","og_locale":"fr_FR","og_type":"article","og_title":"Danboline - peinture de cale - Wouters International","og_description":"Danboline prot\u00e8ge les cales, les coffres et les cloisons contre l&rsquo;absorption d&rsquo;humidit\u00e9 et les intemp\u00e9ries. Elle est r\u00e9sistante \u00e0 l&rsquo;usure et aux \u00e9claboussures d&rsquo;huile et de carburant. Danboline est facile \u00e0 appliquer, elle agit comme une peinture d&rsquo;appr\u00eat, mais offre une belle finition. Domaine d&rsquo;application typique : compartiment moteur, coffres de rangement, cales et varangues [&hellip;]","og_url":"https:\/\/woutersinternational.com\/fr\/produit\/danboline-peinture-de-cale\/","og_site_name":"Wouters International","article_modified_time":"2025-11-21T18:28:50+00:00","og_image":[{"width":1600,"height":1600,"url":"https:\/\/woutersinternational.com\/wp-content\/uploads\/Wouters-International-Danboline.png","type":"image\/png"}],"twitter_card":"summary_large_image","twitter_misc":{"Dur\u00e9e de lecture estim\u00e9e":"1 minute"},"schema":{"@context":"https:\/\/schema.org","@graph":[{"@type":"WebPage","@id":"https:\/\/woutersinternational.com\/fr\/produit\/danboline-peinture-de-cale\/","url":"https:\/\/woutersinternational.com\/fr\/produit\/danboline-peinture-de-cale\/","name":"Danboline - peinture de cale - Wouters International","isPartOf":{"@id":"https:\/\/woutersinternational.com\/fr\/#website"},"primaryImageOfPage":{"@id":"https:\/\/woutersinternational.com\/fr\/produit\/danboline-peinture-de-cale\/#primaryimage"},"image":{"@id":"https:\/\/woutersinternational.com\/fr\/produit\/danboline-peinture-de-cale\/#primaryimage"},"thumbnailUrl":"https:\/\/woutersinternational.com\/wp-content\/uploads\/Wouters-International-Danboline.png","datePublished":"2025-04-10T17:20:45+00:00","dateModified":"2025-11-21T18:28:50+00:00","breadcrumb":{"@id":"https:\/\/woutersinternational.com\/fr\/produit\/danboline-peinture-de-cale\/#breadcrumb"},"inLanguage":"fr-FR","potentialAction":[{"@type":"ReadAction","target":["https:\/\/woutersinternational.com\/fr\/produit\/danboline-peinture-de-cale\/"]}]},{"@type":"ImageObject","inLanguage":"fr-FR","@id":"https:\/\/woutersinternational.com\/fr\/produit\/danboline-peinture-de-cale\/#primaryimage","url":"https:\/\/woutersinternational.com\/wp-content\/uploads\/Wouters-International-Danboline.png","contentUrl":"https:\/\/woutersinternational.com\/wp-content\/uploads\/Wouters-International-Danboline.png","width":1600,"height":1600},{"@type":"BreadcrumbList","@id":"https:\/\/woutersinternational.com\/fr\/produit\/danboline-peinture-de-cale\/#breadcrumb","itemListElement":[{"@type":"ListItem","position":1,"name":"Accueil","item":"https:\/\/woutersinternational.com\/fr\/accueil\/"},{"@type":"ListItem","position":2,"name":"Produits","item":"https:\/\/woutersinternational.com\/fr\/produits\/"},{"@type":"ListItem","position":3,"name":"Danboline &#8211; peinture de cale"}]},{"@type":"WebSite","@id":"https:\/\/woutersinternational.com\/fr\/#website","url":"https:\/\/woutersinternational.com\/fr\/","name":"Wouters International","description":"","potentialAction":[{"@type":"SearchAction","target":{"@type":"EntryPoint","urlTemplate":"https:\/\/woutersinternational.com\/fr\/?s={search_term_string}"},"query-input":{"@type":"PropertyValueSpecification","valueRequired":true,"valueName":"search_term_string"}}],"inLanguage":"fr-FR"}]}},"_links":{"self":[{"href":"https:\/\/woutersinternational.com\/fr\/wp-json\/wp\/v2\/product\/1184","targetHints":{"allow":["GET"]}}],"collection":[{"href":"https:\/\/woutersinternational.com\/fr\/wp-json\/wp\/v2\/product"}],"about":[{"href":"https:\/\/woutersinternational.com\/fr\/wp-json\/wp\/v2\/types\/product"}],"replies":[{"embeddable":true,"href":"https:\/\/woutersinternational.com\/fr\/wp-json\/wp\/v2\/comments?post=1184"}],"wp:featuredmedia":[{"embeddable":true,"href":"https:\/\/woutersinternational.com\/fr\/wp-json\/wp\/v2\/media\/1186"}],"wp:attachment":[{"href":"https:\/\/woutersinternational.com\/fr\/wp-json\/wp\/v2\/media?parent=1184"}],"wp:term":[{"taxonomy":"product_brand","embeddable":true,"href":"https:\/\/woutersinternational.com\/fr\/wp-json\/wp\/v2\/product_brand?post=1184"},{"taxonomy":"product_cat","embeddable":true,"href":"https:\/\/woutersinternational.com\/fr\/wp-json\/wp\/v2\/product_cat?post=1184"},{"taxonomy":"product_tag","embeddable":true,"href":"https:\/\/woutersinternational.com\/fr\/wp-json\/wp\/v2\/product_tag?post=1184"}],"curies":[{"name":"wp","href":"https:\/\/api.w.org\/{rel}","templated":true}]}}