{"id":1185,"date":"2025-04-07T12:30:45","date_gmt":"2025-04-07T12:30:45","guid":{"rendered":"https:\/\/woutersinternational.com\/product\/micron-extra-eu-belgique\/"},"modified":"2025-11-21T18:20:30","modified_gmt":"2025-11-21T18:20:30","slug":"micron-extra-eu-belgique","status":"publish","type":"product","link":"https:\/\/woutersinternational.com\/fr\/produit\/micron-extra-eu-belgique\/","title":{"rendered":"Micron Extra EU Belgique"},"content":{"rendered":"<p>DISPONIBLE UNIQUEMENT EN BELGIQUE<\/p>\n<p>Micron Extra EU avec la technologie Biolux\u00ae offre une protection ultime contre les salissures dans les conditions les plus difficiles.<\/p>\n<p>C&rsquo;est une peinture antifouling \u00e9rodable : au fur et \u00e0 mesure que la saison avance, les substances qui ne sont plus actives disparaissent. Cela r\u00e9duit l&rsquo;accumulation d&rsquo;\u00e9paisseur de couche.<br \/>\nCela facilite l&rsquo;entretien \u00e0 long terme. La technologie Biolux\u00ae assure une lib\u00e9ration contr\u00f4l\u00e9e et optimis\u00e9e des biocides.<br \/>\nLa peinture peut \u00eatre appliqu\u00e9e jusqu&rsquo;\u00e0 douze mois avant la mise \u00e0 l&rsquo;eau. Si Micron est appliqu\u00e9 en couche suffisamment \u00e9paisse, il est possible de b\u00e9n\u00e9ficier de plusieurs saisons \u00e0 partir d&rsquo;une seule application.<\/p>\n<p>Micron Extra EU est tr\u00e8s populaire aupr\u00e8s de tous les chantiers navals professionnels en Belgique.<br \/>\nIl est 100\u00a0% compatible avec Ultra EU, sans couche interm\u00e9diaire.<\/p>\n<p>Micron Extra EU B \u00e0 haute teneur en biocides n&rsquo;est d\u00e9sormais disponible qu&rsquo;en Belgique. Dans tous les pays voisins, vous trouverez des variantes de ce produit sous les noms : Micron 350 et Ultra 300 : ils sont certes moins chers, mais beaucoup moins efficaces et moins durables.<\/p>\n<ul>\n<li>Micron Extra EU Belgique est disponible dans les couleurs blanc de Douvres, gris, bleu clair, bleu fonc\u00e9, rouge, noir<\/li>\n<li>Peinture professionnelle adapt\u00e9e \u00e0 une utilisation sur acier, fer, bronze, polyester, bois. Ne convient pas \u00e0 l&rsquo;aluminium.<\/li>\n<li>Pour les coques en aluminium, les Z-drives et S-drives des moteurs : voir Interspeed Extra<\/li>\n<\/ul>\n<p>&nbsp;<\/p>\n","protected":false},"excerpt":{"rendered":"<p>DISPONIBLE UNIQUEMENT EN BELGIQUE Micron Extra EU avec la technologie Biolux\u00ae offre une protection ultime contre les salissures dans les conditions les plus difficiles. C&rsquo;est une peinture antifouling \u00e9rodable : au fur et \u00e0 mesure que la saison avance, les substances qui ne sont plus actives disparaissent. Cela r\u00e9duit l&rsquo;accumulation d&rsquo;\u00e9paisseur de couche. Cela facilite [&hellip;]<\/p>\n","protected":false},"featured_media":1426,"comment_status":"open","ping_status":"closed","template":"","meta":[],"product_brand":[],"product_cat":[44],"product_tag":[],"class_list":{"0":"post-1185","1":"product","2":"type-product","3":"status-publish","4":"has-post-thumbnail","6":"product_cat-antifouling","8":"first","9":"instock","10":"featured","11":"shipping-taxable","12":"product-type-simple"},"yoast_head":"<!-- This site is optimized with the Yoast SEO plugin v27.6 - https:\/\/yoast.com\/product\/yoast-seo-wordpress\/ -->\n<title>Micron Extra EU Belgique - Wouters International<\/title>\n<meta name=\"robots\" content=\"index, follow, max-snippet:-1, max-image-preview:large, max-video-preview:-1\" \/>\n<link rel=\"canonical\" href=\"https:\/\/woutersinternational.com\/fr\/produit\/micron-extra-eu-belgique\/\" \/>\n<meta property=\"og:locale\" content=\"fr_FR\" \/>\n<meta property=\"og:type\" content=\"article\" \/>\n<meta property=\"og:title\" content=\"Micron Extra EU Belgique - Wouters International\" \/>\n<meta property=\"og:description\" content=\"DISPONIBLE UNIQUEMENT EN BELGIQUE Micron Extra EU avec la technologie Biolux\u00ae offre une protection ultime contre les salissures dans les conditions les plus difficiles. C&rsquo;est une peinture antifouling \u00e9rodable : au fur et \u00e0 mesure que la saison avance, les substances qui ne sont plus actives disparaissent. Cela r\u00e9duit l&rsquo;accumulation d&rsquo;\u00e9paisseur de couche. Cela facilite [&hellip;]\" \/>\n<meta property=\"og:url\" content=\"https:\/\/woutersinternational.com\/fr\/produit\/micron-extra-eu-belgique\/\" \/>\n<meta property=\"og:site_name\" content=\"Wouters International\" \/>\n<meta property=\"article:modified_time\" content=\"2025-11-21T18:20:30+00:00\" \/>\n<meta property=\"og:image\" content=\"https:\/\/woutersinternational.com\/wp-content\/uploads\/Micron-Extra-eu-Belgie.png\" \/>\n\t<meta property=\"og:image:width\" content=\"792\" \/>\n\t<meta property=\"og:image:height\" content=\"763\" \/>\n\t<meta property=\"og:image:type\" content=\"image\/png\" \/>\n<meta name=\"twitter:card\" content=\"summary_large_image\" \/>\n<meta name=\"twitter:label1\" content=\"Dur\u00e9e de lecture estim\u00e9e\" \/>\n\t<meta name=\"twitter:data1\" content=\"2 minutes\" \/>\n<script type=\"application\/ld+json\" class=\"yoast-schema-graph\">{\"@context\":\"https:\\\/\\\/schema.org\",\"@graph\":[{\"@type\":\"WebPage\",\"@id\":\"https:\\\/\\\/woutersinternational.com\\\/fr\\\/produit\\\/micron-extra-eu-belgique\\\/\",\"url\":\"https:\\\/\\\/woutersinternational.com\\\/fr\\\/produit\\\/micron-extra-eu-belgique\\\/\",\"name\":\"Micron Extra EU Belgique - Wouters International\",\"isPartOf\":{\"@id\":\"https:\\\/\\\/woutersinternational.com\\\/fr\\\/#website\"},\"primaryImageOfPage\":{\"@id\":\"https:\\\/\\\/woutersinternational.com\\\/fr\\\/produit\\\/micron-extra-eu-belgique\\\/#primaryimage\"},\"image\":{\"@id\":\"https:\\\/\\\/woutersinternational.com\\\/fr\\\/produit\\\/micron-extra-eu-belgique\\\/#primaryimage\"},\"thumbnailUrl\":\"https:\\\/\\\/woutersinternational.com\\\/wp-content\\\/uploads\\\/Micron-Extra-eu-Belgie.png\",\"datePublished\":\"2025-04-07T12:30:45+00:00\",\"dateModified\":\"2025-11-21T18:20:30+00:00\",\"breadcrumb\":{\"@id\":\"https:\\\/\\\/woutersinternational.com\\\/fr\\\/produit\\\/micron-extra-eu-belgique\\\/#breadcrumb\"},\"inLanguage\":\"fr-FR\",\"potentialAction\":[{\"@type\":\"ReadAction\",\"target\":[\"https:\\\/\\\/woutersinternational.com\\\/fr\\\/produit\\\/micron-extra-eu-belgique\\\/\"]}]},{\"@type\":\"ImageObject\",\"inLanguage\":\"fr-FR\",\"@id\":\"https:\\\/\\\/woutersinternational.com\\\/fr\\\/produit\\\/micron-extra-eu-belgique\\\/#primaryimage\",\"url\":\"https:\\\/\\\/woutersinternational.com\\\/wp-content\\\/uploads\\\/Micron-Extra-eu-Belgie.png\",\"contentUrl\":\"https:\\\/\\\/woutersinternational.com\\\/wp-content\\\/uploads\\\/Micron-Extra-eu-Belgie.png\",\"width\":792,\"height\":763},{\"@type\":\"BreadcrumbList\",\"@id\":\"https:\\\/\\\/woutersinternational.com\\\/fr\\\/produit\\\/micron-extra-eu-belgique\\\/#breadcrumb\",\"itemListElement\":[{\"@type\":\"ListItem\",\"position\":1,\"name\":\"Accueil\",\"item\":\"https:\\\/\\\/woutersinternational.com\\\/fr\\\/accueil\\\/\"},{\"@type\":\"ListItem\",\"position\":2,\"name\":\"Produits\",\"item\":\"https:\\\/\\\/woutersinternational.com\\\/fr\\\/produits\\\/\"},{\"@type\":\"ListItem\",\"position\":3,\"name\":\"Micron Extra EU Belgique\"}]},{\"@type\":\"WebSite\",\"@id\":\"https:\\\/\\\/woutersinternational.com\\\/fr\\\/#website\",\"url\":\"https:\\\/\\\/woutersinternational.com\\\/fr\\\/\",\"name\":\"Wouters International\",\"description\":\"\",\"potentialAction\":[{\"@type\":\"SearchAction\",\"target\":{\"@type\":\"EntryPoint\",\"urlTemplate\":\"https:\\\/\\\/woutersinternational.com\\\/fr\\\/?s={search_term_string}\"},\"query-input\":{\"@type\":\"PropertyValueSpecification\",\"valueRequired\":true,\"valueName\":\"search_term_string\"}}],\"inLanguage\":\"fr-FR\"}]}<\/script>\n<!-- \/ Yoast SEO plugin. -->","yoast_head_json":{"title":"Micron Extra EU Belgique - Wouters International","robots":{"index":"index","follow":"follow","max-snippet":"max-snippet:-1","max-image-preview":"max-image-preview:large","max-video-preview":"max-video-preview:-1"},"canonical":"https:\/\/woutersinternational.com\/fr\/produit\/micron-extra-eu-belgique\/","og_locale":"fr_FR","og_type":"article","og_title":"Micron Extra EU Belgique - Wouters International","og_description":"DISPONIBLE UNIQUEMENT EN BELGIQUE Micron Extra EU avec la technologie Biolux\u00ae offre une protection ultime contre les salissures dans les conditions les plus difficiles. C&rsquo;est une peinture antifouling \u00e9rodable : au fur et \u00e0 mesure que la saison avance, les substances qui ne sont plus actives disparaissent. Cela r\u00e9duit l&rsquo;accumulation d&rsquo;\u00e9paisseur de couche. Cela facilite [&hellip;]","og_url":"https:\/\/woutersinternational.com\/fr\/produit\/micron-extra-eu-belgique\/","og_site_name":"Wouters International","article_modified_time":"2025-11-21T18:20:30+00:00","og_image":[{"width":792,"height":763,"url":"https:\/\/woutersinternational.com\/wp-content\/uploads\/Micron-Extra-eu-Belgie.png","type":"image\/png"}],"twitter_card":"summary_large_image","twitter_misc":{"Dur\u00e9e de lecture estim\u00e9e":"2 minutes"},"schema":{"@context":"https:\/\/schema.org","@graph":[{"@type":"WebPage","@id":"https:\/\/woutersinternational.com\/fr\/produit\/micron-extra-eu-belgique\/","url":"https:\/\/woutersinternational.com\/fr\/produit\/micron-extra-eu-belgique\/","name":"Micron Extra EU Belgique - Wouters International","isPartOf":{"@id":"https:\/\/woutersinternational.com\/fr\/#website"},"primaryImageOfPage":{"@id":"https:\/\/woutersinternational.com\/fr\/produit\/micron-extra-eu-belgique\/#primaryimage"},"image":{"@id":"https:\/\/woutersinternational.com\/fr\/produit\/micron-extra-eu-belgique\/#primaryimage"},"thumbnailUrl":"https:\/\/woutersinternational.com\/wp-content\/uploads\/Micron-Extra-eu-Belgie.png","datePublished":"2025-04-07T12:30:45+00:00","dateModified":"2025-11-21T18:20:30+00:00","breadcrumb":{"@id":"https:\/\/woutersinternational.com\/fr\/produit\/micron-extra-eu-belgique\/#breadcrumb"},"inLanguage":"fr-FR","potentialAction":[{"@type":"ReadAction","target":["https:\/\/woutersinternational.com\/fr\/produit\/micron-extra-eu-belgique\/"]}]},{"@type":"ImageObject","inLanguage":"fr-FR","@id":"https:\/\/woutersinternational.com\/fr\/produit\/micron-extra-eu-belgique\/#primaryimage","url":"https:\/\/woutersinternational.com\/wp-content\/uploads\/Micron-Extra-eu-Belgie.png","contentUrl":"https:\/\/woutersinternational.com\/wp-content\/uploads\/Micron-Extra-eu-Belgie.png","width":792,"height":763},{"@type":"BreadcrumbList","@id":"https:\/\/woutersinternational.com\/fr\/produit\/micron-extra-eu-belgique\/#breadcrumb","itemListElement":[{"@type":"ListItem","position":1,"name":"Accueil","item":"https:\/\/woutersinternational.com\/fr\/accueil\/"},{"@type":"ListItem","position":2,"name":"Produits","item":"https:\/\/woutersinternational.com\/fr\/produits\/"},{"@type":"ListItem","position":3,"name":"Micron Extra EU Belgique"}]},{"@type":"WebSite","@id":"https:\/\/woutersinternational.com\/fr\/#website","url":"https:\/\/woutersinternational.com\/fr\/","name":"Wouters International","description":"","potentialAction":[{"@type":"SearchAction","target":{"@type":"EntryPoint","urlTemplate":"https:\/\/woutersinternational.com\/fr\/?s={search_term_string}"},"query-input":{"@type":"PropertyValueSpecification","valueRequired":true,"valueName":"search_term_string"}}],"inLanguage":"fr-FR"}]}},"_links":{"self":[{"href":"https:\/\/woutersinternational.com\/fr\/wp-json\/wp\/v2\/product\/1185","targetHints":{"allow":["GET"]}}],"collection":[{"href":"https:\/\/woutersinternational.com\/fr\/wp-json\/wp\/v2\/product"}],"about":[{"href":"https:\/\/woutersinternational.com\/fr\/wp-json\/wp\/v2\/types\/product"}],"replies":[{"embeddable":true,"href":"https:\/\/woutersinternational.com\/fr\/wp-json\/wp\/v2\/comments?post=1185"}],"wp:featuredmedia":[{"embeddable":true,"href":"https:\/\/woutersinternational.com\/fr\/wp-json\/wp\/v2\/media\/1426"}],"wp:attachment":[{"href":"https:\/\/woutersinternational.com\/fr\/wp-json\/wp\/v2\/media?parent=1185"}],"wp:term":[{"taxonomy":"product_brand","embeddable":true,"href":"https:\/\/woutersinternational.com\/fr\/wp-json\/wp\/v2\/product_brand?post=1185"},{"taxonomy":"product_cat","embeddable":true,"href":"https:\/\/woutersinternational.com\/fr\/wp-json\/wp\/v2\/product_cat?post=1185"},{"taxonomy":"product_tag","embeddable":true,"href":"https:\/\/woutersinternational.com\/fr\/wp-json\/wp\/v2\/product_tag?post=1185"}],"curies":[{"name":"wp","href":"https:\/\/api.w.org\/{rel}","templated":true}]}}