{"id":1187,"date":"2025-04-07T15:42:34","date_gmt":"2025-04-07T15:42:34","guid":{"rendered":"https:\/\/woutersinternational.com\/product\/vernis-compass-haute-brillance\/"},"modified":"2025-11-21T18:29:29","modified_gmt":"2025-11-21T18:29:29","slug":"vernis-compass-haute-brillance","status":"publish","type":"product","link":"https:\/\/woutersinternational.com\/fr\/produit\/vernis-compass-haute-brillance\/","title":{"rendered":"Vernis : Compass haute brillance"},"content":{"rendered":"<p>Compass est un vernis brillant monocomposant de haute qualit\u00e9, adapt\u00e9 pour une utilisation int\u00e9rieure et ext\u00e9rieure. Ce vernis offre une durabilit\u00e9 exceptionnelle et une teinte ambr\u00e9e riche et durable. Ce produit est r\u00e9sistant aux rayures et pr\u00e9sente une excellente r\u00e9sistance \u00e0 l&rsquo;usure et aux produits chimiques.<\/p>\n<ul class=\"goodToKnow__list body-copy-s\">\n<li class=\"goodToKnow__listItem body-copy-rg\">Convient aussi bien pour les boiseries int\u00e9rieures qu&rsquo;ext\u00e9rieures et peut \u00eatre appliqu\u00e9 directement sur les essences de bois ol\u00e9agineuses comme le Teck et l&rsquo;Iroko<\/li>\n<li class=\"goodToKnow__listItem body-copy-rg\">Contient des absorbeurs UV pour prot\u00e9ger les boiseries contre les rayons du soleil<\/li>\n<li class=\"goodToKnow__listItem body-copy-rg\">Appliquer 2 couches par jour, poncer entre chaque 2e ou 3e couche<\/li>\n<li>Plus il y a de couches, plus le veinage du bois est magnifiquement accentu\u00e9<\/li>\n<li>Compass est r\u00e9sistant aux rayures : et donc adapt\u00e9 par exemple aux marches d&rsquo;escalier ou aux moulures d\u00e9coratives, aussi bien \u00e0 l&rsquo;ext\u00e9rieur sur le pont qu&rsquo;\u00e0 l&rsquo;int\u00e9rieur dans la cambuse.<\/li>\n<\/ul>\n<p>Compass est \u00e9galement appr\u00e9ci\u00e9 dans la construction r\u00e9sidentielle pour prot\u00e9ger durablement le bois contre les UV, les intemp\u00e9ries et le vent.<\/p>\n<div class=\"ra-heading \">\n<p class=\"body-copy-rg mb-4 productDetailHero__description\">\n<\/div>\n","protected":false},"excerpt":{"rendered":"<p>Compass est un vernis brillant monocomposant de haute qualit\u00e9, adapt\u00e9 pour une utilisation int\u00e9rieure et ext\u00e9rieure. Ce vernis offre une durabilit\u00e9 exceptionnelle et une teinte ambr\u00e9e riche et durable. Ce produit est r\u00e9sistant aux rayures et pr\u00e9sente une excellente r\u00e9sistance \u00e0 l&rsquo;usure et aux produits chimiques. Convient aussi bien pour les boiseries int\u00e9rieures qu&rsquo;ext\u00e9rieures et [&hellip;]<\/p>\n","protected":false},"featured_media":1188,"comment_status":"open","ping_status":"closed","template":"","meta":[],"product_brand":[],"product_cat":[42],"product_tag":[],"class_list":{"0":"post-1187","1":"product","2":"type-product","3":"status-publish","4":"has-post-thumbnail","6":"product_cat-vernis","8":"first","9":"instock","10":"shipping-taxable","11":"product-type-simple"},"yoast_head":"<!-- This site is optimized with the Yoast SEO plugin v27.6 - https:\/\/yoast.com\/product\/yoast-seo-wordpress\/ -->\n<title>Vernis : Compass haute brillance - Wouters International<\/title>\n<meta name=\"robots\" content=\"index, follow, max-snippet:-1, max-image-preview:large, max-video-preview:-1\" \/>\n<link rel=\"canonical\" href=\"https:\/\/woutersinternational.com\/fr\/produit\/vernis-compass-haute-brillance\/\" \/>\n<meta property=\"og:locale\" content=\"fr_FR\" \/>\n<meta property=\"og:type\" content=\"article\" \/>\n<meta property=\"og:title\" content=\"Vernis : Compass haute brillance - Wouters International\" \/>\n<meta property=\"og:description\" content=\"Compass est un vernis brillant monocomposant de haute qualit\u00e9, adapt\u00e9 pour une utilisation int\u00e9rieure et ext\u00e9rieure. Ce vernis offre une durabilit\u00e9 exceptionnelle et une teinte ambr\u00e9e riche et durable. Ce produit est r\u00e9sistant aux rayures et pr\u00e9sente une excellente r\u00e9sistance \u00e0 l&rsquo;usure et aux produits chimiques. Convient aussi bien pour les boiseries int\u00e9rieures qu&rsquo;ext\u00e9rieures et [&hellip;]\" \/>\n<meta property=\"og:url\" content=\"https:\/\/woutersinternational.com\/fr\/produit\/vernis-compass-haute-brillance\/\" \/>\n<meta property=\"og:site_name\" content=\"Wouters International\" \/>\n<meta property=\"article:modified_time\" content=\"2025-11-21T18:29:29+00:00\" \/>\n<meta property=\"og:image\" content=\"https:\/\/woutersinternational.com\/wp-content\/uploads\/Wouters-International-Compass.png\" \/>\n\t<meta property=\"og:image:width\" content=\"1600\" \/>\n\t<meta property=\"og:image:height\" content=\"1600\" \/>\n\t<meta property=\"og:image:type\" content=\"image\/png\" \/>\n<meta name=\"twitter:card\" content=\"summary_large_image\" \/>\n<meta name=\"twitter:label1\" content=\"Dur\u00e9e de lecture estim\u00e9e\" \/>\n\t<meta name=\"twitter:data1\" content=\"1 minute\" \/>\n<script type=\"application\/ld+json\" class=\"yoast-schema-graph\">{\"@context\":\"https:\\\/\\\/schema.org\",\"@graph\":[{\"@type\":\"WebPage\",\"@id\":\"https:\\\/\\\/woutersinternational.com\\\/fr\\\/produit\\\/vernis-compass-haute-brillance\\\/\",\"url\":\"https:\\\/\\\/woutersinternational.com\\\/fr\\\/produit\\\/vernis-compass-haute-brillance\\\/\",\"name\":\"Vernis : Compass haute brillance - Wouters International\",\"isPartOf\":{\"@id\":\"https:\\\/\\\/woutersinternational.com\\\/fr\\\/#website\"},\"primaryImageOfPage\":{\"@id\":\"https:\\\/\\\/woutersinternational.com\\\/fr\\\/produit\\\/vernis-compass-haute-brillance\\\/#primaryimage\"},\"image\":{\"@id\":\"https:\\\/\\\/woutersinternational.com\\\/fr\\\/produit\\\/vernis-compass-haute-brillance\\\/#primaryimage\"},\"thumbnailUrl\":\"https:\\\/\\\/woutersinternational.com\\\/wp-content\\\/uploads\\\/Wouters-International-Compass.png\",\"datePublished\":\"2025-04-07T15:42:34+00:00\",\"dateModified\":\"2025-11-21T18:29:29+00:00\",\"breadcrumb\":{\"@id\":\"https:\\\/\\\/woutersinternational.com\\\/fr\\\/produit\\\/vernis-compass-haute-brillance\\\/#breadcrumb\"},\"inLanguage\":\"fr-FR\",\"potentialAction\":[{\"@type\":\"ReadAction\",\"target\":[\"https:\\\/\\\/woutersinternational.com\\\/fr\\\/produit\\\/vernis-compass-haute-brillance\\\/\"]}]},{\"@type\":\"ImageObject\",\"inLanguage\":\"fr-FR\",\"@id\":\"https:\\\/\\\/woutersinternational.com\\\/fr\\\/produit\\\/vernis-compass-haute-brillance\\\/#primaryimage\",\"url\":\"https:\\\/\\\/woutersinternational.com\\\/wp-content\\\/uploads\\\/Wouters-International-Compass.png\",\"contentUrl\":\"https:\\\/\\\/woutersinternational.com\\\/wp-content\\\/uploads\\\/Wouters-International-Compass.png\",\"width\":1600,\"height\":1600},{\"@type\":\"BreadcrumbList\",\"@id\":\"https:\\\/\\\/woutersinternational.com\\\/fr\\\/produit\\\/vernis-compass-haute-brillance\\\/#breadcrumb\",\"itemListElement\":[{\"@type\":\"ListItem\",\"position\":1,\"name\":\"Accueil\",\"item\":\"https:\\\/\\\/woutersinternational.com\\\/fr\\\/accueil\\\/\"},{\"@type\":\"ListItem\",\"position\":2,\"name\":\"Produits\",\"item\":\"https:\\\/\\\/woutersinternational.com\\\/fr\\\/produits\\\/\"},{\"@type\":\"ListItem\",\"position\":3,\"name\":\"Vernis : Compass haute brillance\"}]},{\"@type\":\"WebSite\",\"@id\":\"https:\\\/\\\/woutersinternational.com\\\/fr\\\/#website\",\"url\":\"https:\\\/\\\/woutersinternational.com\\\/fr\\\/\",\"name\":\"Wouters International\",\"description\":\"\",\"potentialAction\":[{\"@type\":\"SearchAction\",\"target\":{\"@type\":\"EntryPoint\",\"urlTemplate\":\"https:\\\/\\\/woutersinternational.com\\\/fr\\\/?s={search_term_string}\"},\"query-input\":{\"@type\":\"PropertyValueSpecification\",\"valueRequired\":true,\"valueName\":\"search_term_string\"}}],\"inLanguage\":\"fr-FR\"}]}<\/script>\n<!-- \/ Yoast SEO plugin. -->","yoast_head_json":{"title":"Vernis : Compass haute brillance - Wouters International","robots":{"index":"index","follow":"follow","max-snippet":"max-snippet:-1","max-image-preview":"max-image-preview:large","max-video-preview":"max-video-preview:-1"},"canonical":"https:\/\/woutersinternational.com\/fr\/produit\/vernis-compass-haute-brillance\/","og_locale":"fr_FR","og_type":"article","og_title":"Vernis : Compass haute brillance - Wouters International","og_description":"Compass est un vernis brillant monocomposant de haute qualit\u00e9, adapt\u00e9 pour une utilisation int\u00e9rieure et ext\u00e9rieure. Ce vernis offre une durabilit\u00e9 exceptionnelle et une teinte ambr\u00e9e riche et durable. Ce produit est r\u00e9sistant aux rayures et pr\u00e9sente une excellente r\u00e9sistance \u00e0 l&rsquo;usure et aux produits chimiques. Convient aussi bien pour les boiseries int\u00e9rieures qu&rsquo;ext\u00e9rieures et [&hellip;]","og_url":"https:\/\/woutersinternational.com\/fr\/produit\/vernis-compass-haute-brillance\/","og_site_name":"Wouters International","article_modified_time":"2025-11-21T18:29:29+00:00","og_image":[{"width":1600,"height":1600,"url":"https:\/\/woutersinternational.com\/wp-content\/uploads\/Wouters-International-Compass.png","type":"image\/png"}],"twitter_card":"summary_large_image","twitter_misc":{"Dur\u00e9e de lecture estim\u00e9e":"1 minute"},"schema":{"@context":"https:\/\/schema.org","@graph":[{"@type":"WebPage","@id":"https:\/\/woutersinternational.com\/fr\/produit\/vernis-compass-haute-brillance\/","url":"https:\/\/woutersinternational.com\/fr\/produit\/vernis-compass-haute-brillance\/","name":"Vernis : Compass haute brillance - Wouters International","isPartOf":{"@id":"https:\/\/woutersinternational.com\/fr\/#website"},"primaryImageOfPage":{"@id":"https:\/\/woutersinternational.com\/fr\/produit\/vernis-compass-haute-brillance\/#primaryimage"},"image":{"@id":"https:\/\/woutersinternational.com\/fr\/produit\/vernis-compass-haute-brillance\/#primaryimage"},"thumbnailUrl":"https:\/\/woutersinternational.com\/wp-content\/uploads\/Wouters-International-Compass.png","datePublished":"2025-04-07T15:42:34+00:00","dateModified":"2025-11-21T18:29:29+00:00","breadcrumb":{"@id":"https:\/\/woutersinternational.com\/fr\/produit\/vernis-compass-haute-brillance\/#breadcrumb"},"inLanguage":"fr-FR","potentialAction":[{"@type":"ReadAction","target":["https:\/\/woutersinternational.com\/fr\/produit\/vernis-compass-haute-brillance\/"]}]},{"@type":"ImageObject","inLanguage":"fr-FR","@id":"https:\/\/woutersinternational.com\/fr\/produit\/vernis-compass-haute-brillance\/#primaryimage","url":"https:\/\/woutersinternational.com\/wp-content\/uploads\/Wouters-International-Compass.png","contentUrl":"https:\/\/woutersinternational.com\/wp-content\/uploads\/Wouters-International-Compass.png","width":1600,"height":1600},{"@type":"BreadcrumbList","@id":"https:\/\/woutersinternational.com\/fr\/produit\/vernis-compass-haute-brillance\/#breadcrumb","itemListElement":[{"@type":"ListItem","position":1,"name":"Accueil","item":"https:\/\/woutersinternational.com\/fr\/accueil\/"},{"@type":"ListItem","position":2,"name":"Produits","item":"https:\/\/woutersinternational.com\/fr\/produits\/"},{"@type":"ListItem","position":3,"name":"Vernis : Compass haute brillance"}]},{"@type":"WebSite","@id":"https:\/\/woutersinternational.com\/fr\/#website","url":"https:\/\/woutersinternational.com\/fr\/","name":"Wouters International","description":"","potentialAction":[{"@type":"SearchAction","target":{"@type":"EntryPoint","urlTemplate":"https:\/\/woutersinternational.com\/fr\/?s={search_term_string}"},"query-input":{"@type":"PropertyValueSpecification","valueRequired":true,"valueName":"search_term_string"}}],"inLanguage":"fr-FR"}]}},"_links":{"self":[{"href":"https:\/\/woutersinternational.com\/fr\/wp-json\/wp\/v2\/product\/1187","targetHints":{"allow":["GET"]}}],"collection":[{"href":"https:\/\/woutersinternational.com\/fr\/wp-json\/wp\/v2\/product"}],"about":[{"href":"https:\/\/woutersinternational.com\/fr\/wp-json\/wp\/v2\/types\/product"}],"replies":[{"embeddable":true,"href":"https:\/\/woutersinternational.com\/fr\/wp-json\/wp\/v2\/comments?post=1187"}],"wp:featuredmedia":[{"embeddable":true,"href":"https:\/\/woutersinternational.com\/fr\/wp-json\/wp\/v2\/media\/1188"}],"wp:attachment":[{"href":"https:\/\/woutersinternational.com\/fr\/wp-json\/wp\/v2\/media?parent=1187"}],"wp:term":[{"taxonomy":"product_brand","embeddable":true,"href":"https:\/\/woutersinternational.com\/fr\/wp-json\/wp\/v2\/product_brand?post=1187"},{"taxonomy":"product_cat","embeddable":true,"href":"https:\/\/woutersinternational.com\/fr\/wp-json\/wp\/v2\/product_cat?post=1187"},{"taxonomy":"product_tag","embeddable":true,"href":"https:\/\/woutersinternational.com\/fr\/wp-json\/wp\/v2\/product_tag?post=1187"}],"curies":[{"name":"wp","href":"https:\/\/api.w.org\/{rel}","templated":true}]}}