{"id":1189,"date":"2025-04-07T12:18:57","date_gmt":"2025-04-07T12:18:57","guid":{"rendered":"https:\/\/woutersinternational.com\/product\/ultra-eu-belgique-nest-plus-autorise-voir-micron-extra-eu-comme-alternative\/"},"modified":"2025-11-21T17:56:03","modified_gmt":"2025-11-21T17:56:03","slug":"ultra-eu-belgique-nest-plus-autorise-voir-micron-extra-eu-comme-alternative","status":"publish","type":"product","link":"https:\/\/woutersinternational.com\/fr\/produit\/ultra-eu-belgique-nest-plus-autorise-voir-micron-extra-eu-comme-alternative\/","title":{"rendered":"Ultra EU Belgique n&rsquo;est plus autoris\u00e9 : voir Micron Extra eu comme alternative"},"content":{"rendered":"<p>Cette peinture antifouling dure n&rsquo;est plus autoris\u00e9e par le minist\u00e8re de la sant\u00e9 publique belge.\u00a0L&rsquo;alternative autoris\u00e9e s&rsquo;appelle <strong>Micron Extra eu<\/strong>.<\/p>\n<p>Ce produit est tr\u00e8s appr\u00e9ci\u00e9 par tous les chantiers navals professionnels de Belgique, car il est tr\u00e8s efficace en eaux douces et sal\u00e9es.<\/p>\n<p>Micron Extra eu n&rsquo;est d\u00e9sormais disponible qu&rsquo;en Belgique. Les \u00e9quivalents \u00e9trangers ne contiennent plus le m\u00eame pourcentage de biocides. Ils s&rsquo;appellent \u00ab\u00a0Ultra 300\u00a0\u00bb ou \u00ab\u00a0Micron 350\u00a0\u00bb. Ils sont donc moins chers, mais surtout beaucoup moins puissants et peu durables.<\/p>\n<ul>\n<li>Micron Extra eu Belgique est disponible dans les couleurs suivants : noir, bleu clair, bleu marine, rouge, gris et blanc Dover.<\/li>\n<li>Antifouling de la technologie Biolux.<\/li>\n<li>Antifouling professionnel adapt\u00e9 \u00e0 une utilisation sur acier, fer, bronze, polyester, bois.<\/li>\n<li>Pour les coques en aluminium, les Z-drives et S-drives des moteurs : voir Interspeed Extra<\/li>\n<\/ul>\n","protected":false},"excerpt":{"rendered":"<p>Cette peinture antifouling dure n&rsquo;est plus autoris\u00e9e par le minist\u00e8re de la sant\u00e9 publique belge.\u00a0L&rsquo;alternative autoris\u00e9e s&rsquo;appelle Micron Extra eu. Ce produit est tr\u00e8s appr\u00e9ci\u00e9 par tous les chantiers navals professionnels de Belgique, car il est tr\u00e8s efficace en eaux douces et sal\u00e9es. Micron Extra eu n&rsquo;est d\u00e9sormais disponible qu&rsquo;en Belgique. Les \u00e9quivalents \u00e9trangers ne [&hellip;]<\/p>\n","protected":false},"featured_media":1190,"comment_status":"open","ping_status":"closed","template":"","meta":[],"product_brand":[],"product_cat":[44],"product_tag":[],"class_list":{"0":"post-1189","1":"product","2":"type-product","3":"status-publish","4":"has-post-thumbnail","6":"product_cat-antifouling","8":"first","9":"instock","10":"shipping-taxable","11":"product-type-simple"},"yoast_head":"<!-- This site is optimized with the Yoast SEO plugin v27.6 - https:\/\/yoast.com\/product\/yoast-seo-wordpress\/ -->\n<title>Ultra EU Belgique n&#039;est plus autoris\u00e9 : voir Micron Extra eu comme alternative - Wouters International<\/title>\n<meta name=\"robots\" content=\"index, follow, max-snippet:-1, max-image-preview:large, max-video-preview:-1\" \/>\n<link rel=\"canonical\" href=\"https:\/\/woutersinternational.com\/fr\/produit\/ultra-eu-belgique-nest-plus-autorise-voir-micron-extra-eu-comme-alternative\/\" \/>\n<meta property=\"og:locale\" content=\"fr_FR\" \/>\n<meta property=\"og:type\" content=\"article\" \/>\n<meta property=\"og:title\" content=\"Ultra EU Belgique n&#039;est plus autoris\u00e9 : voir Micron Extra eu comme alternative - Wouters International\" \/>\n<meta property=\"og:description\" content=\"Cette peinture antifouling dure n&rsquo;est plus autoris\u00e9e par le minist\u00e8re de la sant\u00e9 publique belge.\u00a0L&rsquo;alternative autoris\u00e9e s&rsquo;appelle Micron Extra eu. Ce produit est tr\u00e8s appr\u00e9ci\u00e9 par tous les chantiers navals professionnels de Belgique, car il est tr\u00e8s efficace en eaux douces et sal\u00e9es. Micron Extra eu n&rsquo;est d\u00e9sormais disponible qu&rsquo;en Belgique. Les \u00e9quivalents \u00e9trangers ne [&hellip;]\" \/>\n<meta property=\"og:url\" content=\"https:\/\/woutersinternational.com\/fr\/produit\/ultra-eu-belgique-nest-plus-autorise-voir-micron-extra-eu-comme-alternative\/\" \/>\n<meta property=\"og:site_name\" content=\"Wouters International\" \/>\n<meta property=\"article:modified_time\" content=\"2025-11-21T17:56:03+00:00\" \/>\n<meta property=\"og:image\" content=\"https:\/\/woutersinternational.com\/wp-content\/uploads\/Wouters-International-Ultra-eu.png\" \/>\n\t<meta property=\"og:image:width\" content=\"1600\" \/>\n\t<meta property=\"og:image:height\" content=\"1600\" \/>\n\t<meta property=\"og:image:type\" content=\"image\/png\" \/>\n<meta name=\"twitter:card\" content=\"summary_large_image\" \/>\n<meta name=\"twitter:label1\" content=\"Dur\u00e9e de lecture estim\u00e9e\" \/>\n\t<meta name=\"twitter:data1\" content=\"1 minute\" \/>\n<script type=\"application\/ld+json\" class=\"yoast-schema-graph\">{\"@context\":\"https:\\\/\\\/schema.org\",\"@graph\":[{\"@type\":\"WebPage\",\"@id\":\"https:\\\/\\\/woutersinternational.com\\\/fr\\\/produit\\\/ultra-eu-belgique-nest-plus-autorise-voir-micron-extra-eu-comme-alternative\\\/\",\"url\":\"https:\\\/\\\/woutersinternational.com\\\/fr\\\/produit\\\/ultra-eu-belgique-nest-plus-autorise-voir-micron-extra-eu-comme-alternative\\\/\",\"name\":\"Ultra EU Belgique n'est plus autoris\u00e9 : voir Micron Extra eu comme alternative - Wouters International\",\"isPartOf\":{\"@id\":\"https:\\\/\\\/woutersinternational.com\\\/fr\\\/#website\"},\"primaryImageOfPage\":{\"@id\":\"https:\\\/\\\/woutersinternational.com\\\/fr\\\/produit\\\/ultra-eu-belgique-nest-plus-autorise-voir-micron-extra-eu-comme-alternative\\\/#primaryimage\"},\"image\":{\"@id\":\"https:\\\/\\\/woutersinternational.com\\\/fr\\\/produit\\\/ultra-eu-belgique-nest-plus-autorise-voir-micron-extra-eu-comme-alternative\\\/#primaryimage\"},\"thumbnailUrl\":\"https:\\\/\\\/woutersinternational.com\\\/wp-content\\\/uploads\\\/Wouters-International-Ultra-eu.png\",\"datePublished\":\"2025-04-07T12:18:57+00:00\",\"dateModified\":\"2025-11-21T17:56:03+00:00\",\"breadcrumb\":{\"@id\":\"https:\\\/\\\/woutersinternational.com\\\/fr\\\/produit\\\/ultra-eu-belgique-nest-plus-autorise-voir-micron-extra-eu-comme-alternative\\\/#breadcrumb\"},\"inLanguage\":\"fr-FR\",\"potentialAction\":[{\"@type\":\"ReadAction\",\"target\":[\"https:\\\/\\\/woutersinternational.com\\\/fr\\\/produit\\\/ultra-eu-belgique-nest-plus-autorise-voir-micron-extra-eu-comme-alternative\\\/\"]}]},{\"@type\":\"ImageObject\",\"inLanguage\":\"fr-FR\",\"@id\":\"https:\\\/\\\/woutersinternational.com\\\/fr\\\/produit\\\/ultra-eu-belgique-nest-plus-autorise-voir-micron-extra-eu-comme-alternative\\\/#primaryimage\",\"url\":\"https:\\\/\\\/woutersinternational.com\\\/wp-content\\\/uploads\\\/Wouters-International-Ultra-eu.png\",\"contentUrl\":\"https:\\\/\\\/woutersinternational.com\\\/wp-content\\\/uploads\\\/Wouters-International-Ultra-eu.png\",\"width\":1600,\"height\":1600},{\"@type\":\"BreadcrumbList\",\"@id\":\"https:\\\/\\\/woutersinternational.com\\\/fr\\\/produit\\\/ultra-eu-belgique-nest-plus-autorise-voir-micron-extra-eu-comme-alternative\\\/#breadcrumb\",\"itemListElement\":[{\"@type\":\"ListItem\",\"position\":1,\"name\":\"Accueil\",\"item\":\"https:\\\/\\\/woutersinternational.com\\\/fr\\\/accueil\\\/\"},{\"@type\":\"ListItem\",\"position\":2,\"name\":\"Produits\",\"item\":\"https:\\\/\\\/woutersinternational.com\\\/fr\\\/produits\\\/\"},{\"@type\":\"ListItem\",\"position\":3,\"name\":\"Ultra EU Belgique n&#8217;est plus autoris\u00e9 : voir Micron Extra eu comme alternative\"}]},{\"@type\":\"WebSite\",\"@id\":\"https:\\\/\\\/woutersinternational.com\\\/fr\\\/#website\",\"url\":\"https:\\\/\\\/woutersinternational.com\\\/fr\\\/\",\"name\":\"Wouters International\",\"description\":\"\",\"potentialAction\":[{\"@type\":\"SearchAction\",\"target\":{\"@type\":\"EntryPoint\",\"urlTemplate\":\"https:\\\/\\\/woutersinternational.com\\\/fr\\\/?s={search_term_string}\"},\"query-input\":{\"@type\":\"PropertyValueSpecification\",\"valueRequired\":true,\"valueName\":\"search_term_string\"}}],\"inLanguage\":\"fr-FR\"}]}<\/script>\n<!-- \/ Yoast SEO plugin. -->","yoast_head_json":{"title":"Ultra EU Belgique n'est plus autoris\u00e9 : voir Micron Extra eu comme alternative - Wouters International","robots":{"index":"index","follow":"follow","max-snippet":"max-snippet:-1","max-image-preview":"max-image-preview:large","max-video-preview":"max-video-preview:-1"},"canonical":"https:\/\/woutersinternational.com\/fr\/produit\/ultra-eu-belgique-nest-plus-autorise-voir-micron-extra-eu-comme-alternative\/","og_locale":"fr_FR","og_type":"article","og_title":"Ultra EU Belgique n'est plus autoris\u00e9 : voir Micron Extra eu comme alternative - Wouters International","og_description":"Cette peinture antifouling dure n&rsquo;est plus autoris\u00e9e par le minist\u00e8re de la sant\u00e9 publique belge.\u00a0L&rsquo;alternative autoris\u00e9e s&rsquo;appelle Micron Extra eu. Ce produit est tr\u00e8s appr\u00e9ci\u00e9 par tous les chantiers navals professionnels de Belgique, car il est tr\u00e8s efficace en eaux douces et sal\u00e9es. Micron Extra eu n&rsquo;est d\u00e9sormais disponible qu&rsquo;en Belgique. Les \u00e9quivalents \u00e9trangers ne [&hellip;]","og_url":"https:\/\/woutersinternational.com\/fr\/produit\/ultra-eu-belgique-nest-plus-autorise-voir-micron-extra-eu-comme-alternative\/","og_site_name":"Wouters International","article_modified_time":"2025-11-21T17:56:03+00:00","og_image":[{"width":1600,"height":1600,"url":"https:\/\/woutersinternational.com\/wp-content\/uploads\/Wouters-International-Ultra-eu.png","type":"image\/png"}],"twitter_card":"summary_large_image","twitter_misc":{"Dur\u00e9e de lecture estim\u00e9e":"1 minute"},"schema":{"@context":"https:\/\/schema.org","@graph":[{"@type":"WebPage","@id":"https:\/\/woutersinternational.com\/fr\/produit\/ultra-eu-belgique-nest-plus-autorise-voir-micron-extra-eu-comme-alternative\/","url":"https:\/\/woutersinternational.com\/fr\/produit\/ultra-eu-belgique-nest-plus-autorise-voir-micron-extra-eu-comme-alternative\/","name":"Ultra EU Belgique n'est plus autoris\u00e9 : voir Micron Extra eu comme alternative - Wouters International","isPartOf":{"@id":"https:\/\/woutersinternational.com\/fr\/#website"},"primaryImageOfPage":{"@id":"https:\/\/woutersinternational.com\/fr\/produit\/ultra-eu-belgique-nest-plus-autorise-voir-micron-extra-eu-comme-alternative\/#primaryimage"},"image":{"@id":"https:\/\/woutersinternational.com\/fr\/produit\/ultra-eu-belgique-nest-plus-autorise-voir-micron-extra-eu-comme-alternative\/#primaryimage"},"thumbnailUrl":"https:\/\/woutersinternational.com\/wp-content\/uploads\/Wouters-International-Ultra-eu.png","datePublished":"2025-04-07T12:18:57+00:00","dateModified":"2025-11-21T17:56:03+00:00","breadcrumb":{"@id":"https:\/\/woutersinternational.com\/fr\/produit\/ultra-eu-belgique-nest-plus-autorise-voir-micron-extra-eu-comme-alternative\/#breadcrumb"},"inLanguage":"fr-FR","potentialAction":[{"@type":"ReadAction","target":["https:\/\/woutersinternational.com\/fr\/produit\/ultra-eu-belgique-nest-plus-autorise-voir-micron-extra-eu-comme-alternative\/"]}]},{"@type":"ImageObject","inLanguage":"fr-FR","@id":"https:\/\/woutersinternational.com\/fr\/produit\/ultra-eu-belgique-nest-plus-autorise-voir-micron-extra-eu-comme-alternative\/#primaryimage","url":"https:\/\/woutersinternational.com\/wp-content\/uploads\/Wouters-International-Ultra-eu.png","contentUrl":"https:\/\/woutersinternational.com\/wp-content\/uploads\/Wouters-International-Ultra-eu.png","width":1600,"height":1600},{"@type":"BreadcrumbList","@id":"https:\/\/woutersinternational.com\/fr\/produit\/ultra-eu-belgique-nest-plus-autorise-voir-micron-extra-eu-comme-alternative\/#breadcrumb","itemListElement":[{"@type":"ListItem","position":1,"name":"Accueil","item":"https:\/\/woutersinternational.com\/fr\/accueil\/"},{"@type":"ListItem","position":2,"name":"Produits","item":"https:\/\/woutersinternational.com\/fr\/produits\/"},{"@type":"ListItem","position":3,"name":"Ultra EU Belgique n&#8217;est plus autoris\u00e9 : voir Micron Extra eu comme alternative"}]},{"@type":"WebSite","@id":"https:\/\/woutersinternational.com\/fr\/#website","url":"https:\/\/woutersinternational.com\/fr\/","name":"Wouters International","description":"","potentialAction":[{"@type":"SearchAction","target":{"@type":"EntryPoint","urlTemplate":"https:\/\/woutersinternational.com\/fr\/?s={search_term_string}"},"query-input":{"@type":"PropertyValueSpecification","valueRequired":true,"valueName":"search_term_string"}}],"inLanguage":"fr-FR"}]}},"_links":{"self":[{"href":"https:\/\/woutersinternational.com\/fr\/wp-json\/wp\/v2\/product\/1189","targetHints":{"allow":["GET"]}}],"collection":[{"href":"https:\/\/woutersinternational.com\/fr\/wp-json\/wp\/v2\/product"}],"about":[{"href":"https:\/\/woutersinternational.com\/fr\/wp-json\/wp\/v2\/types\/product"}],"replies":[{"embeddable":true,"href":"https:\/\/woutersinternational.com\/fr\/wp-json\/wp\/v2\/comments?post=1189"}],"wp:featuredmedia":[{"embeddable":true,"href":"https:\/\/woutersinternational.com\/fr\/wp-json\/wp\/v2\/media\/1190"}],"wp:attachment":[{"href":"https:\/\/woutersinternational.com\/fr\/wp-json\/wp\/v2\/media?parent=1189"}],"wp:term":[{"taxonomy":"product_brand","embeddable":true,"href":"https:\/\/woutersinternational.com\/fr\/wp-json\/wp\/v2\/product_brand?post=1189"},{"taxonomy":"product_cat","embeddable":true,"href":"https:\/\/woutersinternational.com\/fr\/wp-json\/wp\/v2\/product_cat?post=1189"},{"taxonomy":"product_tag","embeddable":true,"href":"https:\/\/woutersinternational.com\/fr\/wp-json\/wp\/v2\/product_tag?post=1189"}],"curies":[{"name":"wp","href":"https:\/\/api.w.org\/{rel}","templated":true}]}}