{"id":1194,"date":"2025-04-07T12:08:33","date_gmt":"2025-04-07T12:08:33","guid":{"rendered":"https:\/\/woutersinternational.com\/product\/appret-pour-helice\/"},"modified":"2025-11-21T18:01:02","modified_gmt":"2025-11-21T18:01:02","slug":"appret-pour-helice","status":"publish","type":"product","link":"https:\/\/woutersinternational.com\/fr\/produit\/appret-pour-helice\/","title":{"rendered":"Primer pour h\u00e9lice"},"content":{"rendered":"<p>International Prop Primer est un primaire monocomposant \u00e0 s\u00e9chage rapide sp\u00e9cialement formul\u00e9 pour une utilisation sur les h\u00e9lices, les embases sail-drive, les embases arri\u00e8re et les embases de transmission. Prop Primer poss\u00e8de d&rsquo;excellentes propri\u00e9t\u00e9s d&rsquo;adh\u00e9rence gr\u00e2ce \u00e0 la technologie Dual-Activated Bonding. Nous recommandons d&rsquo;utiliser Prop Primer en combinaison avec un antifouling recommand\u00e9 d&rsquo;International pour prot\u00e9ger les h\u00e9lices et les pi\u00e8ces m\u00e9talliques immerg\u00e9es contre l&rsquo;encrassement.<\/p>\n<ul>\n<li>Pour une combinaison sur bronze ou inox ou aluminium : Prop Primer + Interspeed Extra<\/li>\n<\/ul>\n<p>Disponible en emballage pratique de 250 ml<\/p>\n<p>&nbsp;<\/p>\n","protected":false},"excerpt":{"rendered":"<p>International Prop Primer est un primaire monocomposant \u00e0 s\u00e9chage rapide sp\u00e9cialement formul\u00e9 pour une utilisation sur les h\u00e9lices, les embases sail-drive, les embases arri\u00e8re et les embases de transmission. Prop Primer poss\u00e8de d&rsquo;excellentes propri\u00e9t\u00e9s d&rsquo;adh\u00e9rence gr\u00e2ce \u00e0 la technologie Dual-Activated Bonding. Nous recommandons d&rsquo;utiliser Prop Primer en combinaison avec un antifouling recommand\u00e9 d&rsquo;International pour prot\u00e9ger [&hellip;]<\/p>\n","protected":false},"featured_media":1196,"comment_status":"open","ping_status":"closed","template":"","meta":[],"product_brand":[],"product_cat":[47],"product_tag":[],"class_list":{"0":"post-1194","1":"product","2":"type-product","3":"status-publish","4":"has-post-thumbnail","6":"product_cat-primaires","8":"first","9":"instock","10":"shipping-taxable","11":"product-type-simple"},"yoast_head":"<!-- This site is optimized with the Yoast SEO plugin v27.6 - https:\/\/yoast.com\/product\/yoast-seo-wordpress\/ -->\n<title>Primer pour h\u00e9lice - Wouters International<\/title>\n<meta name=\"robots\" content=\"index, follow, max-snippet:-1, max-image-preview:large, max-video-preview:-1\" \/>\n<link rel=\"canonical\" href=\"https:\/\/woutersinternational.com\/fr\/produit\/appret-pour-helice\/\" \/>\n<meta property=\"og:locale\" content=\"fr_FR\" \/>\n<meta property=\"og:type\" content=\"article\" \/>\n<meta property=\"og:title\" content=\"Primer pour h\u00e9lice - Wouters International\" \/>\n<meta property=\"og:description\" content=\"International Prop Primer est un primaire monocomposant \u00e0 s\u00e9chage rapide sp\u00e9cialement formul\u00e9 pour une utilisation sur les h\u00e9lices, les embases sail-drive, les embases arri\u00e8re et les embases de transmission. Prop Primer poss\u00e8de d&rsquo;excellentes propri\u00e9t\u00e9s d&rsquo;adh\u00e9rence gr\u00e2ce \u00e0 la technologie Dual-Activated Bonding. Nous recommandons d&rsquo;utiliser Prop Primer en combinaison avec un antifouling recommand\u00e9 d&rsquo;International pour prot\u00e9ger [&hellip;]\" \/>\n<meta property=\"og:url\" content=\"https:\/\/woutersinternational.com\/fr\/produit\/appret-pour-helice\/\" \/>\n<meta property=\"og:site_name\" content=\"Wouters International\" \/>\n<meta property=\"article:modified_time\" content=\"2025-11-21T18:01:02+00:00\" \/>\n<meta property=\"og:image\" content=\"https:\/\/woutersinternational.com\/wp-content\/uploads\/Wouters-International-Propeller-primer.png\" \/>\n\t<meta property=\"og:image:width\" content=\"1600\" \/>\n\t<meta property=\"og:image:height\" content=\"1600\" \/>\n\t<meta property=\"og:image:type\" content=\"image\/png\" \/>\n<meta name=\"twitter:card\" content=\"summary_large_image\" \/>\n<meta name=\"twitter:label1\" content=\"Dur\u00e9e de lecture estim\u00e9e\" \/>\n\t<meta name=\"twitter:data1\" content=\"1 minute\" \/>\n<script type=\"application\/ld+json\" class=\"yoast-schema-graph\">{\"@context\":\"https:\\\/\\\/schema.org\",\"@graph\":[{\"@type\":\"WebPage\",\"@id\":\"https:\\\/\\\/woutersinternational.com\\\/fr\\\/produit\\\/appret-pour-helice\\\/\",\"url\":\"https:\\\/\\\/woutersinternational.com\\\/fr\\\/produit\\\/appret-pour-helice\\\/\",\"name\":\"Primer pour h\u00e9lice - Wouters International\",\"isPartOf\":{\"@id\":\"https:\\\/\\\/woutersinternational.com\\\/fr\\\/#website\"},\"primaryImageOfPage\":{\"@id\":\"https:\\\/\\\/woutersinternational.com\\\/fr\\\/produit\\\/appret-pour-helice\\\/#primaryimage\"},\"image\":{\"@id\":\"https:\\\/\\\/woutersinternational.com\\\/fr\\\/produit\\\/appret-pour-helice\\\/#primaryimage\"},\"thumbnailUrl\":\"https:\\\/\\\/woutersinternational.com\\\/wp-content\\\/uploads\\\/Wouters-International-Propeller-primer.png\",\"datePublished\":\"2025-04-07T12:08:33+00:00\",\"dateModified\":\"2025-11-21T18:01:02+00:00\",\"breadcrumb\":{\"@id\":\"https:\\\/\\\/woutersinternational.com\\\/fr\\\/produit\\\/appret-pour-helice\\\/#breadcrumb\"},\"inLanguage\":\"fr-FR\",\"potentialAction\":[{\"@type\":\"ReadAction\",\"target\":[\"https:\\\/\\\/woutersinternational.com\\\/fr\\\/produit\\\/appret-pour-helice\\\/\"]}]},{\"@type\":\"ImageObject\",\"inLanguage\":\"fr-FR\",\"@id\":\"https:\\\/\\\/woutersinternational.com\\\/fr\\\/produit\\\/appret-pour-helice\\\/#primaryimage\",\"url\":\"https:\\\/\\\/woutersinternational.com\\\/wp-content\\\/uploads\\\/Wouters-International-Propeller-primer.png\",\"contentUrl\":\"https:\\\/\\\/woutersinternational.com\\\/wp-content\\\/uploads\\\/Wouters-International-Propeller-primer.png\",\"width\":1600,\"height\":1600},{\"@type\":\"BreadcrumbList\",\"@id\":\"https:\\\/\\\/woutersinternational.com\\\/fr\\\/produit\\\/appret-pour-helice\\\/#breadcrumb\",\"itemListElement\":[{\"@type\":\"ListItem\",\"position\":1,\"name\":\"Accueil\",\"item\":\"https:\\\/\\\/woutersinternational.com\\\/fr\\\/accueil\\\/\"},{\"@type\":\"ListItem\",\"position\":2,\"name\":\"Produits\",\"item\":\"https:\\\/\\\/woutersinternational.com\\\/fr\\\/produits\\\/\"},{\"@type\":\"ListItem\",\"position\":3,\"name\":\"Primer pour h\u00e9lice\"}]},{\"@type\":\"WebSite\",\"@id\":\"https:\\\/\\\/woutersinternational.com\\\/fr\\\/#website\",\"url\":\"https:\\\/\\\/woutersinternational.com\\\/fr\\\/\",\"name\":\"Wouters International\",\"description\":\"\",\"potentialAction\":[{\"@type\":\"SearchAction\",\"target\":{\"@type\":\"EntryPoint\",\"urlTemplate\":\"https:\\\/\\\/woutersinternational.com\\\/fr\\\/?s={search_term_string}\"},\"query-input\":{\"@type\":\"PropertyValueSpecification\",\"valueRequired\":true,\"valueName\":\"search_term_string\"}}],\"inLanguage\":\"fr-FR\"}]}<\/script>\n<!-- \/ Yoast SEO plugin. -->","yoast_head_json":{"title":"Primer pour h\u00e9lice - Wouters International","robots":{"index":"index","follow":"follow","max-snippet":"max-snippet:-1","max-image-preview":"max-image-preview:large","max-video-preview":"max-video-preview:-1"},"canonical":"https:\/\/woutersinternational.com\/fr\/produit\/appret-pour-helice\/","og_locale":"fr_FR","og_type":"article","og_title":"Primer pour h\u00e9lice - Wouters International","og_description":"International Prop Primer est un primaire monocomposant \u00e0 s\u00e9chage rapide sp\u00e9cialement formul\u00e9 pour une utilisation sur les h\u00e9lices, les embases sail-drive, les embases arri\u00e8re et les embases de transmission. Prop Primer poss\u00e8de d&rsquo;excellentes propri\u00e9t\u00e9s d&rsquo;adh\u00e9rence gr\u00e2ce \u00e0 la technologie Dual-Activated Bonding. Nous recommandons d&rsquo;utiliser Prop Primer en combinaison avec un antifouling recommand\u00e9 d&rsquo;International pour prot\u00e9ger [&hellip;]","og_url":"https:\/\/woutersinternational.com\/fr\/produit\/appret-pour-helice\/","og_site_name":"Wouters International","article_modified_time":"2025-11-21T18:01:02+00:00","og_image":[{"width":1600,"height":1600,"url":"https:\/\/woutersinternational.com\/wp-content\/uploads\/Wouters-International-Propeller-primer.png","type":"image\/png"}],"twitter_card":"summary_large_image","twitter_misc":{"Dur\u00e9e de lecture estim\u00e9e":"1 minute"},"schema":{"@context":"https:\/\/schema.org","@graph":[{"@type":"WebPage","@id":"https:\/\/woutersinternational.com\/fr\/produit\/appret-pour-helice\/","url":"https:\/\/woutersinternational.com\/fr\/produit\/appret-pour-helice\/","name":"Primer pour h\u00e9lice - Wouters International","isPartOf":{"@id":"https:\/\/woutersinternational.com\/fr\/#website"},"primaryImageOfPage":{"@id":"https:\/\/woutersinternational.com\/fr\/produit\/appret-pour-helice\/#primaryimage"},"image":{"@id":"https:\/\/woutersinternational.com\/fr\/produit\/appret-pour-helice\/#primaryimage"},"thumbnailUrl":"https:\/\/woutersinternational.com\/wp-content\/uploads\/Wouters-International-Propeller-primer.png","datePublished":"2025-04-07T12:08:33+00:00","dateModified":"2025-11-21T18:01:02+00:00","breadcrumb":{"@id":"https:\/\/woutersinternational.com\/fr\/produit\/appret-pour-helice\/#breadcrumb"},"inLanguage":"fr-FR","potentialAction":[{"@type":"ReadAction","target":["https:\/\/woutersinternational.com\/fr\/produit\/appret-pour-helice\/"]}]},{"@type":"ImageObject","inLanguage":"fr-FR","@id":"https:\/\/woutersinternational.com\/fr\/produit\/appret-pour-helice\/#primaryimage","url":"https:\/\/woutersinternational.com\/wp-content\/uploads\/Wouters-International-Propeller-primer.png","contentUrl":"https:\/\/woutersinternational.com\/wp-content\/uploads\/Wouters-International-Propeller-primer.png","width":1600,"height":1600},{"@type":"BreadcrumbList","@id":"https:\/\/woutersinternational.com\/fr\/produit\/appret-pour-helice\/#breadcrumb","itemListElement":[{"@type":"ListItem","position":1,"name":"Accueil","item":"https:\/\/woutersinternational.com\/fr\/accueil\/"},{"@type":"ListItem","position":2,"name":"Produits","item":"https:\/\/woutersinternational.com\/fr\/produits\/"},{"@type":"ListItem","position":3,"name":"Primer pour h\u00e9lice"}]},{"@type":"WebSite","@id":"https:\/\/woutersinternational.com\/fr\/#website","url":"https:\/\/woutersinternational.com\/fr\/","name":"Wouters International","description":"","potentialAction":[{"@type":"SearchAction","target":{"@type":"EntryPoint","urlTemplate":"https:\/\/woutersinternational.com\/fr\/?s={search_term_string}"},"query-input":{"@type":"PropertyValueSpecification","valueRequired":true,"valueName":"search_term_string"}}],"inLanguage":"fr-FR"}]}},"_links":{"self":[{"href":"https:\/\/woutersinternational.com\/fr\/wp-json\/wp\/v2\/product\/1194","targetHints":{"allow":["GET"]}}],"collection":[{"href":"https:\/\/woutersinternational.com\/fr\/wp-json\/wp\/v2\/product"}],"about":[{"href":"https:\/\/woutersinternational.com\/fr\/wp-json\/wp\/v2\/types\/product"}],"replies":[{"embeddable":true,"href":"https:\/\/woutersinternational.com\/fr\/wp-json\/wp\/v2\/comments?post=1194"}],"wp:featuredmedia":[{"embeddable":true,"href":"https:\/\/woutersinternational.com\/fr\/wp-json\/wp\/v2\/media\/1196"}],"wp:attachment":[{"href":"https:\/\/woutersinternational.com\/fr\/wp-json\/wp\/v2\/media?parent=1194"}],"wp:term":[{"taxonomy":"product_brand","embeddable":true,"href":"https:\/\/woutersinternational.com\/fr\/wp-json\/wp\/v2\/product_brand?post=1194"},{"taxonomy":"product_cat","embeddable":true,"href":"https:\/\/woutersinternational.com\/fr\/wp-json\/wp\/v2\/product_cat?post=1194"},{"taxonomy":"product_tag","embeddable":true,"href":"https:\/\/woutersinternational.com\/fr\/wp-json\/wp\/v2\/product_tag?post=1194"}],"curies":[{"name":"wp","href":"https:\/\/api.w.org\/{rel}","templated":true}]}}