{"id":1197,"date":"2025-04-07T15:20:28","date_gmt":"2025-04-07T15:20:28","guid":{"rendered":"https:\/\/woutersinternational.com\/product\/perfection-pro-sous-couche-peinture-dappret-3-composants\/"},"modified":"2025-11-21T18:03:31","modified_gmt":"2025-11-21T18:03:31","slug":"perfection-pro-sous-couche-peinture-dappret-3-composants","status":"publish","type":"product","link":"https:\/\/woutersinternational.com\/fr\/produit\/perfection-pro-sous-couche-peinture-dappret-3-composants\/","title":{"rendered":"Perfection PRO Undercoat &#8211;  primer 3 composants"},"content":{"rendered":"<p>Perfection Pro Undercoat est notre nouvelle sous-couche sp\u00e9cialement d\u00e9velopp\u00e9e pour \u00eatre utilis\u00e9e sous la finition Perfection Pro Topcoat. C&rsquo;est un produit \u00e0 s\u00e9chage rapide et facile \u00e0 poncer, offrant des avantages en termes de gain de temps par rapport au syst\u00e8me Perfection Pro Topcoat actuellement recommand\u00e9.<\/p>\n<p>Formul\u00e9 pour une application au pinceau et au rouleau, et r\u00e9serv\u00e9 \u00e0 un usage professionnel.<br \/>\nPerfection Pro Undercoat est disponible en base blanche et noire, qui peuvent \u00eatre m\u00e9lang\u00e9es pour cr\u00e9er des nuances de gris permettant une application plus facile et une couverture plus uniforme.<\/p>\n<ul class=\"goodToKnow__list body-copy-s\">\n<li class=\"goodToKnow__listItem body-copy-rg\">S\u00e9chage rapide et pon\u00e7age facile pour un temps d&rsquo;application r\u00e9duit<\/li>\n<li class=\"goodToKnow__listItem body-copy-rg\">Application simple au pinceau et au rouleau (ne convient pas \u00e0 la pulv\u00e9risation)<\/li>\n<li class=\"goodToKnow__listItem body-copy-rg\">Sous-couche id\u00e9ale \u00e0 utiliser avec Perfection Pro Topcoat pour un syst\u00e8me durable<\/li>\n<\/ul>\n","protected":false},"excerpt":{"rendered":"<p>Perfection Pro Undercoat est notre nouvelle sous-couche sp\u00e9cialement d\u00e9velopp\u00e9e pour \u00eatre utilis\u00e9e sous la finition Perfection Pro Topcoat. C&rsquo;est un produit \u00e0 s\u00e9chage rapide et facile \u00e0 poncer, offrant des avantages en termes de gain de temps par rapport au syst\u00e8me Perfection Pro Topcoat actuellement recommand\u00e9. Formul\u00e9 pour une application au pinceau et au rouleau, [&hellip;]<\/p>\n","protected":false},"featured_media":1200,"comment_status":"open","ping_status":"closed","template":"","meta":[],"product_brand":[],"product_cat":[43,46],"product_tag":[],"class_list":{"0":"post-1197","1":"product","2":"type-product","3":"status-publish","4":"has-post-thumbnail","6":"product_cat-finitions","7":"product_cat-sous-couches","9":"first","10":"instock","11":"shipping-taxable","12":"product-type-simple"},"yoast_head":"<!-- This site is optimized with the Yoast SEO plugin v27.6 - https:\/\/yoast.com\/product\/yoast-seo-wordpress\/ -->\n<title>Perfection PRO Undercoat - primer 3 composants - Wouters International<\/title>\n<meta name=\"robots\" content=\"index, follow, max-snippet:-1, max-image-preview:large, max-video-preview:-1\" \/>\n<link rel=\"canonical\" href=\"https:\/\/woutersinternational.com\/fr\/produit\/perfection-pro-sous-couche-peinture-dappret-3-composants\/\" \/>\n<meta property=\"og:locale\" content=\"fr_FR\" \/>\n<meta property=\"og:type\" content=\"article\" \/>\n<meta property=\"og:title\" content=\"Perfection PRO Undercoat - primer 3 composants - Wouters International\" \/>\n<meta property=\"og:description\" content=\"Perfection Pro Undercoat est notre nouvelle sous-couche sp\u00e9cialement d\u00e9velopp\u00e9e pour \u00eatre utilis\u00e9e sous la finition Perfection Pro Topcoat. C&rsquo;est un produit \u00e0 s\u00e9chage rapide et facile \u00e0 poncer, offrant des avantages en termes de gain de temps par rapport au syst\u00e8me Perfection Pro Topcoat actuellement recommand\u00e9. Formul\u00e9 pour une application au pinceau et au rouleau, [&hellip;]\" \/>\n<meta property=\"og:url\" content=\"https:\/\/woutersinternational.com\/fr\/produit\/perfection-pro-sous-couche-peinture-dappret-3-composants\/\" \/>\n<meta property=\"og:site_name\" content=\"Wouters International\" \/>\n<meta property=\"article:modified_time\" content=\"2025-11-21T18:03:31+00:00\" \/>\n<meta property=\"og:image\" content=\"https:\/\/woutersinternational.com\/wp-content\/uploads\/Wouters-International-perfection-pro-undercoat.png\" \/>\n\t<meta property=\"og:image:width\" content=\"1600\" \/>\n\t<meta property=\"og:image:height\" content=\"1600\" \/>\n\t<meta property=\"og:image:type\" content=\"image\/png\" \/>\n<meta name=\"twitter:card\" content=\"summary_large_image\" \/>\n<meta name=\"twitter:label1\" content=\"Dur\u00e9e de lecture estim\u00e9e\" \/>\n\t<meta name=\"twitter:data1\" content=\"1 minute\" \/>\n<script type=\"application\/ld+json\" class=\"yoast-schema-graph\">{\"@context\":\"https:\\\/\\\/schema.org\",\"@graph\":[{\"@type\":\"WebPage\",\"@id\":\"https:\\\/\\\/woutersinternational.com\\\/fr\\\/produit\\\/perfection-pro-sous-couche-peinture-dappret-3-composants\\\/\",\"url\":\"https:\\\/\\\/woutersinternational.com\\\/fr\\\/produit\\\/perfection-pro-sous-couche-peinture-dappret-3-composants\\\/\",\"name\":\"Perfection PRO Undercoat - primer 3 composants - Wouters International\",\"isPartOf\":{\"@id\":\"https:\\\/\\\/woutersinternational.com\\\/fr\\\/#website\"},\"primaryImageOfPage\":{\"@id\":\"https:\\\/\\\/woutersinternational.com\\\/fr\\\/produit\\\/perfection-pro-sous-couche-peinture-dappret-3-composants\\\/#primaryimage\"},\"image\":{\"@id\":\"https:\\\/\\\/woutersinternational.com\\\/fr\\\/produit\\\/perfection-pro-sous-couche-peinture-dappret-3-composants\\\/#primaryimage\"},\"thumbnailUrl\":\"https:\\\/\\\/woutersinternational.com\\\/wp-content\\\/uploads\\\/Wouters-International-perfection-pro-undercoat.png\",\"datePublished\":\"2025-04-07T15:20:28+00:00\",\"dateModified\":\"2025-11-21T18:03:31+00:00\",\"breadcrumb\":{\"@id\":\"https:\\\/\\\/woutersinternational.com\\\/fr\\\/produit\\\/perfection-pro-sous-couche-peinture-dappret-3-composants\\\/#breadcrumb\"},\"inLanguage\":\"fr-FR\",\"potentialAction\":[{\"@type\":\"ReadAction\",\"target\":[\"https:\\\/\\\/woutersinternational.com\\\/fr\\\/produit\\\/perfection-pro-sous-couche-peinture-dappret-3-composants\\\/\"]}]},{\"@type\":\"ImageObject\",\"inLanguage\":\"fr-FR\",\"@id\":\"https:\\\/\\\/woutersinternational.com\\\/fr\\\/produit\\\/perfection-pro-sous-couche-peinture-dappret-3-composants\\\/#primaryimage\",\"url\":\"https:\\\/\\\/woutersinternational.com\\\/wp-content\\\/uploads\\\/Wouters-International-perfection-pro-undercoat.png\",\"contentUrl\":\"https:\\\/\\\/woutersinternational.com\\\/wp-content\\\/uploads\\\/Wouters-International-perfection-pro-undercoat.png\",\"width\":1600,\"height\":1600},{\"@type\":\"BreadcrumbList\",\"@id\":\"https:\\\/\\\/woutersinternational.com\\\/fr\\\/produit\\\/perfection-pro-sous-couche-peinture-dappret-3-composants\\\/#breadcrumb\",\"itemListElement\":[{\"@type\":\"ListItem\",\"position\":1,\"name\":\"Accueil\",\"item\":\"https:\\\/\\\/woutersinternational.com\\\/fr\\\/accueil\\\/\"},{\"@type\":\"ListItem\",\"position\":2,\"name\":\"Produits\",\"item\":\"https:\\\/\\\/woutersinternational.com\\\/fr\\\/produits\\\/\"},{\"@type\":\"ListItem\",\"position\":3,\"name\":\"Perfection PRO Undercoat &#8211; primer 3 composants\"}]},{\"@type\":\"WebSite\",\"@id\":\"https:\\\/\\\/woutersinternational.com\\\/fr\\\/#website\",\"url\":\"https:\\\/\\\/woutersinternational.com\\\/fr\\\/\",\"name\":\"Wouters International\",\"description\":\"\",\"potentialAction\":[{\"@type\":\"SearchAction\",\"target\":{\"@type\":\"EntryPoint\",\"urlTemplate\":\"https:\\\/\\\/woutersinternational.com\\\/fr\\\/?s={search_term_string}\"},\"query-input\":{\"@type\":\"PropertyValueSpecification\",\"valueRequired\":true,\"valueName\":\"search_term_string\"}}],\"inLanguage\":\"fr-FR\"}]}<\/script>\n<!-- \/ Yoast SEO plugin. -->","yoast_head_json":{"title":"Perfection PRO Undercoat - primer 3 composants - Wouters International","robots":{"index":"index","follow":"follow","max-snippet":"max-snippet:-1","max-image-preview":"max-image-preview:large","max-video-preview":"max-video-preview:-1"},"canonical":"https:\/\/woutersinternational.com\/fr\/produit\/perfection-pro-sous-couche-peinture-dappret-3-composants\/","og_locale":"fr_FR","og_type":"article","og_title":"Perfection PRO Undercoat - primer 3 composants - Wouters International","og_description":"Perfection Pro Undercoat est notre nouvelle sous-couche sp\u00e9cialement d\u00e9velopp\u00e9e pour \u00eatre utilis\u00e9e sous la finition Perfection Pro Topcoat. C&rsquo;est un produit \u00e0 s\u00e9chage rapide et facile \u00e0 poncer, offrant des avantages en termes de gain de temps par rapport au syst\u00e8me Perfection Pro Topcoat actuellement recommand\u00e9. Formul\u00e9 pour une application au pinceau et au rouleau, [&hellip;]","og_url":"https:\/\/woutersinternational.com\/fr\/produit\/perfection-pro-sous-couche-peinture-dappret-3-composants\/","og_site_name":"Wouters International","article_modified_time":"2025-11-21T18:03:31+00:00","og_image":[{"width":1600,"height":1600,"url":"https:\/\/woutersinternational.com\/wp-content\/uploads\/Wouters-International-perfection-pro-undercoat.png","type":"image\/png"}],"twitter_card":"summary_large_image","twitter_misc":{"Dur\u00e9e de lecture estim\u00e9e":"1 minute"},"schema":{"@context":"https:\/\/schema.org","@graph":[{"@type":"WebPage","@id":"https:\/\/woutersinternational.com\/fr\/produit\/perfection-pro-sous-couche-peinture-dappret-3-composants\/","url":"https:\/\/woutersinternational.com\/fr\/produit\/perfection-pro-sous-couche-peinture-dappret-3-composants\/","name":"Perfection PRO Undercoat - primer 3 composants - Wouters International","isPartOf":{"@id":"https:\/\/woutersinternational.com\/fr\/#website"},"primaryImageOfPage":{"@id":"https:\/\/woutersinternational.com\/fr\/produit\/perfection-pro-sous-couche-peinture-dappret-3-composants\/#primaryimage"},"image":{"@id":"https:\/\/woutersinternational.com\/fr\/produit\/perfection-pro-sous-couche-peinture-dappret-3-composants\/#primaryimage"},"thumbnailUrl":"https:\/\/woutersinternational.com\/wp-content\/uploads\/Wouters-International-perfection-pro-undercoat.png","datePublished":"2025-04-07T15:20:28+00:00","dateModified":"2025-11-21T18:03:31+00:00","breadcrumb":{"@id":"https:\/\/woutersinternational.com\/fr\/produit\/perfection-pro-sous-couche-peinture-dappret-3-composants\/#breadcrumb"},"inLanguage":"fr-FR","potentialAction":[{"@type":"ReadAction","target":["https:\/\/woutersinternational.com\/fr\/produit\/perfection-pro-sous-couche-peinture-dappret-3-composants\/"]}]},{"@type":"ImageObject","inLanguage":"fr-FR","@id":"https:\/\/woutersinternational.com\/fr\/produit\/perfection-pro-sous-couche-peinture-dappret-3-composants\/#primaryimage","url":"https:\/\/woutersinternational.com\/wp-content\/uploads\/Wouters-International-perfection-pro-undercoat.png","contentUrl":"https:\/\/woutersinternational.com\/wp-content\/uploads\/Wouters-International-perfection-pro-undercoat.png","width":1600,"height":1600},{"@type":"BreadcrumbList","@id":"https:\/\/woutersinternational.com\/fr\/produit\/perfection-pro-sous-couche-peinture-dappret-3-composants\/#breadcrumb","itemListElement":[{"@type":"ListItem","position":1,"name":"Accueil","item":"https:\/\/woutersinternational.com\/fr\/accueil\/"},{"@type":"ListItem","position":2,"name":"Produits","item":"https:\/\/woutersinternational.com\/fr\/produits\/"},{"@type":"ListItem","position":3,"name":"Perfection PRO Undercoat &#8211; primer 3 composants"}]},{"@type":"WebSite","@id":"https:\/\/woutersinternational.com\/fr\/#website","url":"https:\/\/woutersinternational.com\/fr\/","name":"Wouters International","description":"","potentialAction":[{"@type":"SearchAction","target":{"@type":"EntryPoint","urlTemplate":"https:\/\/woutersinternational.com\/fr\/?s={search_term_string}"},"query-input":{"@type":"PropertyValueSpecification","valueRequired":true,"valueName":"search_term_string"}}],"inLanguage":"fr-FR"}]}},"_links":{"self":[{"href":"https:\/\/woutersinternational.com\/fr\/wp-json\/wp\/v2\/product\/1197","targetHints":{"allow":["GET"]}}],"collection":[{"href":"https:\/\/woutersinternational.com\/fr\/wp-json\/wp\/v2\/product"}],"about":[{"href":"https:\/\/woutersinternational.com\/fr\/wp-json\/wp\/v2\/types\/product"}],"replies":[{"embeddable":true,"href":"https:\/\/woutersinternational.com\/fr\/wp-json\/wp\/v2\/comments?post=1197"}],"wp:featuredmedia":[{"embeddable":true,"href":"https:\/\/woutersinternational.com\/fr\/wp-json\/wp\/v2\/media\/1200"}],"wp:attachment":[{"href":"https:\/\/woutersinternational.com\/fr\/wp-json\/wp\/v2\/media?parent=1197"}],"wp:term":[{"taxonomy":"product_brand","embeddable":true,"href":"https:\/\/woutersinternational.com\/fr\/wp-json\/wp\/v2\/product_brand?post=1197"},{"taxonomy":"product_cat","embeddable":true,"href":"https:\/\/woutersinternational.com\/fr\/wp-json\/wp\/v2\/product_cat?post=1197"},{"taxonomy":"product_tag","embeddable":true,"href":"https:\/\/woutersinternational.com\/fr\/wp-json\/wp\/v2\/product_tag?post=1197"}],"curies":[{"name":"wp","href":"https:\/\/api.w.org\/{rel}","templated":true}]}}