{"id":1201,"date":"2025-04-10T16:59:53","date_gmt":"2025-04-10T16:59:53","guid":{"rendered":"https:\/\/woutersinternational.com\/product\/interdeck-peinture-antiderapante\/"},"modified":"2025-11-24T09:34:55","modified_gmt":"2025-11-24T09:34:55","slug":"interdeck-peinture-antiderapante","status":"publish","type":"product","link":"https:\/\/woutersinternational.com\/fr\/produit\/interdeck-peinture-antiderapante\/","title":{"rendered":"Interdeck &#8211; peinture antid\u00e9rapante"},"content":{"rendered":"<p>Une peinture de pont antid\u00e9rapante puissante qui prot\u00e8ge la surface contre l&rsquo;usure quotidienne. Elle est facile \u00e0 appliquer et disponible dans une gamme de couleurs. La finition satin\u00e9e \u00e9vite l&rsquo;\u00e9blouissement caus\u00e9 par la r\u00e9flexion du soleil sur les ponts et les superstructures.<\/p>\n<ul class=\"goodToKnow__list body-copy-s\">\n<li class=\"goodToKnow__listItem body-copy-rg\">Cette peinture de pont antid\u00e9rapante monocomposant convient \u00e0 tous les supports<\/li>\n<li class=\"goodToKnow__listItem body-copy-rg\">Contient un mat\u00e9riau antid\u00e9rapant fin pour offrir une surface r\u00e9sistante \u00e0 l&rsquo;usure et au glissement<\/li>\n<li>Zone d&rsquo;application typique : le pont de marche, les marches d&rsquo;escaliers<\/li>\n<li>Le composant antid\u00e9rapant est synth\u00e9tique : il fonctionne parfaitement, ceux qui marchent sur le pont se sentent en s\u00e9curit\u00e9. En m\u00eame temps, la surface est suffisamment douce pour ne pas blesser la peau des amateurs de soleil sensibles.<\/li>\n<\/ul>\n<p>Interdeck fonctionne comme une primaire et une laque combin\u00e9es. Une primaire s\u00e9par\u00e9e n&rsquo;est donc pas n\u00e9cessaire, sauf si une protection contre la rouille ou une protection du bois doit \u00eatre garantie. (demandez notre avis)<\/p>\n<p>Interdeck est disponible dans les couleurs : blanc, gris, cr\u00e8me, beige sable et bleu squall.<\/p>\n<p>Alternative: Si vous souhaitez une couleur tr\u00e8s sp\u00e9cifique : il est \u00e9galement possible d&rsquo;ajouter de la poudre antid\u00e9rapante au Toplac plus)<\/p>\n<p>&nbsp;<\/p>\n","protected":false},"excerpt":{"rendered":"<p>Une peinture de pont antid\u00e9rapante puissante qui prot\u00e8ge la surface contre l&rsquo;usure quotidienne. Elle est facile \u00e0 appliquer et disponible dans une gamme de couleurs. La finition satin\u00e9e \u00e9vite l&rsquo;\u00e9blouissement caus\u00e9 par la r\u00e9flexion du soleil sur les ponts et les superstructures. Cette peinture de pont antid\u00e9rapante monocomposant convient \u00e0 tous les supports Contient un [&hellip;]<\/p>\n","protected":false},"featured_media":1203,"comment_status":"open","ping_status":"closed","template":"","meta":[],"product_brand":[],"product_cat":[43],"product_tag":[],"class_list":{"0":"post-1201","1":"product","2":"type-product","3":"status-publish","4":"has-post-thumbnail","6":"product_cat-finitions","8":"first","9":"instock","10":"featured","11":"shipping-taxable","12":"product-type-simple"},"yoast_head":"<!-- This site is optimized with the Yoast SEO plugin v27.6 - https:\/\/yoast.com\/product\/yoast-seo-wordpress\/ -->\n<title>Interdeck - peinture antid\u00e9rapante - Wouters International<\/title>\n<meta name=\"robots\" content=\"index, follow, max-snippet:-1, max-image-preview:large, max-video-preview:-1\" \/>\n<link rel=\"canonical\" href=\"https:\/\/woutersinternational.com\/fr\/produit\/interdeck-peinture-antiderapante\/\" \/>\n<meta property=\"og:locale\" content=\"fr_FR\" \/>\n<meta property=\"og:type\" content=\"article\" \/>\n<meta property=\"og:title\" content=\"Interdeck - peinture antid\u00e9rapante - Wouters International\" \/>\n<meta property=\"og:description\" content=\"Une peinture de pont antid\u00e9rapante puissante qui prot\u00e8ge la surface contre l&rsquo;usure quotidienne. Elle est facile \u00e0 appliquer et disponible dans une gamme de couleurs. La finition satin\u00e9e \u00e9vite l&rsquo;\u00e9blouissement caus\u00e9 par la r\u00e9flexion du soleil sur les ponts et les superstructures. Cette peinture de pont antid\u00e9rapante monocomposant convient \u00e0 tous les supports Contient un [&hellip;]\" \/>\n<meta property=\"og:url\" content=\"https:\/\/woutersinternational.com\/fr\/produit\/interdeck-peinture-antiderapante\/\" \/>\n<meta property=\"og:site_name\" content=\"Wouters International\" \/>\n<meta property=\"article:modified_time\" content=\"2025-11-24T09:34:55+00:00\" \/>\n<meta property=\"og:image\" content=\"https:\/\/woutersinternational.com\/wp-content\/uploads\/Wouters-International-Interdeck.png\" \/>\n\t<meta property=\"og:image:width\" content=\"1600\" \/>\n\t<meta property=\"og:image:height\" content=\"1600\" \/>\n\t<meta property=\"og:image:type\" content=\"image\/png\" \/>\n<meta name=\"twitter:card\" content=\"summary_large_image\" \/>\n<meta name=\"twitter:label1\" content=\"Dur\u00e9e de lecture estim\u00e9e\" \/>\n\t<meta name=\"twitter:data1\" content=\"2 minutes\" \/>\n<script type=\"application\/ld+json\" class=\"yoast-schema-graph\">{\"@context\":\"https:\\\/\\\/schema.org\",\"@graph\":[{\"@type\":\"WebPage\",\"@id\":\"https:\\\/\\\/woutersinternational.com\\\/fr\\\/produit\\\/interdeck-peinture-antiderapante\\\/\",\"url\":\"https:\\\/\\\/woutersinternational.com\\\/fr\\\/produit\\\/interdeck-peinture-antiderapante\\\/\",\"name\":\"Interdeck - peinture antid\u00e9rapante - Wouters International\",\"isPartOf\":{\"@id\":\"https:\\\/\\\/woutersinternational.com\\\/fr\\\/#website\"},\"primaryImageOfPage\":{\"@id\":\"https:\\\/\\\/woutersinternational.com\\\/fr\\\/produit\\\/interdeck-peinture-antiderapante\\\/#primaryimage\"},\"image\":{\"@id\":\"https:\\\/\\\/woutersinternational.com\\\/fr\\\/produit\\\/interdeck-peinture-antiderapante\\\/#primaryimage\"},\"thumbnailUrl\":\"https:\\\/\\\/woutersinternational.com\\\/wp-content\\\/uploads\\\/Wouters-International-Interdeck.png\",\"datePublished\":\"2025-04-10T16:59:53+00:00\",\"dateModified\":\"2025-11-24T09:34:55+00:00\",\"breadcrumb\":{\"@id\":\"https:\\\/\\\/woutersinternational.com\\\/fr\\\/produit\\\/interdeck-peinture-antiderapante\\\/#breadcrumb\"},\"inLanguage\":\"fr-FR\",\"potentialAction\":[{\"@type\":\"ReadAction\",\"target\":[\"https:\\\/\\\/woutersinternational.com\\\/fr\\\/produit\\\/interdeck-peinture-antiderapante\\\/\"]}]},{\"@type\":\"ImageObject\",\"inLanguage\":\"fr-FR\",\"@id\":\"https:\\\/\\\/woutersinternational.com\\\/fr\\\/produit\\\/interdeck-peinture-antiderapante\\\/#primaryimage\",\"url\":\"https:\\\/\\\/woutersinternational.com\\\/wp-content\\\/uploads\\\/Wouters-International-Interdeck.png\",\"contentUrl\":\"https:\\\/\\\/woutersinternational.com\\\/wp-content\\\/uploads\\\/Wouters-International-Interdeck.png\",\"width\":1600,\"height\":1600},{\"@type\":\"BreadcrumbList\",\"@id\":\"https:\\\/\\\/woutersinternational.com\\\/fr\\\/produit\\\/interdeck-peinture-antiderapante\\\/#breadcrumb\",\"itemListElement\":[{\"@type\":\"ListItem\",\"position\":1,\"name\":\"Accueil\",\"item\":\"https:\\\/\\\/woutersinternational.com\\\/fr\\\/accueil\\\/\"},{\"@type\":\"ListItem\",\"position\":2,\"name\":\"Produits\",\"item\":\"https:\\\/\\\/woutersinternational.com\\\/fr\\\/produits\\\/\"},{\"@type\":\"ListItem\",\"position\":3,\"name\":\"Interdeck &#8211; peinture antid\u00e9rapante\"}]},{\"@type\":\"WebSite\",\"@id\":\"https:\\\/\\\/woutersinternational.com\\\/fr\\\/#website\",\"url\":\"https:\\\/\\\/woutersinternational.com\\\/fr\\\/\",\"name\":\"Wouters International\",\"description\":\"\",\"potentialAction\":[{\"@type\":\"SearchAction\",\"target\":{\"@type\":\"EntryPoint\",\"urlTemplate\":\"https:\\\/\\\/woutersinternational.com\\\/fr\\\/?s={search_term_string}\"},\"query-input\":{\"@type\":\"PropertyValueSpecification\",\"valueRequired\":true,\"valueName\":\"search_term_string\"}}],\"inLanguage\":\"fr-FR\"}]}<\/script>\n<!-- \/ Yoast SEO plugin. -->","yoast_head_json":{"title":"Interdeck - peinture antid\u00e9rapante - Wouters International","robots":{"index":"index","follow":"follow","max-snippet":"max-snippet:-1","max-image-preview":"max-image-preview:large","max-video-preview":"max-video-preview:-1"},"canonical":"https:\/\/woutersinternational.com\/fr\/produit\/interdeck-peinture-antiderapante\/","og_locale":"fr_FR","og_type":"article","og_title":"Interdeck - peinture antid\u00e9rapante - Wouters International","og_description":"Une peinture de pont antid\u00e9rapante puissante qui prot\u00e8ge la surface contre l&rsquo;usure quotidienne. Elle est facile \u00e0 appliquer et disponible dans une gamme de couleurs. La finition satin\u00e9e \u00e9vite l&rsquo;\u00e9blouissement caus\u00e9 par la r\u00e9flexion du soleil sur les ponts et les superstructures. Cette peinture de pont antid\u00e9rapante monocomposant convient \u00e0 tous les supports Contient un [&hellip;]","og_url":"https:\/\/woutersinternational.com\/fr\/produit\/interdeck-peinture-antiderapante\/","og_site_name":"Wouters International","article_modified_time":"2025-11-24T09:34:55+00:00","og_image":[{"width":1600,"height":1600,"url":"https:\/\/woutersinternational.com\/wp-content\/uploads\/Wouters-International-Interdeck.png","type":"image\/png"}],"twitter_card":"summary_large_image","twitter_misc":{"Dur\u00e9e de lecture estim\u00e9e":"2 minutes"},"schema":{"@context":"https:\/\/schema.org","@graph":[{"@type":"WebPage","@id":"https:\/\/woutersinternational.com\/fr\/produit\/interdeck-peinture-antiderapante\/","url":"https:\/\/woutersinternational.com\/fr\/produit\/interdeck-peinture-antiderapante\/","name":"Interdeck - peinture antid\u00e9rapante - Wouters International","isPartOf":{"@id":"https:\/\/woutersinternational.com\/fr\/#website"},"primaryImageOfPage":{"@id":"https:\/\/woutersinternational.com\/fr\/produit\/interdeck-peinture-antiderapante\/#primaryimage"},"image":{"@id":"https:\/\/woutersinternational.com\/fr\/produit\/interdeck-peinture-antiderapante\/#primaryimage"},"thumbnailUrl":"https:\/\/woutersinternational.com\/wp-content\/uploads\/Wouters-International-Interdeck.png","datePublished":"2025-04-10T16:59:53+00:00","dateModified":"2025-11-24T09:34:55+00:00","breadcrumb":{"@id":"https:\/\/woutersinternational.com\/fr\/produit\/interdeck-peinture-antiderapante\/#breadcrumb"},"inLanguage":"fr-FR","potentialAction":[{"@type":"ReadAction","target":["https:\/\/woutersinternational.com\/fr\/produit\/interdeck-peinture-antiderapante\/"]}]},{"@type":"ImageObject","inLanguage":"fr-FR","@id":"https:\/\/woutersinternational.com\/fr\/produit\/interdeck-peinture-antiderapante\/#primaryimage","url":"https:\/\/woutersinternational.com\/wp-content\/uploads\/Wouters-International-Interdeck.png","contentUrl":"https:\/\/woutersinternational.com\/wp-content\/uploads\/Wouters-International-Interdeck.png","width":1600,"height":1600},{"@type":"BreadcrumbList","@id":"https:\/\/woutersinternational.com\/fr\/produit\/interdeck-peinture-antiderapante\/#breadcrumb","itemListElement":[{"@type":"ListItem","position":1,"name":"Accueil","item":"https:\/\/woutersinternational.com\/fr\/accueil\/"},{"@type":"ListItem","position":2,"name":"Produits","item":"https:\/\/woutersinternational.com\/fr\/produits\/"},{"@type":"ListItem","position":3,"name":"Interdeck &#8211; peinture antid\u00e9rapante"}]},{"@type":"WebSite","@id":"https:\/\/woutersinternational.com\/fr\/#website","url":"https:\/\/woutersinternational.com\/fr\/","name":"Wouters International","description":"","potentialAction":[{"@type":"SearchAction","target":{"@type":"EntryPoint","urlTemplate":"https:\/\/woutersinternational.com\/fr\/?s={search_term_string}"},"query-input":{"@type":"PropertyValueSpecification","valueRequired":true,"valueName":"search_term_string"}}],"inLanguage":"fr-FR"}]}},"_links":{"self":[{"href":"https:\/\/woutersinternational.com\/fr\/wp-json\/wp\/v2\/product\/1201","targetHints":{"allow":["GET"]}}],"collection":[{"href":"https:\/\/woutersinternational.com\/fr\/wp-json\/wp\/v2\/product"}],"about":[{"href":"https:\/\/woutersinternational.com\/fr\/wp-json\/wp\/v2\/types\/product"}],"replies":[{"embeddable":true,"href":"https:\/\/woutersinternational.com\/fr\/wp-json\/wp\/v2\/comments?post=1201"}],"wp:featuredmedia":[{"embeddable":true,"href":"https:\/\/woutersinternational.com\/fr\/wp-json\/wp\/v2\/media\/1203"}],"wp:attachment":[{"href":"https:\/\/woutersinternational.com\/fr\/wp-json\/wp\/v2\/media?parent=1201"}],"wp:term":[{"taxonomy":"product_brand","embeddable":true,"href":"https:\/\/woutersinternational.com\/fr\/wp-json\/wp\/v2\/product_brand?post=1201"},{"taxonomy":"product_cat","embeddable":true,"href":"https:\/\/woutersinternational.com\/fr\/wp-json\/wp\/v2\/product_cat?post=1201"},{"taxonomy":"product_tag","embeddable":true,"href":"https:\/\/woutersinternational.com\/fr\/wp-json\/wp\/v2\/product_tag?post=1201"}],"curies":[{"name":"wp","href":"https:\/\/api.w.org\/{rel}","templated":true}]}}