{"id":1204,"date":"2025-04-10T15:29:04","date_gmt":"2025-04-10T15:29:04","guid":{"rendered":"https:\/\/woutersinternational.com\/product\/bouche-pores-transparent-a-sechage-rapide\/"},"modified":"2025-11-21T18:30:38","modified_gmt":"2025-11-21T18:30:38","slug":"bouche-pores-transparent-a-sechage-rapide","status":"publish","type":"product","link":"https:\/\/woutersinternational.com\/fr\/produit\/bouche-pores-transparent-a-sechage-rapide\/","title":{"rendered":"Bouche-pores transparent \u00e0 s\u00e9chage rapide"},"content":{"rendered":"<p>Dans le langage courant : un bouche-pores pour surfaces en bois<\/p>\n<p>Cette primaire transparente \u00e0 2 composants s\u00e8che incroyablement rapidement, permettant d&rsquo;appliquer jusqu&rsquo;\u00e0 quatre couches par jour. En comblant le grain du bois et en scellant la surface, elle cr\u00e9e une surface parfaitement lisse r\u00e9sistante aux chocs, rayures et \u00e0 l&rsquo;usure ; pr\u00eate \u00e0 \u00eatre recouverte.<\/p>\n<ul class=\"goodToKnow__list body-copy-s\">\n<li class=\"goodToKnow__listItem body-copy-rg\">\u00c0 utiliser sous les vernis et laques 1 et 2 composants d&rsquo;International<\/li>\n<li class=\"goodToKnow__listItem body-copy-rg\">Convient pour une utilisation sur les surfaces au-dessus de la ligne de flottaison, tant en int\u00e9rieur qu&rsquo;en ext\u00e9rieur. Il p\u00e9n\u00e8tre profond\u00e9ment dans le bois.<\/li>\n<li class=\"goodToKnow__listItem body-copy-rg\">Formulation polyur\u00e9thane cristalline<\/li>\n<\/ul>\n<p>Conditionnement professionnel 10 litres<\/p>\n<p>&nbsp;<\/p>\n","protected":false},"excerpt":{"rendered":"<p>Dans le langage courant : un bouche-pores pour surfaces en bois Cette primaire transparente \u00e0 2 composants s\u00e8che incroyablement rapidement, permettant d&rsquo;appliquer jusqu&rsquo;\u00e0 quatre couches par jour. En comblant le grain du bois et en scellant la surface, elle cr\u00e9e une surface parfaitement lisse r\u00e9sistante aux chocs, rayures et \u00e0 l&rsquo;usure ; pr\u00eate \u00e0 \u00eatre [&hellip;]<\/p>\n","protected":false},"featured_media":1206,"comment_status":"open","ping_status":"closed","template":"","meta":[],"product_brand":[],"product_cat":[47,42],"product_tag":[],"class_list":{"0":"post-1204","1":"product","2":"type-product","3":"status-publish","4":"has-post-thumbnail","6":"product_cat-primaires","7":"product_cat-vernis","9":"first","10":"instock","11":"shipping-taxable","12":"product-type-simple"},"yoast_head":"<!-- This site is optimized with the Yoast SEO plugin v27.6 - https:\/\/yoast.com\/product\/yoast-seo-wordpress\/ -->\n<title>Bouche-pores transparent \u00e0 s\u00e9chage rapide - Wouters International<\/title>\n<meta name=\"robots\" content=\"index, follow, max-snippet:-1, max-image-preview:large, max-video-preview:-1\" \/>\n<link rel=\"canonical\" href=\"https:\/\/woutersinternational.com\/fr\/produit\/bouche-pores-transparent-a-sechage-rapide\/\" \/>\n<meta property=\"og:locale\" content=\"fr_FR\" \/>\n<meta property=\"og:type\" content=\"article\" \/>\n<meta property=\"og:title\" content=\"Bouche-pores transparent \u00e0 s\u00e9chage rapide - Wouters International\" \/>\n<meta property=\"og:description\" content=\"Dans le langage courant : un bouche-pores pour surfaces en bois Cette primaire transparente \u00e0 2 composants s\u00e8che incroyablement rapidement, permettant d&rsquo;appliquer jusqu&rsquo;\u00e0 quatre couches par jour. En comblant le grain du bois et en scellant la surface, elle cr\u00e9e une surface parfaitement lisse r\u00e9sistante aux chocs, rayures et \u00e0 l&rsquo;usure ; pr\u00eate \u00e0 \u00eatre [&hellip;]\" \/>\n<meta property=\"og:url\" content=\"https:\/\/woutersinternational.com\/fr\/produit\/bouche-pores-transparent-a-sechage-rapide\/\" \/>\n<meta property=\"og:site_name\" content=\"Wouters International\" \/>\n<meta property=\"article:modified_time\" content=\"2025-11-21T18:30:38+00:00\" \/>\n<meta property=\"og:image\" content=\"https:\/\/woutersinternational.com\/wp-content\/uploads\/Wouters-International-Clear-wood-sealer.png\" \/>\n\t<meta property=\"og:image:width\" content=\"1600\" \/>\n\t<meta property=\"og:image:height\" content=\"1600\" \/>\n\t<meta property=\"og:image:type\" content=\"image\/png\" \/>\n<meta name=\"twitter:card\" content=\"summary_large_image\" \/>\n<meta name=\"twitter:label1\" content=\"Dur\u00e9e de lecture estim\u00e9e\" \/>\n\t<meta name=\"twitter:data1\" content=\"1 minute\" \/>\n<script type=\"application\/ld+json\" class=\"yoast-schema-graph\">{\"@context\":\"https:\\\/\\\/schema.org\",\"@graph\":[{\"@type\":\"WebPage\",\"@id\":\"https:\\\/\\\/woutersinternational.com\\\/fr\\\/produit\\\/bouche-pores-transparent-a-sechage-rapide\\\/\",\"url\":\"https:\\\/\\\/woutersinternational.com\\\/fr\\\/produit\\\/bouche-pores-transparent-a-sechage-rapide\\\/\",\"name\":\"Bouche-pores transparent \u00e0 s\u00e9chage rapide - Wouters International\",\"isPartOf\":{\"@id\":\"https:\\\/\\\/woutersinternational.com\\\/fr\\\/#website\"},\"primaryImageOfPage\":{\"@id\":\"https:\\\/\\\/woutersinternational.com\\\/fr\\\/produit\\\/bouche-pores-transparent-a-sechage-rapide\\\/#primaryimage\"},\"image\":{\"@id\":\"https:\\\/\\\/woutersinternational.com\\\/fr\\\/produit\\\/bouche-pores-transparent-a-sechage-rapide\\\/#primaryimage\"},\"thumbnailUrl\":\"https:\\\/\\\/woutersinternational.com\\\/wp-content\\\/uploads\\\/Wouters-International-Clear-wood-sealer.png\",\"datePublished\":\"2025-04-10T15:29:04+00:00\",\"dateModified\":\"2025-11-21T18:30:38+00:00\",\"breadcrumb\":{\"@id\":\"https:\\\/\\\/woutersinternational.com\\\/fr\\\/produit\\\/bouche-pores-transparent-a-sechage-rapide\\\/#breadcrumb\"},\"inLanguage\":\"fr-FR\",\"potentialAction\":[{\"@type\":\"ReadAction\",\"target\":[\"https:\\\/\\\/woutersinternational.com\\\/fr\\\/produit\\\/bouche-pores-transparent-a-sechage-rapide\\\/\"]}]},{\"@type\":\"ImageObject\",\"inLanguage\":\"fr-FR\",\"@id\":\"https:\\\/\\\/woutersinternational.com\\\/fr\\\/produit\\\/bouche-pores-transparent-a-sechage-rapide\\\/#primaryimage\",\"url\":\"https:\\\/\\\/woutersinternational.com\\\/wp-content\\\/uploads\\\/Wouters-International-Clear-wood-sealer.png\",\"contentUrl\":\"https:\\\/\\\/woutersinternational.com\\\/wp-content\\\/uploads\\\/Wouters-International-Clear-wood-sealer.png\",\"width\":1600,\"height\":1600},{\"@type\":\"BreadcrumbList\",\"@id\":\"https:\\\/\\\/woutersinternational.com\\\/fr\\\/produit\\\/bouche-pores-transparent-a-sechage-rapide\\\/#breadcrumb\",\"itemListElement\":[{\"@type\":\"ListItem\",\"position\":1,\"name\":\"Accueil\",\"item\":\"https:\\\/\\\/woutersinternational.com\\\/fr\\\/accueil\\\/\"},{\"@type\":\"ListItem\",\"position\":2,\"name\":\"Produits\",\"item\":\"https:\\\/\\\/woutersinternational.com\\\/fr\\\/produits\\\/\"},{\"@type\":\"ListItem\",\"position\":3,\"name\":\"Bouche-pores transparent \u00e0 s\u00e9chage rapide\"}]},{\"@type\":\"WebSite\",\"@id\":\"https:\\\/\\\/woutersinternational.com\\\/fr\\\/#website\",\"url\":\"https:\\\/\\\/woutersinternational.com\\\/fr\\\/\",\"name\":\"Wouters International\",\"description\":\"\",\"potentialAction\":[{\"@type\":\"SearchAction\",\"target\":{\"@type\":\"EntryPoint\",\"urlTemplate\":\"https:\\\/\\\/woutersinternational.com\\\/fr\\\/?s={search_term_string}\"},\"query-input\":{\"@type\":\"PropertyValueSpecification\",\"valueRequired\":true,\"valueName\":\"search_term_string\"}}],\"inLanguage\":\"fr-FR\"}]}<\/script>\n<!-- \/ Yoast SEO plugin. -->","yoast_head_json":{"title":"Bouche-pores transparent \u00e0 s\u00e9chage rapide - Wouters International","robots":{"index":"index","follow":"follow","max-snippet":"max-snippet:-1","max-image-preview":"max-image-preview:large","max-video-preview":"max-video-preview:-1"},"canonical":"https:\/\/woutersinternational.com\/fr\/produit\/bouche-pores-transparent-a-sechage-rapide\/","og_locale":"fr_FR","og_type":"article","og_title":"Bouche-pores transparent \u00e0 s\u00e9chage rapide - Wouters International","og_description":"Dans le langage courant : un bouche-pores pour surfaces en bois Cette primaire transparente \u00e0 2 composants s\u00e8che incroyablement rapidement, permettant d&rsquo;appliquer jusqu&rsquo;\u00e0 quatre couches par jour. En comblant le grain du bois et en scellant la surface, elle cr\u00e9e une surface parfaitement lisse r\u00e9sistante aux chocs, rayures et \u00e0 l&rsquo;usure ; pr\u00eate \u00e0 \u00eatre [&hellip;]","og_url":"https:\/\/woutersinternational.com\/fr\/produit\/bouche-pores-transparent-a-sechage-rapide\/","og_site_name":"Wouters International","article_modified_time":"2025-11-21T18:30:38+00:00","og_image":[{"width":1600,"height":1600,"url":"https:\/\/woutersinternational.com\/wp-content\/uploads\/Wouters-International-Clear-wood-sealer.png","type":"image\/png"}],"twitter_card":"summary_large_image","twitter_misc":{"Dur\u00e9e de lecture estim\u00e9e":"1 minute"},"schema":{"@context":"https:\/\/schema.org","@graph":[{"@type":"WebPage","@id":"https:\/\/woutersinternational.com\/fr\/produit\/bouche-pores-transparent-a-sechage-rapide\/","url":"https:\/\/woutersinternational.com\/fr\/produit\/bouche-pores-transparent-a-sechage-rapide\/","name":"Bouche-pores transparent \u00e0 s\u00e9chage rapide - Wouters International","isPartOf":{"@id":"https:\/\/woutersinternational.com\/fr\/#website"},"primaryImageOfPage":{"@id":"https:\/\/woutersinternational.com\/fr\/produit\/bouche-pores-transparent-a-sechage-rapide\/#primaryimage"},"image":{"@id":"https:\/\/woutersinternational.com\/fr\/produit\/bouche-pores-transparent-a-sechage-rapide\/#primaryimage"},"thumbnailUrl":"https:\/\/woutersinternational.com\/wp-content\/uploads\/Wouters-International-Clear-wood-sealer.png","datePublished":"2025-04-10T15:29:04+00:00","dateModified":"2025-11-21T18:30:38+00:00","breadcrumb":{"@id":"https:\/\/woutersinternational.com\/fr\/produit\/bouche-pores-transparent-a-sechage-rapide\/#breadcrumb"},"inLanguage":"fr-FR","potentialAction":[{"@type":"ReadAction","target":["https:\/\/woutersinternational.com\/fr\/produit\/bouche-pores-transparent-a-sechage-rapide\/"]}]},{"@type":"ImageObject","inLanguage":"fr-FR","@id":"https:\/\/woutersinternational.com\/fr\/produit\/bouche-pores-transparent-a-sechage-rapide\/#primaryimage","url":"https:\/\/woutersinternational.com\/wp-content\/uploads\/Wouters-International-Clear-wood-sealer.png","contentUrl":"https:\/\/woutersinternational.com\/wp-content\/uploads\/Wouters-International-Clear-wood-sealer.png","width":1600,"height":1600},{"@type":"BreadcrumbList","@id":"https:\/\/woutersinternational.com\/fr\/produit\/bouche-pores-transparent-a-sechage-rapide\/#breadcrumb","itemListElement":[{"@type":"ListItem","position":1,"name":"Accueil","item":"https:\/\/woutersinternational.com\/fr\/accueil\/"},{"@type":"ListItem","position":2,"name":"Produits","item":"https:\/\/woutersinternational.com\/fr\/produits\/"},{"@type":"ListItem","position":3,"name":"Bouche-pores transparent \u00e0 s\u00e9chage rapide"}]},{"@type":"WebSite","@id":"https:\/\/woutersinternational.com\/fr\/#website","url":"https:\/\/woutersinternational.com\/fr\/","name":"Wouters International","description":"","potentialAction":[{"@type":"SearchAction","target":{"@type":"EntryPoint","urlTemplate":"https:\/\/woutersinternational.com\/fr\/?s={search_term_string}"},"query-input":{"@type":"PropertyValueSpecification","valueRequired":true,"valueName":"search_term_string"}}],"inLanguage":"fr-FR"}]}},"_links":{"self":[{"href":"https:\/\/woutersinternational.com\/fr\/wp-json\/wp\/v2\/product\/1204","targetHints":{"allow":["GET"]}}],"collection":[{"href":"https:\/\/woutersinternational.com\/fr\/wp-json\/wp\/v2\/product"}],"about":[{"href":"https:\/\/woutersinternational.com\/fr\/wp-json\/wp\/v2\/types\/product"}],"replies":[{"embeddable":true,"href":"https:\/\/woutersinternational.com\/fr\/wp-json\/wp\/v2\/comments?post=1204"}],"wp:featuredmedia":[{"embeddable":true,"href":"https:\/\/woutersinternational.com\/fr\/wp-json\/wp\/v2\/media\/1206"}],"wp:attachment":[{"href":"https:\/\/woutersinternational.com\/fr\/wp-json\/wp\/v2\/media?parent=1204"}],"wp:term":[{"taxonomy":"product_brand","embeddable":true,"href":"https:\/\/woutersinternational.com\/fr\/wp-json\/wp\/v2\/product_brand?post=1204"},{"taxonomy":"product_cat","embeddable":true,"href":"https:\/\/woutersinternational.com\/fr\/wp-json\/wp\/v2\/product_cat?post=1204"},{"taxonomy":"product_tag","embeddable":true,"href":"https:\/\/woutersinternational.com\/fr\/wp-json\/wp\/v2\/product_tag?post=1204"}],"curies":[{"name":"wp","href":"https:\/\/api.w.org\/{rel}","templated":true}]}}