{"id":1214,"date":"2025-04-10T17:29:46","date_gmt":"2025-04-10T17:29:46","guid":{"rendered":"https:\/\/woutersinternational.com\/product\/interstrip-decapant-pour-anciennes-peintures-antisalissures\/"},"modified":"2025-11-24T08:20:13","modified_gmt":"2025-11-24T08:20:13","slug":"interstrip-decapant-pour-anciennes-peintures-antisalissures","status":"publish","type":"product","link":"https:\/\/woutersinternational.com\/fr\/produit\/interstrip-decapant-pour-anciennes-peintures-antisalissures\/","title":{"rendered":"Interstrip &#8211; d\u00e9capant pour anciennes peintures antisalissures"},"content":{"rendered":"<p>Interstrip AF est un d\u00e9capant qui n\u2019endommage pas le gelcoat. Il est sp\u00e9cialement formul\u00e9 pour un retrait efficace et efficient de l\u2019antifouling.<\/p>\n<ul class=\"goodToKnow__list body-copy-s\">\n<li class=\"goodToKnow__listItem body-copy-rg\">Un d\u00e9capant non agressif pour l&rsquo;\u00e9limination des peintures antisalissures<\/li>\n<li class=\"goodToKnow__listItem body-copy-rg\">N&rsquo;endommage ni le gelcoat, ni les couches d&rsquo;\u00e9poxy ou les couches anticorrosion.<\/li>\n<li class=\"goodToKnow__listItem body-copy-rg\">Agit rapidement et simplement<\/li>\n<\/ul>\n<p>&nbsp;<\/p>\n<ul class=\"goodToKnow__list body-copy-s\">\n<li class=\"goodToKnow__listItem body-copy-rg\">Pour votre sant\u00e9 et votre s\u00e9curit\u00e9 : veuillez lire attentivement l\u2019\u00e9tiquette et les informations sur le produit. Portez \u00e9galement les \u00e9quipements de protection individuelle n\u00e9cessaires.<\/li>\n<\/ul>\n","protected":false},"excerpt":{"rendered":"<p>Interstrip AF est un d\u00e9capant qui n\u2019endommage pas le gelcoat. Il est sp\u00e9cialement formul\u00e9 pour un retrait efficace et efficient de l\u2019antifouling. Un d\u00e9capant non agressif pour l&rsquo;\u00e9limination des peintures antisalissures N&rsquo;endommage ni le gelcoat, ni les couches d&rsquo;\u00e9poxy ou les couches anticorrosion. Agit rapidement et simplement &nbsp; Pour votre sant\u00e9 et votre s\u00e9curit\u00e9 : [&hellip;]<\/p>\n","protected":false},"featured_media":1216,"comment_status":"open","ping_status":"closed","template":"","meta":[],"product_brand":[],"product_cat":[44,48],"product_tag":[],"class_list":{"0":"post-1214","1":"product","2":"type-product","3":"status-publish","4":"has-post-thumbnail","6":"product_cat-antifouling","7":"product_cat-produits-dentretien","9":"first","10":"instock","11":"shipping-taxable","12":"product-type-simple"},"yoast_head":"<!-- This site is optimized with the Yoast SEO plugin v27.6 - https:\/\/yoast.com\/product\/yoast-seo-wordpress\/ -->\n<title>Interstrip - d\u00e9capant pour anciennes peintures antisalissures - Wouters International<\/title>\n<meta name=\"robots\" content=\"index, follow, max-snippet:-1, max-image-preview:large, max-video-preview:-1\" \/>\n<link rel=\"canonical\" href=\"https:\/\/woutersinternational.com\/fr\/produit\/interstrip-decapant-pour-anciennes-peintures-antisalissures\/\" \/>\n<meta property=\"og:locale\" content=\"fr_FR\" \/>\n<meta property=\"og:type\" content=\"article\" \/>\n<meta property=\"og:title\" content=\"Interstrip - d\u00e9capant pour anciennes peintures antisalissures - Wouters International\" \/>\n<meta property=\"og:description\" content=\"Interstrip AF est un d\u00e9capant qui n\u2019endommage pas le gelcoat. Il est sp\u00e9cialement formul\u00e9 pour un retrait efficace et efficient de l\u2019antifouling. Un d\u00e9capant non agressif pour l&rsquo;\u00e9limination des peintures antisalissures N&rsquo;endommage ni le gelcoat, ni les couches d&rsquo;\u00e9poxy ou les couches anticorrosion. Agit rapidement et simplement &nbsp; Pour votre sant\u00e9 et votre s\u00e9curit\u00e9 : [&hellip;]\" \/>\n<meta property=\"og:url\" content=\"https:\/\/woutersinternational.com\/fr\/produit\/interstrip-decapant-pour-anciennes-peintures-antisalissures\/\" \/>\n<meta property=\"og:site_name\" content=\"Wouters International\" \/>\n<meta property=\"article:modified_time\" content=\"2025-11-24T08:20:13+00:00\" \/>\n<meta property=\"og:image\" content=\"https:\/\/woutersinternational.com\/wp-content\/uploads\/Wouters-International-Interstrip-AF.png\" \/>\n\t<meta property=\"og:image:width\" content=\"1600\" \/>\n\t<meta property=\"og:image:height\" content=\"1600\" \/>\n\t<meta property=\"og:image:type\" content=\"image\/png\" \/>\n<meta name=\"twitter:card\" content=\"summary_large_image\" \/>\n<meta name=\"twitter:label1\" content=\"Dur\u00e9e de lecture estim\u00e9e\" \/>\n\t<meta name=\"twitter:data1\" content=\"1 minute\" \/>\n<script type=\"application\/ld+json\" class=\"yoast-schema-graph\">{\"@context\":\"https:\\\/\\\/schema.org\",\"@graph\":[{\"@type\":\"WebPage\",\"@id\":\"https:\\\/\\\/woutersinternational.com\\\/fr\\\/produit\\\/interstrip-decapant-pour-anciennes-peintures-antisalissures\\\/\",\"url\":\"https:\\\/\\\/woutersinternational.com\\\/fr\\\/produit\\\/interstrip-decapant-pour-anciennes-peintures-antisalissures\\\/\",\"name\":\"Interstrip - d\u00e9capant pour anciennes peintures antisalissures - Wouters International\",\"isPartOf\":{\"@id\":\"https:\\\/\\\/woutersinternational.com\\\/fr\\\/#website\"},\"primaryImageOfPage\":{\"@id\":\"https:\\\/\\\/woutersinternational.com\\\/fr\\\/produit\\\/interstrip-decapant-pour-anciennes-peintures-antisalissures\\\/#primaryimage\"},\"image\":{\"@id\":\"https:\\\/\\\/woutersinternational.com\\\/fr\\\/produit\\\/interstrip-decapant-pour-anciennes-peintures-antisalissures\\\/#primaryimage\"},\"thumbnailUrl\":\"https:\\\/\\\/woutersinternational.com\\\/wp-content\\\/uploads\\\/Wouters-International-Interstrip-AF.png\",\"datePublished\":\"2025-04-10T17:29:46+00:00\",\"dateModified\":\"2025-11-24T08:20:13+00:00\",\"breadcrumb\":{\"@id\":\"https:\\\/\\\/woutersinternational.com\\\/fr\\\/produit\\\/interstrip-decapant-pour-anciennes-peintures-antisalissures\\\/#breadcrumb\"},\"inLanguage\":\"fr-FR\",\"potentialAction\":[{\"@type\":\"ReadAction\",\"target\":[\"https:\\\/\\\/woutersinternational.com\\\/fr\\\/produit\\\/interstrip-decapant-pour-anciennes-peintures-antisalissures\\\/\"]}]},{\"@type\":\"ImageObject\",\"inLanguage\":\"fr-FR\",\"@id\":\"https:\\\/\\\/woutersinternational.com\\\/fr\\\/produit\\\/interstrip-decapant-pour-anciennes-peintures-antisalissures\\\/#primaryimage\",\"url\":\"https:\\\/\\\/woutersinternational.com\\\/wp-content\\\/uploads\\\/Wouters-International-Interstrip-AF.png\",\"contentUrl\":\"https:\\\/\\\/woutersinternational.com\\\/wp-content\\\/uploads\\\/Wouters-International-Interstrip-AF.png\",\"width\":1600,\"height\":1600},{\"@type\":\"BreadcrumbList\",\"@id\":\"https:\\\/\\\/woutersinternational.com\\\/fr\\\/produit\\\/interstrip-decapant-pour-anciennes-peintures-antisalissures\\\/#breadcrumb\",\"itemListElement\":[{\"@type\":\"ListItem\",\"position\":1,\"name\":\"Accueil\",\"item\":\"https:\\\/\\\/woutersinternational.com\\\/fr\\\/accueil\\\/\"},{\"@type\":\"ListItem\",\"position\":2,\"name\":\"Produits\",\"item\":\"https:\\\/\\\/woutersinternational.com\\\/fr\\\/produits\\\/\"},{\"@type\":\"ListItem\",\"position\":3,\"name\":\"Interstrip &#8211; d\u00e9capant pour anciennes peintures antisalissures\"}]},{\"@type\":\"WebSite\",\"@id\":\"https:\\\/\\\/woutersinternational.com\\\/fr\\\/#website\",\"url\":\"https:\\\/\\\/woutersinternational.com\\\/fr\\\/\",\"name\":\"Wouters International\",\"description\":\"\",\"potentialAction\":[{\"@type\":\"SearchAction\",\"target\":{\"@type\":\"EntryPoint\",\"urlTemplate\":\"https:\\\/\\\/woutersinternational.com\\\/fr\\\/?s={search_term_string}\"},\"query-input\":{\"@type\":\"PropertyValueSpecification\",\"valueRequired\":true,\"valueName\":\"search_term_string\"}}],\"inLanguage\":\"fr-FR\"}]}<\/script>\n<!-- \/ Yoast SEO plugin. -->","yoast_head_json":{"title":"Interstrip - d\u00e9capant pour anciennes peintures antisalissures - Wouters International","robots":{"index":"index","follow":"follow","max-snippet":"max-snippet:-1","max-image-preview":"max-image-preview:large","max-video-preview":"max-video-preview:-1"},"canonical":"https:\/\/woutersinternational.com\/fr\/produit\/interstrip-decapant-pour-anciennes-peintures-antisalissures\/","og_locale":"fr_FR","og_type":"article","og_title":"Interstrip - d\u00e9capant pour anciennes peintures antisalissures - Wouters International","og_description":"Interstrip AF est un d\u00e9capant qui n\u2019endommage pas le gelcoat. Il est sp\u00e9cialement formul\u00e9 pour un retrait efficace et efficient de l\u2019antifouling. Un d\u00e9capant non agressif pour l&rsquo;\u00e9limination des peintures antisalissures N&rsquo;endommage ni le gelcoat, ni les couches d&rsquo;\u00e9poxy ou les couches anticorrosion. Agit rapidement et simplement &nbsp; Pour votre sant\u00e9 et votre s\u00e9curit\u00e9 : [&hellip;]","og_url":"https:\/\/woutersinternational.com\/fr\/produit\/interstrip-decapant-pour-anciennes-peintures-antisalissures\/","og_site_name":"Wouters International","article_modified_time":"2025-11-24T08:20:13+00:00","og_image":[{"width":1600,"height":1600,"url":"https:\/\/woutersinternational.com\/wp-content\/uploads\/Wouters-International-Interstrip-AF.png","type":"image\/png"}],"twitter_card":"summary_large_image","twitter_misc":{"Dur\u00e9e de lecture estim\u00e9e":"1 minute"},"schema":{"@context":"https:\/\/schema.org","@graph":[{"@type":"WebPage","@id":"https:\/\/woutersinternational.com\/fr\/produit\/interstrip-decapant-pour-anciennes-peintures-antisalissures\/","url":"https:\/\/woutersinternational.com\/fr\/produit\/interstrip-decapant-pour-anciennes-peintures-antisalissures\/","name":"Interstrip - d\u00e9capant pour anciennes peintures antisalissures - Wouters International","isPartOf":{"@id":"https:\/\/woutersinternational.com\/fr\/#website"},"primaryImageOfPage":{"@id":"https:\/\/woutersinternational.com\/fr\/produit\/interstrip-decapant-pour-anciennes-peintures-antisalissures\/#primaryimage"},"image":{"@id":"https:\/\/woutersinternational.com\/fr\/produit\/interstrip-decapant-pour-anciennes-peintures-antisalissures\/#primaryimage"},"thumbnailUrl":"https:\/\/woutersinternational.com\/wp-content\/uploads\/Wouters-International-Interstrip-AF.png","datePublished":"2025-04-10T17:29:46+00:00","dateModified":"2025-11-24T08:20:13+00:00","breadcrumb":{"@id":"https:\/\/woutersinternational.com\/fr\/produit\/interstrip-decapant-pour-anciennes-peintures-antisalissures\/#breadcrumb"},"inLanguage":"fr-FR","potentialAction":[{"@type":"ReadAction","target":["https:\/\/woutersinternational.com\/fr\/produit\/interstrip-decapant-pour-anciennes-peintures-antisalissures\/"]}]},{"@type":"ImageObject","inLanguage":"fr-FR","@id":"https:\/\/woutersinternational.com\/fr\/produit\/interstrip-decapant-pour-anciennes-peintures-antisalissures\/#primaryimage","url":"https:\/\/woutersinternational.com\/wp-content\/uploads\/Wouters-International-Interstrip-AF.png","contentUrl":"https:\/\/woutersinternational.com\/wp-content\/uploads\/Wouters-International-Interstrip-AF.png","width":1600,"height":1600},{"@type":"BreadcrumbList","@id":"https:\/\/woutersinternational.com\/fr\/produit\/interstrip-decapant-pour-anciennes-peintures-antisalissures\/#breadcrumb","itemListElement":[{"@type":"ListItem","position":1,"name":"Accueil","item":"https:\/\/woutersinternational.com\/fr\/accueil\/"},{"@type":"ListItem","position":2,"name":"Produits","item":"https:\/\/woutersinternational.com\/fr\/produits\/"},{"@type":"ListItem","position":3,"name":"Interstrip &#8211; d\u00e9capant pour anciennes peintures antisalissures"}]},{"@type":"WebSite","@id":"https:\/\/woutersinternational.com\/fr\/#website","url":"https:\/\/woutersinternational.com\/fr\/","name":"Wouters International","description":"","potentialAction":[{"@type":"SearchAction","target":{"@type":"EntryPoint","urlTemplate":"https:\/\/woutersinternational.com\/fr\/?s={search_term_string}"},"query-input":{"@type":"PropertyValueSpecification","valueRequired":true,"valueName":"search_term_string"}}],"inLanguage":"fr-FR"}]}},"_links":{"self":[{"href":"https:\/\/woutersinternational.com\/fr\/wp-json\/wp\/v2\/product\/1214","targetHints":{"allow":["GET"]}}],"collection":[{"href":"https:\/\/woutersinternational.com\/fr\/wp-json\/wp\/v2\/product"}],"about":[{"href":"https:\/\/woutersinternational.com\/fr\/wp-json\/wp\/v2\/types\/product"}],"replies":[{"embeddable":true,"href":"https:\/\/woutersinternational.com\/fr\/wp-json\/wp\/v2\/comments?post=1214"}],"wp:featuredmedia":[{"embeddable":true,"href":"https:\/\/woutersinternational.com\/fr\/wp-json\/wp\/v2\/media\/1216"}],"wp:attachment":[{"href":"https:\/\/woutersinternational.com\/fr\/wp-json\/wp\/v2\/media?parent=1214"}],"wp:term":[{"taxonomy":"product_brand","embeddable":true,"href":"https:\/\/woutersinternational.com\/fr\/wp-json\/wp\/v2\/product_brand?post=1214"},{"taxonomy":"product_cat","embeddable":true,"href":"https:\/\/woutersinternational.com\/fr\/wp-json\/wp\/v2\/product_cat?post=1214"},{"taxonomy":"product_tag","embeddable":true,"href":"https:\/\/woutersinternational.com\/fr\/wp-json\/wp\/v2\/product_tag?post=1214"}],"curies":[{"name":"wp","href":"https:\/\/api.w.org\/{rel}","templated":true}]}}