{"id":1219,"date":"2025-04-10T15:27:49","date_gmt":"2025-04-10T15:27:49","guid":{"rendered":"https:\/\/woutersinternational.com\/product\/polish-marin\/"},"modified":"2025-11-21T15:53:01","modified_gmt":"2025-11-21T15:53:01","slug":"polish-marin","status":"publish","type":"product","link":"https:\/\/woutersinternational.com\/fr\/produit\/polish-marin\/","title":{"rendered":"Polish Marin"},"content":{"rendered":"<p>Le Polish Marin offre une brillance \u00e9lev\u00e9e et une protection durable contre l&rsquo;eau sal\u00e9e, la lumi\u00e8re du soleil, l&rsquo;huile, etc.<br \/>\nCe polish ultra-fin avec cire est destin\u00e9 \u00e0 \u00eatre utilis\u00e9 sur le gelcoat et les surfaces peintes.<br \/>\nIl ne contient pas de silicone et peut \u00eatre appliqu\u00e9 \u00e0 la main ou \u00e0 la machine (800-1000 tr\/min).<\/p>\n","protected":false},"excerpt":{"rendered":"<p>Le Polish Marin offre une brillance \u00e9lev\u00e9e et une protection durable contre l&rsquo;eau sal\u00e9e, la lumi\u00e8re du soleil, l&rsquo;huile, etc. Ce polish ultra-fin avec cire est destin\u00e9 \u00e0 \u00eatre utilis\u00e9 sur le gelcoat et les surfaces peintes. Il ne contient pas de silicone et peut \u00eatre appliqu\u00e9 \u00e0 la main ou \u00e0 la machine (800-1000 [&hellip;]<\/p>\n","protected":false},"featured_media":1221,"comment_status":"open","ping_status":"closed","template":"","meta":[],"product_brand":[],"product_cat":[48],"product_tag":[],"class_list":{"0":"post-1219","1":"product","2":"type-product","3":"status-publish","4":"has-post-thumbnail","6":"product_cat-produits-dentretien","8":"first","9":"instock","10":"featured","11":"shipping-taxable","12":"product-type-simple"},"yoast_head":"<!-- This site is optimized with the Yoast SEO plugin v27.6 - https:\/\/yoast.com\/product\/yoast-seo-wordpress\/ -->\n<title>Polish Marin - Wouters International<\/title>\n<meta name=\"robots\" content=\"index, follow, max-snippet:-1, max-image-preview:large, max-video-preview:-1\" \/>\n<link rel=\"canonical\" href=\"https:\/\/woutersinternational.com\/fr\/produit\/polish-marin\/\" \/>\n<meta property=\"og:locale\" content=\"fr_FR\" \/>\n<meta property=\"og:type\" content=\"article\" \/>\n<meta property=\"og:title\" content=\"Polish Marin - Wouters International\" \/>\n<meta property=\"og:description\" content=\"Le Polish Marin offre une brillance \u00e9lev\u00e9e et une protection durable contre l&rsquo;eau sal\u00e9e, la lumi\u00e8re du soleil, l&rsquo;huile, etc. Ce polish ultra-fin avec cire est destin\u00e9 \u00e0 \u00eatre utilis\u00e9 sur le gelcoat et les surfaces peintes. Il ne contient pas de silicone et peut \u00eatre appliqu\u00e9 \u00e0 la main ou \u00e0 la machine (800-1000 [&hellip;]\" \/>\n<meta property=\"og:url\" content=\"https:\/\/woutersinternational.com\/fr\/produit\/polish-marin\/\" \/>\n<meta property=\"og:site_name\" content=\"Wouters International\" \/>\n<meta property=\"article:modified_time\" content=\"2025-11-21T15:53:01+00:00\" \/>\n<meta property=\"og:image\" content=\"https:\/\/woutersinternational.com\/wp-content\/uploads\/Wouters-International-Marnie-polish.png\" \/>\n\t<meta property=\"og:image:width\" content=\"1600\" \/>\n\t<meta property=\"og:image:height\" content=\"1600\" \/>\n\t<meta property=\"og:image:type\" content=\"image\/png\" \/>\n<meta name=\"twitter:card\" content=\"summary_large_image\" \/>\n<script type=\"application\/ld+json\" class=\"yoast-schema-graph\">{\"@context\":\"https:\\\/\\\/schema.org\",\"@graph\":[{\"@type\":\"WebPage\",\"@id\":\"https:\\\/\\\/woutersinternational.com\\\/fr\\\/produit\\\/polish-marin\\\/\",\"url\":\"https:\\\/\\\/woutersinternational.com\\\/fr\\\/produit\\\/polish-marin\\\/\",\"name\":\"Polish Marin - Wouters International\",\"isPartOf\":{\"@id\":\"https:\\\/\\\/woutersinternational.com\\\/fr\\\/#website\"},\"primaryImageOfPage\":{\"@id\":\"https:\\\/\\\/woutersinternational.com\\\/fr\\\/produit\\\/polish-marin\\\/#primaryimage\"},\"image\":{\"@id\":\"https:\\\/\\\/woutersinternational.com\\\/fr\\\/produit\\\/polish-marin\\\/#primaryimage\"},\"thumbnailUrl\":\"https:\\\/\\\/woutersinternational.com\\\/wp-content\\\/uploads\\\/Wouters-International-Marnie-polish.png\",\"datePublished\":\"2025-04-10T15:27:49+00:00\",\"dateModified\":\"2025-11-21T15:53:01+00:00\",\"breadcrumb\":{\"@id\":\"https:\\\/\\\/woutersinternational.com\\\/fr\\\/produit\\\/polish-marin\\\/#breadcrumb\"},\"inLanguage\":\"fr-FR\",\"potentialAction\":[{\"@type\":\"ReadAction\",\"target\":[\"https:\\\/\\\/woutersinternational.com\\\/fr\\\/produit\\\/polish-marin\\\/\"]}]},{\"@type\":\"ImageObject\",\"inLanguage\":\"fr-FR\",\"@id\":\"https:\\\/\\\/woutersinternational.com\\\/fr\\\/produit\\\/polish-marin\\\/#primaryimage\",\"url\":\"https:\\\/\\\/woutersinternational.com\\\/wp-content\\\/uploads\\\/Wouters-International-Marnie-polish.png\",\"contentUrl\":\"https:\\\/\\\/woutersinternational.com\\\/wp-content\\\/uploads\\\/Wouters-International-Marnie-polish.png\",\"width\":1600,\"height\":1600},{\"@type\":\"BreadcrumbList\",\"@id\":\"https:\\\/\\\/woutersinternational.com\\\/fr\\\/produit\\\/polish-marin\\\/#breadcrumb\",\"itemListElement\":[{\"@type\":\"ListItem\",\"position\":1,\"name\":\"Accueil\",\"item\":\"https:\\\/\\\/woutersinternational.com\\\/fr\\\/accueil\\\/\"},{\"@type\":\"ListItem\",\"position\":2,\"name\":\"Produits\",\"item\":\"https:\\\/\\\/woutersinternational.com\\\/fr\\\/produits\\\/\"},{\"@type\":\"ListItem\",\"position\":3,\"name\":\"Polish Marin\"}]},{\"@type\":\"WebSite\",\"@id\":\"https:\\\/\\\/woutersinternational.com\\\/fr\\\/#website\",\"url\":\"https:\\\/\\\/woutersinternational.com\\\/fr\\\/\",\"name\":\"Wouters International\",\"description\":\"\",\"potentialAction\":[{\"@type\":\"SearchAction\",\"target\":{\"@type\":\"EntryPoint\",\"urlTemplate\":\"https:\\\/\\\/woutersinternational.com\\\/fr\\\/?s={search_term_string}\"},\"query-input\":{\"@type\":\"PropertyValueSpecification\",\"valueRequired\":true,\"valueName\":\"search_term_string\"}}],\"inLanguage\":\"fr-FR\"}]}<\/script>\n<!-- \/ Yoast SEO plugin. -->","yoast_head_json":{"title":"Polish Marin - Wouters International","robots":{"index":"index","follow":"follow","max-snippet":"max-snippet:-1","max-image-preview":"max-image-preview:large","max-video-preview":"max-video-preview:-1"},"canonical":"https:\/\/woutersinternational.com\/fr\/produit\/polish-marin\/","og_locale":"fr_FR","og_type":"article","og_title":"Polish Marin - Wouters International","og_description":"Le Polish Marin offre une brillance \u00e9lev\u00e9e et une protection durable contre l&rsquo;eau sal\u00e9e, la lumi\u00e8re du soleil, l&rsquo;huile, etc. Ce polish ultra-fin avec cire est destin\u00e9 \u00e0 \u00eatre utilis\u00e9 sur le gelcoat et les surfaces peintes. Il ne contient pas de silicone et peut \u00eatre appliqu\u00e9 \u00e0 la main ou \u00e0 la machine (800-1000 [&hellip;]","og_url":"https:\/\/woutersinternational.com\/fr\/produit\/polish-marin\/","og_site_name":"Wouters International","article_modified_time":"2025-11-21T15:53:01+00:00","og_image":[{"width":1600,"height":1600,"url":"https:\/\/woutersinternational.com\/wp-content\/uploads\/Wouters-International-Marnie-polish.png","type":"image\/png"}],"twitter_card":"summary_large_image","schema":{"@context":"https:\/\/schema.org","@graph":[{"@type":"WebPage","@id":"https:\/\/woutersinternational.com\/fr\/produit\/polish-marin\/","url":"https:\/\/woutersinternational.com\/fr\/produit\/polish-marin\/","name":"Polish Marin - Wouters International","isPartOf":{"@id":"https:\/\/woutersinternational.com\/fr\/#website"},"primaryImageOfPage":{"@id":"https:\/\/woutersinternational.com\/fr\/produit\/polish-marin\/#primaryimage"},"image":{"@id":"https:\/\/woutersinternational.com\/fr\/produit\/polish-marin\/#primaryimage"},"thumbnailUrl":"https:\/\/woutersinternational.com\/wp-content\/uploads\/Wouters-International-Marnie-polish.png","datePublished":"2025-04-10T15:27:49+00:00","dateModified":"2025-11-21T15:53:01+00:00","breadcrumb":{"@id":"https:\/\/woutersinternational.com\/fr\/produit\/polish-marin\/#breadcrumb"},"inLanguage":"fr-FR","potentialAction":[{"@type":"ReadAction","target":["https:\/\/woutersinternational.com\/fr\/produit\/polish-marin\/"]}]},{"@type":"ImageObject","inLanguage":"fr-FR","@id":"https:\/\/woutersinternational.com\/fr\/produit\/polish-marin\/#primaryimage","url":"https:\/\/woutersinternational.com\/wp-content\/uploads\/Wouters-International-Marnie-polish.png","contentUrl":"https:\/\/woutersinternational.com\/wp-content\/uploads\/Wouters-International-Marnie-polish.png","width":1600,"height":1600},{"@type":"BreadcrumbList","@id":"https:\/\/woutersinternational.com\/fr\/produit\/polish-marin\/#breadcrumb","itemListElement":[{"@type":"ListItem","position":1,"name":"Accueil","item":"https:\/\/woutersinternational.com\/fr\/accueil\/"},{"@type":"ListItem","position":2,"name":"Produits","item":"https:\/\/woutersinternational.com\/fr\/produits\/"},{"@type":"ListItem","position":3,"name":"Polish Marin"}]},{"@type":"WebSite","@id":"https:\/\/woutersinternational.com\/fr\/#website","url":"https:\/\/woutersinternational.com\/fr\/","name":"Wouters International","description":"","potentialAction":[{"@type":"SearchAction","target":{"@type":"EntryPoint","urlTemplate":"https:\/\/woutersinternational.com\/fr\/?s={search_term_string}"},"query-input":{"@type":"PropertyValueSpecification","valueRequired":true,"valueName":"search_term_string"}}],"inLanguage":"fr-FR"}]}},"_links":{"self":[{"href":"https:\/\/woutersinternational.com\/fr\/wp-json\/wp\/v2\/product\/1219","targetHints":{"allow":["GET"]}}],"collection":[{"href":"https:\/\/woutersinternational.com\/fr\/wp-json\/wp\/v2\/product"}],"about":[{"href":"https:\/\/woutersinternational.com\/fr\/wp-json\/wp\/v2\/types\/product"}],"replies":[{"embeddable":true,"href":"https:\/\/woutersinternational.com\/fr\/wp-json\/wp\/v2\/comments?post=1219"}],"wp:featuredmedia":[{"embeddable":true,"href":"https:\/\/woutersinternational.com\/fr\/wp-json\/wp\/v2\/media\/1221"}],"wp:attachment":[{"href":"https:\/\/woutersinternational.com\/fr\/wp-json\/wp\/v2\/media?parent=1219"}],"wp:term":[{"taxonomy":"product_brand","embeddable":true,"href":"https:\/\/woutersinternational.com\/fr\/wp-json\/wp\/v2\/product_brand?post=1219"},{"taxonomy":"product_cat","embeddable":true,"href":"https:\/\/woutersinternational.com\/fr\/wp-json\/wp\/v2\/product_cat?post=1219"},{"taxonomy":"product_tag","embeddable":true,"href":"https:\/\/woutersinternational.com\/fr\/wp-json\/wp\/v2\/product_tag?post=1219"}],"curies":[{"name":"wp","href":"https:\/\/api.w.org\/{rel}","templated":true}]}}