{"id":1225,"date":"2025-04-10T18:10:38","date_gmt":"2025-04-10T18:10:38","guid":{"rendered":"https:\/\/woutersinternational.com\/product\/vc-tar\/"},"modified":"2025-12-01T15:51:14","modified_gmt":"2025-12-01T15:51:14","slug":"vc-tar","status":"publish","type":"product","link":"https:\/\/woutersinternational.com\/fr\/produit\/vc-tar\/","title":{"rendered":"VC Tar"},"content":{"rendered":"<p>VC Tar2 est l&rsquo;appr\u00eat parfait pour les antifoulings VC<\/p>\n<p>C&rsquo;est un appr\u00eat \u00e9poxy bi-composant qui offre une protection puissante contre l&rsquo;osmose pour les bateaux en polyester et une protection anticorrosive pour les surfaces en acier et en alliages l\u00e9gers sous la ligne de flottaison. Offre une excellente barri\u00e8re contre l&rsquo;eau pour la protection et le traitement contre l&rsquo;osmose.<\/p>\n<p>Pour les produits VC :<\/p>\n<ul class=\"goodToKnow__list body-copy-s\">\n<li class=\"goodToKnow__listItem body-copy-rg\">Auto-nivelant pour une finition magnifique :<\/li>\n<li class=\"goodToKnow__listItem body-copy-rg\">Facile \u00e0 appliquer. Recouvrable en quelques heures.<\/li>\n<li class=\"goodToKnow__listItem body-copy-rg\">Il n&rsquo;est pas n\u00e9cessaire de poncer entre les couches.<\/li>\n<li>(Uniquement adapt\u00e9 sous la ligne de flottaison)<\/li>\n<li>Disponible en blanc et noir, pour une facilit\u00e9 de recouvrement<\/li>\n<\/ul>\n","protected":false},"excerpt":{"rendered":"<p>VC Tar2 est l&rsquo;appr\u00eat parfait pour les antifoulings VC C&rsquo;est un appr\u00eat \u00e9poxy bi-composant qui offre une protection puissante contre l&rsquo;osmose pour les bateaux en polyester et une protection anticorrosive pour les surfaces en acier et en alliages l\u00e9gers sous la ligne de flottaison. Offre une excellente barri\u00e8re contre l&rsquo;eau pour la protection et le [&hellip;]<\/p>\n","protected":false},"featured_media":1226,"comment_status":"open","ping_status":"closed","template":"","meta":[],"product_brand":[],"product_cat":[47,46],"product_tag":[],"class_list":{"0":"post-1225","1":"product","2":"type-product","3":"status-publish","4":"has-post-thumbnail","6":"product_cat-primaires","7":"product_cat-sous-couches","9":"first","10":"instock","11":"shipping-taxable","12":"product-type-simple"},"yoast_head":"<!-- This site is optimized with the Yoast SEO plugin v27.6 - https:\/\/yoast.com\/product\/yoast-seo-wordpress\/ -->\n<title>VC Tar - Wouters International<\/title>\n<meta name=\"robots\" content=\"index, follow, max-snippet:-1, max-image-preview:large, max-video-preview:-1\" \/>\n<link rel=\"canonical\" href=\"https:\/\/woutersinternational.com\/fr\/produit\/vc-tar\/\" \/>\n<meta property=\"og:locale\" content=\"fr_FR\" \/>\n<meta property=\"og:type\" content=\"article\" \/>\n<meta property=\"og:title\" content=\"VC Tar - Wouters International\" \/>\n<meta property=\"og:description\" content=\"VC Tar2 est l&rsquo;appr\u00eat parfait pour les antifoulings VC C&rsquo;est un appr\u00eat \u00e9poxy bi-composant qui offre une protection puissante contre l&rsquo;osmose pour les bateaux en polyester et une protection anticorrosive pour les surfaces en acier et en alliages l\u00e9gers sous la ligne de flottaison. Offre une excellente barri\u00e8re contre l&rsquo;eau pour la protection et le [&hellip;]\" \/>\n<meta property=\"og:url\" content=\"https:\/\/woutersinternational.com\/fr\/produit\/vc-tar\/\" \/>\n<meta property=\"og:site_name\" content=\"Wouters International\" \/>\n<meta property=\"article:modified_time\" content=\"2025-12-01T15:51:14+00:00\" \/>\n<meta property=\"og:image\" content=\"https:\/\/woutersinternational.com\/wp-content\/uploads\/Wouters-International-VC-Tar2.png\" \/>\n\t<meta property=\"og:image:width\" content=\"1600\" \/>\n\t<meta property=\"og:image:height\" content=\"1600\" \/>\n\t<meta property=\"og:image:type\" content=\"image\/png\" \/>\n<meta name=\"twitter:card\" content=\"summary_large_image\" \/>\n<meta name=\"twitter:label1\" content=\"Dur\u00e9e de lecture estim\u00e9e\" \/>\n\t<meta name=\"twitter:data1\" content=\"1 minute\" \/>\n<script type=\"application\/ld+json\" class=\"yoast-schema-graph\">{\"@context\":\"https:\\\/\\\/schema.org\",\"@graph\":[{\"@type\":\"WebPage\",\"@id\":\"https:\\\/\\\/woutersinternational.com\\\/fr\\\/produit\\\/vc-tar\\\/\",\"url\":\"https:\\\/\\\/woutersinternational.com\\\/fr\\\/produit\\\/vc-tar\\\/\",\"name\":\"VC Tar - Wouters International\",\"isPartOf\":{\"@id\":\"https:\\\/\\\/woutersinternational.com\\\/fr\\\/#website\"},\"primaryImageOfPage\":{\"@id\":\"https:\\\/\\\/woutersinternational.com\\\/fr\\\/produit\\\/vc-tar\\\/#primaryimage\"},\"image\":{\"@id\":\"https:\\\/\\\/woutersinternational.com\\\/fr\\\/produit\\\/vc-tar\\\/#primaryimage\"},\"thumbnailUrl\":\"https:\\\/\\\/woutersinternational.com\\\/wp-content\\\/uploads\\\/Wouters-International-VC-Tar2.png\",\"datePublished\":\"2025-04-10T18:10:38+00:00\",\"dateModified\":\"2025-12-01T15:51:14+00:00\",\"breadcrumb\":{\"@id\":\"https:\\\/\\\/woutersinternational.com\\\/fr\\\/produit\\\/vc-tar\\\/#breadcrumb\"},\"inLanguage\":\"fr-FR\",\"potentialAction\":[{\"@type\":\"ReadAction\",\"target\":[\"https:\\\/\\\/woutersinternational.com\\\/fr\\\/produit\\\/vc-tar\\\/\"]}]},{\"@type\":\"ImageObject\",\"inLanguage\":\"fr-FR\",\"@id\":\"https:\\\/\\\/woutersinternational.com\\\/fr\\\/produit\\\/vc-tar\\\/#primaryimage\",\"url\":\"https:\\\/\\\/woutersinternational.com\\\/wp-content\\\/uploads\\\/Wouters-International-VC-Tar2.png\",\"contentUrl\":\"https:\\\/\\\/woutersinternational.com\\\/wp-content\\\/uploads\\\/Wouters-International-VC-Tar2.png\",\"width\":1600,\"height\":1600},{\"@type\":\"BreadcrumbList\",\"@id\":\"https:\\\/\\\/woutersinternational.com\\\/fr\\\/produit\\\/vc-tar\\\/#breadcrumb\",\"itemListElement\":[{\"@type\":\"ListItem\",\"position\":1,\"name\":\"Accueil\",\"item\":\"https:\\\/\\\/woutersinternational.com\\\/fr\\\/accueil\\\/\"},{\"@type\":\"ListItem\",\"position\":2,\"name\":\"Produits\",\"item\":\"https:\\\/\\\/woutersinternational.com\\\/fr\\\/produits\\\/\"},{\"@type\":\"ListItem\",\"position\":3,\"name\":\"VC Tar\"}]},{\"@type\":\"WebSite\",\"@id\":\"https:\\\/\\\/woutersinternational.com\\\/fr\\\/#website\",\"url\":\"https:\\\/\\\/woutersinternational.com\\\/fr\\\/\",\"name\":\"Wouters International\",\"description\":\"\",\"potentialAction\":[{\"@type\":\"SearchAction\",\"target\":{\"@type\":\"EntryPoint\",\"urlTemplate\":\"https:\\\/\\\/woutersinternational.com\\\/fr\\\/?s={search_term_string}\"},\"query-input\":{\"@type\":\"PropertyValueSpecification\",\"valueRequired\":true,\"valueName\":\"search_term_string\"}}],\"inLanguage\":\"fr-FR\"}]}<\/script>\n<!-- \/ Yoast SEO plugin. -->","yoast_head_json":{"title":"VC Tar - Wouters International","robots":{"index":"index","follow":"follow","max-snippet":"max-snippet:-1","max-image-preview":"max-image-preview:large","max-video-preview":"max-video-preview:-1"},"canonical":"https:\/\/woutersinternational.com\/fr\/produit\/vc-tar\/","og_locale":"fr_FR","og_type":"article","og_title":"VC Tar - Wouters International","og_description":"VC Tar2 est l&rsquo;appr\u00eat parfait pour les antifoulings VC C&rsquo;est un appr\u00eat \u00e9poxy bi-composant qui offre une protection puissante contre l&rsquo;osmose pour les bateaux en polyester et une protection anticorrosive pour les surfaces en acier et en alliages l\u00e9gers sous la ligne de flottaison. Offre une excellente barri\u00e8re contre l&rsquo;eau pour la protection et le [&hellip;]","og_url":"https:\/\/woutersinternational.com\/fr\/produit\/vc-tar\/","og_site_name":"Wouters International","article_modified_time":"2025-12-01T15:51:14+00:00","og_image":[{"width":1600,"height":1600,"url":"https:\/\/woutersinternational.com\/wp-content\/uploads\/Wouters-International-VC-Tar2.png","type":"image\/png"}],"twitter_card":"summary_large_image","twitter_misc":{"Dur\u00e9e de lecture estim\u00e9e":"1 minute"},"schema":{"@context":"https:\/\/schema.org","@graph":[{"@type":"WebPage","@id":"https:\/\/woutersinternational.com\/fr\/produit\/vc-tar\/","url":"https:\/\/woutersinternational.com\/fr\/produit\/vc-tar\/","name":"VC Tar - Wouters International","isPartOf":{"@id":"https:\/\/woutersinternational.com\/fr\/#website"},"primaryImageOfPage":{"@id":"https:\/\/woutersinternational.com\/fr\/produit\/vc-tar\/#primaryimage"},"image":{"@id":"https:\/\/woutersinternational.com\/fr\/produit\/vc-tar\/#primaryimage"},"thumbnailUrl":"https:\/\/woutersinternational.com\/wp-content\/uploads\/Wouters-International-VC-Tar2.png","datePublished":"2025-04-10T18:10:38+00:00","dateModified":"2025-12-01T15:51:14+00:00","breadcrumb":{"@id":"https:\/\/woutersinternational.com\/fr\/produit\/vc-tar\/#breadcrumb"},"inLanguage":"fr-FR","potentialAction":[{"@type":"ReadAction","target":["https:\/\/woutersinternational.com\/fr\/produit\/vc-tar\/"]}]},{"@type":"ImageObject","inLanguage":"fr-FR","@id":"https:\/\/woutersinternational.com\/fr\/produit\/vc-tar\/#primaryimage","url":"https:\/\/woutersinternational.com\/wp-content\/uploads\/Wouters-International-VC-Tar2.png","contentUrl":"https:\/\/woutersinternational.com\/wp-content\/uploads\/Wouters-International-VC-Tar2.png","width":1600,"height":1600},{"@type":"BreadcrumbList","@id":"https:\/\/woutersinternational.com\/fr\/produit\/vc-tar\/#breadcrumb","itemListElement":[{"@type":"ListItem","position":1,"name":"Accueil","item":"https:\/\/woutersinternational.com\/fr\/accueil\/"},{"@type":"ListItem","position":2,"name":"Produits","item":"https:\/\/woutersinternational.com\/fr\/produits\/"},{"@type":"ListItem","position":3,"name":"VC Tar"}]},{"@type":"WebSite","@id":"https:\/\/woutersinternational.com\/fr\/#website","url":"https:\/\/woutersinternational.com\/fr\/","name":"Wouters International","description":"","potentialAction":[{"@type":"SearchAction","target":{"@type":"EntryPoint","urlTemplate":"https:\/\/woutersinternational.com\/fr\/?s={search_term_string}"},"query-input":{"@type":"PropertyValueSpecification","valueRequired":true,"valueName":"search_term_string"}}],"inLanguage":"fr-FR"}]}},"_links":{"self":[{"href":"https:\/\/woutersinternational.com\/fr\/wp-json\/wp\/v2\/product\/1225","targetHints":{"allow":["GET"]}}],"collection":[{"href":"https:\/\/woutersinternational.com\/fr\/wp-json\/wp\/v2\/product"}],"about":[{"href":"https:\/\/woutersinternational.com\/fr\/wp-json\/wp\/v2\/types\/product"}],"replies":[{"embeddable":true,"href":"https:\/\/woutersinternational.com\/fr\/wp-json\/wp\/v2\/comments?post=1225"}],"wp:featuredmedia":[{"embeddable":true,"href":"https:\/\/woutersinternational.com\/fr\/wp-json\/wp\/v2\/media\/1226"}],"wp:attachment":[{"href":"https:\/\/woutersinternational.com\/fr\/wp-json\/wp\/v2\/media?parent=1225"}],"wp:term":[{"taxonomy":"product_brand","embeddable":true,"href":"https:\/\/woutersinternational.com\/fr\/wp-json\/wp\/v2\/product_brand?post=1225"},{"taxonomy":"product_cat","embeddable":true,"href":"https:\/\/woutersinternational.com\/fr\/wp-json\/wp\/v2\/product_cat?post=1225"},{"taxonomy":"product_tag","embeddable":true,"href":"https:\/\/woutersinternational.com\/fr\/wp-json\/wp\/v2\/product_tag?post=1225"}],"curies":[{"name":"wp","href":"https:\/\/api.w.org\/{rel}","templated":true}]}}