{"id":1232,"date":"2025-04-07T14:44:19","date_gmt":"2025-04-07T14:44:19","guid":{"rendered":"https:\/\/woutersinternational.com\/product\/granules-antiderapants\/"},"modified":"2025-11-21T18:19:46","modified_gmt":"2025-11-21T18:19:46","slug":"granules-antiderapants","status":"publish","type":"product","link":"https:\/\/woutersinternational.com\/fr\/produit\/granules-antiderapants\/","title":{"rendered":"Granul\u00e9s antid\u00e9rapants"},"content":{"rendered":"<p>Granul\u00e9s synth\u00e9tiques \u00e0 ajouter au vernis de finition. Assure une action antid\u00e9rapante parfaite sur le pont.<\/p>\n<p>La s\u00e9curit\u00e9 est primordiale \u00e0 bord. Pour obtenir une surface antid\u00e9rapante efficace, saupoudrez cet additif dans le vernis de finition ou sur la peinture humide. Les temps de s\u00e9chage ne sont pas affect\u00e9s.<\/p>\n<p>Autrefois, le peintre ajoutait parfois du sable dans la peinture : ces granul\u00e9s sont synth\u00e9tiques, et donc respectueux de la peau des baigneurs.<\/p>\n<p>Emballage de 20 g suffisant pour 750 ml de vernis de finition.<\/p>\n<ul class=\"goodToKnow__list body-copy-s\">\n<li class=\"goodToKnow__listItem body-copy-rg\">Vous obtenez une surface antid\u00e9rapante en l&rsquo;ajoutant ou en le saupoudrant sur la peinture<\/li>\n<li class=\"goodToKnow__listItem body-copy-rg\">Les temps de s\u00e9chage des vernis de finition ne sont pas affect\u00e9s<\/li>\n<li class=\"goodToKnow__listItem body-copy-rg\">Vous pouvez appliquer votre vernis de finition comme d&rsquo;habitude.<\/li>\n<li>Toplac Plus et Supergloss m\u00e9lang\u00e9s avec des granul\u00e9s antid\u00e9rapants : 37 teintes<\/li>\n<\/ul>\n","protected":false},"excerpt":{"rendered":"<p>Granul\u00e9s synth\u00e9tiques \u00e0 ajouter au vernis de finition. Assure une action antid\u00e9rapante parfaite sur le pont. La s\u00e9curit\u00e9 est primordiale \u00e0 bord. Pour obtenir une surface antid\u00e9rapante efficace, saupoudrez cet additif dans le vernis de finition ou sur la peinture humide. Les temps de s\u00e9chage ne sont pas affect\u00e9s. Autrefois, le peintre ajoutait parfois du [&hellip;]<\/p>\n","protected":false},"featured_media":1234,"comment_status":"open","ping_status":"closed","template":"","meta":[],"product_brand":[],"product_cat":[46],"product_tag":[],"class_list":{"0":"post-1232","1":"product","2":"type-product","3":"status-publish","4":"has-post-thumbnail","6":"product_cat-sous-couches","8":"first","9":"instock","10":"shipping-taxable","11":"product-type-simple"},"yoast_head":"<!-- This site is optimized with the Yoast SEO plugin v27.6 - https:\/\/yoast.com\/product\/yoast-seo-wordpress\/ -->\n<title>Granul\u00e9s antid\u00e9rapants - Wouters International<\/title>\n<meta name=\"robots\" content=\"index, follow, max-snippet:-1, max-image-preview:large, max-video-preview:-1\" \/>\n<link rel=\"canonical\" href=\"https:\/\/woutersinternational.com\/fr\/produit\/granules-antiderapants\/\" \/>\n<meta property=\"og:locale\" content=\"fr_FR\" \/>\n<meta property=\"og:type\" content=\"article\" \/>\n<meta property=\"og:title\" content=\"Granul\u00e9s antid\u00e9rapants - Wouters International\" \/>\n<meta property=\"og:description\" content=\"Granul\u00e9s synth\u00e9tiques \u00e0 ajouter au vernis de finition. Assure une action antid\u00e9rapante parfaite sur le pont. La s\u00e9curit\u00e9 est primordiale \u00e0 bord. Pour obtenir une surface antid\u00e9rapante efficace, saupoudrez cet additif dans le vernis de finition ou sur la peinture humide. Les temps de s\u00e9chage ne sont pas affect\u00e9s. Autrefois, le peintre ajoutait parfois du [&hellip;]\" \/>\n<meta property=\"og:url\" content=\"https:\/\/woutersinternational.com\/fr\/produit\/granules-antiderapants\/\" \/>\n<meta property=\"og:site_name\" content=\"Wouters International\" \/>\n<meta property=\"article:modified_time\" content=\"2025-11-21T18:19:46+00:00\" \/>\n<meta property=\"og:image\" content=\"https:\/\/woutersinternational.com\/wp-content\/uploads\/Wouters-International-Antislip-korrel.png\" \/>\n\t<meta property=\"og:image:width\" content=\"1600\" \/>\n\t<meta property=\"og:image:height\" content=\"1600\" \/>\n\t<meta property=\"og:image:type\" content=\"image\/png\" \/>\n<meta name=\"twitter:card\" content=\"summary_large_image\" \/>\n<meta name=\"twitter:label1\" content=\"Dur\u00e9e de lecture estim\u00e9e\" \/>\n\t<meta name=\"twitter:data1\" content=\"1 minute\" \/>\n<script type=\"application\/ld+json\" class=\"yoast-schema-graph\">{\"@context\":\"https:\\\/\\\/schema.org\",\"@graph\":[{\"@type\":\"WebPage\",\"@id\":\"https:\\\/\\\/woutersinternational.com\\\/fr\\\/produit\\\/granules-antiderapants\\\/\",\"url\":\"https:\\\/\\\/woutersinternational.com\\\/fr\\\/produit\\\/granules-antiderapants\\\/\",\"name\":\"Granul\u00e9s antid\u00e9rapants - Wouters International\",\"isPartOf\":{\"@id\":\"https:\\\/\\\/woutersinternational.com\\\/fr\\\/#website\"},\"primaryImageOfPage\":{\"@id\":\"https:\\\/\\\/woutersinternational.com\\\/fr\\\/produit\\\/granules-antiderapants\\\/#primaryimage\"},\"image\":{\"@id\":\"https:\\\/\\\/woutersinternational.com\\\/fr\\\/produit\\\/granules-antiderapants\\\/#primaryimage\"},\"thumbnailUrl\":\"https:\\\/\\\/woutersinternational.com\\\/wp-content\\\/uploads\\\/Wouters-International-Antislip-korrel.png\",\"datePublished\":\"2025-04-07T14:44:19+00:00\",\"dateModified\":\"2025-11-21T18:19:46+00:00\",\"breadcrumb\":{\"@id\":\"https:\\\/\\\/woutersinternational.com\\\/fr\\\/produit\\\/granules-antiderapants\\\/#breadcrumb\"},\"inLanguage\":\"fr-FR\",\"potentialAction\":[{\"@type\":\"ReadAction\",\"target\":[\"https:\\\/\\\/woutersinternational.com\\\/fr\\\/produit\\\/granules-antiderapants\\\/\"]}]},{\"@type\":\"ImageObject\",\"inLanguage\":\"fr-FR\",\"@id\":\"https:\\\/\\\/woutersinternational.com\\\/fr\\\/produit\\\/granules-antiderapants\\\/#primaryimage\",\"url\":\"https:\\\/\\\/woutersinternational.com\\\/wp-content\\\/uploads\\\/Wouters-International-Antislip-korrel.png\",\"contentUrl\":\"https:\\\/\\\/woutersinternational.com\\\/wp-content\\\/uploads\\\/Wouters-International-Antislip-korrel.png\",\"width\":1600,\"height\":1600},{\"@type\":\"BreadcrumbList\",\"@id\":\"https:\\\/\\\/woutersinternational.com\\\/fr\\\/produit\\\/granules-antiderapants\\\/#breadcrumb\",\"itemListElement\":[{\"@type\":\"ListItem\",\"position\":1,\"name\":\"Accueil\",\"item\":\"https:\\\/\\\/woutersinternational.com\\\/fr\\\/accueil\\\/\"},{\"@type\":\"ListItem\",\"position\":2,\"name\":\"Produits\",\"item\":\"https:\\\/\\\/woutersinternational.com\\\/fr\\\/produits\\\/\"},{\"@type\":\"ListItem\",\"position\":3,\"name\":\"Granul\u00e9s antid\u00e9rapants\"}]},{\"@type\":\"WebSite\",\"@id\":\"https:\\\/\\\/woutersinternational.com\\\/fr\\\/#website\",\"url\":\"https:\\\/\\\/woutersinternational.com\\\/fr\\\/\",\"name\":\"Wouters International\",\"description\":\"\",\"potentialAction\":[{\"@type\":\"SearchAction\",\"target\":{\"@type\":\"EntryPoint\",\"urlTemplate\":\"https:\\\/\\\/woutersinternational.com\\\/fr\\\/?s={search_term_string}\"},\"query-input\":{\"@type\":\"PropertyValueSpecification\",\"valueRequired\":true,\"valueName\":\"search_term_string\"}}],\"inLanguage\":\"fr-FR\"}]}<\/script>\n<!-- \/ Yoast SEO plugin. -->","yoast_head_json":{"title":"Granul\u00e9s antid\u00e9rapants - Wouters International","robots":{"index":"index","follow":"follow","max-snippet":"max-snippet:-1","max-image-preview":"max-image-preview:large","max-video-preview":"max-video-preview:-1"},"canonical":"https:\/\/woutersinternational.com\/fr\/produit\/granules-antiderapants\/","og_locale":"fr_FR","og_type":"article","og_title":"Granul\u00e9s antid\u00e9rapants - Wouters International","og_description":"Granul\u00e9s synth\u00e9tiques \u00e0 ajouter au vernis de finition. Assure une action antid\u00e9rapante parfaite sur le pont. La s\u00e9curit\u00e9 est primordiale \u00e0 bord. Pour obtenir une surface antid\u00e9rapante efficace, saupoudrez cet additif dans le vernis de finition ou sur la peinture humide. Les temps de s\u00e9chage ne sont pas affect\u00e9s. Autrefois, le peintre ajoutait parfois du [&hellip;]","og_url":"https:\/\/woutersinternational.com\/fr\/produit\/granules-antiderapants\/","og_site_name":"Wouters International","article_modified_time":"2025-11-21T18:19:46+00:00","og_image":[{"width":1600,"height":1600,"url":"https:\/\/woutersinternational.com\/wp-content\/uploads\/Wouters-International-Antislip-korrel.png","type":"image\/png"}],"twitter_card":"summary_large_image","twitter_misc":{"Dur\u00e9e de lecture estim\u00e9e":"1 minute"},"schema":{"@context":"https:\/\/schema.org","@graph":[{"@type":"WebPage","@id":"https:\/\/woutersinternational.com\/fr\/produit\/granules-antiderapants\/","url":"https:\/\/woutersinternational.com\/fr\/produit\/granules-antiderapants\/","name":"Granul\u00e9s antid\u00e9rapants - Wouters International","isPartOf":{"@id":"https:\/\/woutersinternational.com\/fr\/#website"},"primaryImageOfPage":{"@id":"https:\/\/woutersinternational.com\/fr\/produit\/granules-antiderapants\/#primaryimage"},"image":{"@id":"https:\/\/woutersinternational.com\/fr\/produit\/granules-antiderapants\/#primaryimage"},"thumbnailUrl":"https:\/\/woutersinternational.com\/wp-content\/uploads\/Wouters-International-Antislip-korrel.png","datePublished":"2025-04-07T14:44:19+00:00","dateModified":"2025-11-21T18:19:46+00:00","breadcrumb":{"@id":"https:\/\/woutersinternational.com\/fr\/produit\/granules-antiderapants\/#breadcrumb"},"inLanguage":"fr-FR","potentialAction":[{"@type":"ReadAction","target":["https:\/\/woutersinternational.com\/fr\/produit\/granules-antiderapants\/"]}]},{"@type":"ImageObject","inLanguage":"fr-FR","@id":"https:\/\/woutersinternational.com\/fr\/produit\/granules-antiderapants\/#primaryimage","url":"https:\/\/woutersinternational.com\/wp-content\/uploads\/Wouters-International-Antislip-korrel.png","contentUrl":"https:\/\/woutersinternational.com\/wp-content\/uploads\/Wouters-International-Antislip-korrel.png","width":1600,"height":1600},{"@type":"BreadcrumbList","@id":"https:\/\/woutersinternational.com\/fr\/produit\/granules-antiderapants\/#breadcrumb","itemListElement":[{"@type":"ListItem","position":1,"name":"Accueil","item":"https:\/\/woutersinternational.com\/fr\/accueil\/"},{"@type":"ListItem","position":2,"name":"Produits","item":"https:\/\/woutersinternational.com\/fr\/produits\/"},{"@type":"ListItem","position":3,"name":"Granul\u00e9s antid\u00e9rapants"}]},{"@type":"WebSite","@id":"https:\/\/woutersinternational.com\/fr\/#website","url":"https:\/\/woutersinternational.com\/fr\/","name":"Wouters International","description":"","potentialAction":[{"@type":"SearchAction","target":{"@type":"EntryPoint","urlTemplate":"https:\/\/woutersinternational.com\/fr\/?s={search_term_string}"},"query-input":{"@type":"PropertyValueSpecification","valueRequired":true,"valueName":"search_term_string"}}],"inLanguage":"fr-FR"}]}},"_links":{"self":[{"href":"https:\/\/woutersinternational.com\/fr\/wp-json\/wp\/v2\/product\/1232","targetHints":{"allow":["GET"]}}],"collection":[{"href":"https:\/\/woutersinternational.com\/fr\/wp-json\/wp\/v2\/product"}],"about":[{"href":"https:\/\/woutersinternational.com\/fr\/wp-json\/wp\/v2\/types\/product"}],"replies":[{"embeddable":true,"href":"https:\/\/woutersinternational.com\/fr\/wp-json\/wp\/v2\/comments?post=1232"}],"wp:featuredmedia":[{"embeddable":true,"href":"https:\/\/woutersinternational.com\/fr\/wp-json\/wp\/v2\/media\/1234"}],"wp:attachment":[{"href":"https:\/\/woutersinternational.com\/fr\/wp-json\/wp\/v2\/media?parent=1232"}],"wp:term":[{"taxonomy":"product_brand","embeddable":true,"href":"https:\/\/woutersinternational.com\/fr\/wp-json\/wp\/v2\/product_brand?post=1232"},{"taxonomy":"product_cat","embeddable":true,"href":"https:\/\/woutersinternational.com\/fr\/wp-json\/wp\/v2\/product_cat?post=1232"},{"taxonomy":"product_tag","embeddable":true,"href":"https:\/\/woutersinternational.com\/fr\/wp-json\/wp\/v2\/product_tag?post=1232"}],"curies":[{"name":"wp","href":"https:\/\/api.w.org\/{rel}","templated":true}]}}