{"id":1235,"date":"2025-04-07T14:30:08","date_gmt":"2025-04-07T14:30:08","guid":{"rendered":"https:\/\/woutersinternational.com\/product\/vc-offshore-antifouling-a-couche-mince\/"},"modified":"2025-11-21T17:48:56","modified_gmt":"2025-11-21T17:48:56","slug":"vc-offshore-antifouling-a-couche-mince","status":"publish","type":"product","link":"https:\/\/woutersinternational.com\/fr\/produit\/vc-offshore-antifouling-a-couche-mince\/","title":{"rendered":"VC Offshore &#8211; antifouling \u00e0 couche mince"},"content":{"rendered":"<p>Antifouling esth\u00e9tiquement tr\u00e8s \u00e9l\u00e9gant pour bateaux rapides<\/p>\n<p>La formulation \u00e0 s\u00e9chage rapide de VC Offshore EU produit une finition mince, particuli\u00e8rement dure et lavable. Cela le rend parfait pour une utilisation sur les bateaux \u00e0 moteur et les voiliers car il assure une vitesse et une efficacit\u00e9 accrues. Le nettoyage apr\u00e8s la saison est un jeu d&rsquo;enfant.<\/p>\n<p>VC Offshore s&rsquo;applique en couche si fine que la coque reste lisse m\u00eame apr\u00e8s des ann\u00e9es d&rsquo;utilisation.<\/p>\n<ul>\n<li>Disponible en couleurs vives : blanc coquille, noir, bleu.<\/li>\n<li>Conditionnements : 750 ml et 2 litres<\/li>\n<\/ul>\n<ul class=\"goodToKnow__list body-copy-s\">\n<li class=\"goodToKnow__listItem body-copy-rg\">Rapide et facile \u00e0 traiter. Pas de pon\u00e7age entre les couches<\/li>\n<li class=\"goodToKnow__listItem body-copy-rg\">S\u00e9chage rapide pour des temps de recouvrement courts et des d\u00e9lais de mise \u00e0 l&rsquo;eau flexibles<\/li>\n<li>VC Offshore est compatible avec l&rsquo;ancien VC17m. Il peut \u00eatre appliqu\u00e9 directement sur l&rsquo;ancienne peinture.<\/li>\n<\/ul>\n","protected":false},"excerpt":{"rendered":"<p>Antifouling esth\u00e9tiquement tr\u00e8s \u00e9l\u00e9gant pour bateaux rapides La formulation \u00e0 s\u00e9chage rapide de VC Offshore EU produit une finition mince, particuli\u00e8rement dure et lavable. Cela le rend parfait pour une utilisation sur les bateaux \u00e0 moteur et les voiliers car il assure une vitesse et une efficacit\u00e9 accrues. Le nettoyage apr\u00e8s la saison est un [&hellip;]<\/p>\n","protected":false},"featured_media":1238,"comment_status":"open","ping_status":"closed","template":"","meta":[],"product_brand":[],"product_cat":[44],"product_tag":[],"class_list":{"0":"post-1235","1":"product","2":"type-product","3":"status-publish","4":"has-post-thumbnail","6":"product_cat-antifouling","8":"first","9":"instock","10":"shipping-taxable","11":"product-type-simple"},"yoast_head":"<!-- This site is optimized with the Yoast SEO plugin v27.6 - https:\/\/yoast.com\/product\/yoast-seo-wordpress\/ -->\n<title>VC Offshore - antifouling \u00e0 couche mince - Wouters International<\/title>\n<meta name=\"robots\" content=\"index, follow, max-snippet:-1, max-image-preview:large, max-video-preview:-1\" \/>\n<link rel=\"canonical\" href=\"https:\/\/woutersinternational.com\/fr\/produit\/vc-offshore-antifouling-a-couche-mince\/\" \/>\n<meta property=\"og:locale\" content=\"fr_FR\" \/>\n<meta property=\"og:type\" content=\"article\" \/>\n<meta property=\"og:title\" content=\"VC Offshore - antifouling \u00e0 couche mince - Wouters International\" \/>\n<meta property=\"og:description\" content=\"Antifouling esth\u00e9tiquement tr\u00e8s \u00e9l\u00e9gant pour bateaux rapides La formulation \u00e0 s\u00e9chage rapide de VC Offshore EU produit une finition mince, particuli\u00e8rement dure et lavable. Cela le rend parfait pour une utilisation sur les bateaux \u00e0 moteur et les voiliers car il assure une vitesse et une efficacit\u00e9 accrues. Le nettoyage apr\u00e8s la saison est un [&hellip;]\" \/>\n<meta property=\"og:url\" content=\"https:\/\/woutersinternational.com\/fr\/produit\/vc-offshore-antifouling-a-couche-mince\/\" \/>\n<meta property=\"og:site_name\" content=\"Wouters International\" \/>\n<meta property=\"article:modified_time\" content=\"2025-11-21T17:48:56+00:00\" \/>\n<meta property=\"og:image\" content=\"https:\/\/woutersinternational.com\/wp-content\/uploads\/Wouters-International-VC-Offshore.png\" \/>\n\t<meta property=\"og:image:width\" content=\"1600\" \/>\n\t<meta property=\"og:image:height\" content=\"1600\" \/>\n\t<meta property=\"og:image:type\" content=\"image\/png\" \/>\n<meta name=\"twitter:card\" content=\"summary_large_image\" \/>\n<meta name=\"twitter:label1\" content=\"Dur\u00e9e de lecture estim\u00e9e\" \/>\n\t<meta name=\"twitter:data1\" content=\"1 minute\" \/>\n<script type=\"application\/ld+json\" class=\"yoast-schema-graph\">{\"@context\":\"https:\\\/\\\/schema.org\",\"@graph\":[{\"@type\":\"WebPage\",\"@id\":\"https:\\\/\\\/woutersinternational.com\\\/fr\\\/produit\\\/vc-offshore-antifouling-a-couche-mince\\\/\",\"url\":\"https:\\\/\\\/woutersinternational.com\\\/fr\\\/produit\\\/vc-offshore-antifouling-a-couche-mince\\\/\",\"name\":\"VC Offshore - antifouling \u00e0 couche mince - Wouters International\",\"isPartOf\":{\"@id\":\"https:\\\/\\\/woutersinternational.com\\\/fr\\\/#website\"},\"primaryImageOfPage\":{\"@id\":\"https:\\\/\\\/woutersinternational.com\\\/fr\\\/produit\\\/vc-offshore-antifouling-a-couche-mince\\\/#primaryimage\"},\"image\":{\"@id\":\"https:\\\/\\\/woutersinternational.com\\\/fr\\\/produit\\\/vc-offshore-antifouling-a-couche-mince\\\/#primaryimage\"},\"thumbnailUrl\":\"https:\\\/\\\/woutersinternational.com\\\/wp-content\\\/uploads\\\/Wouters-International-VC-Offshore.png\",\"datePublished\":\"2025-04-07T14:30:08+00:00\",\"dateModified\":\"2025-11-21T17:48:56+00:00\",\"breadcrumb\":{\"@id\":\"https:\\\/\\\/woutersinternational.com\\\/fr\\\/produit\\\/vc-offshore-antifouling-a-couche-mince\\\/#breadcrumb\"},\"inLanguage\":\"fr-FR\",\"potentialAction\":[{\"@type\":\"ReadAction\",\"target\":[\"https:\\\/\\\/woutersinternational.com\\\/fr\\\/produit\\\/vc-offshore-antifouling-a-couche-mince\\\/\"]}]},{\"@type\":\"ImageObject\",\"inLanguage\":\"fr-FR\",\"@id\":\"https:\\\/\\\/woutersinternational.com\\\/fr\\\/produit\\\/vc-offshore-antifouling-a-couche-mince\\\/#primaryimage\",\"url\":\"https:\\\/\\\/woutersinternational.com\\\/wp-content\\\/uploads\\\/Wouters-International-VC-Offshore.png\",\"contentUrl\":\"https:\\\/\\\/woutersinternational.com\\\/wp-content\\\/uploads\\\/Wouters-International-VC-Offshore.png\",\"width\":1600,\"height\":1600},{\"@type\":\"BreadcrumbList\",\"@id\":\"https:\\\/\\\/woutersinternational.com\\\/fr\\\/produit\\\/vc-offshore-antifouling-a-couche-mince\\\/#breadcrumb\",\"itemListElement\":[{\"@type\":\"ListItem\",\"position\":1,\"name\":\"Accueil\",\"item\":\"https:\\\/\\\/woutersinternational.com\\\/fr\\\/accueil\\\/\"},{\"@type\":\"ListItem\",\"position\":2,\"name\":\"Produits\",\"item\":\"https:\\\/\\\/woutersinternational.com\\\/fr\\\/produits\\\/\"},{\"@type\":\"ListItem\",\"position\":3,\"name\":\"VC Offshore &#8211; antifouling \u00e0 couche mince\"}]},{\"@type\":\"WebSite\",\"@id\":\"https:\\\/\\\/woutersinternational.com\\\/fr\\\/#website\",\"url\":\"https:\\\/\\\/woutersinternational.com\\\/fr\\\/\",\"name\":\"Wouters International\",\"description\":\"\",\"potentialAction\":[{\"@type\":\"SearchAction\",\"target\":{\"@type\":\"EntryPoint\",\"urlTemplate\":\"https:\\\/\\\/woutersinternational.com\\\/fr\\\/?s={search_term_string}\"},\"query-input\":{\"@type\":\"PropertyValueSpecification\",\"valueRequired\":true,\"valueName\":\"search_term_string\"}}],\"inLanguage\":\"fr-FR\"}]}<\/script>\n<!-- \/ Yoast SEO plugin. -->","yoast_head_json":{"title":"VC Offshore - antifouling \u00e0 couche mince - Wouters International","robots":{"index":"index","follow":"follow","max-snippet":"max-snippet:-1","max-image-preview":"max-image-preview:large","max-video-preview":"max-video-preview:-1"},"canonical":"https:\/\/woutersinternational.com\/fr\/produit\/vc-offshore-antifouling-a-couche-mince\/","og_locale":"fr_FR","og_type":"article","og_title":"VC Offshore - antifouling \u00e0 couche mince - Wouters International","og_description":"Antifouling esth\u00e9tiquement tr\u00e8s \u00e9l\u00e9gant pour bateaux rapides La formulation \u00e0 s\u00e9chage rapide de VC Offshore EU produit une finition mince, particuli\u00e8rement dure et lavable. Cela le rend parfait pour une utilisation sur les bateaux \u00e0 moteur et les voiliers car il assure une vitesse et une efficacit\u00e9 accrues. Le nettoyage apr\u00e8s la saison est un [&hellip;]","og_url":"https:\/\/woutersinternational.com\/fr\/produit\/vc-offshore-antifouling-a-couche-mince\/","og_site_name":"Wouters International","article_modified_time":"2025-11-21T17:48:56+00:00","og_image":[{"width":1600,"height":1600,"url":"https:\/\/woutersinternational.com\/wp-content\/uploads\/Wouters-International-VC-Offshore.png","type":"image\/png"}],"twitter_card":"summary_large_image","twitter_misc":{"Dur\u00e9e de lecture estim\u00e9e":"1 minute"},"schema":{"@context":"https:\/\/schema.org","@graph":[{"@type":"WebPage","@id":"https:\/\/woutersinternational.com\/fr\/produit\/vc-offshore-antifouling-a-couche-mince\/","url":"https:\/\/woutersinternational.com\/fr\/produit\/vc-offshore-antifouling-a-couche-mince\/","name":"VC Offshore - antifouling \u00e0 couche mince - Wouters International","isPartOf":{"@id":"https:\/\/woutersinternational.com\/fr\/#website"},"primaryImageOfPage":{"@id":"https:\/\/woutersinternational.com\/fr\/produit\/vc-offshore-antifouling-a-couche-mince\/#primaryimage"},"image":{"@id":"https:\/\/woutersinternational.com\/fr\/produit\/vc-offshore-antifouling-a-couche-mince\/#primaryimage"},"thumbnailUrl":"https:\/\/woutersinternational.com\/wp-content\/uploads\/Wouters-International-VC-Offshore.png","datePublished":"2025-04-07T14:30:08+00:00","dateModified":"2025-11-21T17:48:56+00:00","breadcrumb":{"@id":"https:\/\/woutersinternational.com\/fr\/produit\/vc-offshore-antifouling-a-couche-mince\/#breadcrumb"},"inLanguage":"fr-FR","potentialAction":[{"@type":"ReadAction","target":["https:\/\/woutersinternational.com\/fr\/produit\/vc-offshore-antifouling-a-couche-mince\/"]}]},{"@type":"ImageObject","inLanguage":"fr-FR","@id":"https:\/\/woutersinternational.com\/fr\/produit\/vc-offshore-antifouling-a-couche-mince\/#primaryimage","url":"https:\/\/woutersinternational.com\/wp-content\/uploads\/Wouters-International-VC-Offshore.png","contentUrl":"https:\/\/woutersinternational.com\/wp-content\/uploads\/Wouters-International-VC-Offshore.png","width":1600,"height":1600},{"@type":"BreadcrumbList","@id":"https:\/\/woutersinternational.com\/fr\/produit\/vc-offshore-antifouling-a-couche-mince\/#breadcrumb","itemListElement":[{"@type":"ListItem","position":1,"name":"Accueil","item":"https:\/\/woutersinternational.com\/fr\/accueil\/"},{"@type":"ListItem","position":2,"name":"Produits","item":"https:\/\/woutersinternational.com\/fr\/produits\/"},{"@type":"ListItem","position":3,"name":"VC Offshore &#8211; antifouling \u00e0 couche mince"}]},{"@type":"WebSite","@id":"https:\/\/woutersinternational.com\/fr\/#website","url":"https:\/\/woutersinternational.com\/fr\/","name":"Wouters International","description":"","potentialAction":[{"@type":"SearchAction","target":{"@type":"EntryPoint","urlTemplate":"https:\/\/woutersinternational.com\/fr\/?s={search_term_string}"},"query-input":{"@type":"PropertyValueSpecification","valueRequired":true,"valueName":"search_term_string"}}],"inLanguage":"fr-FR"}]}},"_links":{"self":[{"href":"https:\/\/woutersinternational.com\/fr\/wp-json\/wp\/v2\/product\/1235","targetHints":{"allow":["GET"]}}],"collection":[{"href":"https:\/\/woutersinternational.com\/fr\/wp-json\/wp\/v2\/product"}],"about":[{"href":"https:\/\/woutersinternational.com\/fr\/wp-json\/wp\/v2\/types\/product"}],"replies":[{"embeddable":true,"href":"https:\/\/woutersinternational.com\/fr\/wp-json\/wp\/v2\/comments?post=1235"}],"wp:featuredmedia":[{"embeddable":true,"href":"https:\/\/woutersinternational.com\/fr\/wp-json\/wp\/v2\/media\/1238"}],"wp:attachment":[{"href":"https:\/\/woutersinternational.com\/fr\/wp-json\/wp\/v2\/media?parent=1235"}],"wp:term":[{"taxonomy":"product_brand","embeddable":true,"href":"https:\/\/woutersinternational.com\/fr\/wp-json\/wp\/v2\/product_brand?post=1235"},{"taxonomy":"product_cat","embeddable":true,"href":"https:\/\/woutersinternational.com\/fr\/wp-json\/wp\/v2\/product_cat?post=1235"},{"taxonomy":"product_tag","embeddable":true,"href":"https:\/\/woutersinternational.com\/fr\/wp-json\/wp\/v2\/product_tag?post=1235"}],"curies":[{"name":"wp","href":"https:\/\/api.w.org\/{rel}","templated":true}]}}