{"id":1236,"date":"2025-04-07T15:52:16","date_gmt":"2025-04-07T15:52:16","guid":{"rendered":"https:\/\/woutersinternational.com\/product\/vernis-original\/"},"modified":"2025-11-21T18:18:00","modified_gmt":"2025-11-21T18:18:00","slug":"vernis-original","status":"publish","type":"product","link":"https:\/\/woutersinternational.com\/fr\/produit\/vernis-original\/","title":{"rendered":"Vernis : Original"},"content":{"rendered":"<p>Vernis marin monocomposant standard. Facile \u00e0 appliquer au rouleau et au pinceau.<\/p>\n<div class=\"product-information\">\n<div class=\"ra-heading \">\n<p class=\"body-copy-rg mb-4 product-description\">Original est un vernis brillant traditionnel \u00e0 usage g\u00e9n\u00e9ral. Couleur ambr\u00e9e, flexible et avec une finition particuli\u00e8rement claire.<\/p>\n<\/div>\n<\/div>\n<ul class=\"goodToKnow__list body-copy-s\">\n<li class=\"goodToKnow__listItem body-copy-rg\">Vernis brillant pour bois clairs<\/li>\n<li class=\"goodToKnow__listItem body-copy-rg\">Bonnes propri\u00e9t\u00e9s d&rsquo;\u00e9coulement, excellente r\u00e9tention de brillance<\/li>\n<li class=\"goodToKnow__listItem body-copy-rg\">Convient pour l&rsquo;int\u00e9rieur, l&rsquo;ext\u00e9rieur et sur les vernis existants<\/li>\n<\/ul>\n<p>&nbsp;<\/p>\n","protected":false},"excerpt":{"rendered":"<p>Vernis marin monocomposant standard. Facile \u00e0 appliquer au rouleau et au pinceau. Original est un vernis brillant traditionnel \u00e0 usage g\u00e9n\u00e9ral. Couleur ambr\u00e9e, flexible et avec une finition particuli\u00e8rement claire. Vernis brillant pour bois clairs Bonnes propri\u00e9t\u00e9s d&rsquo;\u00e9coulement, excellente r\u00e9tention de brillance Convient pour l&rsquo;int\u00e9rieur, l&rsquo;ext\u00e9rieur et sur les vernis existants &nbsp;<\/p>\n","protected":false},"featured_media":1239,"comment_status":"open","ping_status":"closed","template":"","meta":[],"product_brand":[],"product_cat":[42],"product_tag":[],"class_list":{"0":"post-1236","1":"product","2":"type-product","3":"status-publish","4":"has-post-thumbnail","6":"product_cat-vernis","8":"first","9":"instock","10":"shipping-taxable","11":"product-type-simple"},"yoast_head":"<!-- This site is optimized with the Yoast SEO plugin v27.6 - https:\/\/yoast.com\/product\/yoast-seo-wordpress\/ -->\n<title>Vernis : Original - Wouters International<\/title>\n<meta name=\"robots\" content=\"index, follow, max-snippet:-1, max-image-preview:large, max-video-preview:-1\" \/>\n<link rel=\"canonical\" href=\"https:\/\/woutersinternational.com\/fr\/produit\/vernis-original\/\" \/>\n<meta property=\"og:locale\" content=\"fr_FR\" \/>\n<meta property=\"og:type\" content=\"article\" \/>\n<meta property=\"og:title\" content=\"Vernis : Original - Wouters International\" \/>\n<meta property=\"og:description\" content=\"Vernis marin monocomposant standard. Facile \u00e0 appliquer au rouleau et au pinceau. Original est un vernis brillant traditionnel \u00e0 usage g\u00e9n\u00e9ral. Couleur ambr\u00e9e, flexible et avec une finition particuli\u00e8rement claire. Vernis brillant pour bois clairs Bonnes propri\u00e9t\u00e9s d&rsquo;\u00e9coulement, excellente r\u00e9tention de brillance Convient pour l&rsquo;int\u00e9rieur, l&rsquo;ext\u00e9rieur et sur les vernis existants &nbsp;\" \/>\n<meta property=\"og:url\" content=\"https:\/\/woutersinternational.com\/fr\/produit\/vernis-original\/\" \/>\n<meta property=\"og:site_name\" content=\"Wouters International\" \/>\n<meta property=\"article:modified_time\" content=\"2025-11-21T18:18:00+00:00\" \/>\n<meta property=\"og:image\" content=\"https:\/\/woutersinternational.com\/wp-content\/uploads\/Wouters-International-Original.png\" \/>\n\t<meta property=\"og:image:width\" content=\"1600\" \/>\n\t<meta property=\"og:image:height\" content=\"1600\" \/>\n\t<meta property=\"og:image:type\" content=\"image\/png\" \/>\n<meta name=\"twitter:card\" content=\"summary_large_image\" \/>\n<meta name=\"twitter:label1\" content=\"Dur\u00e9e de lecture estim\u00e9e\" \/>\n\t<meta name=\"twitter:data1\" content=\"1 minute\" \/>\n<script type=\"application\/ld+json\" class=\"yoast-schema-graph\">{\"@context\":\"https:\\\/\\\/schema.org\",\"@graph\":[{\"@type\":\"WebPage\",\"@id\":\"https:\\\/\\\/woutersinternational.com\\\/fr\\\/produit\\\/vernis-original\\\/\",\"url\":\"https:\\\/\\\/woutersinternational.com\\\/fr\\\/produit\\\/vernis-original\\\/\",\"name\":\"Vernis : Original - Wouters International\",\"isPartOf\":{\"@id\":\"https:\\\/\\\/woutersinternational.com\\\/fr\\\/#website\"},\"primaryImageOfPage\":{\"@id\":\"https:\\\/\\\/woutersinternational.com\\\/fr\\\/produit\\\/vernis-original\\\/#primaryimage\"},\"image\":{\"@id\":\"https:\\\/\\\/woutersinternational.com\\\/fr\\\/produit\\\/vernis-original\\\/#primaryimage\"},\"thumbnailUrl\":\"https:\\\/\\\/woutersinternational.com\\\/wp-content\\\/uploads\\\/Wouters-International-Original.png\",\"datePublished\":\"2025-04-07T15:52:16+00:00\",\"dateModified\":\"2025-11-21T18:18:00+00:00\",\"breadcrumb\":{\"@id\":\"https:\\\/\\\/woutersinternational.com\\\/fr\\\/produit\\\/vernis-original\\\/#breadcrumb\"},\"inLanguage\":\"fr-FR\",\"potentialAction\":[{\"@type\":\"ReadAction\",\"target\":[\"https:\\\/\\\/woutersinternational.com\\\/fr\\\/produit\\\/vernis-original\\\/\"]}]},{\"@type\":\"ImageObject\",\"inLanguage\":\"fr-FR\",\"@id\":\"https:\\\/\\\/woutersinternational.com\\\/fr\\\/produit\\\/vernis-original\\\/#primaryimage\",\"url\":\"https:\\\/\\\/woutersinternational.com\\\/wp-content\\\/uploads\\\/Wouters-International-Original.png\",\"contentUrl\":\"https:\\\/\\\/woutersinternational.com\\\/wp-content\\\/uploads\\\/Wouters-International-Original.png\",\"width\":1600,\"height\":1600},{\"@type\":\"BreadcrumbList\",\"@id\":\"https:\\\/\\\/woutersinternational.com\\\/fr\\\/produit\\\/vernis-original\\\/#breadcrumb\",\"itemListElement\":[{\"@type\":\"ListItem\",\"position\":1,\"name\":\"Accueil\",\"item\":\"https:\\\/\\\/woutersinternational.com\\\/fr\\\/accueil\\\/\"},{\"@type\":\"ListItem\",\"position\":2,\"name\":\"Produits\",\"item\":\"https:\\\/\\\/woutersinternational.com\\\/fr\\\/produits\\\/\"},{\"@type\":\"ListItem\",\"position\":3,\"name\":\"Vernis : Original\"}]},{\"@type\":\"WebSite\",\"@id\":\"https:\\\/\\\/woutersinternational.com\\\/fr\\\/#website\",\"url\":\"https:\\\/\\\/woutersinternational.com\\\/fr\\\/\",\"name\":\"Wouters International\",\"description\":\"\",\"potentialAction\":[{\"@type\":\"SearchAction\",\"target\":{\"@type\":\"EntryPoint\",\"urlTemplate\":\"https:\\\/\\\/woutersinternational.com\\\/fr\\\/?s={search_term_string}\"},\"query-input\":{\"@type\":\"PropertyValueSpecification\",\"valueRequired\":true,\"valueName\":\"search_term_string\"}}],\"inLanguage\":\"fr-FR\"}]}<\/script>\n<!-- \/ Yoast SEO plugin. -->","yoast_head_json":{"title":"Vernis : Original - Wouters International","robots":{"index":"index","follow":"follow","max-snippet":"max-snippet:-1","max-image-preview":"max-image-preview:large","max-video-preview":"max-video-preview:-1"},"canonical":"https:\/\/woutersinternational.com\/fr\/produit\/vernis-original\/","og_locale":"fr_FR","og_type":"article","og_title":"Vernis : Original - Wouters International","og_description":"Vernis marin monocomposant standard. Facile \u00e0 appliquer au rouleau et au pinceau. Original est un vernis brillant traditionnel \u00e0 usage g\u00e9n\u00e9ral. Couleur ambr\u00e9e, flexible et avec une finition particuli\u00e8rement claire. Vernis brillant pour bois clairs Bonnes propri\u00e9t\u00e9s d&rsquo;\u00e9coulement, excellente r\u00e9tention de brillance Convient pour l&rsquo;int\u00e9rieur, l&rsquo;ext\u00e9rieur et sur les vernis existants &nbsp;","og_url":"https:\/\/woutersinternational.com\/fr\/produit\/vernis-original\/","og_site_name":"Wouters International","article_modified_time":"2025-11-21T18:18:00+00:00","og_image":[{"width":1600,"height":1600,"url":"https:\/\/woutersinternational.com\/wp-content\/uploads\/Wouters-International-Original.png","type":"image\/png"}],"twitter_card":"summary_large_image","twitter_misc":{"Dur\u00e9e de lecture estim\u00e9e":"1 minute"},"schema":{"@context":"https:\/\/schema.org","@graph":[{"@type":"WebPage","@id":"https:\/\/woutersinternational.com\/fr\/produit\/vernis-original\/","url":"https:\/\/woutersinternational.com\/fr\/produit\/vernis-original\/","name":"Vernis : Original - Wouters International","isPartOf":{"@id":"https:\/\/woutersinternational.com\/fr\/#website"},"primaryImageOfPage":{"@id":"https:\/\/woutersinternational.com\/fr\/produit\/vernis-original\/#primaryimage"},"image":{"@id":"https:\/\/woutersinternational.com\/fr\/produit\/vernis-original\/#primaryimage"},"thumbnailUrl":"https:\/\/woutersinternational.com\/wp-content\/uploads\/Wouters-International-Original.png","datePublished":"2025-04-07T15:52:16+00:00","dateModified":"2025-11-21T18:18:00+00:00","breadcrumb":{"@id":"https:\/\/woutersinternational.com\/fr\/produit\/vernis-original\/#breadcrumb"},"inLanguage":"fr-FR","potentialAction":[{"@type":"ReadAction","target":["https:\/\/woutersinternational.com\/fr\/produit\/vernis-original\/"]}]},{"@type":"ImageObject","inLanguage":"fr-FR","@id":"https:\/\/woutersinternational.com\/fr\/produit\/vernis-original\/#primaryimage","url":"https:\/\/woutersinternational.com\/wp-content\/uploads\/Wouters-International-Original.png","contentUrl":"https:\/\/woutersinternational.com\/wp-content\/uploads\/Wouters-International-Original.png","width":1600,"height":1600},{"@type":"BreadcrumbList","@id":"https:\/\/woutersinternational.com\/fr\/produit\/vernis-original\/#breadcrumb","itemListElement":[{"@type":"ListItem","position":1,"name":"Accueil","item":"https:\/\/woutersinternational.com\/fr\/accueil\/"},{"@type":"ListItem","position":2,"name":"Produits","item":"https:\/\/woutersinternational.com\/fr\/produits\/"},{"@type":"ListItem","position":3,"name":"Vernis : Original"}]},{"@type":"WebSite","@id":"https:\/\/woutersinternational.com\/fr\/#website","url":"https:\/\/woutersinternational.com\/fr\/","name":"Wouters International","description":"","potentialAction":[{"@type":"SearchAction","target":{"@type":"EntryPoint","urlTemplate":"https:\/\/woutersinternational.com\/fr\/?s={search_term_string}"},"query-input":{"@type":"PropertyValueSpecification","valueRequired":true,"valueName":"search_term_string"}}],"inLanguage":"fr-FR"}]}},"_links":{"self":[{"href":"https:\/\/woutersinternational.com\/fr\/wp-json\/wp\/v2\/product\/1236","targetHints":{"allow":["GET"]}}],"collection":[{"href":"https:\/\/woutersinternational.com\/fr\/wp-json\/wp\/v2\/product"}],"about":[{"href":"https:\/\/woutersinternational.com\/fr\/wp-json\/wp\/v2\/types\/product"}],"replies":[{"embeddable":true,"href":"https:\/\/woutersinternational.com\/fr\/wp-json\/wp\/v2\/comments?post=1236"}],"wp:featuredmedia":[{"embeddable":true,"href":"https:\/\/woutersinternational.com\/fr\/wp-json\/wp\/v2\/media\/1239"}],"wp:attachment":[{"href":"https:\/\/woutersinternational.com\/fr\/wp-json\/wp\/v2\/media?parent=1236"}],"wp:term":[{"taxonomy":"product_brand","embeddable":true,"href":"https:\/\/woutersinternational.com\/fr\/wp-json\/wp\/v2\/product_brand?post=1236"},{"taxonomy":"product_cat","embeddable":true,"href":"https:\/\/woutersinternational.com\/fr\/wp-json\/wp\/v2\/product_cat?post=1236"},{"taxonomy":"product_tag","embeddable":true,"href":"https:\/\/woutersinternational.com\/fr\/wp-json\/wp\/v2\/product_tag?post=1236"}],"curies":[{"name":"wp","href":"https:\/\/api.w.org\/{rel}","templated":true}]}}