{"id":1240,"date":"2025-04-07T15:48:45","date_gmt":"2025-04-07T15:48:45","guid":{"rendered":"https:\/\/woutersinternational.com\/product\/vernis-woodskin\/"},"modified":"2025-11-21T17:44:39","modified_gmt":"2025-11-21T17:44:39","slug":"vernis-woodskin","status":"publish","type":"product","link":"https:\/\/woutersinternational.com\/fr\/produit\/vernis-woodskin\/","title":{"rendered":"Vernis : Woodskin"},"content":{"rendered":"<p>Woodskin est une huile\/vernis mono-composant pour bois qui donne au bois un aspect satin\u00e9 naturel. Gr\u00e2ce \u00e0 ses propri\u00e9t\u00e9s microporeuses, le bois peut &lsquo;respirer&rsquo;. Woodskin est facile \u00e0 appliquer, p\u00e9n\u00e8tre profond\u00e9ment dans le bois et laisse une fine couche flexible.<\/p>\n<ul class=\"goodToKnow__list body-copy-s\">\n<li class=\"goodToKnow__listItem body-copy-rg\">La couleur naturelle du teck souligne la beaut\u00e9 originelle du bois.<\/li>\n<li class=\"goodToKnow__listItem body-copy-rg\">Convient pour une utilisation sur tous les types de bois, y compris les bois ol\u00e9agineux comme le teck et l&rsquo;iroko.<\/li>\n<li class=\"goodToKnow__listItem body-copy-rg\">Le pon\u00e7age entre les couches n&rsquo;est pas n\u00e9cessaire. P\u00e9n\u00e8tre profond\u00e9ment dans le bois et laisse un film mince qui ne craquellera pas et ne s&rsquo;\u00e9caillera pas.<\/li>\n<\/ul>\n<p>Woodskin ne scelle pas herm\u00e9tiquement le bois : il permet au bois massif de respirer. Il est particuli\u00e8rement utilis\u00e9 sur le pont en bois des vieux navires n\u00e9cessitant un entretien r\u00e9gulier.<\/p>\n<p>&nbsp;<\/p>\n","protected":false},"excerpt":{"rendered":"<p>Woodskin est une huile\/vernis mono-composant pour bois qui donne au bois un aspect satin\u00e9 naturel. Gr\u00e2ce \u00e0 ses propri\u00e9t\u00e9s microporeuses, le bois peut &lsquo;respirer&rsquo;. Woodskin est facile \u00e0 appliquer, p\u00e9n\u00e8tre profond\u00e9ment dans le bois et laisse une fine couche flexible. La couleur naturelle du teck souligne la beaut\u00e9 originelle du bois. Convient pour une utilisation [&hellip;]<\/p>\n","protected":false},"featured_media":1241,"comment_status":"open","ping_status":"closed","template":"","meta":[],"product_brand":[],"product_cat":[42],"product_tag":[],"class_list":{"0":"post-1240","1":"product","2":"type-product","3":"status-publish","4":"has-post-thumbnail","6":"product_cat-vernis","8":"first","9":"instock","10":"shipping-taxable","11":"product-type-simple"},"yoast_head":"<!-- This site is optimized with the Yoast SEO plugin v27.6 - https:\/\/yoast.com\/product\/yoast-seo-wordpress\/ -->\n<title>Vernis : Woodskin - Wouters International<\/title>\n<meta name=\"robots\" content=\"index, follow, max-snippet:-1, max-image-preview:large, max-video-preview:-1\" \/>\n<link rel=\"canonical\" href=\"https:\/\/woutersinternational.com\/fr\/produit\/vernis-woodskin\/\" \/>\n<meta property=\"og:locale\" content=\"fr_FR\" \/>\n<meta property=\"og:type\" content=\"article\" \/>\n<meta property=\"og:title\" content=\"Vernis : Woodskin - Wouters International\" \/>\n<meta property=\"og:description\" content=\"Woodskin est une huile\/vernis mono-composant pour bois qui donne au bois un aspect satin\u00e9 naturel. Gr\u00e2ce \u00e0 ses propri\u00e9t\u00e9s microporeuses, le bois peut &lsquo;respirer&rsquo;. Woodskin est facile \u00e0 appliquer, p\u00e9n\u00e8tre profond\u00e9ment dans le bois et laisse une fine couche flexible. La couleur naturelle du teck souligne la beaut\u00e9 originelle du bois. Convient pour une utilisation [&hellip;]\" \/>\n<meta property=\"og:url\" content=\"https:\/\/woutersinternational.com\/fr\/produit\/vernis-woodskin\/\" \/>\n<meta property=\"og:site_name\" content=\"Wouters International\" \/>\n<meta property=\"article:modified_time\" content=\"2025-11-21T17:44:39+00:00\" \/>\n<meta property=\"og:image\" content=\"https:\/\/woutersinternational.com\/wp-content\/uploads\/Wouters-International-Woodskin.png\" \/>\n\t<meta property=\"og:image:width\" content=\"1600\" \/>\n\t<meta property=\"og:image:height\" content=\"1600\" \/>\n\t<meta property=\"og:image:type\" content=\"image\/png\" \/>\n<meta name=\"twitter:card\" content=\"summary_large_image\" \/>\n<meta name=\"twitter:label1\" content=\"Dur\u00e9e de lecture estim\u00e9e\" \/>\n\t<meta name=\"twitter:data1\" content=\"1 minute\" \/>\n<script type=\"application\/ld+json\" class=\"yoast-schema-graph\">{\"@context\":\"https:\\\/\\\/schema.org\",\"@graph\":[{\"@type\":\"WebPage\",\"@id\":\"https:\\\/\\\/woutersinternational.com\\\/fr\\\/produit\\\/vernis-woodskin\\\/\",\"url\":\"https:\\\/\\\/woutersinternational.com\\\/fr\\\/produit\\\/vernis-woodskin\\\/\",\"name\":\"Vernis : Woodskin - Wouters International\",\"isPartOf\":{\"@id\":\"https:\\\/\\\/woutersinternational.com\\\/fr\\\/#website\"},\"primaryImageOfPage\":{\"@id\":\"https:\\\/\\\/woutersinternational.com\\\/fr\\\/produit\\\/vernis-woodskin\\\/#primaryimage\"},\"image\":{\"@id\":\"https:\\\/\\\/woutersinternational.com\\\/fr\\\/produit\\\/vernis-woodskin\\\/#primaryimage\"},\"thumbnailUrl\":\"https:\\\/\\\/woutersinternational.com\\\/wp-content\\\/uploads\\\/Wouters-International-Woodskin.png\",\"datePublished\":\"2025-04-07T15:48:45+00:00\",\"dateModified\":\"2025-11-21T17:44:39+00:00\",\"breadcrumb\":{\"@id\":\"https:\\\/\\\/woutersinternational.com\\\/fr\\\/produit\\\/vernis-woodskin\\\/#breadcrumb\"},\"inLanguage\":\"fr-FR\",\"potentialAction\":[{\"@type\":\"ReadAction\",\"target\":[\"https:\\\/\\\/woutersinternational.com\\\/fr\\\/produit\\\/vernis-woodskin\\\/\"]}]},{\"@type\":\"ImageObject\",\"inLanguage\":\"fr-FR\",\"@id\":\"https:\\\/\\\/woutersinternational.com\\\/fr\\\/produit\\\/vernis-woodskin\\\/#primaryimage\",\"url\":\"https:\\\/\\\/woutersinternational.com\\\/wp-content\\\/uploads\\\/Wouters-International-Woodskin.png\",\"contentUrl\":\"https:\\\/\\\/woutersinternational.com\\\/wp-content\\\/uploads\\\/Wouters-International-Woodskin.png\",\"width\":1600,\"height\":1600},{\"@type\":\"BreadcrumbList\",\"@id\":\"https:\\\/\\\/woutersinternational.com\\\/fr\\\/produit\\\/vernis-woodskin\\\/#breadcrumb\",\"itemListElement\":[{\"@type\":\"ListItem\",\"position\":1,\"name\":\"Accueil\",\"item\":\"https:\\\/\\\/woutersinternational.com\\\/fr\\\/accueil\\\/\"},{\"@type\":\"ListItem\",\"position\":2,\"name\":\"Produits\",\"item\":\"https:\\\/\\\/woutersinternational.com\\\/fr\\\/produits\\\/\"},{\"@type\":\"ListItem\",\"position\":3,\"name\":\"Vernis : Woodskin\"}]},{\"@type\":\"WebSite\",\"@id\":\"https:\\\/\\\/woutersinternational.com\\\/fr\\\/#website\",\"url\":\"https:\\\/\\\/woutersinternational.com\\\/fr\\\/\",\"name\":\"Wouters International\",\"description\":\"\",\"potentialAction\":[{\"@type\":\"SearchAction\",\"target\":{\"@type\":\"EntryPoint\",\"urlTemplate\":\"https:\\\/\\\/woutersinternational.com\\\/fr\\\/?s={search_term_string}\"},\"query-input\":{\"@type\":\"PropertyValueSpecification\",\"valueRequired\":true,\"valueName\":\"search_term_string\"}}],\"inLanguage\":\"fr-FR\"}]}<\/script>\n<!-- \/ Yoast SEO plugin. -->","yoast_head_json":{"title":"Vernis : Woodskin - Wouters International","robots":{"index":"index","follow":"follow","max-snippet":"max-snippet:-1","max-image-preview":"max-image-preview:large","max-video-preview":"max-video-preview:-1"},"canonical":"https:\/\/woutersinternational.com\/fr\/produit\/vernis-woodskin\/","og_locale":"fr_FR","og_type":"article","og_title":"Vernis : Woodskin - Wouters International","og_description":"Woodskin est une huile\/vernis mono-composant pour bois qui donne au bois un aspect satin\u00e9 naturel. Gr\u00e2ce \u00e0 ses propri\u00e9t\u00e9s microporeuses, le bois peut &lsquo;respirer&rsquo;. Woodskin est facile \u00e0 appliquer, p\u00e9n\u00e8tre profond\u00e9ment dans le bois et laisse une fine couche flexible. La couleur naturelle du teck souligne la beaut\u00e9 originelle du bois. Convient pour une utilisation [&hellip;]","og_url":"https:\/\/woutersinternational.com\/fr\/produit\/vernis-woodskin\/","og_site_name":"Wouters International","article_modified_time":"2025-11-21T17:44:39+00:00","og_image":[{"width":1600,"height":1600,"url":"https:\/\/woutersinternational.com\/wp-content\/uploads\/Wouters-International-Woodskin.png","type":"image\/png"}],"twitter_card":"summary_large_image","twitter_misc":{"Dur\u00e9e de lecture estim\u00e9e":"1 minute"},"schema":{"@context":"https:\/\/schema.org","@graph":[{"@type":"WebPage","@id":"https:\/\/woutersinternational.com\/fr\/produit\/vernis-woodskin\/","url":"https:\/\/woutersinternational.com\/fr\/produit\/vernis-woodskin\/","name":"Vernis : Woodskin - Wouters International","isPartOf":{"@id":"https:\/\/woutersinternational.com\/fr\/#website"},"primaryImageOfPage":{"@id":"https:\/\/woutersinternational.com\/fr\/produit\/vernis-woodskin\/#primaryimage"},"image":{"@id":"https:\/\/woutersinternational.com\/fr\/produit\/vernis-woodskin\/#primaryimage"},"thumbnailUrl":"https:\/\/woutersinternational.com\/wp-content\/uploads\/Wouters-International-Woodskin.png","datePublished":"2025-04-07T15:48:45+00:00","dateModified":"2025-11-21T17:44:39+00:00","breadcrumb":{"@id":"https:\/\/woutersinternational.com\/fr\/produit\/vernis-woodskin\/#breadcrumb"},"inLanguage":"fr-FR","potentialAction":[{"@type":"ReadAction","target":["https:\/\/woutersinternational.com\/fr\/produit\/vernis-woodskin\/"]}]},{"@type":"ImageObject","inLanguage":"fr-FR","@id":"https:\/\/woutersinternational.com\/fr\/produit\/vernis-woodskin\/#primaryimage","url":"https:\/\/woutersinternational.com\/wp-content\/uploads\/Wouters-International-Woodskin.png","contentUrl":"https:\/\/woutersinternational.com\/wp-content\/uploads\/Wouters-International-Woodskin.png","width":1600,"height":1600},{"@type":"BreadcrumbList","@id":"https:\/\/woutersinternational.com\/fr\/produit\/vernis-woodskin\/#breadcrumb","itemListElement":[{"@type":"ListItem","position":1,"name":"Accueil","item":"https:\/\/woutersinternational.com\/fr\/accueil\/"},{"@type":"ListItem","position":2,"name":"Produits","item":"https:\/\/woutersinternational.com\/fr\/produits\/"},{"@type":"ListItem","position":3,"name":"Vernis : Woodskin"}]},{"@type":"WebSite","@id":"https:\/\/woutersinternational.com\/fr\/#website","url":"https:\/\/woutersinternational.com\/fr\/","name":"Wouters International","description":"","potentialAction":[{"@type":"SearchAction","target":{"@type":"EntryPoint","urlTemplate":"https:\/\/woutersinternational.com\/fr\/?s={search_term_string}"},"query-input":{"@type":"PropertyValueSpecification","valueRequired":true,"valueName":"search_term_string"}}],"inLanguage":"fr-FR"}]}},"_links":{"self":[{"href":"https:\/\/woutersinternational.com\/fr\/wp-json\/wp\/v2\/product\/1240","targetHints":{"allow":["GET"]}}],"collection":[{"href":"https:\/\/woutersinternational.com\/fr\/wp-json\/wp\/v2\/product"}],"about":[{"href":"https:\/\/woutersinternational.com\/fr\/wp-json\/wp\/v2\/types\/product"}],"replies":[{"embeddable":true,"href":"https:\/\/woutersinternational.com\/fr\/wp-json\/wp\/v2\/comments?post=1240"}],"wp:featuredmedia":[{"embeddable":true,"href":"https:\/\/woutersinternational.com\/fr\/wp-json\/wp\/v2\/media\/1241"}],"wp:attachment":[{"href":"https:\/\/woutersinternational.com\/fr\/wp-json\/wp\/v2\/media?parent=1240"}],"wp:term":[{"taxonomy":"product_brand","embeddable":true,"href":"https:\/\/woutersinternational.com\/fr\/wp-json\/wp\/v2\/product_brand?post=1240"},{"taxonomy":"product_cat","embeddable":true,"href":"https:\/\/woutersinternational.com\/fr\/wp-json\/wp\/v2\/product_cat?post=1240"},{"taxonomy":"product_tag","embeddable":true,"href":"https:\/\/woutersinternational.com\/fr\/wp-json\/wp\/v2\/product_tag?post=1240"}],"curies":[{"name":"wp","href":"https:\/\/api.w.org\/{rel}","templated":true}]}}