{"id":1242,"date":"2025-04-07T12:49:01","date_gmt":"2025-04-07T12:49:01","guid":{"rendered":"https:\/\/woutersinternational.com\/product\/vernis-schooner-avec-un-brillant-superieur\/"},"modified":"2025-11-24T08:14:36","modified_gmt":"2025-11-24T08:14:36","slug":"vernis-schooner-avec-un-brillant-superieur","status":"publish","type":"product","link":"https:\/\/woutersinternational.com\/fr\/produit\/vernis-schooner-avec-un-brillant-superieur\/","title":{"rendered":"Vernis : Schooner avec un brillant sup\u00e9rieur"},"content":{"rendered":"<p>Schooner est un vernis premium mono-composant \u00e0 haute brillance offrant une durabilit\u00e9 exceptionnelle, adapt\u00e9 \u00e0 une utilisation int\u00e9rieure et ext\u00e9rieure. Ce produit est facile \u00e0 appliquer et offre une finition brillante d&rsquo;un dor\u00e9 profond.<\/p>\n<p>Grande r\u00e9sistance \u00e0 l&rsquo;eau, application velout\u00e9e et propri\u00e9t\u00e9s auto-lissantes<br \/>\nLe r\u00e9sultat final est un brillant profond et chaleureux. Plus vous appliquez de couches, plus la structure du bois sous-jacente est accentu\u00e9e.<\/p>\n<p>Schooner est le vernis par excellence en mati\u00e8re d&rsquo;esth\u00e9tique, pour les coques et les bordures. Schooner contient des filtres UV, il est donc adapt\u00e9 pour l&rsquo;int\u00e9rieur et l&rsquo;ext\u00e9rieur.<\/p>\n<p>&nbsp;<\/p>\n<p>Pour les surfaces horizontales plus sujettes \u00e0 l&rsquo;abrasion (comme les marches d&rsquo;escalier) : voir \u00ab Compass \u00bb.<br \/>\nPour une finition sans brillance : voir \u00ab Goldspar satin \u00bb<\/p>\n<p>&nbsp;<\/p>\n<p>&nbsp;<\/p>\n","protected":false},"excerpt":{"rendered":"<p>Schooner est un vernis premium mono-composant \u00e0 haute brillance offrant une durabilit\u00e9 exceptionnelle, adapt\u00e9 \u00e0 une utilisation int\u00e9rieure et ext\u00e9rieure. Ce produit est facile \u00e0 appliquer et offre une finition brillante d&rsquo;un dor\u00e9 profond. Grande r\u00e9sistance \u00e0 l&rsquo;eau, application velout\u00e9e et propri\u00e9t\u00e9s auto-lissantes Le r\u00e9sultat final est un brillant profond et chaleureux. Plus vous appliquez [&hellip;]<\/p>\n","protected":false},"featured_media":1244,"comment_status":"open","ping_status":"closed","template":"","meta":[],"product_brand":[],"product_cat":[42],"product_tag":[],"class_list":{"0":"post-1242","1":"product","2":"type-product","3":"status-publish","4":"has-post-thumbnail","6":"product_cat-vernis","8":"first","9":"instock","10":"featured","11":"shipping-taxable","12":"product-type-simple"},"yoast_head":"<!-- This site is optimized with the Yoast SEO plugin v27.6 - https:\/\/yoast.com\/product\/yoast-seo-wordpress\/ -->\n<title>Vernis : Schooner avec un brillant sup\u00e9rieur - Wouters International<\/title>\n<meta name=\"robots\" content=\"index, follow, max-snippet:-1, max-image-preview:large, max-video-preview:-1\" \/>\n<link rel=\"canonical\" href=\"https:\/\/woutersinternational.com\/fr\/produit\/vernis-schooner-avec-un-brillant-superieur\/\" \/>\n<meta property=\"og:locale\" content=\"fr_FR\" \/>\n<meta property=\"og:type\" content=\"article\" \/>\n<meta property=\"og:title\" content=\"Vernis : Schooner avec un brillant sup\u00e9rieur - Wouters International\" \/>\n<meta property=\"og:description\" content=\"Schooner est un vernis premium mono-composant \u00e0 haute brillance offrant une durabilit\u00e9 exceptionnelle, adapt\u00e9 \u00e0 une utilisation int\u00e9rieure et ext\u00e9rieure. Ce produit est facile \u00e0 appliquer et offre une finition brillante d&rsquo;un dor\u00e9 profond. Grande r\u00e9sistance \u00e0 l&rsquo;eau, application velout\u00e9e et propri\u00e9t\u00e9s auto-lissantes Le r\u00e9sultat final est un brillant profond et chaleureux. Plus vous appliquez [&hellip;]\" \/>\n<meta property=\"og:url\" content=\"https:\/\/woutersinternational.com\/fr\/produit\/vernis-schooner-avec-un-brillant-superieur\/\" \/>\n<meta property=\"og:site_name\" content=\"Wouters International\" \/>\n<meta property=\"article:modified_time\" content=\"2025-11-24T08:14:36+00:00\" \/>\n<meta property=\"og:image\" content=\"https:\/\/woutersinternational.com\/wp-content\/uploads\/Wouters-International-Schooner.png\" \/>\n\t<meta property=\"og:image:width\" content=\"1600\" \/>\n\t<meta property=\"og:image:height\" content=\"1600\" \/>\n\t<meta property=\"og:image:type\" content=\"image\/png\" \/>\n<meta name=\"twitter:card\" content=\"summary_large_image\" \/>\n<meta name=\"twitter:label1\" content=\"Dur\u00e9e de lecture estim\u00e9e\" \/>\n\t<meta name=\"twitter:data1\" content=\"1 minute\" \/>\n<script type=\"application\/ld+json\" class=\"yoast-schema-graph\">{\"@context\":\"https:\\\/\\\/schema.org\",\"@graph\":[{\"@type\":\"WebPage\",\"@id\":\"https:\\\/\\\/woutersinternational.com\\\/fr\\\/produit\\\/vernis-schooner-avec-un-brillant-superieur\\\/\",\"url\":\"https:\\\/\\\/woutersinternational.com\\\/fr\\\/produit\\\/vernis-schooner-avec-un-brillant-superieur\\\/\",\"name\":\"Vernis : Schooner avec un brillant sup\u00e9rieur - Wouters International\",\"isPartOf\":{\"@id\":\"https:\\\/\\\/woutersinternational.com\\\/fr\\\/#website\"},\"primaryImageOfPage\":{\"@id\":\"https:\\\/\\\/woutersinternational.com\\\/fr\\\/produit\\\/vernis-schooner-avec-un-brillant-superieur\\\/#primaryimage\"},\"image\":{\"@id\":\"https:\\\/\\\/woutersinternational.com\\\/fr\\\/produit\\\/vernis-schooner-avec-un-brillant-superieur\\\/#primaryimage\"},\"thumbnailUrl\":\"https:\\\/\\\/woutersinternational.com\\\/wp-content\\\/uploads\\\/Wouters-International-Schooner.png\",\"datePublished\":\"2025-04-07T12:49:01+00:00\",\"dateModified\":\"2025-11-24T08:14:36+00:00\",\"breadcrumb\":{\"@id\":\"https:\\\/\\\/woutersinternational.com\\\/fr\\\/produit\\\/vernis-schooner-avec-un-brillant-superieur\\\/#breadcrumb\"},\"inLanguage\":\"fr-FR\",\"potentialAction\":[{\"@type\":\"ReadAction\",\"target\":[\"https:\\\/\\\/woutersinternational.com\\\/fr\\\/produit\\\/vernis-schooner-avec-un-brillant-superieur\\\/\"]}]},{\"@type\":\"ImageObject\",\"inLanguage\":\"fr-FR\",\"@id\":\"https:\\\/\\\/woutersinternational.com\\\/fr\\\/produit\\\/vernis-schooner-avec-un-brillant-superieur\\\/#primaryimage\",\"url\":\"https:\\\/\\\/woutersinternational.com\\\/wp-content\\\/uploads\\\/Wouters-International-Schooner.png\",\"contentUrl\":\"https:\\\/\\\/woutersinternational.com\\\/wp-content\\\/uploads\\\/Wouters-International-Schooner.png\",\"width\":1600,\"height\":1600},{\"@type\":\"BreadcrumbList\",\"@id\":\"https:\\\/\\\/woutersinternational.com\\\/fr\\\/produit\\\/vernis-schooner-avec-un-brillant-superieur\\\/#breadcrumb\",\"itemListElement\":[{\"@type\":\"ListItem\",\"position\":1,\"name\":\"Accueil\",\"item\":\"https:\\\/\\\/woutersinternational.com\\\/fr\\\/accueil\\\/\"},{\"@type\":\"ListItem\",\"position\":2,\"name\":\"Produits\",\"item\":\"https:\\\/\\\/woutersinternational.com\\\/fr\\\/produits\\\/\"},{\"@type\":\"ListItem\",\"position\":3,\"name\":\"Vernis : Schooner avec un brillant sup\u00e9rieur\"}]},{\"@type\":\"WebSite\",\"@id\":\"https:\\\/\\\/woutersinternational.com\\\/fr\\\/#website\",\"url\":\"https:\\\/\\\/woutersinternational.com\\\/fr\\\/\",\"name\":\"Wouters International\",\"description\":\"\",\"potentialAction\":[{\"@type\":\"SearchAction\",\"target\":{\"@type\":\"EntryPoint\",\"urlTemplate\":\"https:\\\/\\\/woutersinternational.com\\\/fr\\\/?s={search_term_string}\"},\"query-input\":{\"@type\":\"PropertyValueSpecification\",\"valueRequired\":true,\"valueName\":\"search_term_string\"}}],\"inLanguage\":\"fr-FR\"}]}<\/script>\n<!-- \/ Yoast SEO plugin. -->","yoast_head_json":{"title":"Vernis : Schooner avec un brillant sup\u00e9rieur - Wouters International","robots":{"index":"index","follow":"follow","max-snippet":"max-snippet:-1","max-image-preview":"max-image-preview:large","max-video-preview":"max-video-preview:-1"},"canonical":"https:\/\/woutersinternational.com\/fr\/produit\/vernis-schooner-avec-un-brillant-superieur\/","og_locale":"fr_FR","og_type":"article","og_title":"Vernis : Schooner avec un brillant sup\u00e9rieur - Wouters International","og_description":"Schooner est un vernis premium mono-composant \u00e0 haute brillance offrant une durabilit\u00e9 exceptionnelle, adapt\u00e9 \u00e0 une utilisation int\u00e9rieure et ext\u00e9rieure. Ce produit est facile \u00e0 appliquer et offre une finition brillante d&rsquo;un dor\u00e9 profond. Grande r\u00e9sistance \u00e0 l&rsquo;eau, application velout\u00e9e et propri\u00e9t\u00e9s auto-lissantes Le r\u00e9sultat final est un brillant profond et chaleureux. Plus vous appliquez [&hellip;]","og_url":"https:\/\/woutersinternational.com\/fr\/produit\/vernis-schooner-avec-un-brillant-superieur\/","og_site_name":"Wouters International","article_modified_time":"2025-11-24T08:14:36+00:00","og_image":[{"width":1600,"height":1600,"url":"https:\/\/woutersinternational.com\/wp-content\/uploads\/Wouters-International-Schooner.png","type":"image\/png"}],"twitter_card":"summary_large_image","twitter_misc":{"Dur\u00e9e de lecture estim\u00e9e":"1 minute"},"schema":{"@context":"https:\/\/schema.org","@graph":[{"@type":"WebPage","@id":"https:\/\/woutersinternational.com\/fr\/produit\/vernis-schooner-avec-un-brillant-superieur\/","url":"https:\/\/woutersinternational.com\/fr\/produit\/vernis-schooner-avec-un-brillant-superieur\/","name":"Vernis : Schooner avec un brillant sup\u00e9rieur - Wouters International","isPartOf":{"@id":"https:\/\/woutersinternational.com\/fr\/#website"},"primaryImageOfPage":{"@id":"https:\/\/woutersinternational.com\/fr\/produit\/vernis-schooner-avec-un-brillant-superieur\/#primaryimage"},"image":{"@id":"https:\/\/woutersinternational.com\/fr\/produit\/vernis-schooner-avec-un-brillant-superieur\/#primaryimage"},"thumbnailUrl":"https:\/\/woutersinternational.com\/wp-content\/uploads\/Wouters-International-Schooner.png","datePublished":"2025-04-07T12:49:01+00:00","dateModified":"2025-11-24T08:14:36+00:00","breadcrumb":{"@id":"https:\/\/woutersinternational.com\/fr\/produit\/vernis-schooner-avec-un-brillant-superieur\/#breadcrumb"},"inLanguage":"fr-FR","potentialAction":[{"@type":"ReadAction","target":["https:\/\/woutersinternational.com\/fr\/produit\/vernis-schooner-avec-un-brillant-superieur\/"]}]},{"@type":"ImageObject","inLanguage":"fr-FR","@id":"https:\/\/woutersinternational.com\/fr\/produit\/vernis-schooner-avec-un-brillant-superieur\/#primaryimage","url":"https:\/\/woutersinternational.com\/wp-content\/uploads\/Wouters-International-Schooner.png","contentUrl":"https:\/\/woutersinternational.com\/wp-content\/uploads\/Wouters-International-Schooner.png","width":1600,"height":1600},{"@type":"BreadcrumbList","@id":"https:\/\/woutersinternational.com\/fr\/produit\/vernis-schooner-avec-un-brillant-superieur\/#breadcrumb","itemListElement":[{"@type":"ListItem","position":1,"name":"Accueil","item":"https:\/\/woutersinternational.com\/fr\/accueil\/"},{"@type":"ListItem","position":2,"name":"Produits","item":"https:\/\/woutersinternational.com\/fr\/produits\/"},{"@type":"ListItem","position":3,"name":"Vernis : Schooner avec un brillant sup\u00e9rieur"}]},{"@type":"WebSite","@id":"https:\/\/woutersinternational.com\/fr\/#website","url":"https:\/\/woutersinternational.com\/fr\/","name":"Wouters International","description":"","potentialAction":[{"@type":"SearchAction","target":{"@type":"EntryPoint","urlTemplate":"https:\/\/woutersinternational.com\/fr\/?s={search_term_string}"},"query-input":{"@type":"PropertyValueSpecification","valueRequired":true,"valueName":"search_term_string"}}],"inLanguage":"fr-FR"}]}},"_links":{"self":[{"href":"https:\/\/woutersinternational.com\/fr\/wp-json\/wp\/v2\/product\/1242","targetHints":{"allow":["GET"]}}],"collection":[{"href":"https:\/\/woutersinternational.com\/fr\/wp-json\/wp\/v2\/product"}],"about":[{"href":"https:\/\/woutersinternational.com\/fr\/wp-json\/wp\/v2\/types\/product"}],"replies":[{"embeddable":true,"href":"https:\/\/woutersinternational.com\/fr\/wp-json\/wp\/v2\/comments?post=1242"}],"wp:featuredmedia":[{"embeddable":true,"href":"https:\/\/woutersinternational.com\/fr\/wp-json\/wp\/v2\/media\/1244"}],"wp:attachment":[{"href":"https:\/\/woutersinternational.com\/fr\/wp-json\/wp\/v2\/media?parent=1242"}],"wp:term":[{"taxonomy":"product_brand","embeddable":true,"href":"https:\/\/woutersinternational.com\/fr\/wp-json\/wp\/v2\/product_brand?post=1242"},{"taxonomy":"product_cat","embeddable":true,"href":"https:\/\/woutersinternational.com\/fr\/wp-json\/wp\/v2\/product_cat?post=1242"},{"taxonomy":"product_tag","embeddable":true,"href":"https:\/\/woutersinternational.com\/fr\/wp-json\/wp\/v2\/product_tag?post=1242"}],"curies":[{"name":"wp","href":"https:\/\/api.w.org\/{rel}","templated":true}]}}