{"id":1248,"date":"2025-04-07T11:38:00","date_gmt":"2025-04-07T11:38:00","guid":{"rendered":"https:\/\/woutersinternational.com\/product\/supergloss-high-solid-laque-monocomposante\/"},"modified":"2025-11-21T17:58:57","modified_gmt":"2025-11-21T17:58:57","slug":"supergloss-high-solid-laque-monocomposante","status":"publish","type":"product","link":"https:\/\/woutersinternational.com\/fr\/produit\/supergloss-high-solid-laque-monocomposante\/","title":{"rendered":"Supergloss High Solid &#8211; Laque monocomposante"},"content":{"rendered":"<p>Laque tr\u00e8s facile \u00e0 appliquer : Super Gloss HS peut \u00eatre appliqu\u00e9 au rouleau, sans n\u00e9cessiter de retouches au pinceau. Cela minimise l&rsquo;effort n\u00e9cessaire pour obtenir une finition brillante avec une durabilit\u00e9 exceptionnelle.<\/p>\n<p>Supergloss est une solution id\u00e9ale, m\u00eame pour les peintres les moins exp\u00e9riment\u00e9s.<\/p>\n<p>Supergloss contient un pourcentage \u00e9lev\u00e9 d&rsquo;extraits secs (high solid) et moins de solvants. Super Gloss peut \u00e9galement \u00eatre appliqu\u00e9 \u00e0 des temp\u00e9ratures plus basses.<\/p>\n<p>Vous appliquez Supergloss sur des surfaces nues, ou sur des laques existantes \u00e0 1 ou 2 composants, apr\u00e8s la pr\u00e9paration n\u00e9cessaire.<br \/>\nDemandez notre avis.<\/p>\n<ul class=\"goodToKnow__list body-copy-s\">\n<li class=\"goodToKnow__listItem body-copy-rg\">D\u00e9velopp\u00e9 pour une application au rouleau<\/li>\n<li class=\"goodToKnow__listItem body-copy-rg\">Couverture compl\u00e8te en 2 couches<\/li>\n<li class=\"goodToKnow__listItem body-copy-rg\">La formulation High Solid signifie \u00e9galement une r\u00e9duction des odeurs pour un environnement de travail plus agr\u00e9able.<\/li>\n<\/ul>\n<p>Supergloss s&rsquo;appelait \u00e0 l&rsquo;origine \u00ab\u00a0Sikkens supergloss\u00a0\u00bb : c&rsquo;est une peinture formidable, comme disent les N\u00e9erlandais.<\/p>\n","protected":false},"excerpt":{"rendered":"<p>Laque tr\u00e8s facile \u00e0 appliquer : Super Gloss HS peut \u00eatre appliqu\u00e9 au rouleau, sans n\u00e9cessiter de retouches au pinceau. Cela minimise l&rsquo;effort n\u00e9cessaire pour obtenir une finition brillante avec une durabilit\u00e9 exceptionnelle. Supergloss est une solution id\u00e9ale, m\u00eame pour les peintres les moins exp\u00e9riment\u00e9s. Supergloss contient un pourcentage \u00e9lev\u00e9 d&rsquo;extraits secs (high solid) et [&hellip;]<\/p>\n","protected":false},"featured_media":1249,"comment_status":"open","ping_status":"closed","template":"","meta":[],"product_brand":[],"product_cat":[43],"product_tag":[],"class_list":{"0":"post-1248","1":"product","2":"type-product","3":"status-publish","4":"has-post-thumbnail","6":"product_cat-finitions","8":"first","9":"instock","10":"shipping-taxable","11":"product-type-simple"},"yoast_head":"<!-- This site is optimized with the Yoast SEO plugin v27.6 - https:\/\/yoast.com\/product\/yoast-seo-wordpress\/ -->\n<title>Supergloss High Solid - Laque monocomposante - Wouters International<\/title>\n<meta name=\"robots\" content=\"index, follow, max-snippet:-1, max-image-preview:large, max-video-preview:-1\" \/>\n<link rel=\"canonical\" href=\"https:\/\/woutersinternational.com\/fr\/produit\/supergloss-high-solid-laque-monocomposante\/\" \/>\n<meta property=\"og:locale\" content=\"fr_FR\" \/>\n<meta property=\"og:type\" content=\"article\" \/>\n<meta property=\"og:title\" content=\"Supergloss High Solid - Laque monocomposante - Wouters International\" \/>\n<meta property=\"og:description\" content=\"Laque tr\u00e8s facile \u00e0 appliquer : Super Gloss HS peut \u00eatre appliqu\u00e9 au rouleau, sans n\u00e9cessiter de retouches au pinceau. Cela minimise l&rsquo;effort n\u00e9cessaire pour obtenir une finition brillante avec une durabilit\u00e9 exceptionnelle. Supergloss est une solution id\u00e9ale, m\u00eame pour les peintres les moins exp\u00e9riment\u00e9s. Supergloss contient un pourcentage \u00e9lev\u00e9 d&rsquo;extraits secs (high solid) et [&hellip;]\" \/>\n<meta property=\"og:url\" content=\"https:\/\/woutersinternational.com\/fr\/produit\/supergloss-high-solid-laque-monocomposante\/\" \/>\n<meta property=\"og:site_name\" content=\"Wouters International\" \/>\n<meta property=\"article:modified_time\" content=\"2025-11-21T17:58:57+00:00\" \/>\n<meta property=\"og:image\" content=\"https:\/\/woutersinternational.com\/wp-content\/uploads\/Wouters-International-Super-gloss-HS.png\" \/>\n\t<meta property=\"og:image:width\" content=\"1600\" \/>\n\t<meta property=\"og:image:height\" content=\"1600\" \/>\n\t<meta property=\"og:image:type\" content=\"image\/png\" \/>\n<meta name=\"twitter:card\" content=\"summary_large_image\" \/>\n<meta name=\"twitter:label1\" content=\"Dur\u00e9e de lecture estim\u00e9e\" \/>\n\t<meta name=\"twitter:data1\" content=\"1 minute\" \/>\n<script type=\"application\/ld+json\" class=\"yoast-schema-graph\">{\"@context\":\"https:\\\/\\\/schema.org\",\"@graph\":[{\"@type\":\"WebPage\",\"@id\":\"https:\\\/\\\/woutersinternational.com\\\/fr\\\/produit\\\/supergloss-high-solid-laque-monocomposante\\\/\",\"url\":\"https:\\\/\\\/woutersinternational.com\\\/fr\\\/produit\\\/supergloss-high-solid-laque-monocomposante\\\/\",\"name\":\"Supergloss High Solid - Laque monocomposante - Wouters International\",\"isPartOf\":{\"@id\":\"https:\\\/\\\/woutersinternational.com\\\/fr\\\/#website\"},\"primaryImageOfPage\":{\"@id\":\"https:\\\/\\\/woutersinternational.com\\\/fr\\\/produit\\\/supergloss-high-solid-laque-monocomposante\\\/#primaryimage\"},\"image\":{\"@id\":\"https:\\\/\\\/woutersinternational.com\\\/fr\\\/produit\\\/supergloss-high-solid-laque-monocomposante\\\/#primaryimage\"},\"thumbnailUrl\":\"https:\\\/\\\/woutersinternational.com\\\/wp-content\\\/uploads\\\/Wouters-International-Super-gloss-HS.png\",\"datePublished\":\"2025-04-07T11:38:00+00:00\",\"dateModified\":\"2025-11-21T17:58:57+00:00\",\"breadcrumb\":{\"@id\":\"https:\\\/\\\/woutersinternational.com\\\/fr\\\/produit\\\/supergloss-high-solid-laque-monocomposante\\\/#breadcrumb\"},\"inLanguage\":\"fr-FR\",\"potentialAction\":[{\"@type\":\"ReadAction\",\"target\":[\"https:\\\/\\\/woutersinternational.com\\\/fr\\\/produit\\\/supergloss-high-solid-laque-monocomposante\\\/\"]}]},{\"@type\":\"ImageObject\",\"inLanguage\":\"fr-FR\",\"@id\":\"https:\\\/\\\/woutersinternational.com\\\/fr\\\/produit\\\/supergloss-high-solid-laque-monocomposante\\\/#primaryimage\",\"url\":\"https:\\\/\\\/woutersinternational.com\\\/wp-content\\\/uploads\\\/Wouters-International-Super-gloss-HS.png\",\"contentUrl\":\"https:\\\/\\\/woutersinternational.com\\\/wp-content\\\/uploads\\\/Wouters-International-Super-gloss-HS.png\",\"width\":1600,\"height\":1600},{\"@type\":\"BreadcrumbList\",\"@id\":\"https:\\\/\\\/woutersinternational.com\\\/fr\\\/produit\\\/supergloss-high-solid-laque-monocomposante\\\/#breadcrumb\",\"itemListElement\":[{\"@type\":\"ListItem\",\"position\":1,\"name\":\"Accueil\",\"item\":\"https:\\\/\\\/woutersinternational.com\\\/fr\\\/accueil\\\/\"},{\"@type\":\"ListItem\",\"position\":2,\"name\":\"Produits\",\"item\":\"https:\\\/\\\/woutersinternational.com\\\/fr\\\/produits\\\/\"},{\"@type\":\"ListItem\",\"position\":3,\"name\":\"Supergloss High Solid &#8211; Laque monocomposante\"}]},{\"@type\":\"WebSite\",\"@id\":\"https:\\\/\\\/woutersinternational.com\\\/fr\\\/#website\",\"url\":\"https:\\\/\\\/woutersinternational.com\\\/fr\\\/\",\"name\":\"Wouters International\",\"description\":\"\",\"potentialAction\":[{\"@type\":\"SearchAction\",\"target\":{\"@type\":\"EntryPoint\",\"urlTemplate\":\"https:\\\/\\\/woutersinternational.com\\\/fr\\\/?s={search_term_string}\"},\"query-input\":{\"@type\":\"PropertyValueSpecification\",\"valueRequired\":true,\"valueName\":\"search_term_string\"}}],\"inLanguage\":\"fr-FR\"}]}<\/script>\n<!-- \/ Yoast SEO plugin. -->","yoast_head_json":{"title":"Supergloss High Solid - Laque monocomposante - Wouters International","robots":{"index":"index","follow":"follow","max-snippet":"max-snippet:-1","max-image-preview":"max-image-preview:large","max-video-preview":"max-video-preview:-1"},"canonical":"https:\/\/woutersinternational.com\/fr\/produit\/supergloss-high-solid-laque-monocomposante\/","og_locale":"fr_FR","og_type":"article","og_title":"Supergloss High Solid - Laque monocomposante - Wouters International","og_description":"Laque tr\u00e8s facile \u00e0 appliquer : Super Gloss HS peut \u00eatre appliqu\u00e9 au rouleau, sans n\u00e9cessiter de retouches au pinceau. Cela minimise l&rsquo;effort n\u00e9cessaire pour obtenir une finition brillante avec une durabilit\u00e9 exceptionnelle. Supergloss est une solution id\u00e9ale, m\u00eame pour les peintres les moins exp\u00e9riment\u00e9s. Supergloss contient un pourcentage \u00e9lev\u00e9 d&rsquo;extraits secs (high solid) et [&hellip;]","og_url":"https:\/\/woutersinternational.com\/fr\/produit\/supergloss-high-solid-laque-monocomposante\/","og_site_name":"Wouters International","article_modified_time":"2025-11-21T17:58:57+00:00","og_image":[{"width":1600,"height":1600,"url":"https:\/\/woutersinternational.com\/wp-content\/uploads\/Wouters-International-Super-gloss-HS.png","type":"image\/png"}],"twitter_card":"summary_large_image","twitter_misc":{"Dur\u00e9e de lecture estim\u00e9e":"1 minute"},"schema":{"@context":"https:\/\/schema.org","@graph":[{"@type":"WebPage","@id":"https:\/\/woutersinternational.com\/fr\/produit\/supergloss-high-solid-laque-monocomposante\/","url":"https:\/\/woutersinternational.com\/fr\/produit\/supergloss-high-solid-laque-monocomposante\/","name":"Supergloss High Solid - Laque monocomposante - Wouters International","isPartOf":{"@id":"https:\/\/woutersinternational.com\/fr\/#website"},"primaryImageOfPage":{"@id":"https:\/\/woutersinternational.com\/fr\/produit\/supergloss-high-solid-laque-monocomposante\/#primaryimage"},"image":{"@id":"https:\/\/woutersinternational.com\/fr\/produit\/supergloss-high-solid-laque-monocomposante\/#primaryimage"},"thumbnailUrl":"https:\/\/woutersinternational.com\/wp-content\/uploads\/Wouters-International-Super-gloss-HS.png","datePublished":"2025-04-07T11:38:00+00:00","dateModified":"2025-11-21T17:58:57+00:00","breadcrumb":{"@id":"https:\/\/woutersinternational.com\/fr\/produit\/supergloss-high-solid-laque-monocomposante\/#breadcrumb"},"inLanguage":"fr-FR","potentialAction":[{"@type":"ReadAction","target":["https:\/\/woutersinternational.com\/fr\/produit\/supergloss-high-solid-laque-monocomposante\/"]}]},{"@type":"ImageObject","inLanguage":"fr-FR","@id":"https:\/\/woutersinternational.com\/fr\/produit\/supergloss-high-solid-laque-monocomposante\/#primaryimage","url":"https:\/\/woutersinternational.com\/wp-content\/uploads\/Wouters-International-Super-gloss-HS.png","contentUrl":"https:\/\/woutersinternational.com\/wp-content\/uploads\/Wouters-International-Super-gloss-HS.png","width":1600,"height":1600},{"@type":"BreadcrumbList","@id":"https:\/\/woutersinternational.com\/fr\/produit\/supergloss-high-solid-laque-monocomposante\/#breadcrumb","itemListElement":[{"@type":"ListItem","position":1,"name":"Accueil","item":"https:\/\/woutersinternational.com\/fr\/accueil\/"},{"@type":"ListItem","position":2,"name":"Produits","item":"https:\/\/woutersinternational.com\/fr\/produits\/"},{"@type":"ListItem","position":3,"name":"Supergloss High Solid &#8211; Laque monocomposante"}]},{"@type":"WebSite","@id":"https:\/\/woutersinternational.com\/fr\/#website","url":"https:\/\/woutersinternational.com\/fr\/","name":"Wouters International","description":"","potentialAction":[{"@type":"SearchAction","target":{"@type":"EntryPoint","urlTemplate":"https:\/\/woutersinternational.com\/fr\/?s={search_term_string}"},"query-input":{"@type":"PropertyValueSpecification","valueRequired":true,"valueName":"search_term_string"}}],"inLanguage":"fr-FR"}]}},"_links":{"self":[{"href":"https:\/\/woutersinternational.com\/fr\/wp-json\/wp\/v2\/product\/1248","targetHints":{"allow":["GET"]}}],"collection":[{"href":"https:\/\/woutersinternational.com\/fr\/wp-json\/wp\/v2\/product"}],"about":[{"href":"https:\/\/woutersinternational.com\/fr\/wp-json\/wp\/v2\/types\/product"}],"replies":[{"embeddable":true,"href":"https:\/\/woutersinternational.com\/fr\/wp-json\/wp\/v2\/comments?post=1248"}],"wp:featuredmedia":[{"embeddable":true,"href":"https:\/\/woutersinternational.com\/fr\/wp-json\/wp\/v2\/media\/1249"}],"wp:attachment":[{"href":"https:\/\/woutersinternational.com\/fr\/wp-json\/wp\/v2\/media?parent=1248"}],"wp:term":[{"taxonomy":"product_brand","embeddable":true,"href":"https:\/\/woutersinternational.com\/fr\/wp-json\/wp\/v2\/product_brand?post=1248"},{"taxonomy":"product_cat","embeddable":true,"href":"https:\/\/woutersinternational.com\/fr\/wp-json\/wp\/v2\/product_cat?post=1248"},{"taxonomy":"product_tag","embeddable":true,"href":"https:\/\/woutersinternational.com\/fr\/wp-json\/wp\/v2\/product_tag?post=1248"}],"curies":[{"name":"wp","href":"https:\/\/api.w.org\/{rel}","templated":true}]}}