{"id":1251,"date":"2025-04-07T14:50:53","date_gmt":"2025-04-07T14:50:53","guid":{"rendered":"https:\/\/woutersinternational.com\/product\/enduit-enduit-de-finition-epoxy-2-composants-epoxy\/"},"modified":"2025-11-24T08:58:40","modified_gmt":"2025-11-24T08:58:40","slug":"enduit-enduit-de-finition-epoxy-2-composants-epoxy","status":"publish","type":"product","link":"https:\/\/woutersinternational.com\/fr\/produit\/enduit-enduit-de-finition-epoxy-2-composants-epoxy\/","title":{"rendered":"Enduit : Enduit de finition \u00e9poxy &#8211; 2 composants \u00e9poxy"},"content":{"rendered":"<p>Epoxy Finishing Filler est un excellent enduit de finition bi-composant sans retrait. Enti\u00e8rement con\u00e7u pour un travail plus efficace, il est \u00e0 la fois facile \u00e0 appliquer et \u00e0 poncer. Convient pour une utilisation au-dessus et en dessous de la ligne de flottaison.<\/p>\n<p>L&rsquo;Enduit de Finition \u00c9poxy permet un travail tr\u00e8s fin et un pon\u00e7age au millim\u00e8tre pr\u00e8s : les r\u00e9gatiers l&rsquo;utilisent pour donner \u00e0 la coque la plus belle forme possible, afin de gagner le dernier n\u0153ud de vitesse sur la concurrence.<\/p>\n<ul class=\"goodToKnow__list body-copy-s\">\n<li class=\"goodToKnow__listItem body-copy-rg\">Un enduit de finition sans retrait<\/li>\n<li class=\"goodToKnow__listItem body-copy-rg\">Tr\u00e8s facile \u00e0 appliquer et \u00e0 poncer<\/li>\n<li class=\"goodToKnow__listItem body-copy-rg\">Convient pour une utilisation au-dessus et en dessous de la ligne de flottaison<\/li>\n<\/ul>\n<p>&nbsp;<\/p>\n","protected":false},"excerpt":{"rendered":"<p>Epoxy Finishing Filler est un excellent enduit de finition bi-composant sans retrait. Enti\u00e8rement con\u00e7u pour un travail plus efficace, il est \u00e0 la fois facile \u00e0 appliquer et \u00e0 poncer. Convient pour une utilisation au-dessus et en dessous de la ligne de flottaison. L&rsquo;Enduit de Finition \u00c9poxy permet un travail tr\u00e8s fin et un pon\u00e7age [&hellip;]<\/p>\n","protected":false},"featured_media":1252,"comment_status":"open","ping_status":"closed","template":"","meta":[],"product_brand":[],"product_cat":[45],"product_tag":[],"class_list":{"0":"post-1251","1":"product","2":"type-product","3":"status-publish","4":"has-post-thumbnail","6":"product_cat-mastics-et-epoxy","8":"first","9":"instock","10":"shipping-taxable","11":"product-type-simple"},"yoast_head":"<!-- This site is optimized with the Yoast SEO plugin v27.6 - https:\/\/yoast.com\/product\/yoast-seo-wordpress\/ -->\n<title>Enduit : Enduit de finition \u00e9poxy - 2 composants \u00e9poxy - Wouters International<\/title>\n<meta name=\"robots\" content=\"index, follow, max-snippet:-1, max-image-preview:large, max-video-preview:-1\" \/>\n<link rel=\"canonical\" href=\"https:\/\/woutersinternational.com\/fr\/produit\/enduit-enduit-de-finition-epoxy-2-composants-epoxy\/\" \/>\n<meta property=\"og:locale\" content=\"fr_FR\" \/>\n<meta property=\"og:type\" content=\"article\" \/>\n<meta property=\"og:title\" content=\"Enduit : Enduit de finition \u00e9poxy - 2 composants \u00e9poxy - Wouters International\" \/>\n<meta property=\"og:description\" content=\"Epoxy Finishing Filler est un excellent enduit de finition bi-composant sans retrait. Enti\u00e8rement con\u00e7u pour un travail plus efficace, il est \u00e0 la fois facile \u00e0 appliquer et \u00e0 poncer. Convient pour une utilisation au-dessus et en dessous de la ligne de flottaison. L&rsquo;Enduit de Finition \u00c9poxy permet un travail tr\u00e8s fin et un pon\u00e7age [&hellip;]\" \/>\n<meta property=\"og:url\" content=\"https:\/\/woutersinternational.com\/fr\/produit\/enduit-enduit-de-finition-epoxy-2-composants-epoxy\/\" \/>\n<meta property=\"og:site_name\" content=\"Wouters International\" \/>\n<meta property=\"article:modified_time\" content=\"2025-11-24T08:58:40+00:00\" \/>\n<meta property=\"og:image\" content=\"https:\/\/woutersinternational.com\/wp-content\/uploads\/Wouters-International-Expoxy-finishing-filler.png\" \/>\n\t<meta property=\"og:image:width\" content=\"1600\" \/>\n\t<meta property=\"og:image:height\" content=\"1600\" \/>\n\t<meta property=\"og:image:type\" content=\"image\/png\" \/>\n<meta name=\"twitter:card\" content=\"summary_large_image\" \/>\n<meta name=\"twitter:label1\" content=\"Dur\u00e9e de lecture estim\u00e9e\" \/>\n\t<meta name=\"twitter:data1\" content=\"1 minute\" \/>\n<script type=\"application\/ld+json\" class=\"yoast-schema-graph\">{\"@context\":\"https:\\\/\\\/schema.org\",\"@graph\":[{\"@type\":\"WebPage\",\"@id\":\"https:\\\/\\\/woutersinternational.com\\\/fr\\\/produit\\\/enduit-enduit-de-finition-epoxy-2-composants-epoxy\\\/\",\"url\":\"https:\\\/\\\/woutersinternational.com\\\/fr\\\/produit\\\/enduit-enduit-de-finition-epoxy-2-composants-epoxy\\\/\",\"name\":\"Enduit : Enduit de finition \u00e9poxy - 2 composants \u00e9poxy - Wouters International\",\"isPartOf\":{\"@id\":\"https:\\\/\\\/woutersinternational.com\\\/fr\\\/#website\"},\"primaryImageOfPage\":{\"@id\":\"https:\\\/\\\/woutersinternational.com\\\/fr\\\/produit\\\/enduit-enduit-de-finition-epoxy-2-composants-epoxy\\\/#primaryimage\"},\"image\":{\"@id\":\"https:\\\/\\\/woutersinternational.com\\\/fr\\\/produit\\\/enduit-enduit-de-finition-epoxy-2-composants-epoxy\\\/#primaryimage\"},\"thumbnailUrl\":\"https:\\\/\\\/woutersinternational.com\\\/wp-content\\\/uploads\\\/Wouters-International-Expoxy-finishing-filler.png\",\"datePublished\":\"2025-04-07T14:50:53+00:00\",\"dateModified\":\"2025-11-24T08:58:40+00:00\",\"breadcrumb\":{\"@id\":\"https:\\\/\\\/woutersinternational.com\\\/fr\\\/produit\\\/enduit-enduit-de-finition-epoxy-2-composants-epoxy\\\/#breadcrumb\"},\"inLanguage\":\"fr-FR\",\"potentialAction\":[{\"@type\":\"ReadAction\",\"target\":[\"https:\\\/\\\/woutersinternational.com\\\/fr\\\/produit\\\/enduit-enduit-de-finition-epoxy-2-composants-epoxy\\\/\"]}]},{\"@type\":\"ImageObject\",\"inLanguage\":\"fr-FR\",\"@id\":\"https:\\\/\\\/woutersinternational.com\\\/fr\\\/produit\\\/enduit-enduit-de-finition-epoxy-2-composants-epoxy\\\/#primaryimage\",\"url\":\"https:\\\/\\\/woutersinternational.com\\\/wp-content\\\/uploads\\\/Wouters-International-Expoxy-finishing-filler.png\",\"contentUrl\":\"https:\\\/\\\/woutersinternational.com\\\/wp-content\\\/uploads\\\/Wouters-International-Expoxy-finishing-filler.png\",\"width\":1600,\"height\":1600},{\"@type\":\"BreadcrumbList\",\"@id\":\"https:\\\/\\\/woutersinternational.com\\\/fr\\\/produit\\\/enduit-enduit-de-finition-epoxy-2-composants-epoxy\\\/#breadcrumb\",\"itemListElement\":[{\"@type\":\"ListItem\",\"position\":1,\"name\":\"Accueil\",\"item\":\"https:\\\/\\\/woutersinternational.com\\\/fr\\\/accueil\\\/\"},{\"@type\":\"ListItem\",\"position\":2,\"name\":\"Produits\",\"item\":\"https:\\\/\\\/woutersinternational.com\\\/fr\\\/produits\\\/\"},{\"@type\":\"ListItem\",\"position\":3,\"name\":\"Enduit : Enduit de finition \u00e9poxy &#8211; 2 composants \u00e9poxy\"}]},{\"@type\":\"WebSite\",\"@id\":\"https:\\\/\\\/woutersinternational.com\\\/fr\\\/#website\",\"url\":\"https:\\\/\\\/woutersinternational.com\\\/fr\\\/\",\"name\":\"Wouters International\",\"description\":\"\",\"potentialAction\":[{\"@type\":\"SearchAction\",\"target\":{\"@type\":\"EntryPoint\",\"urlTemplate\":\"https:\\\/\\\/woutersinternational.com\\\/fr\\\/?s={search_term_string}\"},\"query-input\":{\"@type\":\"PropertyValueSpecification\",\"valueRequired\":true,\"valueName\":\"search_term_string\"}}],\"inLanguage\":\"fr-FR\"}]}<\/script>\n<!-- \/ Yoast SEO plugin. -->","yoast_head_json":{"title":"Enduit : Enduit de finition \u00e9poxy - 2 composants \u00e9poxy - Wouters International","robots":{"index":"index","follow":"follow","max-snippet":"max-snippet:-1","max-image-preview":"max-image-preview:large","max-video-preview":"max-video-preview:-1"},"canonical":"https:\/\/woutersinternational.com\/fr\/produit\/enduit-enduit-de-finition-epoxy-2-composants-epoxy\/","og_locale":"fr_FR","og_type":"article","og_title":"Enduit : Enduit de finition \u00e9poxy - 2 composants \u00e9poxy - Wouters International","og_description":"Epoxy Finishing Filler est un excellent enduit de finition bi-composant sans retrait. Enti\u00e8rement con\u00e7u pour un travail plus efficace, il est \u00e0 la fois facile \u00e0 appliquer et \u00e0 poncer. Convient pour une utilisation au-dessus et en dessous de la ligne de flottaison. L&rsquo;Enduit de Finition \u00c9poxy permet un travail tr\u00e8s fin et un pon\u00e7age [&hellip;]","og_url":"https:\/\/woutersinternational.com\/fr\/produit\/enduit-enduit-de-finition-epoxy-2-composants-epoxy\/","og_site_name":"Wouters International","article_modified_time":"2025-11-24T08:58:40+00:00","og_image":[{"width":1600,"height":1600,"url":"https:\/\/woutersinternational.com\/wp-content\/uploads\/Wouters-International-Expoxy-finishing-filler.png","type":"image\/png"}],"twitter_card":"summary_large_image","twitter_misc":{"Dur\u00e9e de lecture estim\u00e9e":"1 minute"},"schema":{"@context":"https:\/\/schema.org","@graph":[{"@type":"WebPage","@id":"https:\/\/woutersinternational.com\/fr\/produit\/enduit-enduit-de-finition-epoxy-2-composants-epoxy\/","url":"https:\/\/woutersinternational.com\/fr\/produit\/enduit-enduit-de-finition-epoxy-2-composants-epoxy\/","name":"Enduit : Enduit de finition \u00e9poxy - 2 composants \u00e9poxy - Wouters International","isPartOf":{"@id":"https:\/\/woutersinternational.com\/fr\/#website"},"primaryImageOfPage":{"@id":"https:\/\/woutersinternational.com\/fr\/produit\/enduit-enduit-de-finition-epoxy-2-composants-epoxy\/#primaryimage"},"image":{"@id":"https:\/\/woutersinternational.com\/fr\/produit\/enduit-enduit-de-finition-epoxy-2-composants-epoxy\/#primaryimage"},"thumbnailUrl":"https:\/\/woutersinternational.com\/wp-content\/uploads\/Wouters-International-Expoxy-finishing-filler.png","datePublished":"2025-04-07T14:50:53+00:00","dateModified":"2025-11-24T08:58:40+00:00","breadcrumb":{"@id":"https:\/\/woutersinternational.com\/fr\/produit\/enduit-enduit-de-finition-epoxy-2-composants-epoxy\/#breadcrumb"},"inLanguage":"fr-FR","potentialAction":[{"@type":"ReadAction","target":["https:\/\/woutersinternational.com\/fr\/produit\/enduit-enduit-de-finition-epoxy-2-composants-epoxy\/"]}]},{"@type":"ImageObject","inLanguage":"fr-FR","@id":"https:\/\/woutersinternational.com\/fr\/produit\/enduit-enduit-de-finition-epoxy-2-composants-epoxy\/#primaryimage","url":"https:\/\/woutersinternational.com\/wp-content\/uploads\/Wouters-International-Expoxy-finishing-filler.png","contentUrl":"https:\/\/woutersinternational.com\/wp-content\/uploads\/Wouters-International-Expoxy-finishing-filler.png","width":1600,"height":1600},{"@type":"BreadcrumbList","@id":"https:\/\/woutersinternational.com\/fr\/produit\/enduit-enduit-de-finition-epoxy-2-composants-epoxy\/#breadcrumb","itemListElement":[{"@type":"ListItem","position":1,"name":"Accueil","item":"https:\/\/woutersinternational.com\/fr\/accueil\/"},{"@type":"ListItem","position":2,"name":"Produits","item":"https:\/\/woutersinternational.com\/fr\/produits\/"},{"@type":"ListItem","position":3,"name":"Enduit : Enduit de finition \u00e9poxy &#8211; 2 composants \u00e9poxy"}]},{"@type":"WebSite","@id":"https:\/\/woutersinternational.com\/fr\/#website","url":"https:\/\/woutersinternational.com\/fr\/","name":"Wouters International","description":"","potentialAction":[{"@type":"SearchAction","target":{"@type":"EntryPoint","urlTemplate":"https:\/\/woutersinternational.com\/fr\/?s={search_term_string}"},"query-input":{"@type":"PropertyValueSpecification","valueRequired":true,"valueName":"search_term_string"}}],"inLanguage":"fr-FR"}]}},"_links":{"self":[{"href":"https:\/\/woutersinternational.com\/fr\/wp-json\/wp\/v2\/product\/1251","targetHints":{"allow":["GET"]}}],"collection":[{"href":"https:\/\/woutersinternational.com\/fr\/wp-json\/wp\/v2\/product"}],"about":[{"href":"https:\/\/woutersinternational.com\/fr\/wp-json\/wp\/v2\/types\/product"}],"replies":[{"embeddable":true,"href":"https:\/\/woutersinternational.com\/fr\/wp-json\/wp\/v2\/comments?post=1251"}],"wp:featuredmedia":[{"embeddable":true,"href":"https:\/\/woutersinternational.com\/fr\/wp-json\/wp\/v2\/media\/1252"}],"wp:attachment":[{"href":"https:\/\/woutersinternational.com\/fr\/wp-json\/wp\/v2\/media?parent=1251"}],"wp:term":[{"taxonomy":"product_brand","embeddable":true,"href":"https:\/\/woutersinternational.com\/fr\/wp-json\/wp\/v2\/product_brand?post=1251"},{"taxonomy":"product_cat","embeddable":true,"href":"https:\/\/woutersinternational.com\/fr\/wp-json\/wp\/v2\/product_cat?post=1251"},{"taxonomy":"product_tag","embeddable":true,"href":"https:\/\/woutersinternational.com\/fr\/wp-json\/wp\/v2\/product_tag?post=1251"}],"curies":[{"name":"wp","href":"https:\/\/api.w.org\/{rel}","templated":true}]}}