{"id":1253,"date":"2025-02-18T08:13:21","date_gmt":"2025-02-18T08:13:21","guid":{"rendered":"https:\/\/woutersinternational.com\/product\/vernis-goldspar-satin\/"},"modified":"2025-11-24T08:13:46","modified_gmt":"2025-11-24T08:13:46","slug":"vernis-goldspar-satin","status":"publish","type":"product","link":"https:\/\/woutersinternational.com\/fr\/produit\/vernis-goldspar-satin\/","title":{"rendered":"Vernis : Goldspar Satin"},"content":{"rendered":"<p>Goldspar Satin est un vernis d&rsquo;int\u00e9rieur monocomposant satin\u00e9. Le vernis s\u00e8che rapidement, r\u00e9duisant ainsi la contamination par la poussi\u00e8re. Ce vernis traditionnel offre une couche de finition satin\u00e9e dure et lisse, r\u00e9sistante aux produits l\u00e9g\u00e8rement acides et alcalins.<\/p>\n<p>Gr\u00e2ce \u00e0 sa finition satin\u00e9e, ce vernis convient aux int\u00e9rieurs et aux endroits o\u00f9 une finition brillante n&rsquo;est pas souhait\u00e9e.<\/p>\n<ul class=\"goodToKnow__list body-copy-s\">\n<li class=\"goodToKnow__listItem body-copy-rg\">Vernis polyur\u00e9thane avec une belle finition satin\u00e9e sp\u00e9cialement con\u00e7u pour les travaux int\u00e9rieurs.<\/li>\n<li class=\"goodToKnow__listItem body-copy-rg\">La formulation \u00e0 s\u00e9chage rapide emp\u00eache l&rsquo;absorption de particules de poussi\u00e8re.<\/li>\n<\/ul>\n","protected":false},"excerpt":{"rendered":"<h4 class=\"flatTile__title header-04\">Bon <b>\u00e0 savoir<\/b><\/h4>\n<ul class=\"goodToKnow__list body-copy-s\">\n<li class=\"goodToKnow__listItem body-copy-rg\">Un vernis polyur\u00e9thane avec une belle finition satin\u00e9e sp\u00e9cialement con\u00e7u pour les travaux int\u00e9rieurs<\/li>\n<li class=\"goodToKnow__listItem body-copy-rg\">R\u00e9sistant aux produits l\u00e9g\u00e8rement acides\/alcalins<\/li>\n<li class=\"goodToKnow__listItem body-copy-rg\">La formulation \u00e0 s\u00e9chage rapide emp\u00eache l&rsquo;absorption de particules de poussi\u00e8re<\/li>\n<\/ul>\n","protected":false},"featured_media":1254,"comment_status":"open","ping_status":"closed","template":"","meta":[],"product_brand":[],"product_cat":[42],"product_tag":[],"class_list":{"0":"post-1253","1":"product","2":"type-product","3":"status-publish","4":"has-post-thumbnail","6":"product_cat-vernis","8":"first","9":"instock","10":"shipping-taxable","11":"product-type-simple"},"yoast_head":"<!-- This site is optimized with the Yoast SEO plugin v27.6 - https:\/\/yoast.com\/product\/yoast-seo-wordpress\/ -->\n<title>Vernis : Goldspar Satin - Wouters International<\/title>\n<meta name=\"description\" content=\"Acheter Vernis : Goldspar Satin ? Peintures et produits d&#039;entretien de haute qualit\u00e9 pour yachts | Wouters International \u2013 Importateur exclusif d&#039;International Yacht Paint\" \/>\n<meta name=\"robots\" content=\"index, follow, max-snippet:-1, max-image-preview:large, max-video-preview:-1\" \/>\n<link rel=\"canonical\" href=\"https:\/\/woutersinternational.com\/fr\/produit\/vernis-goldspar-satin\/\" \/>\n<meta property=\"og:locale\" content=\"fr_FR\" \/>\n<meta property=\"og:type\" content=\"article\" \/>\n<meta property=\"og:title\" content=\"Vernis : Goldspar Satin - Wouters International\" \/>\n<meta property=\"og:description\" content=\"Acheter Vernis : Goldspar Satin ? Peintures et produits d&#039;entretien de haute qualit\u00e9 pour yachts | Wouters International \u2013 Importateur exclusif d&#039;International Yacht Paint\" \/>\n<meta property=\"og:url\" content=\"https:\/\/woutersinternational.com\/fr\/produit\/vernis-goldspar-satin\/\" \/>\n<meta property=\"og:site_name\" content=\"Wouters International\" \/>\n<meta property=\"article:modified_time\" content=\"2025-11-24T08:13:46+00:00\" \/>\n<meta property=\"og:image\" content=\"https:\/\/woutersinternational.com\/wp-content\/uploads\/2025\/02\/Producten.png\" \/>\n\t<meta property=\"og:image:width\" content=\"1600\" \/>\n\t<meta property=\"og:image:height\" content=\"1600\" \/>\n\t<meta property=\"og:image:type\" content=\"image\/png\" \/>\n<meta name=\"twitter:card\" content=\"summary_large_image\" \/>\n<meta name=\"twitter:label1\" content=\"Dur\u00e9e de lecture estim\u00e9e\" \/>\n\t<meta name=\"twitter:data1\" content=\"1 minute\" \/>\n<script type=\"application\/ld+json\" class=\"yoast-schema-graph\">{\"@context\":\"https:\\\/\\\/schema.org\",\"@graph\":[{\"@type\":\"WebPage\",\"@id\":\"https:\\\/\\\/woutersinternational.com\\\/fr\\\/produit\\\/vernis-goldspar-satin\\\/\",\"url\":\"https:\\\/\\\/woutersinternational.com\\\/fr\\\/produit\\\/vernis-goldspar-satin\\\/\",\"name\":\"Vernis : Goldspar Satin - Wouters International\",\"isPartOf\":{\"@id\":\"https:\\\/\\\/woutersinternational.com\\\/fr\\\/#website\"},\"primaryImageOfPage\":{\"@id\":\"https:\\\/\\\/woutersinternational.com\\\/fr\\\/produit\\\/vernis-goldspar-satin\\\/#primaryimage\"},\"image\":{\"@id\":\"https:\\\/\\\/woutersinternational.com\\\/fr\\\/produit\\\/vernis-goldspar-satin\\\/#primaryimage\"},\"thumbnailUrl\":\"https:\\\/\\\/woutersinternational.com\\\/wp-content\\\/uploads\\\/2025\\\/02\\\/Producten.png\",\"datePublished\":\"2025-02-18T08:13:21+00:00\",\"dateModified\":\"2025-11-24T08:13:46+00:00\",\"description\":\"Acheter Vernis : Goldspar Satin ? Peintures et produits d'entretien de haute qualit\u00e9 pour yachts | Wouters International \u2013 Importateur exclusif d'International Yacht Paint\",\"breadcrumb\":{\"@id\":\"https:\\\/\\\/woutersinternational.com\\\/fr\\\/produit\\\/vernis-goldspar-satin\\\/#breadcrumb\"},\"inLanguage\":\"fr-FR\",\"potentialAction\":[{\"@type\":\"ReadAction\",\"target\":[\"https:\\\/\\\/woutersinternational.com\\\/fr\\\/produit\\\/vernis-goldspar-satin\\\/\"]}]},{\"@type\":\"ImageObject\",\"inLanguage\":\"fr-FR\",\"@id\":\"https:\\\/\\\/woutersinternational.com\\\/fr\\\/produit\\\/vernis-goldspar-satin\\\/#primaryimage\",\"url\":\"https:\\\/\\\/woutersinternational.com\\\/wp-content\\\/uploads\\\/2025\\\/02\\\/Producten.png\",\"contentUrl\":\"https:\\\/\\\/woutersinternational.com\\\/wp-content\\\/uploads\\\/2025\\\/02\\\/Producten.png\",\"width\":1600,\"height\":1600},{\"@type\":\"BreadcrumbList\",\"@id\":\"https:\\\/\\\/woutersinternational.com\\\/fr\\\/produit\\\/vernis-goldspar-satin\\\/#breadcrumb\",\"itemListElement\":[{\"@type\":\"ListItem\",\"position\":1,\"name\":\"Accueil\",\"item\":\"https:\\\/\\\/woutersinternational.com\\\/fr\\\/accueil\\\/\"},{\"@type\":\"ListItem\",\"position\":2,\"name\":\"Produits\",\"item\":\"https:\\\/\\\/woutersinternational.com\\\/fr\\\/produits\\\/\"},{\"@type\":\"ListItem\",\"position\":3,\"name\":\"Vernis : Goldspar Satin\"}]},{\"@type\":\"WebSite\",\"@id\":\"https:\\\/\\\/woutersinternational.com\\\/fr\\\/#website\",\"url\":\"https:\\\/\\\/woutersinternational.com\\\/fr\\\/\",\"name\":\"Wouters International\",\"description\":\"\",\"potentialAction\":[{\"@type\":\"SearchAction\",\"target\":{\"@type\":\"EntryPoint\",\"urlTemplate\":\"https:\\\/\\\/woutersinternational.com\\\/fr\\\/?s={search_term_string}\"},\"query-input\":{\"@type\":\"PropertyValueSpecification\",\"valueRequired\":true,\"valueName\":\"search_term_string\"}}],\"inLanguage\":\"fr-FR\"}]}<\/script>\n<!-- \/ Yoast SEO plugin. -->","yoast_head_json":{"title":"Vernis : Goldspar Satin - Wouters International","description":"Acheter Vernis : Goldspar Satin ? Peintures et produits d'entretien de haute qualit\u00e9 pour yachts | Wouters International \u2013 Importateur exclusif d'International Yacht Paint","robots":{"index":"index","follow":"follow","max-snippet":"max-snippet:-1","max-image-preview":"max-image-preview:large","max-video-preview":"max-video-preview:-1"},"canonical":"https:\/\/woutersinternational.com\/fr\/produit\/vernis-goldspar-satin\/","og_locale":"fr_FR","og_type":"article","og_title":"Vernis : Goldspar Satin - Wouters International","og_description":"Acheter Vernis : Goldspar Satin ? Peintures et produits d'entretien de haute qualit\u00e9 pour yachts | Wouters International \u2013 Importateur exclusif d'International Yacht Paint","og_url":"https:\/\/woutersinternational.com\/fr\/produit\/vernis-goldspar-satin\/","og_site_name":"Wouters International","article_modified_time":"2025-11-24T08:13:46+00:00","og_image":[{"width":1600,"height":1600,"url":"https:\/\/woutersinternational.com\/wp-content\/uploads\/2025\/02\/Producten.png","type":"image\/png"}],"twitter_card":"summary_large_image","twitter_misc":{"Dur\u00e9e de lecture estim\u00e9e":"1 minute"},"schema":{"@context":"https:\/\/schema.org","@graph":[{"@type":"WebPage","@id":"https:\/\/woutersinternational.com\/fr\/produit\/vernis-goldspar-satin\/","url":"https:\/\/woutersinternational.com\/fr\/produit\/vernis-goldspar-satin\/","name":"Vernis : Goldspar Satin - Wouters International","isPartOf":{"@id":"https:\/\/woutersinternational.com\/fr\/#website"},"primaryImageOfPage":{"@id":"https:\/\/woutersinternational.com\/fr\/produit\/vernis-goldspar-satin\/#primaryimage"},"image":{"@id":"https:\/\/woutersinternational.com\/fr\/produit\/vernis-goldspar-satin\/#primaryimage"},"thumbnailUrl":"https:\/\/woutersinternational.com\/wp-content\/uploads\/2025\/02\/Producten.png","datePublished":"2025-02-18T08:13:21+00:00","dateModified":"2025-11-24T08:13:46+00:00","description":"Acheter Vernis : Goldspar Satin ? Peintures et produits d'entretien de haute qualit\u00e9 pour yachts | Wouters International \u2013 Importateur exclusif d'International Yacht Paint","breadcrumb":{"@id":"https:\/\/woutersinternational.com\/fr\/produit\/vernis-goldspar-satin\/#breadcrumb"},"inLanguage":"fr-FR","potentialAction":[{"@type":"ReadAction","target":["https:\/\/woutersinternational.com\/fr\/produit\/vernis-goldspar-satin\/"]}]},{"@type":"ImageObject","inLanguage":"fr-FR","@id":"https:\/\/woutersinternational.com\/fr\/produit\/vernis-goldspar-satin\/#primaryimage","url":"https:\/\/woutersinternational.com\/wp-content\/uploads\/2025\/02\/Producten.png","contentUrl":"https:\/\/woutersinternational.com\/wp-content\/uploads\/2025\/02\/Producten.png","width":1600,"height":1600},{"@type":"BreadcrumbList","@id":"https:\/\/woutersinternational.com\/fr\/produit\/vernis-goldspar-satin\/#breadcrumb","itemListElement":[{"@type":"ListItem","position":1,"name":"Accueil","item":"https:\/\/woutersinternational.com\/fr\/accueil\/"},{"@type":"ListItem","position":2,"name":"Produits","item":"https:\/\/woutersinternational.com\/fr\/produits\/"},{"@type":"ListItem","position":3,"name":"Vernis : Goldspar Satin"}]},{"@type":"WebSite","@id":"https:\/\/woutersinternational.com\/fr\/#website","url":"https:\/\/woutersinternational.com\/fr\/","name":"Wouters International","description":"","potentialAction":[{"@type":"SearchAction","target":{"@type":"EntryPoint","urlTemplate":"https:\/\/woutersinternational.com\/fr\/?s={search_term_string}"},"query-input":{"@type":"PropertyValueSpecification","valueRequired":true,"valueName":"search_term_string"}}],"inLanguage":"fr-FR"}]}},"_links":{"self":[{"href":"https:\/\/woutersinternational.com\/fr\/wp-json\/wp\/v2\/product\/1253","targetHints":{"allow":["GET"]}}],"collection":[{"href":"https:\/\/woutersinternational.com\/fr\/wp-json\/wp\/v2\/product"}],"about":[{"href":"https:\/\/woutersinternational.com\/fr\/wp-json\/wp\/v2\/types\/product"}],"replies":[{"embeddable":true,"href":"https:\/\/woutersinternational.com\/fr\/wp-json\/wp\/v2\/comments?post=1253"}],"wp:featuredmedia":[{"embeddable":true,"href":"https:\/\/woutersinternational.com\/fr\/wp-json\/wp\/v2\/media\/1254"}],"wp:attachment":[{"href":"https:\/\/woutersinternational.com\/fr\/wp-json\/wp\/v2\/media?parent=1253"}],"wp:term":[{"taxonomy":"product_brand","embeddable":true,"href":"https:\/\/woutersinternational.com\/fr\/wp-json\/wp\/v2\/product_brand?post=1253"},{"taxonomy":"product_cat","embeddable":true,"href":"https:\/\/woutersinternational.com\/fr\/wp-json\/wp\/v2\/product_cat?post=1253"},{"taxonomy":"product_tag","embeddable":true,"href":"https:\/\/woutersinternational.com\/fr\/wp-json\/wp\/v2\/product_tag?post=1253"}],"curies":[{"name":"wp","href":"https:\/\/api.w.org\/{rel}","templated":true}]}}