{"id":1255,"date":"2025-04-07T11:31:09","date_gmt":"2025-04-07T11:31:09","guid":{"rendered":"https:\/\/woutersinternational.com\/product\/diluant-n-1\/"},"modified":"2025-11-21T18:28:05","modified_gmt":"2025-11-21T18:28:05","slug":"diluant-n-1","status":"publish","type":"product","link":"https:\/\/woutersinternational.com\/fr\/produit\/diluant-n-1\/","title":{"rendered":"Diluant n\u00b0 1"},"content":{"rendered":"<p>Le diluant n\u00b0 1 est utilis\u00e9 au-dessus de la ligne de flottaison et constitue un excellent diluant \u00e0 usage g\u00e9n\u00e9ral pour les vernis \u00e0 1 composant.<\/p>\n<p>Pour une bonne application du vernis et une p\u00e9n\u00e9tration en profondeur dans le bois, les couches 1 \u00e0 4 sont de pr\u00e9f\u00e9rence appliqu\u00e9es dilu\u00e9es.<\/p>\n<p>Le n\u00b0 1 convient \u00e9galement au nettoyage des outils de peinture.<\/p>\n","protected":false},"excerpt":{"rendered":"<p>Le diluant n\u00b0 1 est utilis\u00e9 au-dessus de la ligne de flottaison et constitue un excellent diluant \u00e0 usage g\u00e9n\u00e9ral pour les vernis \u00e0 1 composant. Pour une bonne application du vernis et une p\u00e9n\u00e9tration en profondeur dans le bois, les couches 1 \u00e0 4 sont de pr\u00e9f\u00e9rence appliqu\u00e9es dilu\u00e9es. Le n\u00b0 1 convient \u00e9galement [&hellip;]<\/p>\n","protected":false},"featured_media":1257,"comment_status":"open","ping_status":"closed","template":"","meta":[],"product_brand":[],"product_cat":[49],"product_tag":[],"class_list":{"0":"post-1255","1":"product","2":"type-product","3":"status-publish","4":"has-post-thumbnail","6":"product_cat-diluants","8":"first","9":"instock","10":"featured","11":"shipping-taxable","12":"product-type-simple"},"yoast_head":"<!-- This site is optimized with the Yoast SEO plugin v27.6 - https:\/\/yoast.com\/product\/yoast-seo-wordpress\/ -->\n<title>Diluant n\u00b0 1 - Wouters International<\/title>\n<meta name=\"robots\" content=\"index, follow, max-snippet:-1, max-image-preview:large, max-video-preview:-1\" \/>\n<link rel=\"canonical\" href=\"https:\/\/woutersinternational.com\/fr\/produit\/diluant-n-1\/\" \/>\n<meta property=\"og:locale\" content=\"fr_FR\" \/>\n<meta property=\"og:type\" content=\"article\" \/>\n<meta property=\"og:title\" content=\"Diluant n\u00b0 1 - Wouters International\" \/>\n<meta property=\"og:description\" content=\"Le diluant n\u00b0 1 est utilis\u00e9 au-dessus de la ligne de flottaison et constitue un excellent diluant \u00e0 usage g\u00e9n\u00e9ral pour les vernis \u00e0 1 composant. Pour une bonne application du vernis et une p\u00e9n\u00e9tration en profondeur dans le bois, les couches 1 \u00e0 4 sont de pr\u00e9f\u00e9rence appliqu\u00e9es dilu\u00e9es. Le n\u00b0 1 convient \u00e9galement [&hellip;]\" \/>\n<meta property=\"og:url\" content=\"https:\/\/woutersinternational.com\/fr\/produit\/diluant-n-1\/\" \/>\n<meta property=\"og:site_name\" content=\"Wouters International\" \/>\n<meta property=\"article:modified_time\" content=\"2025-11-21T18:28:05+00:00\" \/>\n<meta property=\"og:image\" content=\"https:\/\/woutersinternational.com\/wp-content\/uploads\/Wouters-International-Thinner-n-1.png\" \/>\n\t<meta property=\"og:image:width\" content=\"1600\" \/>\n\t<meta property=\"og:image:height\" content=\"1600\" \/>\n\t<meta property=\"og:image:type\" content=\"image\/png\" \/>\n<meta name=\"twitter:card\" content=\"summary_large_image\" \/>\n<meta name=\"twitter:label1\" content=\"Dur\u00e9e de lecture estim\u00e9e\" \/>\n\t<meta name=\"twitter:data1\" content=\"1 minute\" \/>\n<script type=\"application\/ld+json\" class=\"yoast-schema-graph\">{\"@context\":\"https:\\\/\\\/schema.org\",\"@graph\":[{\"@type\":\"WebPage\",\"@id\":\"https:\\\/\\\/woutersinternational.com\\\/fr\\\/produit\\\/diluant-n-1\\\/\",\"url\":\"https:\\\/\\\/woutersinternational.com\\\/fr\\\/produit\\\/diluant-n-1\\\/\",\"name\":\"Diluant n\u00b0 1 - Wouters International\",\"isPartOf\":{\"@id\":\"https:\\\/\\\/woutersinternational.com\\\/fr\\\/#website\"},\"primaryImageOfPage\":{\"@id\":\"https:\\\/\\\/woutersinternational.com\\\/fr\\\/produit\\\/diluant-n-1\\\/#primaryimage\"},\"image\":{\"@id\":\"https:\\\/\\\/woutersinternational.com\\\/fr\\\/produit\\\/diluant-n-1\\\/#primaryimage\"},\"thumbnailUrl\":\"https:\\\/\\\/woutersinternational.com\\\/wp-content\\\/uploads\\\/Wouters-International-Thinner-n-1.png\",\"datePublished\":\"2025-04-07T11:31:09+00:00\",\"dateModified\":\"2025-11-21T18:28:05+00:00\",\"breadcrumb\":{\"@id\":\"https:\\\/\\\/woutersinternational.com\\\/fr\\\/produit\\\/diluant-n-1\\\/#breadcrumb\"},\"inLanguage\":\"fr-FR\",\"potentialAction\":[{\"@type\":\"ReadAction\",\"target\":[\"https:\\\/\\\/woutersinternational.com\\\/fr\\\/produit\\\/diluant-n-1\\\/\"]}]},{\"@type\":\"ImageObject\",\"inLanguage\":\"fr-FR\",\"@id\":\"https:\\\/\\\/woutersinternational.com\\\/fr\\\/produit\\\/diluant-n-1\\\/#primaryimage\",\"url\":\"https:\\\/\\\/woutersinternational.com\\\/wp-content\\\/uploads\\\/Wouters-International-Thinner-n-1.png\",\"contentUrl\":\"https:\\\/\\\/woutersinternational.com\\\/wp-content\\\/uploads\\\/Wouters-International-Thinner-n-1.png\",\"width\":1600,\"height\":1600},{\"@type\":\"BreadcrumbList\",\"@id\":\"https:\\\/\\\/woutersinternational.com\\\/fr\\\/produit\\\/diluant-n-1\\\/#breadcrumb\",\"itemListElement\":[{\"@type\":\"ListItem\",\"position\":1,\"name\":\"Accueil\",\"item\":\"https:\\\/\\\/woutersinternational.com\\\/fr\\\/accueil\\\/\"},{\"@type\":\"ListItem\",\"position\":2,\"name\":\"Produits\",\"item\":\"https:\\\/\\\/woutersinternational.com\\\/fr\\\/produits\\\/\"},{\"@type\":\"ListItem\",\"position\":3,\"name\":\"Diluant n\u00b0 1\"}]},{\"@type\":\"WebSite\",\"@id\":\"https:\\\/\\\/woutersinternational.com\\\/fr\\\/#website\",\"url\":\"https:\\\/\\\/woutersinternational.com\\\/fr\\\/\",\"name\":\"Wouters International\",\"description\":\"\",\"potentialAction\":[{\"@type\":\"SearchAction\",\"target\":{\"@type\":\"EntryPoint\",\"urlTemplate\":\"https:\\\/\\\/woutersinternational.com\\\/fr\\\/?s={search_term_string}\"},\"query-input\":{\"@type\":\"PropertyValueSpecification\",\"valueRequired\":true,\"valueName\":\"search_term_string\"}}],\"inLanguage\":\"fr-FR\"}]}<\/script>\n<!-- \/ Yoast SEO plugin. -->","yoast_head_json":{"title":"Diluant n\u00b0 1 - Wouters International","robots":{"index":"index","follow":"follow","max-snippet":"max-snippet:-1","max-image-preview":"max-image-preview:large","max-video-preview":"max-video-preview:-1"},"canonical":"https:\/\/woutersinternational.com\/fr\/produit\/diluant-n-1\/","og_locale":"fr_FR","og_type":"article","og_title":"Diluant n\u00b0 1 - Wouters International","og_description":"Le diluant n\u00b0 1 est utilis\u00e9 au-dessus de la ligne de flottaison et constitue un excellent diluant \u00e0 usage g\u00e9n\u00e9ral pour les vernis \u00e0 1 composant. Pour une bonne application du vernis et une p\u00e9n\u00e9tration en profondeur dans le bois, les couches 1 \u00e0 4 sont de pr\u00e9f\u00e9rence appliqu\u00e9es dilu\u00e9es. Le n\u00b0 1 convient \u00e9galement [&hellip;]","og_url":"https:\/\/woutersinternational.com\/fr\/produit\/diluant-n-1\/","og_site_name":"Wouters International","article_modified_time":"2025-11-21T18:28:05+00:00","og_image":[{"width":1600,"height":1600,"url":"https:\/\/woutersinternational.com\/wp-content\/uploads\/Wouters-International-Thinner-n-1.png","type":"image\/png"}],"twitter_card":"summary_large_image","twitter_misc":{"Dur\u00e9e de lecture estim\u00e9e":"1 minute"},"schema":{"@context":"https:\/\/schema.org","@graph":[{"@type":"WebPage","@id":"https:\/\/woutersinternational.com\/fr\/produit\/diluant-n-1\/","url":"https:\/\/woutersinternational.com\/fr\/produit\/diluant-n-1\/","name":"Diluant n\u00b0 1 - Wouters International","isPartOf":{"@id":"https:\/\/woutersinternational.com\/fr\/#website"},"primaryImageOfPage":{"@id":"https:\/\/woutersinternational.com\/fr\/produit\/diluant-n-1\/#primaryimage"},"image":{"@id":"https:\/\/woutersinternational.com\/fr\/produit\/diluant-n-1\/#primaryimage"},"thumbnailUrl":"https:\/\/woutersinternational.com\/wp-content\/uploads\/Wouters-International-Thinner-n-1.png","datePublished":"2025-04-07T11:31:09+00:00","dateModified":"2025-11-21T18:28:05+00:00","breadcrumb":{"@id":"https:\/\/woutersinternational.com\/fr\/produit\/diluant-n-1\/#breadcrumb"},"inLanguage":"fr-FR","potentialAction":[{"@type":"ReadAction","target":["https:\/\/woutersinternational.com\/fr\/produit\/diluant-n-1\/"]}]},{"@type":"ImageObject","inLanguage":"fr-FR","@id":"https:\/\/woutersinternational.com\/fr\/produit\/diluant-n-1\/#primaryimage","url":"https:\/\/woutersinternational.com\/wp-content\/uploads\/Wouters-International-Thinner-n-1.png","contentUrl":"https:\/\/woutersinternational.com\/wp-content\/uploads\/Wouters-International-Thinner-n-1.png","width":1600,"height":1600},{"@type":"BreadcrumbList","@id":"https:\/\/woutersinternational.com\/fr\/produit\/diluant-n-1\/#breadcrumb","itemListElement":[{"@type":"ListItem","position":1,"name":"Accueil","item":"https:\/\/woutersinternational.com\/fr\/accueil\/"},{"@type":"ListItem","position":2,"name":"Produits","item":"https:\/\/woutersinternational.com\/fr\/produits\/"},{"@type":"ListItem","position":3,"name":"Diluant n\u00b0 1"}]},{"@type":"WebSite","@id":"https:\/\/woutersinternational.com\/fr\/#website","url":"https:\/\/woutersinternational.com\/fr\/","name":"Wouters International","description":"","potentialAction":[{"@type":"SearchAction","target":{"@type":"EntryPoint","urlTemplate":"https:\/\/woutersinternational.com\/fr\/?s={search_term_string}"},"query-input":{"@type":"PropertyValueSpecification","valueRequired":true,"valueName":"search_term_string"}}],"inLanguage":"fr-FR"}]}},"_links":{"self":[{"href":"https:\/\/woutersinternational.com\/fr\/wp-json\/wp\/v2\/product\/1255","targetHints":{"allow":["GET"]}}],"collection":[{"href":"https:\/\/woutersinternational.com\/fr\/wp-json\/wp\/v2\/product"}],"about":[{"href":"https:\/\/woutersinternational.com\/fr\/wp-json\/wp\/v2\/types\/product"}],"replies":[{"embeddable":true,"href":"https:\/\/woutersinternational.com\/fr\/wp-json\/wp\/v2\/comments?post=1255"}],"wp:featuredmedia":[{"embeddable":true,"href":"https:\/\/woutersinternational.com\/fr\/wp-json\/wp\/v2\/media\/1257"}],"wp:attachment":[{"href":"https:\/\/woutersinternational.com\/fr\/wp-json\/wp\/v2\/media?parent=1255"}],"wp:term":[{"taxonomy":"product_brand","embeddable":true,"href":"https:\/\/woutersinternational.com\/fr\/wp-json\/wp\/v2\/product_brand?post=1255"},{"taxonomy":"product_cat","embeddable":true,"href":"https:\/\/woutersinternational.com\/fr\/wp-json\/wp\/v2\/product_cat?post=1255"},{"taxonomy":"product_tag","embeddable":true,"href":"https:\/\/woutersinternational.com\/fr\/wp-json\/wp\/v2\/product_tag?post=1255"}],"curies":[{"name":"wp","href":"https:\/\/api.w.org\/{rel}","templated":true}]}}