{"id":1258,"date":"2025-01-08T12:33:12","date_gmt":"2025-01-08T12:33:12","guid":{"rendered":"https:\/\/woutersinternational.com\/product\/gelshield-200-primaire-epoxy-bi-composant\/"},"modified":"2025-11-24T08:34:41","modified_gmt":"2025-11-24T08:34:41","slug":"gelshield-200-primaire-epoxy-bi-composant","status":"publish","type":"product","link":"https:\/\/woutersinternational.com\/fr\/produit\/gelshield-200-primaire-epoxy-bi-composant\/","title":{"rendered":"Gelshield 200 &#8211; Primaire \u00e9poxy bi-composant"},"content":{"rendered":"<p>Gelshield 200 est un primaire \u00e9poxy \u00e0 s\u00e9chage rapide, facile \u00e0 appliquer, pour la protection du polyester contre l&rsquo;osmose. Gelshield 200 est utilisable \u00e0 partir de 10\u00b0C et s\u00e8che rapidement. Vous pouvez appliquer plusieurs couches par jour. C&rsquo;est un produit bi-composant : le respect des temps de recouvrement est simple mais essentiel pour r\u00e9ussir le traitement.<\/p>\n<p>L&rsquo;\u00e9poxy forme une barri\u00e8re \u00e9tanche : avec 5 couches (alternant gris et vert), Gelshield 200 offre une protection pr\u00e9ventive contre l&rsquo;osmose.<br \/>\nPour les yachts neufs, c&rsquo;est un investissement cons\u00e9quent, mais le syst\u00e8me de peinture rapporte le double \u00e0 la revente.<\/p>\n<p>Gelshield 200 est un produit bi-composant, disponible en teintes verte et grise pour faciliter le recouvrement.<\/p>\n<p>&nbsp;<\/p>\n<p>Un avis professionnel est n\u00e9cessaire pour un traitement curatif. Consultez-nous, nous examinerons votre bateau avec le chantier naval.<\/p>\n<p>&nbsp;<\/p>\n<p>&nbsp;<\/p>\n","protected":false},"excerpt":{"rendered":"<h4 class=\"flatTile__title header-04\">Bon <b>\u00e0 savoir<\/b><\/h4>\n<ul class=\"goodToKnow__list body-copy-s\">\n<li class=\"goodToKnow__listItem body-copy-rg\">Offre une protection contre l&rsquo;osmose en cinq couches (250 \u00b5m)<\/li>\n<li class=\"goodToKnow__listItem body-copy-rg\">Gr\u00e2ce au s\u00e9chage rapide, vous pouvez appliquer plusieurs couches par jour<\/li>\n<li class=\"goodToKnow__listItem body-copy-rg\">Tr\u00e8s facile \u00e0 appliquer et peut \u00eatre utilis\u00e9 \u00e0 partir de 5\u00b0C<\/li>\n<\/ul>\n","protected":false},"featured_media":1272,"comment_status":"open","ping_status":"closed","template":"","meta":[],"product_brand":[],"product_cat":[47,46],"product_tag":[],"class_list":{"0":"post-1258","1":"product","2":"type-product","3":"status-publish","4":"has-post-thumbnail","6":"product_cat-primaires","7":"product_cat-sous-couches","9":"first","10":"instock","11":"shipping-taxable","12":"product-type-simple"},"yoast_head":"<!-- This site is optimized with the Yoast SEO plugin v27.6 - https:\/\/yoast.com\/product\/yoast-seo-wordpress\/ -->\n<title>Gelshield 200 - Primaire \u00e9poxy bi-composant - Wouters International<\/title>\n<meta name=\"description\" content=\"Acheter Gelshield 200 - Primaire \u00e9poxy bi-composant ? Laques et produits d&#039;entretien haut de gamme pour yachts | Wouters International \u2013 Importateur exclusif d&#039;International Yacht Paint\" \/>\n<meta name=\"robots\" content=\"index, follow, max-snippet:-1, max-image-preview:large, max-video-preview:-1\" \/>\n<link rel=\"canonical\" href=\"https:\/\/woutersinternational.com\/fr\/produit\/gelshield-200-primaire-epoxy-bi-composant\/\" \/>\n<meta property=\"og:locale\" content=\"fr_FR\" \/>\n<meta property=\"og:type\" content=\"article\" \/>\n<meta property=\"og:title\" content=\"Gelshield 200 - Primaire \u00e9poxy bi-composant - Wouters International\" \/>\n<meta property=\"og:description\" content=\"Acheter Gelshield 200 - Primaire \u00e9poxy bi-composant ? Laques et produits d&#039;entretien haut de gamme pour yachts | Wouters International \u2013 Importateur exclusif d&#039;International Yacht Paint\" \/>\n<meta property=\"og:url\" content=\"https:\/\/woutersinternational.com\/fr\/produit\/gelshield-200-primaire-epoxy-bi-composant\/\" \/>\n<meta property=\"og:site_name\" content=\"Wouters International\" \/>\n<meta property=\"article:modified_time\" content=\"2025-11-24T08:34:41+00:00\" \/>\n<meta property=\"og:image\" content=\"https:\/\/woutersinternational.com\/wp-content\/uploads\/2025\/01\/3.png\" \/>\n\t<meta property=\"og:image:width\" content=\"1600\" \/>\n\t<meta property=\"og:image:height\" content=\"1600\" \/>\n\t<meta property=\"og:image:type\" content=\"image\/png\" \/>\n<meta name=\"twitter:card\" content=\"summary_large_image\" \/>\n<meta name=\"twitter:label1\" content=\"Dur\u00e9e de lecture estim\u00e9e\" \/>\n\t<meta name=\"twitter:data1\" content=\"1 minute\" \/>\n<script type=\"application\/ld+json\" class=\"yoast-schema-graph\">{\"@context\":\"https:\\\/\\\/schema.org\",\"@graph\":[{\"@type\":\"WebPage\",\"@id\":\"https:\\\/\\\/woutersinternational.com\\\/fr\\\/produit\\\/gelshield-200-primaire-epoxy-bi-composant\\\/\",\"url\":\"https:\\\/\\\/woutersinternational.com\\\/fr\\\/produit\\\/gelshield-200-primaire-epoxy-bi-composant\\\/\",\"name\":\"Gelshield 200 - Primaire \u00e9poxy bi-composant - Wouters International\",\"isPartOf\":{\"@id\":\"https:\\\/\\\/woutersinternational.com\\\/fr\\\/#website\"},\"primaryImageOfPage\":{\"@id\":\"https:\\\/\\\/woutersinternational.com\\\/fr\\\/produit\\\/gelshield-200-primaire-epoxy-bi-composant\\\/#primaryimage\"},\"image\":{\"@id\":\"https:\\\/\\\/woutersinternational.com\\\/fr\\\/produit\\\/gelshield-200-primaire-epoxy-bi-composant\\\/#primaryimage\"},\"thumbnailUrl\":\"https:\\\/\\\/woutersinternational.com\\\/wp-content\\\/uploads\\\/2025\\\/01\\\/3.png\",\"datePublished\":\"2025-01-08T12:33:12+00:00\",\"dateModified\":\"2025-11-24T08:34:41+00:00\",\"description\":\"Acheter Gelshield 200 - Primaire \u00e9poxy bi-composant ? Laques et produits d'entretien haut de gamme pour yachts | Wouters International \u2013 Importateur exclusif d'International Yacht Paint\",\"breadcrumb\":{\"@id\":\"https:\\\/\\\/woutersinternational.com\\\/fr\\\/produit\\\/gelshield-200-primaire-epoxy-bi-composant\\\/#breadcrumb\"},\"inLanguage\":\"fr-FR\",\"potentialAction\":[{\"@type\":\"ReadAction\",\"target\":[\"https:\\\/\\\/woutersinternational.com\\\/fr\\\/produit\\\/gelshield-200-primaire-epoxy-bi-composant\\\/\"]}]},{\"@type\":\"ImageObject\",\"inLanguage\":\"fr-FR\",\"@id\":\"https:\\\/\\\/woutersinternational.com\\\/fr\\\/produit\\\/gelshield-200-primaire-epoxy-bi-composant\\\/#primaryimage\",\"url\":\"https:\\\/\\\/woutersinternational.com\\\/wp-content\\\/uploads\\\/2025\\\/01\\\/3.png\",\"contentUrl\":\"https:\\\/\\\/woutersinternational.com\\\/wp-content\\\/uploads\\\/2025\\\/01\\\/3.png\",\"width\":1600,\"height\":1600},{\"@type\":\"BreadcrumbList\",\"@id\":\"https:\\\/\\\/woutersinternational.com\\\/fr\\\/produit\\\/gelshield-200-primaire-epoxy-bi-composant\\\/#breadcrumb\",\"itemListElement\":[{\"@type\":\"ListItem\",\"position\":1,\"name\":\"Accueil\",\"item\":\"https:\\\/\\\/woutersinternational.com\\\/fr\\\/accueil\\\/\"},{\"@type\":\"ListItem\",\"position\":2,\"name\":\"Produits\",\"item\":\"https:\\\/\\\/woutersinternational.com\\\/fr\\\/produits\\\/\"},{\"@type\":\"ListItem\",\"position\":3,\"name\":\"Gelshield 200 &#8211; Primaire \u00e9poxy bi-composant\"}]},{\"@type\":\"WebSite\",\"@id\":\"https:\\\/\\\/woutersinternational.com\\\/fr\\\/#website\",\"url\":\"https:\\\/\\\/woutersinternational.com\\\/fr\\\/\",\"name\":\"Wouters International\",\"description\":\"\",\"potentialAction\":[{\"@type\":\"SearchAction\",\"target\":{\"@type\":\"EntryPoint\",\"urlTemplate\":\"https:\\\/\\\/woutersinternational.com\\\/fr\\\/?s={search_term_string}\"},\"query-input\":{\"@type\":\"PropertyValueSpecification\",\"valueRequired\":true,\"valueName\":\"search_term_string\"}}],\"inLanguage\":\"fr-FR\"}]}<\/script>\n<!-- \/ Yoast SEO plugin. -->","yoast_head_json":{"title":"Gelshield 200 - Primaire \u00e9poxy bi-composant - Wouters International","description":"Acheter Gelshield 200 - Primaire \u00e9poxy bi-composant ? Laques et produits d'entretien haut de gamme pour yachts | Wouters International \u2013 Importateur exclusif d'International Yacht Paint","robots":{"index":"index","follow":"follow","max-snippet":"max-snippet:-1","max-image-preview":"max-image-preview:large","max-video-preview":"max-video-preview:-1"},"canonical":"https:\/\/woutersinternational.com\/fr\/produit\/gelshield-200-primaire-epoxy-bi-composant\/","og_locale":"fr_FR","og_type":"article","og_title":"Gelshield 200 - Primaire \u00e9poxy bi-composant - Wouters International","og_description":"Acheter Gelshield 200 - Primaire \u00e9poxy bi-composant ? Laques et produits d'entretien haut de gamme pour yachts | Wouters International \u2013 Importateur exclusif d'International Yacht Paint","og_url":"https:\/\/woutersinternational.com\/fr\/produit\/gelshield-200-primaire-epoxy-bi-composant\/","og_site_name":"Wouters International","article_modified_time":"2025-11-24T08:34:41+00:00","og_image":[{"width":1600,"height":1600,"url":"https:\/\/woutersinternational.com\/wp-content\/uploads\/2025\/01\/3.png","type":"image\/png"}],"twitter_card":"summary_large_image","twitter_misc":{"Dur\u00e9e de lecture estim\u00e9e":"1 minute"},"schema":{"@context":"https:\/\/schema.org","@graph":[{"@type":"WebPage","@id":"https:\/\/woutersinternational.com\/fr\/produit\/gelshield-200-primaire-epoxy-bi-composant\/","url":"https:\/\/woutersinternational.com\/fr\/produit\/gelshield-200-primaire-epoxy-bi-composant\/","name":"Gelshield 200 - Primaire \u00e9poxy bi-composant - Wouters International","isPartOf":{"@id":"https:\/\/woutersinternational.com\/fr\/#website"},"primaryImageOfPage":{"@id":"https:\/\/woutersinternational.com\/fr\/produit\/gelshield-200-primaire-epoxy-bi-composant\/#primaryimage"},"image":{"@id":"https:\/\/woutersinternational.com\/fr\/produit\/gelshield-200-primaire-epoxy-bi-composant\/#primaryimage"},"thumbnailUrl":"https:\/\/woutersinternational.com\/wp-content\/uploads\/2025\/01\/3.png","datePublished":"2025-01-08T12:33:12+00:00","dateModified":"2025-11-24T08:34:41+00:00","description":"Acheter Gelshield 200 - Primaire \u00e9poxy bi-composant ? Laques et produits d'entretien haut de gamme pour yachts | Wouters International \u2013 Importateur exclusif d'International Yacht Paint","breadcrumb":{"@id":"https:\/\/woutersinternational.com\/fr\/produit\/gelshield-200-primaire-epoxy-bi-composant\/#breadcrumb"},"inLanguage":"fr-FR","potentialAction":[{"@type":"ReadAction","target":["https:\/\/woutersinternational.com\/fr\/produit\/gelshield-200-primaire-epoxy-bi-composant\/"]}]},{"@type":"ImageObject","inLanguage":"fr-FR","@id":"https:\/\/woutersinternational.com\/fr\/produit\/gelshield-200-primaire-epoxy-bi-composant\/#primaryimage","url":"https:\/\/woutersinternational.com\/wp-content\/uploads\/2025\/01\/3.png","contentUrl":"https:\/\/woutersinternational.com\/wp-content\/uploads\/2025\/01\/3.png","width":1600,"height":1600},{"@type":"BreadcrumbList","@id":"https:\/\/woutersinternational.com\/fr\/produit\/gelshield-200-primaire-epoxy-bi-composant\/#breadcrumb","itemListElement":[{"@type":"ListItem","position":1,"name":"Accueil","item":"https:\/\/woutersinternational.com\/fr\/accueil\/"},{"@type":"ListItem","position":2,"name":"Produits","item":"https:\/\/woutersinternational.com\/fr\/produits\/"},{"@type":"ListItem","position":3,"name":"Gelshield 200 &#8211; Primaire \u00e9poxy bi-composant"}]},{"@type":"WebSite","@id":"https:\/\/woutersinternational.com\/fr\/#website","url":"https:\/\/woutersinternational.com\/fr\/","name":"Wouters International","description":"","potentialAction":[{"@type":"SearchAction","target":{"@type":"EntryPoint","urlTemplate":"https:\/\/woutersinternational.com\/fr\/?s={search_term_string}"},"query-input":{"@type":"PropertyValueSpecification","valueRequired":true,"valueName":"search_term_string"}}],"inLanguage":"fr-FR"}]}},"_links":{"self":[{"href":"https:\/\/woutersinternational.com\/fr\/wp-json\/wp\/v2\/product\/1258","targetHints":{"allow":["GET"]}}],"collection":[{"href":"https:\/\/woutersinternational.com\/fr\/wp-json\/wp\/v2\/product"}],"about":[{"href":"https:\/\/woutersinternational.com\/fr\/wp-json\/wp\/v2\/types\/product"}],"replies":[{"embeddable":true,"href":"https:\/\/woutersinternational.com\/fr\/wp-json\/wp\/v2\/comments?post=1258"}],"wp:featuredmedia":[{"embeddable":true,"href":"https:\/\/woutersinternational.com\/fr\/wp-json\/wp\/v2\/media\/1272"}],"wp:attachment":[{"href":"https:\/\/woutersinternational.com\/fr\/wp-json\/wp\/v2\/media?parent=1258"}],"wp:term":[{"taxonomy":"product_brand","embeddable":true,"href":"https:\/\/woutersinternational.com\/fr\/wp-json\/wp\/v2\/product_brand?post=1258"},{"taxonomy":"product_cat","embeddable":true,"href":"https:\/\/woutersinternational.com\/fr\/wp-json\/wp\/v2\/product_cat?post=1258"},{"taxonomy":"product_tag","embeddable":true,"href":"https:\/\/woutersinternational.com\/fr\/wp-json\/wp\/v2\/product_tag?post=1258"}],"curies":[{"name":"wp","href":"https:\/\/api.w.org\/{rel}","templated":true}]}}