{"id":1260,"date":"2025-01-03T12:43:52","date_gmt":"2025-01-03T12:43:52","guid":{"rendered":"https:\/\/woutersinternational.com\/product\/one-up\/"},"modified":"2025-11-21T18:32:02","modified_gmt":"2025-11-21T18:32:02","slug":"one-up","status":"publish","type":"product","link":"https:\/\/woutersinternational.com\/fr\/produit\/one-up\/","title":{"rendered":"One UP"},"content":{"rendered":"<p>La peinture monocomposant est utilis\u00e9e comme couche d&rsquo;accrochage\/base pour les finitions telles que Toplac plus, Supergloss, Interdeck. Sur un support en polyester, une seule couche suffit.<br \/>\nCette couche d&rsquo;accrochage assure la durabilit\u00e9.<br \/>\nSur le bois, l&rsquo;acier ou le fer, One Up prot\u00e8ge le mat\u00e9riau contre la pourriture du bois ou la corrosion : One-UP doit alors \u00eatre appliqu\u00e9 en 3 \u00e0 4 couches.<\/p>\n<p>One UP\u00ae est destin\u00e9 uniquement \u00e0 une utilisation au-dessus de la ligne de flottaison. La peinture est simple mais efficace, ce qui facilite la peinture pour les clients bricoleurs, sans compromettre l&rsquo;esth\u00e9tique ou la protection du substrat. One up est r\u00e9sistant \u00e0 l&rsquo;humidit\u00e9, \u00e0 condition d&rsquo;\u00eatre appliqu\u00e9 en \u00e9paisseur suffisante.<\/p>\n<p>One UP est disponible en blanc et en gris. Il est \u00e9galement possible d&rsquo;ajouter une couche de finition pour se rapprocher plus rapidement de la couleur finale de la finition.<\/p>\n<p>Les r\u00e9parations avec One UP sont faciles car il s&rsquo;agit d&rsquo;un produit monocomposant. Demandez-nous conseil.<\/p>\n","protected":false},"excerpt":{"rendered":"<h4 class=\"flatTile__title header-04\">Bon <b>\u00e0 savoir<\/b><\/h4>\n<ul class=\"goodToKnow__list body-copy-s\">\n<li class=\"goodToKnow__listItem body-copy-rg\">Remplace Yacht Primer et Pre-Kote, mais offre le m\u00eame niveau d&rsquo;adh\u00e9rence et de protection<\/li>\n<li class=\"goodToKnow__listItem body-copy-rg\">Le meilleur syst\u00e8me de sa cat\u00e9gorie avec les finitions et peintures de couverture d&rsquo;International en emballages individuels<\/li>\n<li class=\"goodToKnow__listItem body-copy-rg\">Facile \u00e0 appliquer au pinceau ou au rouleau pour une finition extra lisse<\/li>\n<\/ul>\n","protected":false},"featured_media":1270,"comment_status":"open","ping_status":"closed","template":"","meta":[],"product_brand":[],"product_cat":[43,46],"product_tag":[],"class_list":{"0":"post-1260","1":"product","2":"type-product","3":"status-publish","4":"has-post-thumbnail","6":"product_cat-finitions","7":"product_cat-sous-couches","9":"first","10":"instock","11":"shipping-taxable","12":"product-type-simple"},"yoast_head":"<!-- This site is optimized with the Yoast SEO plugin v27.6 - https:\/\/yoast.com\/product\/yoast-seo-wordpress\/ -->\n<title>One UP - Wouters International<\/title>\n<meta name=\"description\" content=\"Acheter One UP ? Peintures et produits d&#039;entretien de haute qualit\u00e9 pour yachts | Wouters International \u2013 Importateur exclusif d&#039;International Yacht Paint\" \/>\n<meta name=\"robots\" content=\"index, follow, max-snippet:-1, max-image-preview:large, max-video-preview:-1\" \/>\n<link rel=\"canonical\" href=\"https:\/\/woutersinternational.com\/fr\/produit\/one-up\/\" \/>\n<meta property=\"og:locale\" content=\"fr_FR\" \/>\n<meta property=\"og:type\" content=\"article\" \/>\n<meta property=\"og:title\" content=\"One UP - Wouters International\" \/>\n<meta property=\"og:description\" content=\"Acheter One UP ? Peintures et produits d&#039;entretien de haute qualit\u00e9 pour yachts | Wouters International \u2013 Importateur exclusif d&#039;International Yacht Paint\" \/>\n<meta property=\"og:url\" content=\"https:\/\/woutersinternational.com\/fr\/produit\/one-up\/\" \/>\n<meta property=\"og:site_name\" content=\"Wouters International\" \/>\n<meta property=\"article:modified_time\" content=\"2025-11-21T18:32:02+00:00\" \/>\n<meta property=\"og:image\" content=\"https:\/\/woutersinternational.com\/wp-content\/uploads\/2025\/01\/1.png\" \/>\n\t<meta property=\"og:image:width\" content=\"1600\" \/>\n\t<meta property=\"og:image:height\" content=\"1600\" \/>\n\t<meta property=\"og:image:type\" content=\"image\/png\" \/>\n<meta name=\"twitter:card\" content=\"summary_large_image\" \/>\n<meta name=\"twitter:label1\" content=\"Dur\u00e9e de lecture estim\u00e9e\" \/>\n\t<meta name=\"twitter:data1\" content=\"1 minute\" \/>\n<script type=\"application\/ld+json\" class=\"yoast-schema-graph\">{\"@context\":\"https:\\\/\\\/schema.org\",\"@graph\":[{\"@type\":\"WebPage\",\"@id\":\"https:\\\/\\\/woutersinternational.com\\\/fr\\\/produit\\\/one-up\\\/\",\"url\":\"https:\\\/\\\/woutersinternational.com\\\/fr\\\/produit\\\/one-up\\\/\",\"name\":\"One UP - Wouters International\",\"isPartOf\":{\"@id\":\"https:\\\/\\\/woutersinternational.com\\\/fr\\\/#website\"},\"primaryImageOfPage\":{\"@id\":\"https:\\\/\\\/woutersinternational.com\\\/fr\\\/produit\\\/one-up\\\/#primaryimage\"},\"image\":{\"@id\":\"https:\\\/\\\/woutersinternational.com\\\/fr\\\/produit\\\/one-up\\\/#primaryimage\"},\"thumbnailUrl\":\"https:\\\/\\\/woutersinternational.com\\\/wp-content\\\/uploads\\\/2025\\\/01\\\/1.png\",\"datePublished\":\"2025-01-03T12:43:52+00:00\",\"dateModified\":\"2025-11-21T18:32:02+00:00\",\"description\":\"Acheter One UP ? Peintures et produits d'entretien de haute qualit\u00e9 pour yachts | Wouters International \u2013 Importateur exclusif d'International Yacht Paint\",\"breadcrumb\":{\"@id\":\"https:\\\/\\\/woutersinternational.com\\\/fr\\\/produit\\\/one-up\\\/#breadcrumb\"},\"inLanguage\":\"fr-FR\",\"potentialAction\":[{\"@type\":\"ReadAction\",\"target\":[\"https:\\\/\\\/woutersinternational.com\\\/fr\\\/produit\\\/one-up\\\/\"]}]},{\"@type\":\"ImageObject\",\"inLanguage\":\"fr-FR\",\"@id\":\"https:\\\/\\\/woutersinternational.com\\\/fr\\\/produit\\\/one-up\\\/#primaryimage\",\"url\":\"https:\\\/\\\/woutersinternational.com\\\/wp-content\\\/uploads\\\/2025\\\/01\\\/1.png\",\"contentUrl\":\"https:\\\/\\\/woutersinternational.com\\\/wp-content\\\/uploads\\\/2025\\\/01\\\/1.png\",\"width\":1600,\"height\":1600},{\"@type\":\"BreadcrumbList\",\"@id\":\"https:\\\/\\\/woutersinternational.com\\\/fr\\\/produit\\\/one-up\\\/#breadcrumb\",\"itemListElement\":[{\"@type\":\"ListItem\",\"position\":1,\"name\":\"Accueil\",\"item\":\"https:\\\/\\\/woutersinternational.com\\\/fr\\\/accueil\\\/\"},{\"@type\":\"ListItem\",\"position\":2,\"name\":\"Produits\",\"item\":\"https:\\\/\\\/woutersinternational.com\\\/fr\\\/produits\\\/\"},{\"@type\":\"ListItem\",\"position\":3,\"name\":\"One UP\"}]},{\"@type\":\"WebSite\",\"@id\":\"https:\\\/\\\/woutersinternational.com\\\/fr\\\/#website\",\"url\":\"https:\\\/\\\/woutersinternational.com\\\/fr\\\/\",\"name\":\"Wouters International\",\"description\":\"\",\"potentialAction\":[{\"@type\":\"SearchAction\",\"target\":{\"@type\":\"EntryPoint\",\"urlTemplate\":\"https:\\\/\\\/woutersinternational.com\\\/fr\\\/?s={search_term_string}\"},\"query-input\":{\"@type\":\"PropertyValueSpecification\",\"valueRequired\":true,\"valueName\":\"search_term_string\"}}],\"inLanguage\":\"fr-FR\"}]}<\/script>\n<!-- \/ Yoast SEO plugin. -->","yoast_head_json":{"title":"One UP - Wouters International","description":"Acheter One UP ? Peintures et produits d'entretien de haute qualit\u00e9 pour yachts | Wouters International \u2013 Importateur exclusif d'International Yacht Paint","robots":{"index":"index","follow":"follow","max-snippet":"max-snippet:-1","max-image-preview":"max-image-preview:large","max-video-preview":"max-video-preview:-1"},"canonical":"https:\/\/woutersinternational.com\/fr\/produit\/one-up\/","og_locale":"fr_FR","og_type":"article","og_title":"One UP - Wouters International","og_description":"Acheter One UP ? Peintures et produits d'entretien de haute qualit\u00e9 pour yachts | Wouters International \u2013 Importateur exclusif d'International Yacht Paint","og_url":"https:\/\/woutersinternational.com\/fr\/produit\/one-up\/","og_site_name":"Wouters International","article_modified_time":"2025-11-21T18:32:02+00:00","og_image":[{"width":1600,"height":1600,"url":"https:\/\/woutersinternational.com\/wp-content\/uploads\/2025\/01\/1.png","type":"image\/png"}],"twitter_card":"summary_large_image","twitter_misc":{"Dur\u00e9e de lecture estim\u00e9e":"1 minute"},"schema":{"@context":"https:\/\/schema.org","@graph":[{"@type":"WebPage","@id":"https:\/\/woutersinternational.com\/fr\/produit\/one-up\/","url":"https:\/\/woutersinternational.com\/fr\/produit\/one-up\/","name":"One UP - Wouters International","isPartOf":{"@id":"https:\/\/woutersinternational.com\/fr\/#website"},"primaryImageOfPage":{"@id":"https:\/\/woutersinternational.com\/fr\/produit\/one-up\/#primaryimage"},"image":{"@id":"https:\/\/woutersinternational.com\/fr\/produit\/one-up\/#primaryimage"},"thumbnailUrl":"https:\/\/woutersinternational.com\/wp-content\/uploads\/2025\/01\/1.png","datePublished":"2025-01-03T12:43:52+00:00","dateModified":"2025-11-21T18:32:02+00:00","description":"Acheter One UP ? Peintures et produits d'entretien de haute qualit\u00e9 pour yachts | Wouters International \u2013 Importateur exclusif d'International Yacht Paint","breadcrumb":{"@id":"https:\/\/woutersinternational.com\/fr\/produit\/one-up\/#breadcrumb"},"inLanguage":"fr-FR","potentialAction":[{"@type":"ReadAction","target":["https:\/\/woutersinternational.com\/fr\/produit\/one-up\/"]}]},{"@type":"ImageObject","inLanguage":"fr-FR","@id":"https:\/\/woutersinternational.com\/fr\/produit\/one-up\/#primaryimage","url":"https:\/\/woutersinternational.com\/wp-content\/uploads\/2025\/01\/1.png","contentUrl":"https:\/\/woutersinternational.com\/wp-content\/uploads\/2025\/01\/1.png","width":1600,"height":1600},{"@type":"BreadcrumbList","@id":"https:\/\/woutersinternational.com\/fr\/produit\/one-up\/#breadcrumb","itemListElement":[{"@type":"ListItem","position":1,"name":"Accueil","item":"https:\/\/woutersinternational.com\/fr\/accueil\/"},{"@type":"ListItem","position":2,"name":"Produits","item":"https:\/\/woutersinternational.com\/fr\/produits\/"},{"@type":"ListItem","position":3,"name":"One UP"}]},{"@type":"WebSite","@id":"https:\/\/woutersinternational.com\/fr\/#website","url":"https:\/\/woutersinternational.com\/fr\/","name":"Wouters International","description":"","potentialAction":[{"@type":"SearchAction","target":{"@type":"EntryPoint","urlTemplate":"https:\/\/woutersinternational.com\/fr\/?s={search_term_string}"},"query-input":{"@type":"PropertyValueSpecification","valueRequired":true,"valueName":"search_term_string"}}],"inLanguage":"fr-FR"}]}},"_links":{"self":[{"href":"https:\/\/woutersinternational.com\/fr\/wp-json\/wp\/v2\/product\/1260","targetHints":{"allow":["GET"]}}],"collection":[{"href":"https:\/\/woutersinternational.com\/fr\/wp-json\/wp\/v2\/product"}],"about":[{"href":"https:\/\/woutersinternational.com\/fr\/wp-json\/wp\/v2\/types\/product"}],"replies":[{"embeddable":true,"href":"https:\/\/woutersinternational.com\/fr\/wp-json\/wp\/v2\/comments?post=1260"}],"wp:featuredmedia":[{"embeddable":true,"href":"https:\/\/woutersinternational.com\/fr\/wp-json\/wp\/v2\/media\/1270"}],"wp:attachment":[{"href":"https:\/\/woutersinternational.com\/fr\/wp-json\/wp\/v2\/media?parent=1260"}],"wp:term":[{"taxonomy":"product_brand","embeddable":true,"href":"https:\/\/woutersinternational.com\/fr\/wp-json\/wp\/v2\/product_brand?post=1260"},{"taxonomy":"product_cat","embeddable":true,"href":"https:\/\/woutersinternational.com\/fr\/wp-json\/wp\/v2\/product_cat?post=1260"},{"taxonomy":"product_tag","embeddable":true,"href":"https:\/\/woutersinternational.com\/fr\/wp-json\/wp\/v2\/product_tag?post=1260"}],"curies":[{"name":"wp","href":"https:\/\/api.w.org\/{rel}","templated":true}]}}