{"id":1268,"date":"2025-01-03T10:09:44","date_gmt":"2025-01-03T10:09:44","guid":{"rendered":"https:\/\/woutersinternational.com\/product\/toplac-plus-laque-monocomposant\/"},"modified":"2025-11-21T17:58:15","modified_gmt":"2025-11-21T17:58:15","slug":"toplac-plus-laque-monocomposant","status":"publish","type":"product","link":"https:\/\/woutersinternational.com\/fr\/produit\/toplac-plus-laque-monocomposant\/","title":{"rendered":"Toplac Plus &#8211; Laque monocomposant"},"content":{"rendered":"<p>Toplac Plus est une laque brillante alkyde silicon\u00e9e de qualit\u00e9 sup\u00e9rieure, adapt\u00e9e \u00e0 toutes les surfaces au-dessus de la ligne de flottaison. Cette peinture s&rsquo;applique facilement au rouleau. Le lissage au pinceau est possible mais pas obligatoire. Toplac Plus contient des filtres UV qui offrent une protection durable.<\/p>\n<p>Toplac Plus peut \u00eatre appliqu\u00e9 sur des surfaces nues, sur des laques existantes mono ou bi-composants, apr\u00e8s la pr\u00e9paration n\u00e9cessaire.<br \/>\nDemandez-nous conseil.<\/p>\n<ul class=\"goodToKnow__list body-copy-s\">\n<li>Une laque monocomposant est facile \u00e0 appliquer, m\u00eame si vous avez peu d&rsquo;exp\u00e9rience en peinture.\n<ul class=\"goodToKnow__list body-copy-s\">\n<li>Toplac Plus est disponible en 37 teintes<\/li>\n<\/ul>\n<\/li>\n<li class=\"goodToKnow__listItem body-copy-rg\">Gr\u00e2ce \u00e0 la nouvelle formule, il n&rsquo;est plus n\u00e9cessaire de lisser la surface au pinceau apr\u00e8s l&rsquo;application au rouleau.<\/li>\n<li>Toplac Plus offre une brillance belle et durable.<\/li>\n<li class=\"goodToKnow__listItem body-copy-rg\">En combinaison avec One UP comme couche de fond, Toplac Plus adh\u00e8re mieux et dure plus longtemps.<\/li>\n<li>Toplac Plus contient des filtres UV pour une r\u00e9tention durable des couleurs.<\/li>\n<\/ul>\n","protected":false},"excerpt":{"rendered":"<h4 class=\"flatTile__title header-04\">Bon <b>\u00e0 savoir<\/b><\/h4>\n<ul class=\"goodToKnow__list body-copy-s\">\n<li class=\"goodToKnow__listItem body-copy-rg\">Esth\u00e9tique am\u00e9lior\u00e9e par rapport au Toplac, en termes de r\u00e9flexion et d&rsquo;\u00e9coulement.<\/li>\n<li class=\"goodToKnow__listItem body-copy-rg\">Gr\u00e2ce \u00e0 la nouvelle formule, il n&rsquo;est plus n\u00e9cessaire de lisser la surface au pinceau apr\u00e8s l&rsquo;application au rouleau.<\/li>\n<li class=\"goodToKnow__listItem body-copy-rg\">Utilisez One UP sous Toplac Plus pour obtenir le meilleur syst\u00e8me de peinture monocomposant propos\u00e9 par International<\/li>\n<\/ul>\n","protected":false},"featured_media":1271,"comment_status":"open","ping_status":"closed","template":"","meta":[],"product_brand":[],"product_cat":[43],"product_tag":[],"class_list":{"0":"post-1268","1":"product","2":"type-product","3":"status-publish","4":"has-post-thumbnail","6":"product_cat-finitions","8":"first","9":"instock","10":"shipping-taxable","11":"product-type-simple"},"yoast_head":"<!-- This site is optimized with the Yoast SEO plugin v27.6 - https:\/\/yoast.com\/product\/yoast-seo-wordpress\/ -->\n<title>Toplac Plus - Laque monocomposant - Wouters International<\/title>\n<meta name=\"description\" content=\"Acheter Toplac Plus - Laque monocomposant ? Peintures et produits d&#039;entretien de haute qualit\u00e9 pour yachts | Wouters International \u2013 Importateur exclusif d&#039;International Yacht Paint\" \/>\n<meta name=\"robots\" content=\"index, follow, max-snippet:-1, max-image-preview:large, max-video-preview:-1\" \/>\n<link rel=\"canonical\" href=\"https:\/\/woutersinternational.com\/fr\/produit\/toplac-plus-laque-monocomposant\/\" \/>\n<meta property=\"og:locale\" content=\"fr_FR\" \/>\n<meta property=\"og:type\" content=\"article\" \/>\n<meta property=\"og:title\" content=\"Toplac Plus - Laque monocomposant - Wouters International\" \/>\n<meta property=\"og:description\" content=\"Acheter Toplac Plus - Laque monocomposant ? Peintures et produits d&#039;entretien de haute qualit\u00e9 pour yachts | Wouters International \u2013 Importateur exclusif d&#039;International Yacht Paint\" \/>\n<meta property=\"og:url\" content=\"https:\/\/woutersinternational.com\/fr\/produit\/toplac-plus-laque-monocomposant\/\" \/>\n<meta property=\"og:site_name\" content=\"Wouters International\" \/>\n<meta property=\"article:modified_time\" content=\"2025-11-21T17:58:15+00:00\" \/>\n<meta property=\"og:image\" content=\"https:\/\/woutersinternational.com\/wp-content\/uploads\/2025\/01\/2.png\" \/>\n\t<meta property=\"og:image:width\" content=\"1600\" \/>\n\t<meta property=\"og:image:height\" content=\"1600\" \/>\n\t<meta property=\"og:image:type\" content=\"image\/png\" \/>\n<meta name=\"twitter:card\" content=\"summary_large_image\" \/>\n<meta name=\"twitter:label1\" content=\"Dur\u00e9e de lecture estim\u00e9e\" \/>\n\t<meta name=\"twitter:data1\" content=\"1 minute\" \/>\n<script type=\"application\/ld+json\" class=\"yoast-schema-graph\">{\"@context\":\"https:\\\/\\\/schema.org\",\"@graph\":[{\"@type\":\"WebPage\",\"@id\":\"https:\\\/\\\/woutersinternational.com\\\/fr\\\/produit\\\/toplac-plus-laque-monocomposant\\\/\",\"url\":\"https:\\\/\\\/woutersinternational.com\\\/fr\\\/produit\\\/toplac-plus-laque-monocomposant\\\/\",\"name\":\"Toplac Plus - Laque monocomposant - Wouters International\",\"isPartOf\":{\"@id\":\"https:\\\/\\\/woutersinternational.com\\\/fr\\\/#website\"},\"primaryImageOfPage\":{\"@id\":\"https:\\\/\\\/woutersinternational.com\\\/fr\\\/produit\\\/toplac-plus-laque-monocomposant\\\/#primaryimage\"},\"image\":{\"@id\":\"https:\\\/\\\/woutersinternational.com\\\/fr\\\/produit\\\/toplac-plus-laque-monocomposant\\\/#primaryimage\"},\"thumbnailUrl\":\"https:\\\/\\\/woutersinternational.com\\\/wp-content\\\/uploads\\\/2025\\\/01\\\/2.png\",\"datePublished\":\"2025-01-03T10:09:44+00:00\",\"dateModified\":\"2025-11-21T17:58:15+00:00\",\"description\":\"Acheter Toplac Plus - Laque monocomposant ? Peintures et produits d'entretien de haute qualit\u00e9 pour yachts | Wouters International \u2013 Importateur exclusif d'International Yacht Paint\",\"breadcrumb\":{\"@id\":\"https:\\\/\\\/woutersinternational.com\\\/fr\\\/produit\\\/toplac-plus-laque-monocomposant\\\/#breadcrumb\"},\"inLanguage\":\"fr-FR\",\"potentialAction\":[{\"@type\":\"ReadAction\",\"target\":[\"https:\\\/\\\/woutersinternational.com\\\/fr\\\/produit\\\/toplac-plus-laque-monocomposant\\\/\"]}]},{\"@type\":\"ImageObject\",\"inLanguage\":\"fr-FR\",\"@id\":\"https:\\\/\\\/woutersinternational.com\\\/fr\\\/produit\\\/toplac-plus-laque-monocomposant\\\/#primaryimage\",\"url\":\"https:\\\/\\\/woutersinternational.com\\\/wp-content\\\/uploads\\\/2025\\\/01\\\/2.png\",\"contentUrl\":\"https:\\\/\\\/woutersinternational.com\\\/wp-content\\\/uploads\\\/2025\\\/01\\\/2.png\",\"width\":1600,\"height\":1600},{\"@type\":\"BreadcrumbList\",\"@id\":\"https:\\\/\\\/woutersinternational.com\\\/fr\\\/produit\\\/toplac-plus-laque-monocomposant\\\/#breadcrumb\",\"itemListElement\":[{\"@type\":\"ListItem\",\"position\":1,\"name\":\"Accueil\",\"item\":\"https:\\\/\\\/woutersinternational.com\\\/fr\\\/accueil\\\/\"},{\"@type\":\"ListItem\",\"position\":2,\"name\":\"Produits\",\"item\":\"https:\\\/\\\/woutersinternational.com\\\/fr\\\/produits\\\/\"},{\"@type\":\"ListItem\",\"position\":3,\"name\":\"Toplac Plus &#8211; Laque monocomposant\"}]},{\"@type\":\"WebSite\",\"@id\":\"https:\\\/\\\/woutersinternational.com\\\/fr\\\/#website\",\"url\":\"https:\\\/\\\/woutersinternational.com\\\/fr\\\/\",\"name\":\"Wouters International\",\"description\":\"\",\"potentialAction\":[{\"@type\":\"SearchAction\",\"target\":{\"@type\":\"EntryPoint\",\"urlTemplate\":\"https:\\\/\\\/woutersinternational.com\\\/fr\\\/?s={search_term_string}\"},\"query-input\":{\"@type\":\"PropertyValueSpecification\",\"valueRequired\":true,\"valueName\":\"search_term_string\"}}],\"inLanguage\":\"fr-FR\"}]}<\/script>\n<!-- \/ Yoast SEO plugin. -->","yoast_head_json":{"title":"Toplac Plus - Laque monocomposant - Wouters International","description":"Acheter Toplac Plus - Laque monocomposant ? Peintures et produits d'entretien de haute qualit\u00e9 pour yachts | Wouters International \u2013 Importateur exclusif d'International Yacht Paint","robots":{"index":"index","follow":"follow","max-snippet":"max-snippet:-1","max-image-preview":"max-image-preview:large","max-video-preview":"max-video-preview:-1"},"canonical":"https:\/\/woutersinternational.com\/fr\/produit\/toplac-plus-laque-monocomposant\/","og_locale":"fr_FR","og_type":"article","og_title":"Toplac Plus - Laque monocomposant - Wouters International","og_description":"Acheter Toplac Plus - Laque monocomposant ? Peintures et produits d'entretien de haute qualit\u00e9 pour yachts | Wouters International \u2013 Importateur exclusif d'International Yacht Paint","og_url":"https:\/\/woutersinternational.com\/fr\/produit\/toplac-plus-laque-monocomposant\/","og_site_name":"Wouters International","article_modified_time":"2025-11-21T17:58:15+00:00","og_image":[{"width":1600,"height":1600,"url":"https:\/\/woutersinternational.com\/wp-content\/uploads\/2025\/01\/2.png","type":"image\/png"}],"twitter_card":"summary_large_image","twitter_misc":{"Dur\u00e9e de lecture estim\u00e9e":"1 minute"},"schema":{"@context":"https:\/\/schema.org","@graph":[{"@type":"WebPage","@id":"https:\/\/woutersinternational.com\/fr\/produit\/toplac-plus-laque-monocomposant\/","url":"https:\/\/woutersinternational.com\/fr\/produit\/toplac-plus-laque-monocomposant\/","name":"Toplac Plus - Laque monocomposant - Wouters International","isPartOf":{"@id":"https:\/\/woutersinternational.com\/fr\/#website"},"primaryImageOfPage":{"@id":"https:\/\/woutersinternational.com\/fr\/produit\/toplac-plus-laque-monocomposant\/#primaryimage"},"image":{"@id":"https:\/\/woutersinternational.com\/fr\/produit\/toplac-plus-laque-monocomposant\/#primaryimage"},"thumbnailUrl":"https:\/\/woutersinternational.com\/wp-content\/uploads\/2025\/01\/2.png","datePublished":"2025-01-03T10:09:44+00:00","dateModified":"2025-11-21T17:58:15+00:00","description":"Acheter Toplac Plus - Laque monocomposant ? Peintures et produits d'entretien de haute qualit\u00e9 pour yachts | Wouters International \u2013 Importateur exclusif d'International Yacht Paint","breadcrumb":{"@id":"https:\/\/woutersinternational.com\/fr\/produit\/toplac-plus-laque-monocomposant\/#breadcrumb"},"inLanguage":"fr-FR","potentialAction":[{"@type":"ReadAction","target":["https:\/\/woutersinternational.com\/fr\/produit\/toplac-plus-laque-monocomposant\/"]}]},{"@type":"ImageObject","inLanguage":"fr-FR","@id":"https:\/\/woutersinternational.com\/fr\/produit\/toplac-plus-laque-monocomposant\/#primaryimage","url":"https:\/\/woutersinternational.com\/wp-content\/uploads\/2025\/01\/2.png","contentUrl":"https:\/\/woutersinternational.com\/wp-content\/uploads\/2025\/01\/2.png","width":1600,"height":1600},{"@type":"BreadcrumbList","@id":"https:\/\/woutersinternational.com\/fr\/produit\/toplac-plus-laque-monocomposant\/#breadcrumb","itemListElement":[{"@type":"ListItem","position":1,"name":"Accueil","item":"https:\/\/woutersinternational.com\/fr\/accueil\/"},{"@type":"ListItem","position":2,"name":"Produits","item":"https:\/\/woutersinternational.com\/fr\/produits\/"},{"@type":"ListItem","position":3,"name":"Toplac Plus &#8211; Laque monocomposant"}]},{"@type":"WebSite","@id":"https:\/\/woutersinternational.com\/fr\/#website","url":"https:\/\/woutersinternational.com\/fr\/","name":"Wouters International","description":"","potentialAction":[{"@type":"SearchAction","target":{"@type":"EntryPoint","urlTemplate":"https:\/\/woutersinternational.com\/fr\/?s={search_term_string}"},"query-input":{"@type":"PropertyValueSpecification","valueRequired":true,"valueName":"search_term_string"}}],"inLanguage":"fr-FR"}]}},"_links":{"self":[{"href":"https:\/\/woutersinternational.com\/fr\/wp-json\/wp\/v2\/product\/1268","targetHints":{"allow":["GET"]}}],"collection":[{"href":"https:\/\/woutersinternational.com\/fr\/wp-json\/wp\/v2\/product"}],"about":[{"href":"https:\/\/woutersinternational.com\/fr\/wp-json\/wp\/v2\/types\/product"}],"replies":[{"embeddable":true,"href":"https:\/\/woutersinternational.com\/fr\/wp-json\/wp\/v2\/comments?post=1268"}],"wp:featuredmedia":[{"embeddable":true,"href":"https:\/\/woutersinternational.com\/fr\/wp-json\/wp\/v2\/media\/1271"}],"wp:attachment":[{"href":"https:\/\/woutersinternational.com\/fr\/wp-json\/wp\/v2\/media?parent=1268"}],"wp:term":[{"taxonomy":"product_brand","embeddable":true,"href":"https:\/\/woutersinternational.com\/fr\/wp-json\/wp\/v2\/product_brand?post=1268"},{"taxonomy":"product_cat","embeddable":true,"href":"https:\/\/woutersinternational.com\/fr\/wp-json\/wp\/v2\/product_cat?post=1268"},{"taxonomy":"product_tag","embeddable":true,"href":"https:\/\/woutersinternational.com\/fr\/wp-json\/wp\/v2\/product_tag?post=1268"}],"curies":[{"name":"wp","href":"https:\/\/api.w.org\/{rel}","templated":true}]}}