{"id":1280,"date":"2025-02-18T08:20:51","date_gmt":"2025-02-18T08:20:51","guid":{"rendered":"https:\/\/woutersinternational.com\/product\/mastic-watertite\/"},"modified":"2025-11-24T08:57:32","modified_gmt":"2025-11-24T08:57:32","slug":"mastic-watertite","status":"publish","type":"product","link":"https:\/\/woutersinternational.com\/fr\/produit\/mastic-watertite\/","title":{"rendered":"Mastic&nbsp;: Watertite"},"content":{"rendered":"<p>Watertite est un mastic \u00e9poxy \u00e0 deux composants \u00e0 s\u00e9chage rapide, adapt\u00e9 \u00e0 une utilisation sur le polyester, le m\u00e9tal et les constructions en bois stables. La formulation est sans retrait et extr\u00eamement r\u00e9sistante \u00e0 l\u2019eau. Par cons\u00e9quent, il convient aux r\u00e9parations au-dessus et au-dessous de la ligne de flottaison. \u00c9galement applicable pour le traitement de l\u2019osmose en combinaison avec d\u2019autres primaires.<\/p>\n<p>Disponible en petit format pratique\u00a0: 250\u00a0g ou 1\u00a0kg<\/p>\n<p>Rapport de m\u00e9lange\u00a0: 1 pour 1, ce qui est un jeu d\u2019enfant, m\u00eame pour le bricoleur inexp\u00e9riment\u00e9. Les deux composants ont une couleur diff\u00e9rente. Vous m\u00e9langez A avec B jusqu\u2019\u00e0 obtenir une couleur homog\u00e8ne. Le mastic est alors imm\u00e9diatement pr\u00eat \u00e0 l\u2019emploi.<\/p>\n<p>Veuillez lire la fiche technique pour conna\u00eetre les temps de traitement, de s\u00e9chage et de pon\u00e7age.<\/p>\n<ul class=\"goodToKnow__list body-copy-s\">\n<li class=\"goodToKnow__listItem body-copy-rg\">Remplit jusqu\u2019\u00e0 20\u00a0mm d\u2019\u00e9paisseur sans s\u2019affaisser<\/li>\n<li class=\"goodToKnow__listItem body-copy-rg\">Tr\u00e8s forte et bonnes propri\u00e9t\u00e9s d\u2019adh\u00e9rence, s\u00e9chage tr\u00e8s rapide et super lisse<\/li>\n<li>Apr\u00e8s s\u00e9chage\u00a0: super dur et durable<\/li>\n<li class=\"goodToKnow__listItem body-copy-rg\">Rapport de m\u00e9lange simple de 1:1<\/li>\n<\/ul>\n","protected":false},"excerpt":{"rendered":"<h4 class=\"flatTile__title header-04\">Bon <b>\u00e0 savoir<\/b><\/h4>\n<ul class=\"goodToKnow__list body-copy-s\">\n<li class=\"goodToKnow__listItem body-copy-rg\">Remplit jusqu\u2019\u00e0 20\u00a0mm d\u2019\u00e9paisseur sans s\u2019affaisser<\/li>\n<li class=\"goodToKnow__listItem body-copy-rg\">Tr\u00e8s forte et bonnes propri\u00e9t\u00e9s d\u2019adh\u00e9rence, s\u00e9chage tr\u00e8s rapide et super lisse<\/li>\n<li class=\"goodToKnow__listItem body-copy-rg\">Rapport de m\u00e9lange simple de 1:1 pour faciliter le dosage des composants<\/li>\n<\/ul>\n","protected":false},"featured_media":1281,"comment_status":"open","ping_status":"closed","template":"","meta":[],"product_brand":[],"product_cat":[45],"product_tag":[],"class_list":{"0":"post-1280","1":"product","2":"type-product","3":"status-publish","4":"has-post-thumbnail","6":"product_cat-mastics-et-epoxy","8":"first","9":"instock","10":"shipping-taxable","11":"product-type-simple"},"yoast_head":"<!-- This site is optimized with the Yoast SEO plugin v27.6 - https:\/\/yoast.com\/product\/yoast-seo-wordpress\/ -->\n<title>Mastic&nbsp;: Watertite - Wouters International<\/title>\n<meta name=\"description\" content=\"Acheter Mastic&nbsp;: Watertite ? Peintures et produits d&#039;entretien de haute qualit\u00e9 pour yachts | Wouters International \u2013 Importateur exclusif d&#039;International Yacht Paint\" \/>\n<meta name=\"robots\" content=\"index, follow, max-snippet:-1, max-image-preview:large, max-video-preview:-1\" \/>\n<link rel=\"canonical\" href=\"https:\/\/woutersinternational.com\/fr\/produit\/mastic-watertite\/\" \/>\n<meta property=\"og:locale\" content=\"fr_FR\" \/>\n<meta property=\"og:type\" content=\"article\" \/>\n<meta property=\"og:title\" content=\"Mastic&nbsp;: Watertite - Wouters International\" \/>\n<meta property=\"og:description\" content=\"Acheter Mastic&nbsp;: Watertite ? Peintures et produits d&#039;entretien de haute qualit\u00e9 pour yachts | Wouters International \u2013 Importateur exclusif d&#039;International Yacht Paint\" \/>\n<meta property=\"og:url\" content=\"https:\/\/woutersinternational.com\/fr\/produit\/mastic-watertite\/\" \/>\n<meta property=\"og:site_name\" content=\"Wouters International\" \/>\n<meta property=\"article:modified_time\" content=\"2025-11-24T08:57:32+00:00\" \/>\n<meta property=\"og:image\" content=\"https:\/\/woutersinternational.com\/wp-content\/uploads\/2025\/02\/Producten-1.png\" \/>\n\t<meta property=\"og:image:width\" content=\"1600\" \/>\n\t<meta property=\"og:image:height\" content=\"1600\" \/>\n\t<meta property=\"og:image:type\" content=\"image\/png\" \/>\n<meta name=\"twitter:card\" content=\"summary_large_image\" \/>\n<meta name=\"twitter:label1\" content=\"Dur\u00e9e de lecture estim\u00e9e\" \/>\n\t<meta name=\"twitter:data1\" content=\"1 minute\" \/>\n<script type=\"application\/ld+json\" class=\"yoast-schema-graph\">{\"@context\":\"https:\\\/\\\/schema.org\",\"@graph\":[{\"@type\":\"WebPage\",\"@id\":\"https:\\\/\\\/woutersinternational.com\\\/fr\\\/produit\\\/mastic-watertite\\\/\",\"url\":\"https:\\\/\\\/woutersinternational.com\\\/fr\\\/produit\\\/mastic-watertite\\\/\",\"name\":\"Mastic&nbsp;: Watertite - Wouters International\",\"isPartOf\":{\"@id\":\"https:\\\/\\\/woutersinternational.com\\\/fr\\\/#website\"},\"primaryImageOfPage\":{\"@id\":\"https:\\\/\\\/woutersinternational.com\\\/fr\\\/produit\\\/mastic-watertite\\\/#primaryimage\"},\"image\":{\"@id\":\"https:\\\/\\\/woutersinternational.com\\\/fr\\\/produit\\\/mastic-watertite\\\/#primaryimage\"},\"thumbnailUrl\":\"https:\\\/\\\/woutersinternational.com\\\/wp-content\\\/uploads\\\/2025\\\/02\\\/Producten-1.png\",\"datePublished\":\"2025-02-18T08:20:51+00:00\",\"dateModified\":\"2025-11-24T08:57:32+00:00\",\"description\":\"Acheter Mastic&nbsp;: Watertite ? Peintures et produits d'entretien de haute qualit\u00e9 pour yachts | Wouters International \u2013 Importateur exclusif d'International Yacht Paint\",\"breadcrumb\":{\"@id\":\"https:\\\/\\\/woutersinternational.com\\\/fr\\\/produit\\\/mastic-watertite\\\/#breadcrumb\"},\"inLanguage\":\"fr-FR\",\"potentialAction\":[{\"@type\":\"ReadAction\",\"target\":[\"https:\\\/\\\/woutersinternational.com\\\/fr\\\/produit\\\/mastic-watertite\\\/\"]}]},{\"@type\":\"ImageObject\",\"inLanguage\":\"fr-FR\",\"@id\":\"https:\\\/\\\/woutersinternational.com\\\/fr\\\/produit\\\/mastic-watertite\\\/#primaryimage\",\"url\":\"https:\\\/\\\/woutersinternational.com\\\/wp-content\\\/uploads\\\/2025\\\/02\\\/Producten-1.png\",\"contentUrl\":\"https:\\\/\\\/woutersinternational.com\\\/wp-content\\\/uploads\\\/2025\\\/02\\\/Producten-1.png\",\"width\":1600,\"height\":1600},{\"@type\":\"BreadcrumbList\",\"@id\":\"https:\\\/\\\/woutersinternational.com\\\/fr\\\/produit\\\/mastic-watertite\\\/#breadcrumb\",\"itemListElement\":[{\"@type\":\"ListItem\",\"position\":1,\"name\":\"Accueil\",\"item\":\"https:\\\/\\\/woutersinternational.com\\\/fr\\\/accueil\\\/\"},{\"@type\":\"ListItem\",\"position\":2,\"name\":\"Produits\",\"item\":\"https:\\\/\\\/woutersinternational.com\\\/fr\\\/produits\\\/\"},{\"@type\":\"ListItem\",\"position\":3,\"name\":\"Mastic&nbsp;: Watertite\"}]},{\"@type\":\"WebSite\",\"@id\":\"https:\\\/\\\/woutersinternational.com\\\/fr\\\/#website\",\"url\":\"https:\\\/\\\/woutersinternational.com\\\/fr\\\/\",\"name\":\"Wouters International\",\"description\":\"\",\"potentialAction\":[{\"@type\":\"SearchAction\",\"target\":{\"@type\":\"EntryPoint\",\"urlTemplate\":\"https:\\\/\\\/woutersinternational.com\\\/fr\\\/?s={search_term_string}\"},\"query-input\":{\"@type\":\"PropertyValueSpecification\",\"valueRequired\":true,\"valueName\":\"search_term_string\"}}],\"inLanguage\":\"fr-FR\"}]}<\/script>\n<!-- \/ Yoast SEO plugin. -->","yoast_head_json":{"title":"Mastic&nbsp;: Watertite - Wouters International","description":"Acheter Mastic&nbsp;: Watertite ? Peintures et produits d'entretien de haute qualit\u00e9 pour yachts | Wouters International \u2013 Importateur exclusif d'International Yacht Paint","robots":{"index":"index","follow":"follow","max-snippet":"max-snippet:-1","max-image-preview":"max-image-preview:large","max-video-preview":"max-video-preview:-1"},"canonical":"https:\/\/woutersinternational.com\/fr\/produit\/mastic-watertite\/","og_locale":"fr_FR","og_type":"article","og_title":"Mastic&nbsp;: Watertite - Wouters International","og_description":"Acheter Mastic&nbsp;: Watertite ? Peintures et produits d'entretien de haute qualit\u00e9 pour yachts | Wouters International \u2013 Importateur exclusif d'International Yacht Paint","og_url":"https:\/\/woutersinternational.com\/fr\/produit\/mastic-watertite\/","og_site_name":"Wouters International","article_modified_time":"2025-11-24T08:57:32+00:00","og_image":[{"width":1600,"height":1600,"url":"https:\/\/woutersinternational.com\/wp-content\/uploads\/2025\/02\/Producten-1.png","type":"image\/png"}],"twitter_card":"summary_large_image","twitter_misc":{"Dur\u00e9e de lecture estim\u00e9e":"1 minute"},"schema":{"@context":"https:\/\/schema.org","@graph":[{"@type":"WebPage","@id":"https:\/\/woutersinternational.com\/fr\/produit\/mastic-watertite\/","url":"https:\/\/woutersinternational.com\/fr\/produit\/mastic-watertite\/","name":"Mastic&nbsp;: Watertite - Wouters International","isPartOf":{"@id":"https:\/\/woutersinternational.com\/fr\/#website"},"primaryImageOfPage":{"@id":"https:\/\/woutersinternational.com\/fr\/produit\/mastic-watertite\/#primaryimage"},"image":{"@id":"https:\/\/woutersinternational.com\/fr\/produit\/mastic-watertite\/#primaryimage"},"thumbnailUrl":"https:\/\/woutersinternational.com\/wp-content\/uploads\/2025\/02\/Producten-1.png","datePublished":"2025-02-18T08:20:51+00:00","dateModified":"2025-11-24T08:57:32+00:00","description":"Acheter Mastic&nbsp;: Watertite ? Peintures et produits d'entretien de haute qualit\u00e9 pour yachts | Wouters International \u2013 Importateur exclusif d'International Yacht Paint","breadcrumb":{"@id":"https:\/\/woutersinternational.com\/fr\/produit\/mastic-watertite\/#breadcrumb"},"inLanguage":"fr-FR","potentialAction":[{"@type":"ReadAction","target":["https:\/\/woutersinternational.com\/fr\/produit\/mastic-watertite\/"]}]},{"@type":"ImageObject","inLanguage":"fr-FR","@id":"https:\/\/woutersinternational.com\/fr\/produit\/mastic-watertite\/#primaryimage","url":"https:\/\/woutersinternational.com\/wp-content\/uploads\/2025\/02\/Producten-1.png","contentUrl":"https:\/\/woutersinternational.com\/wp-content\/uploads\/2025\/02\/Producten-1.png","width":1600,"height":1600},{"@type":"BreadcrumbList","@id":"https:\/\/woutersinternational.com\/fr\/produit\/mastic-watertite\/#breadcrumb","itemListElement":[{"@type":"ListItem","position":1,"name":"Accueil","item":"https:\/\/woutersinternational.com\/fr\/accueil\/"},{"@type":"ListItem","position":2,"name":"Produits","item":"https:\/\/woutersinternational.com\/fr\/produits\/"},{"@type":"ListItem","position":3,"name":"Mastic&nbsp;: Watertite"}]},{"@type":"WebSite","@id":"https:\/\/woutersinternational.com\/fr\/#website","url":"https:\/\/woutersinternational.com\/fr\/","name":"Wouters International","description":"","potentialAction":[{"@type":"SearchAction","target":{"@type":"EntryPoint","urlTemplate":"https:\/\/woutersinternational.com\/fr\/?s={search_term_string}"},"query-input":{"@type":"PropertyValueSpecification","valueRequired":true,"valueName":"search_term_string"}}],"inLanguage":"fr-FR"}]}},"_links":{"self":[{"href":"https:\/\/woutersinternational.com\/fr\/wp-json\/wp\/v2\/product\/1280","targetHints":{"allow":["GET"]}}],"collection":[{"href":"https:\/\/woutersinternational.com\/fr\/wp-json\/wp\/v2\/product"}],"about":[{"href":"https:\/\/woutersinternational.com\/fr\/wp-json\/wp\/v2\/types\/product"}],"replies":[{"embeddable":true,"href":"https:\/\/woutersinternational.com\/fr\/wp-json\/wp\/v2\/comments?post=1280"}],"wp:featuredmedia":[{"embeddable":true,"href":"https:\/\/woutersinternational.com\/fr\/wp-json\/wp\/v2\/media\/1281"}],"wp:attachment":[{"href":"https:\/\/woutersinternational.com\/fr\/wp-json\/wp\/v2\/media?parent=1280"}],"wp:term":[{"taxonomy":"product_brand","embeddable":true,"href":"https:\/\/woutersinternational.com\/fr\/wp-json\/wp\/v2\/product_brand?post=1280"},{"taxonomy":"product_cat","embeddable":true,"href":"https:\/\/woutersinternational.com\/fr\/wp-json\/wp\/v2\/product_cat?post=1280"},{"taxonomy":"product_tag","embeddable":true,"href":"https:\/\/woutersinternational.com\/fr\/wp-json\/wp\/v2\/product_tag?post=1280"}],"curies":[{"name":"wp","href":"https:\/\/api.w.org\/{rel}","templated":true}]}}